{"id":7231,"date":"2025-11-11T10:39:43","date_gmt":"2025-11-11T02:39:43","guid":{"rendered":"https:\/\/bestcbradio.com\/?page_id=7231"},"modified":"2025-12-08T10:39:00","modified_gmt":"2025-12-08T02:39:00","slug":"terms-and-conditions","status":"publish","type":"page","link":"https:\/\/bestcbradio.com\/de\/bedingungen-und-konditionen\/","title":{"rendered":"Allgemeine Gesch\u00e4ftsbedingungen"},"content":{"rendered":"<p>Auf der gesamten Website beziehen sich die Begriffe \u201cwir\u201d, \u201cuns\u201d und \u201cunser\u201d auf unsere Website. Wir bieten Ihnen, dem Nutzer, diese Website einschlie\u00dflich aller Informationen, Tools und Dienste, die auf dieser Website verf\u00fcgbar sind, unter der Voraussetzung an, dass Sie alle hier aufgef\u00fchrten Bedingungen, Richtlinien und Hinweise akzeptieren.<\/p><p>Durch den Besuch unserer Website und\/oder den Kauf eines unserer Produkte nehmen Sie unseren \u201cService\u201d in Anspruch und erkl\u00e4ren sich mit den folgenden Allgemeinen Gesch\u00e4ftsbedingungen (\u201cNutzungsbedingungen\u201d, \u201cBedingungen\u201d) einverstanden, einschlie\u00dflich der zus\u00e4tzlichen Bedingungen und Richtlinien, auf die hierin verwiesen wird und\/oder die \u00fcber einen Hyperlink verf\u00fcgbar sind. Diese Nutzungsbedingungen gelten f\u00fcr alle Nutzer der Website, einschlie\u00dflich, aber nicht beschr\u00e4nkt auf Nutzer, die Browser, Anbieter, Kunden, H\u00e4ndler und\/oder Mitwirkende von Inhalten sind.<\/p><p>Bitte lesen Sie diese Nutzungsbedingungen sorgf\u00e4ltig durch, bevor Sie auf unsere Website zugreifen oder diese nutzen. Durch den Zugriff auf oder die Nutzung eines Teils der Website erkl\u00e4ren Sie sich mit diesen Nutzungsbedingungen einverstanden. Wenn Sie nicht mit allen Bedingungen dieser Vereinbarung einverstanden sind, d\u00fcrfen Sie nicht auf die Website zugreifen oder Dienste nutzen. Wenn diese Nutzungsbedingungen als Angebot betrachtet werden, beschr\u00e4nkt sich die Annahme ausdr\u00fccklich auf diese Nutzungsbedingungen.<\/p><p>Alle neuen Funktionen oder Tools, die dem aktuellen Shop hinzugef\u00fcgt werden, unterliegen ebenfalls den Nutzungsbedingungen. Die aktuellste Version der Nutzungsbedingungen k\u00f6nnen Sie jederzeit auf dieser Seite einsehen. Wir behalten uns das Recht vor, Teile dieser Nutzungsbedingungen durch Ver\u00f6ffentlichung von Aktualisierungen und\/oder \u00c4nderungen auf unserer Website zu aktualisieren, zu \u00e4ndern oder zu ersetzen. Es liegt in Ihrer Verantwortung, diese Seite regelm\u00e4\u00dfig auf \u00c4nderungen zu \u00fcberpr\u00fcfen. Ihre fortgesetzte Nutzung oder Ihr Zugriff auf die Website nach der Ver\u00f6ffentlichung von \u00c4nderungen gilt als Zustimmung zu diesen \u00c4nderungen.<\/p><h3 class=\"wp-block-heading\">ABSCHNITT 1 \u2013 BEDINGUNGEN F\u00dcR DEN ONLINE-SHOP<\/h3><p>Durch Ihre Zustimmung zu diesen Nutzungsbedingungen erkl\u00e4ren Sie, dass Sie in Ihrem Wohnsitzstaat oder Ihrer Wohnsitzprovinz mindestens vollj\u00e4hrig sind oder dass Sie in Ihrem Wohnsitzstaat oder Ihrer Wohnsitzprovinz vollj\u00e4hrig sind und uns Ihre Zustimmung erteilt haben, Ihren minderj\u00e4hrigen Angeh\u00f6rigen die Nutzung dieser Website zu gestatten.<\/p><p>Sie d\u00fcrfen unsere Produkte nicht f\u00fcr illegale oder unbefugte Zwecke verwenden und bei der Nutzung des Dienstes keine Gesetze in Ihrer Gerichtsbarkeit verletzen (einschlie\u00dflich, aber nicht beschr\u00e4nkt auf Urheberrechtsgesetze).<\/p><p>Sie d\u00fcrfen keine W\u00fcrmer, Viren oder sonstigen Codes mit zerst\u00f6rerischer Wirkung \u00fcbertragen.<\/p><p>Ein Versto\u00df gegen eine der Bedingungen f\u00fchrt zur sofortigen K\u00fcndigung Ihrer Dienste.<\/p><h3 class=\"wp-block-heading\">ABSCHNITT 2 \u2013 ALLGEMEINE BEDINGUNGEN<\/h3><p>Wir behalten uns das Recht vor, jederzeit und aus beliebigen Gr\u00fcnden Dienstleistungen zu verweigern.<\/p><p>Sie nehmen zur Kenntnis, dass Ihre Inhalte (mit Ausnahme von Kreditkartendaten) unverschl\u00fcsselt \u00fcbertragen werden k\u00f6nnen und dass dies (a) \u00dcbertragungen \u00fcber verschiedene Netzwerke und (b) \u00c4nderungen zur Anpassung an die technischen Anforderungen der verbundenen Netzwerke oder Ger\u00e4te beinhalten kann. Kreditkartendaten werden bei der \u00dcbertragung \u00fcber Netzwerke stets verschl\u00fcsselt.<\/p><p>Sie erkl\u00e4ren sich damit einverstanden, keinen Teil des Dienstes, der Nutzung des Dienstes oder des Zugriffs auf den Dienst oder einen Kontakt auf der Website, \u00fcber die der Dienst bereitgestellt wird, ohne unsere ausdr\u00fcckliche schriftliche Genehmigung zu reproduzieren, zu vervielf\u00e4ltigen, zu kopieren, zu verkaufen, weiterzuverkaufen oder zu verwerten.<\/p><p>Die in dieser Vereinbarung verwendeten \u00dcberschriften dienen lediglich der \u00dcbersichtlichkeit und schr\u00e4nken diese Bedingungen weder ein noch beeinflussen sie diese in irgendeiner Weise.<\/p><h3 class=\"wp-block-heading\">ABSCHNITT 3 \u2013 RICHTIGKEIT, VOLLST\u00c4NDIGKEIT UND AKTUALIT\u00c4T DER INFORMATIONEN<\/h3><p>Wir \u00fcbernehmen keine Verantwortung daf\u00fcr, dass die auf dieser Website bereitgestellten Informationen korrekt, vollst\u00e4ndig oder aktuell sind. Die Inhalte dieser Website dienen lediglich der allgemeinen Information und sollten nicht als alleinige Grundlage f\u00fcr Entscheidungen herangezogen werden, ohne zuvor prim\u00e4re, genauere, vollst\u00e4ndigere oder aktuellere Informationsquellen zu konsultieren. Das Vertrauen auf die Inhalte dieser Website erfolgt auf eigene Gefahr.<\/p><p>Diese Website kann bestimmte historische Informationen enthalten. Historische Informationen sind naturgem\u00e4\u00df nicht aktuell und dienen nur zu Ihrer Information. Wir behalten uns das Recht vor, den Inhalt dieser Website jederzeit zu \u00e4ndern, sind jedoch nicht verpflichtet, die Informationen auf unserer Website zu aktualisieren. Sie erkl\u00e4ren sich damit einverstanden, dass es in Ihrer Verantwortung liegt, \u00c4nderungen an unserer Website zu \u00fcberwachen.<\/p><h3 class=\"wp-block-heading\">ABSCHNITT 4 \u2013 \u00c4NDERUNGEN DES DIENSTES UND DER PREISE<\/h3><p>Die Preise f\u00fcr unsere Produkte k\u00f6nnen ohne vorherige Ank\u00fcndigung ge\u00e4ndert werden.<\/p><p>Wir behalten uns das Recht vor, den Dienst (oder Teile oder Inhalte davon) jederzeit ohne vorherige Ank\u00fcndigung zu \u00e4ndern oder einzustellen.<\/p><p>Wir haften weder Ihnen noch Dritten gegen\u00fcber f\u00fcr \u00c4nderungen, Preis\u00e4nderungen, Aussetzungen oder die Einstellung des Dienstes.<\/p><h3 class=\"wp-block-heading\">ABSCHNITT 5 \u2013 PRODUKTE ODER DIENSTLEISTUNGEN (falls zutreffend)<\/h3><p>Bestimmte Produkte oder Dienstleistungen sind m\u00f6glicherweise ausschlie\u00dflich online \u00fcber die Website erh\u00e4ltlich. Diese Produkte oder Dienstleistungen sind m\u00f6glicherweise nur in begrenzter St\u00fcckzahl verf\u00fcgbar und k\u00f6nnen nur gem\u00e4\u00df unseren R\u00fcckgabebedingungen zur\u00fcckgegeben oder umgetauscht werden.<\/p><p>Wir haben uns bem\u00fcht, die Farben und Bilder unserer Produkte, die im Gesch\u00e4ft zu sehen sind, so genau wie m\u00f6glich darzustellen. Wir k\u00f6nnen jedoch nicht garantieren, dass die Farbdarstellung auf Ihrem Computerbildschirm korrekt ist.<\/p><p>Wir behalten uns das Recht vor, sind jedoch nicht verpflichtet, den Verkauf unserer Produkte oder Dienstleistungen auf bestimmte Personen, geografische Regionen oder Gerichtsbarkeiten zu beschr\u00e4nken. Wir k\u00f6nnen dieses Recht von Fall zu Fall aus\u00fcben. Wir behalten uns das Recht vor, die Mengen der von uns angebotenen Produkte oder Dienstleistungen zu begrenzen. Alle Produktbeschreibungen oder Produktpreise k\u00f6nnen jederzeit ohne vorherige Ank\u00fcndigung nach unserem alleinigen Ermessen ge\u00e4ndert werden. Wir behalten uns das Recht vor, jedes Produkt jederzeit aus dem Sortiment zu nehmen. Alle Angebote f\u00fcr Produkte oder Dienstleistungen auf dieser Website sind ung\u00fcltig, wenn sie gesetzlich verboten sind.<\/p><p>Wir garantieren nicht, dass die Qualit\u00e4t der von Ihnen gekauften oder erhaltenen Produkte, Dienstleistungen, Informationen oder sonstigen Materialien Ihren Erwartungen entspricht oder dass Fehler im Dienst korrigiert werden.<\/p><h3 class=\"wp-block-heading\">ABSCHNITT 6 \u2013 RICHTIGKEIT DER RECHNUNGS- UND KONTOINFORMATIONEN<\/h3><p>Wir behalten uns das Recht vor, jede Bestellung, die Sie bei uns aufgeben, abzulehnen. Wir k\u00f6nnen nach eigenem Ermessen die pro Person, pro Haushalt oder pro Bestellung gekauften Mengen begrenzen oder stornieren. Diese Einschr\u00e4nkungen k\u00f6nnen Bestellungen umfassen, die \u00fcber dasselbe Kundenkonto, dieselbe Kreditkarte und\/oder Bestellungen mit derselben Rechnungs- und\/oder Lieferadresse aufgegeben werden. Wenn wir eine Bestellung \u00e4ndern oder stornieren, werden wir versuchen, Sie dar\u00fcber zu informieren, indem wir Sie \u00fcber die E-Mail-Adresse und\/oder Rechnungsadresse\/Telefonnummer kontaktieren, die Sie bei der Bestellung angegeben haben. Wir behalten uns das Recht vor, Bestellungen zu begrenzen oder zu untersagen, die nach unserem alleinigen Ermessen von H\u00e4ndlern, Wiederverk\u00e4ufern oder Distributoren aufgegeben wurden.<\/p><p>Sie erkl\u00e4ren sich damit einverstanden, aktuelle, vollst\u00e4ndige und genaue Kauf- und Kontoinformationen f\u00fcr alle in unserem Shop get\u00e4tigten K\u00e4ufe anzugeben. Sie erkl\u00e4ren sich damit einverstanden, Ihr Konto und andere Informationen, einschlie\u00dflich Ihrer E-Mail-Adresse, Kreditkartennummern und Ablaufdaten, umgehend zu aktualisieren, damit wir Ihre Transaktionen abschlie\u00dfen und Sie bei Bedarf kontaktieren k\u00f6nnen.<\/p><h3 class=\"wp-block-heading\">ABSCHNITT 7 \u2013 OPTIONALE WERKZEUGE<\/h3><p>Wir k\u00f6nnen Ihnen Zugang zu Tools von Drittanbietern gew\u00e4hren, \u00fcber die wir weder Kontrolle noch Einfluss haben und die wir nicht \u00fcberwachen.<\/p><p>Sie erkennen an und stimmen zu, dass wir den Zugang zu solchen Tools \u201dwie besehen\u201d und \u201cwie verf\u00fcgbar\u201d ohne jegliche Gew\u00e4hrleistungen, Zusicherungen oder Bedingungen jeglicher Art und ohne jegliche Billigung bereitstellen. Wir \u00fcbernehmen keinerlei Haftung, die sich aus Ihrer Nutzung optionaler Tools von Drittanbietern ergibt oder damit in Zusammenhang steht.<\/p><p>Die Nutzung der \u00fcber die Website angebotenen optionalen Tools erfolgt ausschlie\u00dflich auf Ihr eigenes Risiko und nach Ihrem eigenen Ermessen. Sie sollten sicherstellen, dass Sie mit den Bedingungen, zu denen die Tools von den jeweiligen Drittanbietern bereitgestellt werden, vertraut sind und diese akzeptieren.<\/p><p>Wir k\u00f6nnen in Zukunft auch neue Dienste und\/oder Funktionen \u00fcber die Website anbieten (einschlie\u00dflich der Ver\u00f6ffentlichung neuer Tools und Ressourcen). Diese neuen Funktionen und\/oder Dienste unterliegen ebenfalls diesen Nutzungsbedingungen.<\/p><h3 class=\"wp-block-heading\">ABSCHNITT 8 \u2013 LINKS VON DRITTANBIETERN<\/h3><p>Bestimmte Inhalte, Produkte und Dienste, die \u00fcber unseren Dienst verf\u00fcgbar sind, k\u00f6nnen Materialien von Dritten enthalten.<\/p><p>Links von Dritten auf dieser Website k\u00f6nnen Sie zu Websites von Dritten weiterleiten, die nicht mit uns verbunden sind. Wir sind nicht daf\u00fcr verantwortlich, den Inhalt oder die Richtigkeit zu \u00fcberpr\u00fcfen oder zu bewerten, und wir \u00fcbernehmen keine Gew\u00e4hr und keine Haftung oder Verantwortung f\u00fcr Materialien oder Websites von Dritten oder andere Materialien, Produkte oder Dienstleistungen von Dritten.<\/p><p>Wir haften nicht f\u00fcr Sch\u00e4den oder Verluste im Zusammenhang mit dem Kauf oder der Nutzung von Waren, Dienstleistungen, Ressourcen, Inhalten oder anderen Transaktionen, die in Verbindung mit Websites Dritter get\u00e4tigt werden. Bitte lesen Sie die Richtlinien und Praktiken Dritter sorgf\u00e4ltig durch und vergewissern Sie sich, dass Sie diese verstanden haben, bevor Sie eine Transaktion durchf\u00fchren. Beschwerden, Anspr\u00fcche, Bedenken oder Fragen zu Produkten Dritter sind direkt an den Dritten zu richten.<\/p><h3 class=\"wp-block-heading\">ABSCHNITT 9 \u2013 BENUTZERKOMMENTARE, FEEDBACK UND ANDERE BEITR\u00c4GE<\/h3><p>Wenn Sie auf unsere Aufforderung hin bestimmte Beitr\u00e4ge (z. B. Wettbewerbsbeitr\u00e4ge) oder ohne Aufforderung von uns kreative Ideen, Vorschl\u00e4ge, Pl\u00e4ne oder andere Materialien online, per E-Mail, per Post oder auf andere Weise (zusammenfassend als \u2018Kommentare\u2019 bezeichnet) einsenden, erkl\u00e4ren Sie sich damit einverstanden, dass wir die von Ihnen an uns \u00fcbermittelten Kommentare jederzeit und ohne Einschr\u00e4nkung bearbeiten, kopieren, ver\u00f6ffentlichen, verbreiten, \u00fcbersetzen und auf andere Weise in jedem Medium verwenden d\u00fcrfen. Wir sind und bleiben nicht verpflichtet, (1) Kommentare vertraulich zu behandeln, (2) eine Verg\u00fctung f\u00fcr Kommentare zu zahlen oder (3) auf Kommentare zu antworten.<\/p><p>Wir sind berechtigt, aber nicht verpflichtet, Inhalte zu \u00fcberwachen, zu bearbeiten oder zu entfernen, die wir nach eigenem Ermessen als rechtswidrig, beleidigend, bedrohlich, verleumderisch, diffamierend, pornografisch, obsz\u00f6n oder anderweitig anst\u00f6\u00dfig erachten oder die das geistige Eigentum einer Partei oder diese Nutzungsbedingungen verletzen.<\/p><p>Sie erkl\u00e4ren sich damit einverstanden, dass Ihre Kommentare keine Rechte Dritter verletzen, einschlie\u00dflich Urheberrechte, Markenrechte, Datenschutzrechte, Pers\u00f6nlichkeitsrechte oder andere pers\u00f6nliche oder Eigentumsrechte. Sie erkl\u00e4ren sich ferner damit einverstanden, dass Ihre Kommentare keine verleumderischen oder anderweitig rechtswidrigen, beleidigenden oder obsz\u00f6nen Inhalte enthalten und keine Computerviren oder andere Malware enthalten, die den Betrieb des Dienstes oder einer damit verbundenen Website in irgendeiner Weise beeintr\u00e4chtigen k\u00f6nnten. Sie d\u00fcrfen keine falsche E-Mail-Adresse verwenden, sich als eine andere Person ausgeben oder uns oder Dritte in anderer Weise hinsichtlich der Herkunft von Kommentaren irref\u00fchren. Sie sind allein verantwortlich f\u00fcr Ihre Kommentare und deren Richtigkeit. Wir \u00fcbernehmen keine Verantwortung und keine Haftung f\u00fcr Kommentare, die von Ihnen oder Dritten gepostet werden.<\/p><h3 class=\"wp-block-heading\">ABSCHNITT 10 \u2013 PERSONENBEZOGENE DATEN<\/h3><p>Die \u00dcbermittlung Ihrer personenbezogenen Daten \u00fcber den Shop unterliegt unserer Datenschutzerkl\u00e4rung.<\/p><h3 class=\"wp-block-heading\">ABSCHNITT 11 \u2013 FEHLER, UNGENAUIGKEITEN UND AUSLASSUNGEN<\/h3><p>Gelegentlich k\u00f6nnen auf unserer Website oder im Rahmen des Dienstes Informationen enthalten sein, die Tippfehler, Ungenauigkeiten oder Auslassungen in Bezug auf Produktbeschreibungen, Preise, Werbeaktionen, Angebote, Versandkosten, Lieferzeiten und Verf\u00fcgbarkeit enthalten. Wir behalten uns das Recht vor, Fehler, Ungenauigkeiten oder Auslassungen zu korrigieren und Informationen zu \u00e4ndern oder zu aktualisieren oder Bestellungen zu stornieren, wenn Informationen im Service oder auf einer zugeh\u00f6rigen Website zu irgendeinem Zeitpunkt ungenau sind, ohne dies vorher anzuk\u00fcndigen (auch nachdem Sie Ihre Bestellung aufgegeben haben).<\/p><p>Wir \u00fcbernehmen keine Verpflichtung, Informationen im Dienst oder auf einer damit verbundenen Website zu aktualisieren, zu \u00e4ndern oder zu pr\u00e4zisieren, einschlie\u00dflich, aber nicht beschr\u00e4nkt auf Preisinformationen, es sei denn, dies ist gesetzlich vorgeschrieben. Kein im Dienst oder auf einer damit verbundenen Website angegebenes Aktualisierungs- oder Auffrischungsdatum sollte so verstanden werden, dass alle Informationen im Dienst oder auf einer damit verbundenen Website ge\u00e4ndert oder aktualisiert wurden.<\/p><h3 class=\"wp-block-heading\">ABSCHNITT 12 \u2013 VERBOTENE NUTZUNGEN<\/h3><p>Zus\u00e4tzlich zu anderen Verboten, die in den Nutzungsbedingungen festgelegt sind, ist es Ihnen untersagt, die Website oder deren Inhalte zu folgenden Zwecken zu nutzen: (a) f\u00fcr rechtswidrige Zwecke; (b) um andere zu rechtswidrigen Handlungen aufzufordern oder daran teilzunehmen; (c) um gegen internationale, bundesstaatliche, provinzielle oder staatliche Vorschriften, Regeln, Gesetze oder lokale Verordnungen zu versto\u00dfen; (d) um unsere geistigen Eigentumsrechte oder die geistigen Eigentumsrechte anderer zu verletzen oder zu missachten; (e) um andere aufgrund ihres Geschlechts, ihrer sexuellen Orientierung, ihrer Religion, ihrer ethnischen Zugeh\u00f6rigkeit, ihrer Rasse, ihres Alters, ihrer nationalen Herkunft oder einer Behinderung zu bel\u00e4stigen, zu missbrauchen, zu beleidigen, zu sch\u00e4digen, zu diffamieren, zu verleumden, herabzuw\u00fcrdigen, einzusch\u00fcchtern oder zu diskriminieren; (f) falsche oder irref\u00fchrende Informationen zu \u00fcbermitteln; (g) Viren oder andere Arten von b\u00f6sartigem Code hochzuladen oder zu \u00fcbertragen, die in einer Weise verwendet werden oder verwendet werden k\u00f6nnen, die die Funktionalit\u00e4t oder den Betrieb des Dienstes oder einer damit verbundenen Website, anderer Websites oder des Internets beeintr\u00e4chtigt; (h) personenbezogene Daten anderer zu sammeln oder zu verfolgen; (i) Spam, Phishing, Pharming, Pretexting, Spidering, Crawling oder Scraping zu betreiben; (j) f\u00fcr obsz\u00f6ne oder unmoralische Zwecke; oder (k) um die Sicherheitsfunktionen des Dienstes oder einer damit verbundenen Website, anderer Websites oder des Internets zu st\u00f6ren oder zu umgehen. Wir behalten uns das Recht vor, Ihre Nutzung des Dienstes oder einer damit verbundenen Website zu beenden, wenn Sie gegen eine der verbotenen Nutzungen versto\u00dfen.<\/p><h3 class=\"wp-block-heading\">ABSCHNITT 13 \u2013 HAFTUNGSAUSSCHLUSS; HAFTUNGSBESCHR\u00c4NKUNG<\/h3><p>Wir garantieren nicht, dass die Nutzung unseres Dienstes ununterbrochen, zeitnah, sicher oder fehlerfrei ist.<\/p><p>Wir \u00fcbernehmen keine Gew\u00e4hr daf\u00fcr, dass die durch die Nutzung des Dienstes erzielten Ergebnisse korrekt oder zuverl\u00e4ssig sind.<\/p><p>Die Bilder der Landschaften in Georgiens Bergregion sind das einzig Positive an diesem Melodram.<\/p><p>Sie erkl\u00e4ren sich damit einverstanden, dass wir den Dienst von Zeit zu Zeit auf unbestimmte Zeit einstellen oder jederzeit ohne vorherige Ank\u00fcndigung k\u00fcndigen k\u00f6nnen.<\/p><p>Sie erkl\u00e4ren sich ausdr\u00fccklich damit einverstanden, dass Ihre Nutzung oder Nichtnutzung des Dienstes auf Ihr eigenes Risiko erfolgt. Der Dienst und alle Produkte und Dienste, die Ihnen \u00fcber den Dienst bereitgestellt werden, werden (sofern nicht ausdr\u00fccklich von uns angegeben) \u2018wie besehen\u2019 und \u2018wie verf\u00fcgbar\u2019 f\u00fcr Ihre Nutzung bereitgestellt, ohne jegliche ausdr\u00fcckliche oder stillschweigende Zusicherungen, Gew\u00e4hrleistungen oder Bedingungen, einschlie\u00dflich aller stillschweigenden Gew\u00e4hrleistungen oder Bedingungen hinsichtlich der Marktg\u00e4ngigkeit, der handels\u00fcblichen Qualit\u00e4t, der Eignung f\u00fcr einen bestimmten Zweck, der Haltbarkeit, des Eigentumsrechts und der Nichtverletzung von Rechten Dritter.<\/p><p>In keinem Fall haften wir, unsere Direktoren, F\u00fchrungskr\u00e4fte, Mitarbeiter, verbundenen Unternehmen, Vertreter, Auftragnehmer, Praktikanten, Lieferanten, Dienstleister oder Lizenzgeber f\u00fcr Verletzungen, Verluste, Anspr\u00fcche oder direkte, indirekte, zuf\u00e4llige, strafbare, besondere oder Folgesch\u00e4den jeglicher Art haftbar, einschlie\u00dflich, aber nicht beschr\u00e4nkt auf entgangene Gewinne, entgangene Einnahmen, entgangene Einsparungen, Datenverlust, Wiederbeschaffungskosten oder \u00e4hnliche Sch\u00e4den, unabh\u00e4ngig davon, ob diese auf Vertrag, unerlaubter Handlung (einschlie\u00dflich Fahrl\u00e4ssigkeit), verschuldensunabh\u00e4ngiger Haftung oder anderweitig beruhen, die sich aus Ihrer Nutzung des Dienstes oder der \u00fcber den Dienst bezogenen Produkte ergeben, oder f\u00fcr sonstige Anspr\u00fcche, die in irgendeiner Weise mit Ihrer Nutzung des Dienstes oder eines Produkts zusammenh\u00e4ngen, einschlie\u00dflich, aber nicht beschr\u00e4nkt auf Fehler oder Auslassungen in Inhalten oder Verluste oder Sch\u00e4den jeglicher Art, die durch die Nutzung des Dienstes oder von Inhalten (oder Produkten) entstehen, die \u00fcber den Dienst ver\u00f6ffentlicht, \u00fcbertragen oder anderweitig verf\u00fcgbar gemacht werden, selbst wenn auf deren M\u00f6glichkeit hingewiesen wurde. Da einige Staaten oder Gerichtsbarkeiten den Ausschluss oder die Beschr\u00e4nkung der Haftung f\u00fcr Folgesch\u00e4den oder zuf\u00e4llige Sch\u00e4den nicht zulassen, ist unsere Haftung in solchen Staaten oder Gerichtsbarkeiten auf den gesetzlich zul\u00e4ssigen H\u00f6chstbetrag beschr\u00e4nkt.<\/p><h3 class=\"wp-block-heading\">ABSCHNITT 14 \u2013 SCHADENSERSATZ<\/h3><p>Sie erkl\u00e4ren sich damit einverstanden, uns und unsere Muttergesellschaft, Tochtergesellschaften, verbundenen Unternehmen, Partner, leitenden Angestellten, Direktoren, Vertreter, Auftragnehmer, Lizenzgeber, Dienstleister, Subunternehmer, Lieferanten, Praktikanten und Mitarbeiter von allen Anspr\u00fcchen oder Forderungen, einschlie\u00dflich angemessener Anwaltskosten, freizustellen, die von Dritten aufgrund oder in Verbindung mit Ihrer Verletzung dieser Nutzungsbedingungen oder der darin durch Verweis aufgenommenen Dokumente oder Ihrer Verletzung von Gesetzen oder Rechten Dritter geltend gemacht werden.<\/p><h3 class=\"wp-block-heading\">ABSCHNITT 15 \u2013 SALVATORISCHE KLAUSEL<\/h3><p>Sollte eine Bestimmung dieser Nutzungsbedingungen als rechtswidrig, ung\u00fcltig oder nicht durchsetzbar befunden werden, so bleibt diese Bestimmung dennoch im gr\u00f6\u00dftm\u00f6glichen Umfang, der nach geltendem Recht zul\u00e4ssig ist, durchsetzbar, und der nicht durchsetzbare Teil gilt als von diesen Nutzungsbedingungen abgetrennt, wobei diese Feststellung die G\u00fcltigkeit und Durchsetzbarkeit der \u00fcbrigen Bestimmungen nicht beeintr\u00e4chtigt.<\/p><h3 class=\"wp-block-heading\">ABSCHNITT 16 \u2013 K\u00dcNDIGUNG<\/h3><p>Die vor dem K\u00fcndigungstermin entstandenen Verpflichtungen und Verbindlichkeiten der Parteien bleiben auch nach Beendigung dieser Vereinbarung in jeder Hinsicht bestehen.<\/p><p>Diese Nutzungsbedingungen gelten so lange, bis sie entweder von Ihnen oder von uns gek\u00fcndigt werden. Sie k\u00f6nnen diese Nutzungsbedingungen jederzeit k\u00fcndigen, indem Sie uns mitteilen, dass Sie unsere Dienste nicht mehr nutzen m\u00f6chten, oder indem Sie die Nutzung unserer Website einstellen.<\/p><p>Wenn Sie nach unserem alleinigen Ermessen gegen eine Bestimmung oder Bedingung dieser Nutzungsbedingungen versto\u00dfen oder wir den Verdacht haben, dass Sie gegen eine Bestimmung oder Bedingung dieser Nutzungsbedingungen versto\u00dfen haben, k\u00f6nnen wir diese Vereinbarung ebenfalls jederzeit ohne Vorank\u00fcndigung k\u00fcndigen, und Sie bleiben f\u00fcr alle bis zum Datum der K\u00fcndigung f\u00e4lligen Betr\u00e4ge haftbar; und\/oder wir k\u00f6nnen Ihnen dementsprechend den Zugang zu unseren Diensten (oder Teilen davon) verweigern.<\/p><h3 class=\"wp-block-heading\">ABSCHNITT 17 \u2013 GESAMTVEREINBARUNG<\/h3><p>Das Vers\u00e4umnis unsererseits, ein Recht oder eine Bestimmung dieser Nutzungsbedingungen auszu\u00fcben oder durchzusetzen, stellt keinen Verzicht auf dieses Recht oder diese Bestimmung dar.<\/p><p>Diese Nutzungsbedingungen und alle Richtlinien oder Betriebsregeln, die von uns auf dieser Website oder in Bezug auf den Dienst ver\u00f6ffentlicht werden, stellen die gesamte Vereinbarung und Abmachung zwischen Ihnen und uns dar und regeln Ihre Nutzung des Dienstes. Sie ersetzen alle fr\u00fcheren oder gleichzeitigen Vereinbarungen, Mitteilungen und Vorschl\u00e4ge, ob m\u00fcndlich oder schriftlich, zwischen Ihnen und uns (einschlie\u00dflich, aber nicht beschr\u00e4nkt auf fr\u00fchere Versionen der Nutzungsbedingungen).<\/p><p>Unklarheiten bei der Auslegung dieser Nutzungsbedingungen d\u00fcrfen nicht gegen die Partei ausgelegt werden, die den Text verfasst hat.<\/p><h3 class=\"wp-block-heading\">ABSCHNITT 18 \u2013 ANWENDBARES RECHT<\/h3><p>Diese Nutzungsbedingungen und alle separaten Vereinbarungen, auf deren Grundlage wir Ihnen Dienste bereitstellen, unterliegen den Gesetzen von Hongkong und sind entsprechend auszulegen.<\/p><h3 class=\"wp-block-heading\">ABSCHNITT 19 \u2013 \u00c4NDERUNGEN DER NUTZUNGSBEDINGUNGEN<\/h3><p>Die aktuellste Version der Nutzungsbedingungen k\u00f6nnen Sie jederzeit auf dieser Seite einsehen.<\/p><p>Wir behalten uns das Recht vor, nach eigenem Ermessen Teile dieser Nutzungsbedingungen zu aktualisieren, zu \u00e4ndern oder zu ersetzen, indem wir Aktualisierungen und \u00c4nderungen auf unserer Website ver\u00f6ffentlichen. Es liegt in Ihrer Verantwortung, unsere Website regelm\u00e4\u00dfig auf \u00c4nderungen zu \u00fcberpr\u00fcfen. Ihre fortgesetzte Nutzung oder Ihr Zugriff auf unsere Website oder den Dienst nach der Ver\u00f6ffentlichung von \u00c4nderungen an diesen Nutzungsbedingungen gilt als Zustimmung zu diesen \u00c4nderungen.<\/p>","protected":false},"excerpt":{"rendered":"<p>Throughout the site, the terms \u201cwe\u201d, \u201cus\u201d and \u201cour\u201d refer to our website. We offers this website, including all information, tools, and Services available from this site to you, the user, conditioned upon your acceptance of all terms, conditions, policies, and notices stated here. By visiting our site and\/ or purchasing something from us, you [&hellip;]<\/p>","protected":false},"author":1,"featured_media":0,"parent":0,"menu_order":0,"comment_status":"closed","ping_status":"closed","template":"","meta":{"_seopress_robots_primary_cat":"","_seopress_titles_title":"","_seopress_titles_desc":"","_seopress_robots_index":"yes","footnotes":""},"class_list":["post-7231","page","type-page","status-publish","hentry"],"_links":{"self":[{"href":"https:\/\/bestcbradio.com\/de\/wp-json\/wp\/v2\/pages\/7231","targetHints":{"allow":["GET"]}}],"collection":[{"href":"https:\/\/bestcbradio.com\/de\/wp-json\/wp\/v2\/pages"}],"about":[{"href":"https:\/\/bestcbradio.com\/de\/wp-json\/wp\/v2\/types\/page"}],"author":[{"embeddable":true,"href":"https:\/\/bestcbradio.com\/de\/wp-json\/wp\/v2\/users\/1"}],"replies":[{"embeddable":true,"href":"https:\/\/bestcbradio.com\/de\/wp-json\/wp\/v2\/comments?post=7231"}],"version-history":[{"count":0,"href":"https:\/\/bestcbradio.com\/de\/wp-json\/wp\/v2\/pages\/7231\/revisions"}],"wp:attachment":[{"href":"https:\/\/bestcbradio.com\/de\/wp-json\/wp\/v2\/media?parent=7231"}],"curies":[{"name":"wp","href":"https:\/\/api.w.org\/{rel}","templated":true}]}}