{"id":7898,"date":"2025-11-21T10:53:30","date_gmt":"2025-11-21T02:53:30","guid":{"rendered":"https:\/\/bestcbradio.com\/?page_id=7898"},"modified":"2026-01-20T15:53:55","modified_gmt":"2026-01-20T07:53:55","slug":"shipping-policy","status":"publish","type":"page","link":"https:\/\/bestcbradio.com\/de\/schifffahrtspolitik\/","title":{"rendered":"Versandbedingungen"},"content":{"rendered":"<p><strong>Diese Versandbedingungen gelten f\u00fcr alle Kunden, die Waren von&nbsp;<\/strong><a href=\"https:\/\/bestcbradio.com\/de\/\">https:\/\/bestcbradio.com\/<\/a><strong>. Es ist wichtig, diese Richtlinie zu lesen und zu verstehen, da sie unsere Verpflichtungen Ihnen gegen\u00fcber und Ihre Rechte als Kunde in Bezug auf die Lieferung von Waren darlegt. Wenn Sie Fragen haben, k\u00f6nnen Sie sich jederzeit an uns wenden. E-Mail:&nbsp;<a href=\"mailto:service@bestcbradio.com\">service@bestcbradio.com<\/a><\/strong><\/p><p>1. Logistikmethode einschlie\u00dflich Steuern<\/p><p>Wir bieten zwei Versandarten an, deren Lieferzeiten sich etwas unterscheiden.<br>Die Lieferzeit f\u00fcr Expressversand betr\u00e4gt 8 bis 18 Tage.<br>Die Lieferzeit f\u00fcr UPS und FedEx betr\u00e4gt etwa 4\u20138 Tage.<\/p><p>2. Versand &amp; Lieferzeit<br>Nachdem Sie eine Bestellung aufgegeben haben, pr\u00fcfen wir diese und beginnen innerhalb von 24 Stunden mit der Kommissionierung. Als unsere etablierten Gro\u00dfh\u00e4ndler werden wir Ihre Bestellung vorrangig pr\u00fcfen und Lagerartikel f\u00fcr Sie vorbereiten. Wir versenden die Ware innerhalb eines Werktags. Bei neuen Gro\u00dfh\u00e4ndlern dauert der Versand in der Regel zwei Werktage. Gelegentlich kann es aufgrund von Lieferengp\u00e4ssen zu Verz\u00f6gerungen kommen. In diesem Fall benachrichtigen wir Sie per E-Mail und f\u00fchren keine weiteren Schritte durch, bis Sie geantwortet haben. Wir bieten Ihnen einen Umtausch- oder Stornierungsservice nach Ihren W\u00fcnschen an.<\/p><p>3. R\u00dcCKERSTATTUNGEN UND R\u00dcCKSENDUNGEN<br>Bitte beachten Sie unsere <a href=\"https:\/\/bestcbradio.com\/de\/erstattung-und-ruckgabe\/\">R\u00fcckerstattungs- und R\u00fcckgaberecht<\/a> um mehr \u00fcber unsere R\u00fcckerstattungs- und R\u00fcckgabebedingungen zu erfahren.<br>Vielen Dank f\u00fcr Ihr Verst\u00e4ndnis.<\/p><p><\/p><p><\/p><p><\/p><p><strong>Telefon\/WhatsApp:<\/strong>\u00a0+86 180 6521 7383<br><strong>E-Mail<\/strong>: service@bestcbradio.com<br>\u00d6ffnungszeiten: Montag bis Samstag von 9:00 bis 17:30 Uhr.<\/p><p><\/p><p>Unternehmen: Quanzhou Fengze District Jizheng Cross-border E-commerce Co., LTD<br>Firmenname: BOND TELECOMMUNICATION Co., LIMITED<br>Firmenadresse: ROOM S239, 2\/F THE CAPITAL 61-65 CHATHAM ROAD SOUTH TSIMSHA TSUIHK<\/p><p><\/p>","protected":false},"excerpt":{"rendered":"<p>This shipping policy applies to all customers who purchase goods from&nbsp;https:\/\/bestcbradio.com\/. It is crucial to read and understand this policy, as it outlines our obligations to you and your rights as a customer regarding the delivery of goods. If you have any questions, contact us any time. Email:&nbsp;service@bestcbradio.com 1. Logistics method including tax We offer [&hellip;]<\/p>","protected":false},"author":2,"featured_media":0,"parent":0,"menu_order":0,"comment_status":"closed","ping_status":"closed","template":"","meta":{"_seopress_robots_primary_cat":"","_seopress_titles_title":"","_seopress_titles_desc":"","_seopress_robots_index":"","footnotes":""},"class_list":["post-7898","page","type-page","status-publish","hentry"],"_links":{"self":[{"href":"https:\/\/bestcbradio.com\/de\/wp-json\/wp\/v2\/pages\/7898","targetHints":{"allow":["GET"]}}],"collection":[{"href":"https:\/\/bestcbradio.com\/de\/wp-json\/wp\/v2\/pages"}],"about":[{"href":"https:\/\/bestcbradio.com\/de\/wp-json\/wp\/v2\/types\/page"}],"author":[{"embeddable":true,"href":"https:\/\/bestcbradio.com\/de\/wp-json\/wp\/v2\/users\/2"}],"replies":[{"embeddable":true,"href":"https:\/\/bestcbradio.com\/de\/wp-json\/wp\/v2\/comments?post=7898"}],"version-history":[{"count":0,"href":"https:\/\/bestcbradio.com\/de\/wp-json\/wp\/v2\/pages\/7898\/revisions"}],"wp:attachment":[{"href":"https:\/\/bestcbradio.com\/de\/wp-json\/wp\/v2\/media?parent=7898"}],"curies":[{"name":"wp","href":"https:\/\/api.w.org\/{rel}","templated":true}]}}