{"id":7363,"date":"2025-11-12T10:24:50","date_gmt":"2025-11-12T02:24:50","guid":{"rendered":"https:\/\/bestcbradio.com\/?post_type=product&#038;p=7363"},"modified":"2026-04-09T09:11:22","modified_gmt":"2026-04-09T01:11:22","slug":"luiton-lt-298-cb-radio","status":"publish","type":"product","link":"https:\/\/bestcbradio.com\/de\/produkt\/luiton-lt-298-cb-radio\/","title":{"rendered":"Luiton LT-298 CB-Funkger\u00e4t"},"content":{"rendered":"<div class=\"wp-block-columns are-vertically-aligned-center is-layout-flex wp-container-core-columns-is-layout-28f84493 wp-block-columns-is-layout-flex\"><div class=\"wp-block-column is-vertically-aligned-center is-layout-flow wp-block-column-is-layout-flow\"><figure class=\"wp-block-image size-full\"><img fetchpriority=\"high\" decoding=\"async\" width=\"800\" height=\"500\" src=\"https:\/\/bestcbradio.com\/wp-content\/uploads\/lt-298-cb-radio-feature-1.webp\" alt=\"lt 298 cb radio feature 1\" class=\"wp-image-7354\" srcset=\"https:\/\/bestcbradio.com\/wp-content\/uploads\/lt-298-cb-radio-feature-1.webp 800w, https:\/\/bestcbradio.com\/wp-content\/uploads\/lt-298-cb-radio-feature-1-300x188.webp 300w, https:\/\/bestcbradio.com\/wp-content\/uploads\/lt-298-cb-radio-feature-1-768x480.webp 768w, https:\/\/bestcbradio.com\/wp-content\/uploads\/lt-298-cb-radio-feature-1-441x276.webp 441w, https:\/\/bestcbradio.com\/wp-content\/uploads\/lt-298-cb-radio-feature-1-150x94.webp 150w\" sizes=\"(max-width: 800px) 100vw, 800px\" \/><\/figure><\/div>\n\n<div class=\"wp-block-column is-vertically-aligned-center is-layout-flow wp-block-column-is-layout-flow\" style=\"flex-basis:40%\"><h2 class=\"wp-block-heading\">Vielseitige Kommunikation<\/h2>\n\n<p>Dieses CB-Funkger\u00e4t bietet 40 Kan\u00e4le im AM\/FM-Modus und arbeitet in einem Frequenzbereich von 25,615-28,305 MHz, wodurch es f\u00fcr verschiedene Kommunikationsbed\u00fcrfnisse unterwegs geeignet ist.<\/p>\n\n<p><\/p><\/div><\/div><div style=\"height:30px\" aria-hidden=\"true\" class=\"wp-block-spacer\"><\/div><div class=\"wp-block-columns are-vertically-aligned-center is-layout-flex wp-container-core-columns-is-layout-28f84493 wp-block-columns-is-layout-flex\"><div class=\"wp-block-column is-vertically-aligned-center is-layout-flow wp-block-column-is-layout-flow\"><h2 class=\"wp-block-heading\">Zuverl\u00e4ssige Leistung<\/h2>\n\n<p>Mit einem CPU-gesteuerten P.L.L.-Synthesizer bietet dieses Funkger\u00e4t eine pr\u00e4zise Frequenzsteuerung und -stabilit\u00e4t sowie eine maximale HF-Ausgangsleistung von 4 W f\u00fcr starke und klare \u00dcbertragungen.<\/p>\n\n<p><\/p><\/div>\n\n<div class=\"wp-block-column is-vertically-aligned-center is-layout-flow wp-block-column-is-layout-flow\" style=\"flex-basis:60%\"><figure class=\"wp-block-image size-full\"><img decoding=\"async\" width=\"800\" height=\"500\" src=\"https:\/\/bestcbradio.com\/wp-content\/uploads\/lt-298-cb-radio-feature-2.webp\" alt=\"lt 298 cb radio feature 2\" class=\"wp-image-7355\" srcset=\"https:\/\/bestcbradio.com\/wp-content\/uploads\/lt-298-cb-radio-feature-2.webp 800w, https:\/\/bestcbradio.com\/wp-content\/uploads\/lt-298-cb-radio-feature-2-300x188.webp 300w, https:\/\/bestcbradio.com\/wp-content\/uploads\/lt-298-cb-radio-feature-2-768x480.webp 768w, https:\/\/bestcbradio.com\/wp-content\/uploads\/lt-298-cb-radio-feature-2-441x276.webp 441w, https:\/\/bestcbradio.com\/wp-content\/uploads\/lt-298-cb-radio-feature-2-150x94.webp 150w\" sizes=\"(max-width: 800px) 100vw, 800px\" \/><\/figure><\/div><\/div><div style=\"height:30px\" aria-hidden=\"true\" class=\"wp-block-spacer\"><\/div><div class=\"wp-block-columns are-vertically-aligned-center is-layout-flex wp-container-core-columns-is-layout-28f84493 wp-block-columns-is-layout-flex\"><div class=\"wp-block-column is-vertically-aligned-center is-layout-flow wp-block-column-is-layout-flow\"><figure class=\"wp-block-image size-full\"><img decoding=\"async\" width=\"800\" height=\"500\" src=\"https:\/\/bestcbradio.com\/wp-content\/uploads\/lt-298-cb-radio-feature-3.webp\" alt=\"lt 298 cb radio feature 3\" class=\"wp-image-7356\" srcset=\"https:\/\/bestcbradio.com\/wp-content\/uploads\/lt-298-cb-radio-feature-3.webp 800w, https:\/\/bestcbradio.com\/wp-content\/uploads\/lt-298-cb-radio-feature-3-300x188.webp 300w, https:\/\/bestcbradio.com\/wp-content\/uploads\/lt-298-cb-radio-feature-3-768x480.webp 768w, https:\/\/bestcbradio.com\/wp-content\/uploads\/lt-298-cb-radio-feature-3-441x276.webp 441w, https:\/\/bestcbradio.com\/wp-content\/uploads\/lt-298-cb-radio-feature-3-150x94.webp 150w\" sizes=\"(max-width: 800px) 100vw, 800px\" \/><\/figure><\/div>\n\n<div class=\"wp-block-column is-vertically-aligned-center is-layout-flow wp-block-column-is-layout-flow\" style=\"flex-basis:40%\"><h2 class=\"wp-block-heading\">Ausgezeichneter Empfang<\/h2>\n\n<p>Das Superheterodynsystem mit doppelter Wandlung verbessert die Empfindlichkeit und Klarheit und erm\u00f6glicht den effektiven Empfang schwacher Signale mit Empfindlichkeitswerten von -120 dBm f\u00fcr FM und -107 dBm f\u00fcr AM.<\/p>\n\n<p><\/p>\n\n<p><\/p><\/div><\/div><div style=\"height:30px\" aria-hidden=\"true\" class=\"wp-block-spacer\"><\/div><div class=\"wp-block-columns are-vertically-aligned-center is-layout-flex wp-container-core-columns-is-layout-28f84493 wp-block-columns-is-layout-flex\"><div class=\"wp-block-column is-vertically-aligned-center is-layout-flow wp-block-column-is-layout-flow\"><h2 class=\"wp-block-heading\">Audioqualit\u00e4t<\/h2>\n\n<p>Dieses Funkger\u00e4t liefert eine klare Audioleistung von 2,5 W an 8 Ohm mit minimalen Verzerrungen unter 8%, w\u00e4hrend die Bildunterdr\u00fcckung von 65 dB und die Nachbarkanalunterdr\u00fcckung von 85 dB zur Reduzierung von St\u00f6rungen beitragen.<\/p>\n\n<p><\/p><\/div>\n\n<div class=\"wp-block-column is-vertically-aligned-center is-layout-flow wp-block-column-is-layout-flow\" style=\"flex-basis:60%\"><figure class=\"wp-block-image size-full\"><img loading=\"lazy\" decoding=\"async\" width=\"800\" height=\"500\" src=\"https:\/\/bestcbradio.com\/wp-content\/uploads\/lt-298-cb-radio-feature-4.webp\" alt=\"lt 298 cb radio feature 4\" class=\"wp-image-7357\" srcset=\"https:\/\/bestcbradio.com\/wp-content\/uploads\/lt-298-cb-radio-feature-4.webp 800w, https:\/\/bestcbradio.com\/wp-content\/uploads\/lt-298-cb-radio-feature-4-300x188.webp 300w, https:\/\/bestcbradio.com\/wp-content\/uploads\/lt-298-cb-radio-feature-4-768x480.webp 768w, https:\/\/bestcbradio.com\/wp-content\/uploads\/lt-298-cb-radio-feature-4-441x276.webp 441w, https:\/\/bestcbradio.com\/wp-content\/uploads\/lt-298-cb-radio-feature-4-150x94.webp 150w\" sizes=\"(max-width: 800px) 100vw, 800px\" \/><\/figure><\/div><\/div><div style=\"height:30px\" aria-hidden=\"true\" class=\"wp-block-spacer\"><\/div><div class=\"wp-block-columns are-vertically-aligned-center is-layout-flex wp-container-core-columns-is-layout-28f84493 wp-block-columns-is-layout-flex\"><div class=\"wp-block-column is-vertically-aligned-center is-layout-flow wp-block-column-is-layout-flow\"><figure class=\"wp-block-image size-full\"><img loading=\"lazy\" decoding=\"async\" width=\"800\" height=\"500\" src=\"https:\/\/bestcbradio.com\/wp-content\/uploads\/lt-298-cb-radio-feature-5.webp\" alt=\"lt 298 cb radio feature 5\" class=\"wp-image-7358\" srcset=\"https:\/\/bestcbradio.com\/wp-content\/uploads\/lt-298-cb-radio-feature-5.webp 800w, https:\/\/bestcbradio.com\/wp-content\/uploads\/lt-298-cb-radio-feature-5-300x188.webp 300w, https:\/\/bestcbradio.com\/wp-content\/uploads\/lt-298-cb-radio-feature-5-768x480.webp 768w, https:\/\/bestcbradio.com\/wp-content\/uploads\/lt-298-cb-radio-feature-5-441x276.webp 441w, https:\/\/bestcbradio.com\/wp-content\/uploads\/lt-298-cb-radio-feature-5-150x94.webp 150w\" sizes=\"(max-width: 800px) 100vw, 800px\" \/><\/figure><\/div>\n\n<div class=\"wp-block-column is-vertically-aligned-center is-layout-flow wp-block-column-is-layout-flow\" style=\"flex-basis:40%\"><h2 class=\"wp-block-heading\">Kompakt und leicht<\/h2>\n\n<p>Mit einer kompakten Gr\u00f6\u00dfe von 115mm (L) x 38mm (A) x 150mm (P) und einem Gewicht von nur 0,8 kg l\u00e4sst sich dieses Funkger\u00e4t leicht in verschiedene Fahrzeuge einbauen und ist bei der Installation einfach zu handhaben.<\/p>\n\n<p><\/p><\/div><\/div>","protected":false},"excerpt":{"rendered":"<details open>\n<summary>Produktvorteile<\/summary>\n<div class=\"cg-accordion-item\"> \u2714Frequenz:25.615-28.305 MHz<br \/>\n\u271440 AM\/FM-Kan\u00e4le<br \/>\n\u2714 Schalter f\u00fcr Kanal 9\/19<br \/>\n\u27144W RF Leistung<br \/>\n\u2714 2 Ziffern Kanalanzeige<br \/>\n\u2714 Mikrofon nach oben\/unten <\/div>\n<\/details>\n<details >\n<summary>Effizienter Stromverbrauch<\/summary>\n<div class=\"cg-accordion-item\"> Dieses Funkger\u00e4t arbeitet mit einer DC-Eingangsspannung von 13,8Vdc \u00b115% und hat eine Stromaufnahme von 220mA im Standby-Modus und 1000mA w\u00e4hrend der \u00dcbertragung, was es effizient f\u00fcr den Langzeitbetrieb macht. <\/div>\n<\/details>\n<details >\n<summary>CB-Funk Kanal 19 Frequenz<\/summary>\n<div class=\"cg-accordion-item\"> Der CB-Funkkanal 19 nutzt die Frequenz 27,185 MHz und ist haupts\u00e4chlich f\u00fcr den Autobahnverkehr bestimmt. Trucker nutzen ihn, um sich \u00fcber die Stra\u00dfenverh\u00e4ltnisse auszutauschen. Er ist auch das Zentrum des CB-Bandes und ein allgemeiner Rufkanal, obwohl sein Hauptzweck die Kommunikation auf der Autobahn bleibt. <\/div>\n<\/details>","protected":false},"featured_media":7348,"comment_status":"open","ping_status":"closed","template":"","meta":{"_seopress_robots_primary_cat":"none","_seopress_titles_title":"AM\/FM Professional CB Radio with 4W RF Power and 40 Channels","_seopress_titles_desc":"Luiton LT-298 Professional CB Radio - 40 AM\/FM channels, 25.615-28.305 MHz, 4W RF power. CPU-controlled P.L.L. synthesizer, double conversion superheterodyne system. Channel 9\/19 switch, compact 0.8kg design. $71.99. Worldwide shipping available.","_seopress_robots_index":""},"product_brand":[54],"product_cat":[53],"product_tag":[],"class_list":{"0":"post-7363","1":"product","2":"type-product","3":"status-publish","4":"has-post-thumbnail","6":"product_brand-luiton","7":"product_cat-cb-radios","9":"first","10":"instock","11":"shipping-taxable","12":"purchasable","13":"product-type-variable","14":"has-default-attributes"},"_links":{"self":[{"href":"https:\/\/bestcbradio.com\/de\/wp-json\/wp\/v2\/product\/7363","targetHints":{"allow":["GET"]}}],"collection":[{"href":"https:\/\/bestcbradio.com\/de\/wp-json\/wp\/v2\/product"}],"about":[{"href":"https:\/\/bestcbradio.com\/de\/wp-json\/wp\/v2\/types\/product"}],"replies":[{"embeddable":true,"href":"https:\/\/bestcbradio.com\/de\/wp-json\/wp\/v2\/comments?post=7363"}],"wp:featuredmedia":[{"embeddable":true,"href":"https:\/\/bestcbradio.com\/de\/wp-json\/wp\/v2\/media\/7348"}],"wp:attachment":[{"href":"https:\/\/bestcbradio.com\/de\/wp-json\/wp\/v2\/media?parent=7363"}],"wp:term":[{"taxonomy":"product_brand","embeddable":true,"href":"https:\/\/bestcbradio.com\/de\/wp-json\/wp\/v2\/product_brand?post=7363"},{"taxonomy":"product_cat","embeddable":true,"href":"https:\/\/bestcbradio.com\/de\/wp-json\/wp\/v2\/product_cat?post=7363"},{"taxonomy":"product_tag","embeddable":true,"href":"https:\/\/bestcbradio.com\/de\/wp-json\/wp\/v2\/product_tag?post=7363"}],"curies":[{"name":"wp","href":"https:\/\/api.w.org\/{rel}","templated":true}]}}