{"id":7583,"date":"2025-11-13T15:44:56","date_gmt":"2025-11-13T07:44:56","guid":{"rendered":"https:\/\/bestcbradio.com\/?post_type=product&#038;p=7583"},"modified":"2026-01-08T16:32:26","modified_gmt":"2026-01-08T08:32:26","slug":"luiton-lt-398-cb-radio","status":"publish","type":"product","link":"https:\/\/bestcbradio.com\/de\/produkt\/luiton-lt-398-cb-radio\/","title":{"rendered":"Luiton LT-398 CB-Funkger\u00e4t"},"content":{"rendered":"<div class=\"wp-block-columns are-vertically-aligned-center is-layout-flex wp-container-core-columns-is-layout-28f84493 wp-block-columns-is-layout-flex\"><div class=\"wp-block-column is-vertically-aligned-center is-layout-flow wp-block-column-is-layout-flow\"><figure class=\"wp-block-image size-full\"><img fetchpriority=\"high\" decoding=\"async\" width=\"800\" height=\"500\" src=\"https:\/\/bestcbradio.com\/wp-content\/uploads\/luiton-lt-398-cb-radio-feature-1.webp\" alt=\"luiton lt 398 cb radio feature 1\" class=\"wp-image-7577\" srcset=\"https:\/\/bestcbradio.com\/wp-content\/uploads\/luiton-lt-398-cb-radio-feature-1.webp 800w, https:\/\/bestcbradio.com\/wp-content\/uploads\/luiton-lt-398-cb-radio-feature-1-300x188.webp 300w, https:\/\/bestcbradio.com\/wp-content\/uploads\/luiton-lt-398-cb-radio-feature-1-768x480.webp 768w, https:\/\/bestcbradio.com\/wp-content\/uploads\/luiton-lt-398-cb-radio-feature-1-441x276.webp 441w, https:\/\/bestcbradio.com\/wp-content\/uploads\/luiton-lt-398-cb-radio-feature-1-150x94.webp 150w\" sizes=\"(max-width: 800px) 100vw, 800px\" \/><\/figure><\/div>\n\n<div class=\"wp-block-column is-vertically-aligned-center is-layout-flow wp-block-column-is-layout-flow\" style=\"flex-basis:40%\"><h2 class=\"wp-block-heading\">40 vorprogrammierte Kan\u00e4le<\/h2>\n\n<p>Benutzer k\u00f6nnen auf 40 gebrauchsfertige Kan\u00e4le zugreifen, die mit Standard-CB-Frequenzen vorprogrammiert sind, was ein schnelles Scannen und einfaches Umschalten zwischen verschiedenen Kommunikationskan\u00e4len w\u00e4hrend des Betriebs erm\u00f6glicht.<\/p><\/div><\/div><div style=\"height:30px\" aria-hidden=\"true\" class=\"wp-block-spacer\"><\/div><div class=\"wp-block-columns are-vertically-aligned-center is-layout-flex wp-container-core-columns-is-layout-28f84493 wp-block-columns-is-layout-flex\"><div class=\"wp-block-column is-vertically-aligned-center is-layout-flow wp-block-column-is-layout-flow\"><h2 class=\"wp-block-heading\">Haltbarkeit, Zuverl\u00e4ssigkeit und Sicherheit<\/h2>\n\n<p>Das CB-Funkger\u00e4t ist ein zuverl\u00e4ssiges, leicht zug\u00e4ngliches und lizenzfreies Ger\u00e4t, mit dem Menschen in verschiedenen Situationen miteinander in Kontakt treten, kommunizieren und ihre Sicherheit gew\u00e4hrleisten k\u00f6nnen.<\/p><\/div>\n\n<div class=\"wp-block-column is-vertically-aligned-center is-layout-flow wp-block-column-is-layout-flow\" style=\"flex-basis:60%\"><figure class=\"wp-block-image size-full\"><img decoding=\"async\" width=\"800\" height=\"500\" src=\"https:\/\/bestcbradio.com\/wp-content\/uploads\/luiton-lt-398-cb-radio-feature-2.webp\" alt=\"luiton lt 398 cb radio feature 2\" class=\"wp-image-7578\" srcset=\"https:\/\/bestcbradio.com\/wp-content\/uploads\/luiton-lt-398-cb-radio-feature-2.webp 800w, https:\/\/bestcbradio.com\/wp-content\/uploads\/luiton-lt-398-cb-radio-feature-2-300x188.webp 300w, https:\/\/bestcbradio.com\/wp-content\/uploads\/luiton-lt-398-cb-radio-feature-2-768x480.webp 768w, https:\/\/bestcbradio.com\/wp-content\/uploads\/luiton-lt-398-cb-radio-feature-2-441x276.webp 441w, https:\/\/bestcbradio.com\/wp-content\/uploads\/luiton-lt-398-cb-radio-feature-2-150x94.webp 150w\" sizes=\"(max-width: 800px) 100vw, 800px\" \/><\/figure><\/div><\/div><div style=\"height:30px\" aria-hidden=\"true\" class=\"wp-block-spacer\"><\/div><div class=\"wp-block-columns are-vertically-aligned-center is-layout-flex wp-container-core-columns-is-layout-28f84493 wp-block-columns-is-layout-flex\"><div class=\"wp-block-column is-vertically-aligned-center is-layout-flow wp-block-column-is-layout-flow\"><figure class=\"wp-block-image size-full\"><img decoding=\"async\" width=\"800\" height=\"500\" src=\"https:\/\/bestcbradio.com\/wp-content\/uploads\/luiton-lt-398-cb-radio-feature-3.webp\" alt=\"luiton lt 398 cb radio feature 3\" class=\"wp-image-7579\" srcset=\"https:\/\/bestcbradio.com\/wp-content\/uploads\/luiton-lt-398-cb-radio-feature-3.webp 800w, https:\/\/bestcbradio.com\/wp-content\/uploads\/luiton-lt-398-cb-radio-feature-3-300x188.webp 300w, https:\/\/bestcbradio.com\/wp-content\/uploads\/luiton-lt-398-cb-radio-feature-3-768x480.webp 768w, https:\/\/bestcbradio.com\/wp-content\/uploads\/luiton-lt-398-cb-radio-feature-3-441x276.webp 441w, https:\/\/bestcbradio.com\/wp-content\/uploads\/luiton-lt-398-cb-radio-feature-3-150x94.webp 150w\" sizes=\"(max-width: 800px) 100vw, 800px\" \/><\/figure><\/div>\n\n<div class=\"wp-block-column is-vertically-aligned-center is-layout-flow wp-block-column-is-layout-flow\" style=\"flex-basis:40%\"><h2 class=\"wp-block-heading\">Einfach zu bedienen<\/h2>\n\n<p>Dual-Modus AM\/FM, klarerer Klang und Abw\u00e4rtskompatibilit\u00e4t.<\/p>\n\n<p>Keine Schulung erforderlich<br>Kein W\u00e4hlen, keine Verz\u00f6gerungen<br>Halten Sie jedes Teammitglied nur einen Klick entfernt<\/p><\/div><\/div><div style=\"height:30px\" aria-hidden=\"true\" class=\"wp-block-spacer\"><\/div><div class=\"wp-block-columns are-vertically-aligned-center is-layout-flex wp-container-core-columns-is-layout-28f84493 wp-block-columns-is-layout-flex\"><div class=\"wp-block-column is-vertically-aligned-center is-layout-flow wp-block-column-is-layout-flow\"><h2 class=\"wp-block-heading\">CE-zertifiziert und sicher<\/h2>\n\n<p>Dieses Radio erf\u00fcllt alle CE-Zertifizierungsanforderungen und Sicherheitsstandards, enth\u00e4lt keine sch\u00e4dlichen Chemikalien und gew\u00e4hrleistet eine zuverl\u00e4ssige Leistung, auf die sich die Benutzer verlassen k\u00f6nnen.<\/p><\/div>\n\n<div class=\"wp-block-column is-vertically-aligned-center is-layout-flow wp-block-column-is-layout-flow\" style=\"flex-basis:60%\"><figure class=\"wp-block-image size-full\"><img loading=\"lazy\" decoding=\"async\" width=\"800\" height=\"500\" src=\"https:\/\/bestcbradio.com\/wp-content\/uploads\/luiton-lt-398-cb-radio-feature-4.webp\" alt=\"luiton lt 398 cb radio feature 4\" class=\"wp-image-7580\" srcset=\"https:\/\/bestcbradio.com\/wp-content\/uploads\/luiton-lt-398-cb-radio-feature-4.webp 800w, https:\/\/bestcbradio.com\/wp-content\/uploads\/luiton-lt-398-cb-radio-feature-4-300x188.webp 300w, https:\/\/bestcbradio.com\/wp-content\/uploads\/luiton-lt-398-cb-radio-feature-4-768x480.webp 768w, https:\/\/bestcbradio.com\/wp-content\/uploads\/luiton-lt-398-cb-radio-feature-4-441x276.webp 441w, https:\/\/bestcbradio.com\/wp-content\/uploads\/luiton-lt-398-cb-radio-feature-4-150x94.webp 150w\" sizes=\"(max-width: 800px) 100vw, 800px\" \/><\/figure><\/div><\/div><div style=\"height:30px\" aria-hidden=\"true\" class=\"wp-block-spacer\"><\/div><div class=\"wp-block-columns are-vertically-aligned-center is-layout-flex wp-container-core-columns-is-layout-28f84493 wp-block-columns-is-layout-flex\"><div class=\"wp-block-column is-vertically-aligned-center is-layout-flow wp-block-column-is-layout-flow\"><figure class=\"wp-block-image size-full\"><img loading=\"lazy\" decoding=\"async\" width=\"800\" height=\"500\" src=\"https:\/\/bestcbradio.com\/wp-content\/uploads\/luiton-lt-398-cb-radio-feature-5.webp\" alt=\"luiton lt 398 cb radio feature 5\" class=\"wp-image-7581\" srcset=\"https:\/\/bestcbradio.com\/wp-content\/uploads\/luiton-lt-398-cb-radio-feature-5.webp 800w, https:\/\/bestcbradio.com\/wp-content\/uploads\/luiton-lt-398-cb-radio-feature-5-300x188.webp 300w, https:\/\/bestcbradio.com\/wp-content\/uploads\/luiton-lt-398-cb-radio-feature-5-768x480.webp 768w, https:\/\/bestcbradio.com\/wp-content\/uploads\/luiton-lt-398-cb-radio-feature-5-441x276.webp 441w, https:\/\/bestcbradio.com\/wp-content\/uploads\/luiton-lt-398-cb-radio-feature-5-150x94.webp 150w\" sizes=\"(max-width: 800px) 100vw, 800px\" \/><\/figure><\/div>\n\n<div class=\"wp-block-column is-vertically-aligned-center is-layout-flow wp-block-column-is-layout-flow\" style=\"flex-basis:40%\"><h2 class=\"wp-block-heading\">Ideal f\u00fcr die Kommunikation im Auto<\/h2>\n\n<p>Dieses speziell f\u00fcr den Einsatz in Fahrzeugen entwickelte Radio vereint praktische Funktionen f\u00fcr die Montage im Auto mit einer robusten Konstruktion, muss jedoch w\u00e4hrend des Betriebs vor Wassereinwirkung gesch\u00fctzt werden.<\/p><\/div><\/div>","protected":false},"excerpt":{"rendered":"<details open>\n<summary>Produktvorteile<\/summary>\n<div class=\"cg-accordion-item\"> \u2714Frequency:26.960-27.400MHz<br \/>\n\u27144W or 10W RF power<br \/>\n\u2714Channels:40 AM\/FM<br \/>\n\u27143 Digit channel indicator<br \/>\n\u2714Auto Scan, Auto RF Gain<br \/>\n\u2714Channels 9\/19 switch<br \/>\n\u2714Auto Squelch Control  <\/div>\n<\/details>\n<details >\n<summary>Frequenzbereich<\/summary>\n<div class=\"cg-accordion-item\"> Dieses Funkger\u00e4t arbeitet mit Frequenzen von 26,960 bis 27,400 MHz und bietet Anwendern damit flexible Kommunikationsm\u00f6glichkeiten f\u00fcr unterschiedliche Situationen und Anforderungen. <\/div>\n<\/details>\n<details >\n<summary>Zuverl\u00e4ssige Ausgangsleistung<\/summary>\n<div class=\"cg-accordion-item\"> Mit einer maximalen HF-Leistung von 4 W bis 10 W bei 13,2 V Gleichstrom bietet dieses Funkger\u00e4t eine konstante Signalst\u00e4rke f\u00fcr klare Kommunikation und eignet sich f\u00fcr die meisten allt\u00e4glichen Mobilkommunikationssituationen. <\/div>\n<\/details>","protected":false},"featured_media":8012,"comment_status":"open","ping_status":"closed","template":"","meta":{"_seopress_robots_primary_cat":"none","_seopress_titles_title":"RF CB Radio -Auto Scan,Auto Squelch Control,Channel 9\/19 Switch|Luiton","_seopress_titles_desc":"","_seopress_robots_index":""},"product_brand":[54],"product_cat":[53],"product_tag":[],"class_list":{"0":"post-7583","1":"product","2":"type-product","3":"status-publish","4":"has-post-thumbnail","6":"product_brand-luiton","7":"product_cat-cb-radios","9":"first","10":"instock","11":"shipping-taxable","12":"purchasable","13":"product-type-variable","14":"has-default-attributes"},"_links":{"self":[{"href":"https:\/\/bestcbradio.com\/de\/wp-json\/wp\/v2\/product\/7583","targetHints":{"allow":["GET"]}}],"collection":[{"href":"https:\/\/bestcbradio.com\/de\/wp-json\/wp\/v2\/product"}],"about":[{"href":"https:\/\/bestcbradio.com\/de\/wp-json\/wp\/v2\/types\/product"}],"replies":[{"embeddable":true,"href":"https:\/\/bestcbradio.com\/de\/wp-json\/wp\/v2\/comments?post=7583"}],"wp:featuredmedia":[{"embeddable":true,"href":"https:\/\/bestcbradio.com\/de\/wp-json\/wp\/v2\/media\/8012"}],"wp:attachment":[{"href":"https:\/\/bestcbradio.com\/de\/wp-json\/wp\/v2\/media?parent=7583"}],"wp:term":[{"taxonomy":"product_brand","embeddable":true,"href":"https:\/\/bestcbradio.com\/de\/wp-json\/wp\/v2\/product_brand?post=7583"},{"taxonomy":"product_cat","embeddable":true,"href":"https:\/\/bestcbradio.com\/de\/wp-json\/wp\/v2\/product_cat?post=7583"},{"taxonomy":"product_tag","embeddable":true,"href":"https:\/\/bestcbradio.com\/de\/wp-json\/wp\/v2\/product_tag?post=7583"}],"curies":[{"name":"wp","href":"https:\/\/api.w.org\/{rel}","templated":true}]}}