{"id":7772,"date":"2025-11-18T11:23:41","date_gmt":"2025-11-18T03:23:41","guid":{"rendered":"https:\/\/bestcbradio.com\/?post_type=product&#038;p=7772"},"modified":"2026-01-14T10:14:32","modified_gmt":"2026-01-14T02:14:32","slug":"luiton-lt-9100-vhf-uhf-handfunkgerat-2-wege","status":"publish","type":"product","link":"https:\/\/bestcbradio.com\/de\/produkt\/luiton-lt-9100-vhf-uhf-handfunkgerat-2-wege\/","title":{"rendered":"Luiton LT-9100 VHF\/UHF-Handfunkger\u00e4t"},"content":{"rendered":"<div class=\"wp-block-columns are-vertically-aligned-center is-layout-flex wp-container-core-columns-is-layout-28f84493 wp-block-columns-is-layout-flex\"><div class=\"wp-block-column is-vertically-aligned-center is-layout-flow wp-block-column-is-layout-flow\"><figure class=\"wp-block-image size-full\"><img fetchpriority=\"high\" decoding=\"async\" width=\"500\" height=\"500\" src=\"https:\/\/bestcbradio.com\/wp-content\/uploads\/lt-9100-walkie-talkie-feature-02.webp\" alt=\"lt 9100 Walkie Talkie Merkmal 02\" class=\"wp-image-7768\" srcset=\"https:\/\/bestcbradio.com\/wp-content\/uploads\/lt-9100-walkie-talkie-feature-02.webp 500w, https:\/\/bestcbradio.com\/wp-content\/uploads\/lt-9100-walkie-talkie-feature-02-300x300.webp 300w, https:\/\/bestcbradio.com\/wp-content\/uploads\/lt-9100-walkie-talkie-feature-02-150x150.webp 150w, https:\/\/bestcbradio.com\/wp-content\/uploads\/lt-9100-walkie-talkie-feature-02-441x441.webp 441w, https:\/\/bestcbradio.com\/wp-content\/uploads\/lt-9100-walkie-talkie-feature-02-100x100.webp 100w\" sizes=\"(max-width: 500px) 100vw, 500px\" \/><\/figure><\/div>\n\n<div class=\"wp-block-column is-vertically-aligned-center is-layout-flow wp-block-column-is-layout-flow\" style=\"flex-basis:40%\"><h2 class=\"wp-block-heading\">Breite Frequenzabdeckung<\/h2>\n\n<p>Das Funkger\u00e4t unterst\u00fctzt mehrere \u00dcbertragungsfrequenzen, sodass Sie vielseitige Kommunikationsm\u00f6glichkeiten haben. Es kann auch Signale von FM, Airband, NOAA und verschiedenen VHF\/UHF-B\u00e4ndern empfangen, damit Sie in vielen Szenarien verbunden bleiben.<\/p>\n\n<h2 class=\"wp-block-heading\">Umfangreiche Speicherkapazit\u00e4t<\/h2>\n\n<p>Mit 999 Speicherkan\u00e4len k\u00f6nnen Sie mit diesem Funkger\u00e4t problemlos eine Vielzahl von Frequenzen speichern und abrufen, so dass Sie bei Bedarf bequem zwischen den Kan\u00e4len wechseln k\u00f6nnen.<\/p>\n\n<p><\/p><\/div><\/div><div style=\"height:30px\" aria-hidden=\"true\" class=\"wp-block-spacer\"><\/div><div class=\"wp-block-columns are-vertically-aligned-center is-layout-flex wp-container-core-columns-is-layout-28f84493 wp-block-columns-is-layout-flex\"><div class=\"wp-block-column is-vertically-aligned-center is-layout-flow wp-block-column-is-layout-flow\"><h2 class=\"wp-block-heading\">Hohe Audioausgabe<\/h2>\n\n<p>Mit einer Audio-Ausgangsleistung von mindestens 500 mW sorgt dieses Funkger\u00e4t f\u00fcr eine klare Tonqualit\u00e4t und erm\u00f6glicht so einfache und effektive Gespr\u00e4che in jeder Situation.<\/p>\n\n<h2 class=\"wp-block-heading\">Kompaktes und leichtes Design<\/h2>\n\n<p>Mit einem Gewicht von nur 270 g und den Ma\u00dfen 6\u00d712,1x3 cm ist dieses Funkger\u00e4t leicht zu transportieren und somit eine praktische Wahl f\u00fcr die Kommunikation unterwegs bei Ihren Abenteuern.<\/p>\n\n<p><\/p><\/div>\n\n<div class=\"wp-block-column is-vertically-aligned-center is-layout-flow wp-block-column-is-layout-flow\" style=\"flex-basis:60%\"><figure class=\"wp-block-image size-full\"><img decoding=\"async\" width=\"500\" height=\"500\" src=\"https:\/\/bestcbradio.com\/wp-content\/uploads\/lt-9100-walkie-talkie-feature-04.webp\" alt=\"lt 9100 Walkie Talkie Merkmal 04\" class=\"wp-image-7770\" srcset=\"https:\/\/bestcbradio.com\/wp-content\/uploads\/lt-9100-walkie-talkie-feature-04.webp 500w, https:\/\/bestcbradio.com\/wp-content\/uploads\/lt-9100-walkie-talkie-feature-04-300x300.webp 300w, https:\/\/bestcbradio.com\/wp-content\/uploads\/lt-9100-walkie-talkie-feature-04-150x150.webp 150w, https:\/\/bestcbradio.com\/wp-content\/uploads\/lt-9100-walkie-talkie-feature-04-441x441.webp 441w, https:\/\/bestcbradio.com\/wp-content\/uploads\/lt-9100-walkie-talkie-feature-04-100x100.webp 100w\" sizes=\"(max-width: 500px) 100vw, 500px\" \/><\/figure><\/div><\/div><p><br><br><\/p><div class=\"wp-block-columns are-vertically-aligned-center is-layout-flex wp-container-core-columns-is-layout-28f84493 wp-block-columns-is-layout-flex\"><div class=\"wp-block-column is-vertically-aligned-center is-layout-flow wp-block-column-is-layout-flow\"><figure class=\"wp-block-image size-full\"><img decoding=\"async\" width=\"500\" height=\"500\" src=\"https:\/\/bestcbradio.com\/wp-content\/uploads\/lt-9100-walkie-talkie-feature-06.webp\" alt=\"tri band handheld radio ham radio full kit, 5w two way radio, 2300mah battery type c charging|luiton\" class=\"wp-image-7825\" srcset=\"https:\/\/bestcbradio.com\/wp-content\/uploads\/lt-9100-walkie-talkie-feature-06.webp 500w, https:\/\/bestcbradio.com\/wp-content\/uploads\/lt-9100-walkie-talkie-feature-06-300x300.webp 300w, https:\/\/bestcbradio.com\/wp-content\/uploads\/lt-9100-walkie-talkie-feature-06-150x150.webp 150w, https:\/\/bestcbradio.com\/wp-content\/uploads\/lt-9100-walkie-talkie-feature-06-441x441.webp 441w, https:\/\/bestcbradio.com\/wp-content\/uploads\/lt-9100-walkie-talkie-feature-06-100x100.webp 100w\" sizes=\"(max-width: 500px) 100vw, 500px\" \/><\/figure><\/div>\n\n<div class=\"wp-block-column is-vertically-aligned-center is-layout-flow wp-block-column-is-layout-flow\" style=\"flex-basis:40%\"><h2 class=\"wp-block-heading\">Der Inhalt der Box<\/h2>\n\n<p>LT-9100 Tri-Band Handfunkger\u00e4t<br>Benutzerhandbuch<br>Antenne<br>Ladeger\u00e4t<br>USB-Datenkabel<\/p>\n\n<p><\/p><\/div><\/div>","protected":false},"excerpt":{"rendered":"<details open>\n<summary>Produktvorteile<\/summary>\n<div class=\"cg-accordion-item\"> \u2714Frequenz:UHF\/VHF\/1.25M<br \/>\n\u2714Internes Mikrofon<br \/>\n\u2714Akku Typ-C Aufladen<br \/>\n\u27142300mAh Batterie\/7.4v<br \/>\n\u2714Programmiertaste(SK)<br \/>\n\u2714LCD-Anzeige<br \/>\n\u2714LED-Taschenlampe<br \/>\n\u2714Antenne<br \/>\nNur 270g<\/div>\n<\/details>\n<details >\n<summary>CB-Handfunkger\u00e4t mit gro\u00dfer Reichweite<\/summary>\n<div class=\"cg-accordion-item\"> Dieses tragbare CB-Funkger\u00e4t deckt UHF-, VHF- und 1,25M-Frequenzen ab, so dass Sie in verschiedenen Situationen kommunizieren k\u00f6nnen. Es empf\u00e4ngt auch FM, Airband, NOAA und andere Bereiche f\u00fcr eine zuverl\u00e4ssige Verbindung. <\/div>\n<\/details>\n<details >\n<summary>Leistungsstarke Akkulaufzeit<\/summary>\n<div class=\"cg-accordion-item\"> Der 2300-mAh-Li-Ion-Akku bietet eine lange Betriebsdauer, so dass Sie das Funkger\u00e4t bei Outdoor-Aktivit\u00e4ten \u00fcber einen l\u00e4ngeren Zeitraum verwenden k\u00f6nnen, ohne sich Sorgen machen zu m\u00fcssen, dass der Akku leer wird. <\/div>\n<\/details>","protected":false},"featured_media":7761,"comment_status":"open","ping_status":"closed","template":"","meta":{"_seopress_robots_primary_cat":"none","_seopress_titles_title":"Tri-band Handheld\u00a0radio Ham Radio Full Kit, 5W Two Way Radio, 2300mAh Battery Type-C Charging|Luiton","_seopress_titles_desc":"","_seopress_robots_index":""},"product_brand":[54],"product_cat":[62],"product_tag":[],"class_list":{"0":"post-7772","1":"product","2":"type-product","3":"status-publish","4":"has-post-thumbnail","6":"product_brand-luiton","7":"product_cat-handheld-two-way-radio","9":"first","10":"instock","11":"sale","12":"shipping-taxable","13":"purchasable","14":"product-type-variable","15":"has-default-attributes"},"_links":{"self":[{"href":"https:\/\/bestcbradio.com\/de\/wp-json\/wp\/v2\/product\/7772","targetHints":{"allow":["GET"]}}],"collection":[{"href":"https:\/\/bestcbradio.com\/de\/wp-json\/wp\/v2\/product"}],"about":[{"href":"https:\/\/bestcbradio.com\/de\/wp-json\/wp\/v2\/types\/product"}],"replies":[{"embeddable":true,"href":"https:\/\/bestcbradio.com\/de\/wp-json\/wp\/v2\/comments?post=7772"}],"wp:featuredmedia":[{"embeddable":true,"href":"https:\/\/bestcbradio.com\/de\/wp-json\/wp\/v2\/media\/7761"}],"wp:attachment":[{"href":"https:\/\/bestcbradio.com\/de\/wp-json\/wp\/v2\/media?parent=7772"}],"wp:term":[{"taxonomy":"product_brand","embeddable":true,"href":"https:\/\/bestcbradio.com\/de\/wp-json\/wp\/v2\/product_brand?post=7772"},{"taxonomy":"product_cat","embeddable":true,"href":"https:\/\/bestcbradio.com\/de\/wp-json\/wp\/v2\/product_cat?post=7772"},{"taxonomy":"product_tag","embeddable":true,"href":"https:\/\/bestcbradio.com\/de\/wp-json\/wp\/v2\/product_tag?post=7772"}],"curies":[{"name":"wp","href":"https:\/\/api.w.org\/{rel}","templated":true}]}}