{"id":7907,"date":"2025-11-21T14:56:57","date_gmt":"2025-11-21T06:56:57","guid":{"rendered":"https:\/\/bestcbradio.com\/?post_type=product&#038;p=7907"},"modified":"2026-03-16T11:50:19","modified_gmt":"2026-03-16T03:50:19","slug":"luiton-lt-1988-vehicle-radio","status":"publish","type":"product","link":"https:\/\/bestcbradio.com\/de\/produkt\/luiton-lt-1988-fahrzeugradio\/","title":{"rendered":"Luiton LT-1988 Autoradio"},"content":{"rendered":"<div class=\"wp-block-columns are-vertically-aligned-center is-layout-flex wp-container-core-columns-is-layout-28f84493 wp-block-columns-is-layout-flex\"><div class=\"wp-block-column is-vertically-aligned-center is-layout-flow wp-block-column-is-layout-flow\"><figure class=\"wp-block-image size-full\"><img fetchpriority=\"high\" decoding=\"async\" width=\"800\" height=\"500\" src=\"https:\/\/bestcbradio.com\/wp-content\/uploads\/long-range-cb-radio-with-199-channels-feature-01.webp\" alt=\"cb-funkger\u00e4t mit gro\u00dfer reichweite und 199 kan\u00e4len feature 01\" class=\"wp-image-7915\" srcset=\"https:\/\/bestcbradio.com\/wp-content\/uploads\/long-range-cb-radio-with-199-channels-feature-01.webp 800w, https:\/\/bestcbradio.com\/wp-content\/uploads\/long-range-cb-radio-with-199-channels-feature-01-300x188.webp 300w, https:\/\/bestcbradio.com\/wp-content\/uploads\/long-range-cb-radio-with-199-channels-feature-01-768x480.webp 768w, https:\/\/bestcbradio.com\/wp-content\/uploads\/long-range-cb-radio-with-199-channels-feature-01-441x276.webp 441w, https:\/\/bestcbradio.com\/wp-content\/uploads\/long-range-cb-radio-with-199-channels-feature-01-150x94.webp 150w\" sizes=\"(max-width: 800px) 100vw, 800px\" \/><\/figure><\/div>\n\n<div class=\"wp-block-column is-vertically-aligned-center is-layout-flow wp-block-column-is-layout-flow\" style=\"flex-basis:40%\"><h2 class=\"wp-block-heading\">Vielseitiger Frequenzbereich<\/h2>\n\n<p>Dieses Funkger\u00e4t arbeitet in drei Frequenzb\u00e4ndern: 66-88 MHz, 136-174 MHz und 400-470 MHz. Es verf\u00fcgt \u00fcber 199 Kan\u00e4le und bietet sowohl breite als auch schmale Kanalabst\u00e4nde, um unterschiedlichen Kommunikationsanforderungen gerecht zu werden.<\/p>\n\n<p><\/p>\n\n<p><\/p><\/div><\/div><div style=\"height:30px\" aria-hidden=\"true\" class=\"wp-block-spacer\"><\/div><div class=\"wp-block-columns are-vertically-aligned-center is-layout-flex wp-container-core-columns-is-layout-28f84493 wp-block-columns-is-layout-flex\"><div class=\"wp-block-column is-vertically-aligned-center is-layout-flow wp-block-column-is-layout-flow\"><h2 class=\"wp-block-heading\">Zuverl\u00e4ssige Leistung<\/h2>\n\n<p>Das Funkger\u00e4t verf\u00fcgt \u00fcber eine hohe Frequenzstabilit\u00e4t von \u00b12,5ppm und gew\u00e4hrleistet eine klare Kommunikation. Es arbeitet effizient mit 13,8V DC \u00b115% und eignet sich daher f\u00fcr viele verschiedene Setups und Umgebungen.<\/p>\n\n<p><\/p>\n\n<p><\/p><\/div>\n\n<div class=\"wp-block-column is-vertically-aligned-center is-layout-flow wp-block-column-is-layout-flow\" style=\"flex-basis:60%\"><figure class=\"wp-block-image size-full\"><img decoding=\"async\" width=\"800\" height=\"500\" src=\"https:\/\/bestcbradio.com\/wp-content\/uploads\/long-range-cb-radio-with-199-channels-feature-02.webp\" alt=\"cb-funkger\u00e4t mit gro\u00dfer reichweite und 199 kan\u00e4len feature 02\" class=\"wp-image-7916\" srcset=\"https:\/\/bestcbradio.com\/wp-content\/uploads\/long-range-cb-radio-with-199-channels-feature-02.webp 800w, https:\/\/bestcbradio.com\/wp-content\/uploads\/long-range-cb-radio-with-199-channels-feature-02-300x188.webp 300w, https:\/\/bestcbradio.com\/wp-content\/uploads\/long-range-cb-radio-with-199-channels-feature-02-768x480.webp 768w, https:\/\/bestcbradio.com\/wp-content\/uploads\/long-range-cb-radio-with-199-channels-feature-02-441x276.webp 441w, https:\/\/bestcbradio.com\/wp-content\/uploads\/long-range-cb-radio-with-199-channels-feature-02-150x94.webp 150w\" sizes=\"(max-width: 800px) 100vw, 800px\" \/><\/figure><\/div><\/div><div style=\"height:30px\" aria-hidden=\"true\" class=\"wp-block-spacer\"><\/div><div class=\"wp-block-columns are-vertically-aligned-center is-layout-flex wp-container-core-columns-is-layout-28f84493 wp-block-columns-is-layout-flex\"><div class=\"wp-block-column is-vertically-aligned-center is-layout-flow wp-block-column-is-layout-flow\"><figure class=\"wp-block-image size-full\"><img decoding=\"async\" width=\"800\" height=\"500\" src=\"https:\/\/bestcbradio.com\/wp-content\/uploads\/long-range-cb-radio-with-199-channels-feature-03.webp\" alt=\"cb-funkger\u00e4t mit gro\u00dfer reichweite und 199 kan\u00e4len feature 03\" class=\"wp-image-7917\" srcset=\"https:\/\/bestcbradio.com\/wp-content\/uploads\/long-range-cb-radio-with-199-channels-feature-03.webp 800w, https:\/\/bestcbradio.com\/wp-content\/uploads\/long-range-cb-radio-with-199-channels-feature-03-300x188.webp 300w, https:\/\/bestcbradio.com\/wp-content\/uploads\/long-range-cb-radio-with-199-channels-feature-03-768x480.webp 768w, https:\/\/bestcbradio.com\/wp-content\/uploads\/long-range-cb-radio-with-199-channels-feature-03-441x276.webp 441w, https:\/\/bestcbradio.com\/wp-content\/uploads\/long-range-cb-radio-with-199-channels-feature-03-150x94.webp 150w\" sizes=\"(max-width: 800px) 100vw, 800px\" \/><\/figure><\/div>\n\n<div class=\"wp-block-column is-vertically-aligned-center is-layout-flow wp-block-column-is-layout-flow\" style=\"flex-basis:40%\"><h2 class=\"wp-block-heading\">Hochempfindlicher Empfang<\/h2>\n\n<p>Mit einer Breitbandempfindlichkeit von \u22640,25\u03bcV und einer Schmalbandempfindlichkeit von \u22640,35\u03bcV gew\u00e4hrleistet dieses Funkger\u00e4t einen klaren Signalempfang. Au\u00dferdem minimiert es mit einer Nachbarkanalselektivit\u00e4t von \u226560 dB St\u00f6rungen.<\/p>\n\n<p><\/p>\n\n<p><\/p>\n\n<p><\/p><\/div><\/div><div style=\"height:30px\" aria-hidden=\"true\" class=\"wp-block-spacer\"><\/div><div class=\"wp-block-columns are-vertically-aligned-center is-layout-flex wp-container-core-columns-is-layout-28f84493 wp-block-columns-is-layout-flex\"><div class=\"wp-block-column is-vertically-aligned-center is-layout-flow wp-block-column-is-layout-flow\"><h2 class=\"wp-block-heading\">Starke Sendeleistung<\/h2>\n\n<p>Sie k\u00f6nnen die Ausgangsleistung auf 15 W, 10 W oder 5 W f\u00fcr die Kommunikation \u00fcber gro\u00dfe Entfernungen einstellen. Das Funkger\u00e4t verwendet verschiedene Modulationsarten f\u00fcr breite und schmale B\u00e4nder, um eine klare Audio\u00fcbertragung zu gew\u00e4hrleisten.<\/p>\n\n<p><\/p>\n\n<p><\/p><\/div>\n\n<div class=\"wp-block-column is-vertically-aligned-center is-layout-flow wp-block-column-is-layout-flow\" style=\"flex-basis:60%\"><figure class=\"wp-block-image size-full\"><img loading=\"lazy\" decoding=\"async\" width=\"800\" height=\"500\" src=\"https:\/\/bestcbradio.com\/wp-content\/uploads\/long-range-cb-radio-with-199-channels-feature-04.webp\" alt=\"cb-funkger\u00e4t mit gro\u00dfer reichweite und 199 kan\u00e4len feature 04\" class=\"wp-image-7918\" srcset=\"https:\/\/bestcbradio.com\/wp-content\/uploads\/long-range-cb-radio-with-199-channels-feature-04.webp 800w, https:\/\/bestcbradio.com\/wp-content\/uploads\/long-range-cb-radio-with-199-channels-feature-04-300x188.webp 300w, https:\/\/bestcbradio.com\/wp-content\/uploads\/long-range-cb-radio-with-199-channels-feature-04-768x480.webp 768w, https:\/\/bestcbradio.com\/wp-content\/uploads\/long-range-cb-radio-with-199-channels-feature-04-441x276.webp 441w, https:\/\/bestcbradio.com\/wp-content\/uploads\/long-range-cb-radio-with-199-channels-feature-04-150x94.webp 150w\" sizes=\"(max-width: 800px) 100vw, 800px\" \/><\/figure><\/div><\/div><div style=\"height:30px\" aria-hidden=\"true\" class=\"wp-block-spacer\"><\/div><div class=\"wp-block-columns are-vertically-aligned-center is-layout-flex wp-container-core-columns-is-layout-28f84493 wp-block-columns-is-layout-flex\"><div class=\"wp-block-column is-vertically-aligned-center is-layout-flow wp-block-column-is-layout-flow\"><figure class=\"wp-block-image size-full\"><img loading=\"lazy\" decoding=\"async\" width=\"800\" height=\"500\" src=\"https:\/\/bestcbradio.com\/wp-content\/uploads\/long-range-cb-radio-with-199-channels-feature-05.webp\" alt=\"cb-funkger\u00e4t mit gro\u00dfer reichweite und 199 kan\u00e4len feature 05\" class=\"wp-image-7919\" srcset=\"https:\/\/bestcbradio.com\/wp-content\/uploads\/long-range-cb-radio-with-199-channels-feature-05.webp 800w, https:\/\/bestcbradio.com\/wp-content\/uploads\/long-range-cb-radio-with-199-channels-feature-05-300x188.webp 300w, https:\/\/bestcbradio.com\/wp-content\/uploads\/long-range-cb-radio-with-199-channels-feature-05-768x480.webp 768w, https:\/\/bestcbradio.com\/wp-content\/uploads\/long-range-cb-radio-with-199-channels-feature-05-441x276.webp 441w, https:\/\/bestcbradio.com\/wp-content\/uploads\/long-range-cb-radio-with-199-channels-feature-05-150x94.webp 150w\" sizes=\"(max-width: 800px) 100vw, 800px\" \/><\/figure><\/div>\n\n<div class=\"wp-block-column is-vertically-aligned-center is-layout-flow wp-block-column-is-layout-flow\" style=\"flex-basis:40%\"><h2 class=\"wp-block-heading\">Langlebiges Design<\/h2>\n\n<p>Das Funkger\u00e4t ist mit 109 mm x 104 mm x 25 mm kompakt und wiegt etwa 0,5 kg, wodurch es leicht zu installieren und zu tragen ist. Es funktioniert gut bei Temperaturen von -20\u2103 bis +60\u2103 und ist somit unter verschiedenen Bedingungen zuverl\u00e4ssig.<\/p>\n\n<p><\/p>\n\n<p><\/p><\/div><\/div><p><\/p>","protected":false},"excerpt":{"rendered":"<details open>\n<summary>Klare Audioqualit\u00e4t<\/summary>\n<div class=\"cg-accordion-item\"> \u2714Frequenzbereich:66-88 MHz, 136-174 MHz oder 400-470 MHz<br \/>\n\u2714Scan-Funktion,TOT-Funktion<br \/>\n\u2714CTCSS,DCS,Repeater-Funktion<br \/>\n\u2714Talk Around Funktion<br \/>\n\u2714Leistung:5W\/10W\/15W<br \/>\n\u2714Kan\u00e4le:199 <\/div>\n<\/details>\n<details >\n<summary>Verbesserte Rauschunterdr\u00fcckung<\/summary>\n<div class=\"cg-accordion-item\"> Das Funkger\u00e4t verf\u00fcgt \u00fcber einen Brumm- und Rauschpegel von \u226545dB f\u00fcr das Breitband und \u226540dB f\u00fcr das Schmalband, um eine klare Kommunikation zu erm\u00f6glichen. Au\u00dferdem bietet es erweiterte Rauschsperrenoptionen f\u00fcr eine bessere Signalklarheit. <\/div>\n<\/details>\n<details >\n<summary>Zuverl\u00e4ssige Leistung<\/summary>\n<div class=\"cg-accordion-item\"> Das Funkger\u00e4t verf\u00fcgt \u00fcber eine hohe Frequenzstabilit\u00e4t von \u00b12,5ppm und gew\u00e4hrleistet eine klare Kommunikation. Es arbeitet effizient mit 13,8V DC \u00b115% und eignet sich daher f\u00fcr viele verschiedene Setups und Umgebungen. <\/div>\n<\/details>","protected":false},"featured_media":7909,"comment_status":"open","ping_status":"closed","template":"","meta":{"_seopress_robots_primary_cat":"none","_seopress_titles_title":"Long Range CB Radio with 199 Channels-only 0.5kg|Luiton","_seopress_titles_desc":"","_seopress_robots_index":""},"product_brand":[54],"product_cat":[66],"product_tag":[],"class_list":{"0":"post-7907","1":"product","2":"type-product","3":"status-publish","4":"has-post-thumbnail","6":"product_brand-luiton","7":"product_cat-vehicle-radio","9":"first","10":"instock","11":"sale","12":"shipping-taxable","13":"purchasable","14":"product-type-variable","15":"has-default-attributes"},"_links":{"self":[{"href":"https:\/\/bestcbradio.com\/de\/wp-json\/wp\/v2\/product\/7907","targetHints":{"allow":["GET"]}}],"collection":[{"href":"https:\/\/bestcbradio.com\/de\/wp-json\/wp\/v2\/product"}],"about":[{"href":"https:\/\/bestcbradio.com\/de\/wp-json\/wp\/v2\/types\/product"}],"replies":[{"embeddable":true,"href":"https:\/\/bestcbradio.com\/de\/wp-json\/wp\/v2\/comments?post=7907"}],"wp:featuredmedia":[{"embeddable":true,"href":"https:\/\/bestcbradio.com\/de\/wp-json\/wp\/v2\/media\/7909"}],"wp:attachment":[{"href":"https:\/\/bestcbradio.com\/de\/wp-json\/wp\/v2\/media?parent=7907"}],"wp:term":[{"taxonomy":"product_brand","embeddable":true,"href":"https:\/\/bestcbradio.com\/de\/wp-json\/wp\/v2\/product_brand?post=7907"},{"taxonomy":"product_cat","embeddable":true,"href":"https:\/\/bestcbradio.com\/de\/wp-json\/wp\/v2\/product_cat?post=7907"},{"taxonomy":"product_tag","embeddable":true,"href":"https:\/\/bestcbradio.com\/de\/wp-json\/wp\/v2\/product_tag?post=7907"}],"curies":[{"name":"wp","href":"https:\/\/api.w.org\/{rel}","templated":true}]}}