{"id":7999,"date":"2025-11-25T10:06:34","date_gmt":"2025-11-25T02:06:34","guid":{"rendered":"https:\/\/bestcbradio.com\/?post_type=product&#038;p=7999"},"modified":"2026-01-20T16:49:24","modified_gmt":"2026-01-20T08:49:24","slug":"luiton-lt-580-vhf-uhf-fahrzeugfunkgerat","status":"publish","type":"product","link":"https:\/\/bestcbradio.com\/de\/produkt\/luiton-lt-580-vhf-uhf-fahrzeugfunkgerat\/","title":{"rendered":"Luiton LT-580 VHF\/UHF-Fahrzeugfunkger\u00e4t"},"content":{"rendered":"<div class=\"wp-block-columns are-vertically-aligned-center is-layout-flex wp-container-core-columns-is-layout-28f84493 wp-block-columns-is-layout-flex\"><div class=\"wp-block-column is-vertically-aligned-center is-layout-flow wp-block-column-is-layout-flow\"><figure class=\"wp-block-image size-full\"><img fetchpriority=\"high\" decoding=\"async\" width=\"800\" height=\"500\" src=\"https:\/\/bestcbradio.com\/wp-content\/uploads\/lt-580-uhf-vhf-mobile-transceiver-feature-01.webp\" alt=\"lt 580 uhf vhf mobiles funkger\u00e4t merkmal 01\" class=\"wp-image-7992\" srcset=\"https:\/\/bestcbradio.com\/wp-content\/uploads\/lt-580-uhf-vhf-mobile-transceiver-feature-01.webp 800w, https:\/\/bestcbradio.com\/wp-content\/uploads\/lt-580-uhf-vhf-mobile-transceiver-feature-01-300x188.webp 300w, https:\/\/bestcbradio.com\/wp-content\/uploads\/lt-580-uhf-vhf-mobile-transceiver-feature-01-768x480.webp 768w, https:\/\/bestcbradio.com\/wp-content\/uploads\/lt-580-uhf-vhf-mobile-transceiver-feature-01-441x276.webp 441w, https:\/\/bestcbradio.com\/wp-content\/uploads\/lt-580-uhf-vhf-mobile-transceiver-feature-01-150x94.webp 150w\" sizes=\"(max-width: 800px) 100vw, 800px\" \/><\/figure><\/div>\n\n<div class=\"wp-block-column is-vertically-aligned-center is-layout-flow wp-block-column-is-layout-flow\" style=\"flex-basis:40%\"><h2 class=\"wp-block-heading\">Vielseitiger Frequenzbereich<\/h2>\n\n<p>Das Ger\u00e4t unterst\u00fctzt eine breite Palette von Frequenzen, so dass Benutzer effektiv \u00fcber verschiedene B\u00e4nder mit einstellbaren Kanalabst\u00e4nden von 25KHz, 20KHz und 12,5KHz kommunizieren k\u00f6nnen.<\/p>\n\n<p><\/p>\n\n<p><\/p>\n\n<p><\/p><\/div><\/div><div style=\"height:30px\" aria-hidden=\"true\" class=\"wp-block-spacer\"><\/div><div class=\"wp-block-columns are-vertically-aligned-center is-layout-flex wp-container-core-columns-is-layout-28f84493 wp-block-columns-is-layout-flex\"><div class=\"wp-block-column is-vertically-aligned-center is-layout-flow wp-block-column-is-layout-flow\"><h2 class=\"wp-block-heading\">Zuverl\u00e4ssige Leistung<\/h2>\n\n<p>Es wird mit 13,8 V DC \u00b115% betrieben und bietet eine stabile Leistung f\u00fcr verschiedene Konfigurationen sowie eine ausgezeichnete Frequenzstabilit\u00e4t von \u00b12,5 ppm f\u00fcr eine zuverl\u00e4ssige Kommunikation.<\/p>\n\n<p><\/p>\n\n<p><\/p>\n\n<p><\/p><\/div>\n\n<div class=\"wp-block-column is-vertically-aligned-center is-layout-flow wp-block-column-is-layout-flow\" style=\"flex-basis:60%\"><figure class=\"wp-block-image size-full\"><img decoding=\"async\" width=\"800\" height=\"500\" src=\"https:\/\/bestcbradio.com\/wp-content\/uploads\/lt-580-uhf-vhf-mobile-transceiver-feature-02.webp\" alt=\"lt 580 uhf vhf mobiles funkger\u00e4t merkmal 02\" class=\"wp-image-7993\" srcset=\"https:\/\/bestcbradio.com\/wp-content\/uploads\/lt-580-uhf-vhf-mobile-transceiver-feature-02.webp 800w, https:\/\/bestcbradio.com\/wp-content\/uploads\/lt-580-uhf-vhf-mobile-transceiver-feature-02-300x188.webp 300w, https:\/\/bestcbradio.com\/wp-content\/uploads\/lt-580-uhf-vhf-mobile-transceiver-feature-02-768x480.webp 768w, https:\/\/bestcbradio.com\/wp-content\/uploads\/lt-580-uhf-vhf-mobile-transceiver-feature-02-441x276.webp 441w, https:\/\/bestcbradio.com\/wp-content\/uploads\/lt-580-uhf-vhf-mobile-transceiver-feature-02-150x94.webp 150w\" sizes=\"(max-width: 800px) 100vw, 800px\" \/><\/figure><\/div><\/div><div style=\"height:30px\" aria-hidden=\"true\" class=\"wp-block-spacer\"><\/div><div class=\"wp-block-columns are-vertically-aligned-center is-layout-flex wp-container-core-columns-is-layout-28f84493 wp-block-columns-is-layout-flex\"><div class=\"wp-block-column is-vertically-aligned-center is-layout-flow wp-block-column-is-layout-flow\"><figure class=\"wp-block-image size-full\"><img decoding=\"async\" width=\"800\" height=\"500\" src=\"https:\/\/bestcbradio.com\/wp-content\/uploads\/lt-580-uhf-vhf-mobile-transceiver-feature-03.webp\" alt=\"lt 580 uhf vhf mobiles funkger\u00e4t merkmal 03\" class=\"wp-image-7994\" srcset=\"https:\/\/bestcbradio.com\/wp-content\/uploads\/lt-580-uhf-vhf-mobile-transceiver-feature-03.webp 800w, https:\/\/bestcbradio.com\/wp-content\/uploads\/lt-580-uhf-vhf-mobile-transceiver-feature-03-300x188.webp 300w, https:\/\/bestcbradio.com\/wp-content\/uploads\/lt-580-uhf-vhf-mobile-transceiver-feature-03-768x480.webp 768w, https:\/\/bestcbradio.com\/wp-content\/uploads\/lt-580-uhf-vhf-mobile-transceiver-feature-03-441x276.webp 441w, https:\/\/bestcbradio.com\/wp-content\/uploads\/lt-580-uhf-vhf-mobile-transceiver-feature-03-150x94.webp 150w\" sizes=\"(max-width: 800px) 100vw, 800px\" \/><\/figure><\/div>\n\n<div class=\"wp-block-column is-vertically-aligned-center is-layout-flow wp-block-column-is-layout-flow\" style=\"flex-basis:40%\"><h2 class=\"wp-block-heading\">Hochempfindlicher Empfang<\/h2>\n\n<p>Mit einer Breitband-Empfindlichkeit von \u22640,25\u03bcV und einer Schmalband-Empfindlichkeit von \u22640,35\u03bcV sorgt dieser Transceiver f\u00fcr klaren Empfang und beh\u00e4lt die Nachbarkanalselektivit\u00e4t bei, um St\u00f6rungen zu minimieren.<\/p>\n\n<p><\/p>\n\n<p><\/p>\n\n<p><\/p>\n\n<p><\/p><\/div><\/div><div style=\"height:30px\" aria-hidden=\"true\" class=\"wp-block-spacer\"><\/div><div class=\"wp-block-columns are-vertically-aligned-center is-layout-flex wp-container-core-columns-is-layout-28f84493 wp-block-columns-is-layout-flex\"><div class=\"wp-block-column is-vertically-aligned-center is-layout-flow wp-block-column-is-layout-flow\"><h2 class=\"wp-block-heading\">Starke Sendeleistung<\/h2>\n\n<p>Der Transceiver bietet eine einstellbare Ausgangsleistung von 60 W, 25 W oder 10 W f\u00fcr VHF und 45 W, 25 W oder 10 W f\u00fcr UHF und erm\u00f6glicht so eine effektive Kommunikation \u00fcber gro\u00dfe Entfernungen mit klarer Audio\u00fcbertragung.<\/p>\n\n<p><\/p>\n\n<p><\/p>\n\n<p><\/p><\/div>\n\n<div class=\"wp-block-column is-vertically-aligned-center is-layout-flow wp-block-column-is-layout-flow\" style=\"flex-basis:60%\"><figure class=\"wp-block-image size-full\"><img loading=\"lazy\" decoding=\"async\" width=\"800\" height=\"500\" src=\"https:\/\/bestcbradio.com\/wp-content\/uploads\/lt-580-uhf-vhf-mobile-transceiver-feature-04.webp\" alt=\"lt 580 uhf vhf mobiles funkger\u00e4t merkmal 04\" class=\"wp-image-7995\" srcset=\"https:\/\/bestcbradio.com\/wp-content\/uploads\/lt-580-uhf-vhf-mobile-transceiver-feature-04.webp 800w, https:\/\/bestcbradio.com\/wp-content\/uploads\/lt-580-uhf-vhf-mobile-transceiver-feature-04-300x188.webp 300w, https:\/\/bestcbradio.com\/wp-content\/uploads\/lt-580-uhf-vhf-mobile-transceiver-feature-04-768x480.webp 768w, https:\/\/bestcbradio.com\/wp-content\/uploads\/lt-580-uhf-vhf-mobile-transceiver-feature-04-441x276.webp 441w, https:\/\/bestcbradio.com\/wp-content\/uploads\/lt-580-uhf-vhf-mobile-transceiver-feature-04-150x94.webp 150w\" sizes=\"(max-width: 800px) 100vw, 800px\" \/><\/figure><\/div><\/div><div style=\"height:30px\" aria-hidden=\"true\" class=\"wp-block-spacer\"><\/div><div class=\"wp-block-columns are-vertically-aligned-center is-layout-flex wp-container-core-columns-is-layout-28f84493 wp-block-columns-is-layout-flex\"><div class=\"wp-block-column is-vertically-aligned-center is-layout-flow wp-block-column-is-layout-flow\"><figure class=\"wp-block-image size-full\"><img loading=\"lazy\" decoding=\"async\" width=\"800\" height=\"500\" src=\"https:\/\/bestcbradio.com\/wp-content\/uploads\/lt-580-uhf-vhf-mobile-transceiver-feature-05.webp\" alt=\"lt 580 uhf vhf mobiles funkger\u00e4t merkmal 05\" class=\"wp-image-7996\" srcset=\"https:\/\/bestcbradio.com\/wp-content\/uploads\/lt-580-uhf-vhf-mobile-transceiver-feature-05.webp 800w, https:\/\/bestcbradio.com\/wp-content\/uploads\/lt-580-uhf-vhf-mobile-transceiver-feature-05-300x188.webp 300w, https:\/\/bestcbradio.com\/wp-content\/uploads\/lt-580-uhf-vhf-mobile-transceiver-feature-05-768x480.webp 768w, https:\/\/bestcbradio.com\/wp-content\/uploads\/lt-580-uhf-vhf-mobile-transceiver-feature-05-441x276.webp 441w, https:\/\/bestcbradio.com\/wp-content\/uploads\/lt-580-uhf-vhf-mobile-transceiver-feature-05-150x94.webp 150w\" sizes=\"(max-width: 800px) 100vw, 800px\" \/><\/figure><\/div>\n\n<div class=\"wp-block-column is-vertically-aligned-center is-layout-flow wp-block-column-is-layout-flow\" style=\"flex-basis:40%\"><h2 class=\"wp-block-heading\">Langlebiges Design<\/h2>\n\n<p>Durch seine kompakte Gr\u00f6\u00dfe von 145mm x 47mm x 190mm und sein geringes Gewicht von ca. 1,2kg ist er einfach zu installieren und zu transportieren und arbeitet effektiv bei Temperaturen von -20\u2103 bis +60\u2103.<\/p>\n\n<p><\/p>\n\n<p><\/p>\n\n<p><\/p><\/div><\/div><p><\/p>","protected":false},"excerpt":{"rendered":"<details open>\n<summary>Produktvorteile<\/summary>\n<div class=\"cg-accordion-item\">\u2714 VHF Frequenzbereich:136 ~ 174MHz,245 ~ 245.9875MHz(220 ~ 260MHz)<br \/>\n\u2714 UHF Frequenzbereich:400 ~ 490MHz<br \/>\n\u271450 Gruppen CTCSS\/1024 Gruppen DCS<br \/>\n\u2714 Anti-Diebstahl-Alarm aus der Ferne<br \/>\n\u2714Busy Channel Lockout<br \/>\n\u2714TOT(Zeit\u00fcberschreitungstimer)<br \/>\n\u2714Kan\u00e4le:200<br \/>\n\u2714Kurzer Anruf<br \/>\n\u2714Scan \u00fcberspringen<br \/>\n\u2714Kabelklon<br \/>\n\u2714Voice Prompt <\/div>\n<\/details>\n<details >\n<summary>Klare Audioqualit\u00e4t<\/summary>\n<div class=\"cg-accordion-item\"> Die Audio-Ausgangsleistung \u00fcbersteigt 2 W bei 10% und gew\u00e4hrleistet eine hohe Klangqualit\u00e4t w\u00e4hrend der Kommunikation bei gleichzeitig geringer Audioverzerrung f\u00fcr eine klare Sprach\u00fcbertragung. <\/div>\n<\/details>\n<details >\n<summary>VHF\/UHF-Mobilfunkempf\u00e4nger mit 200 Kan\u00e4len<\/summary>\n<div class=\"cg-accordion-item\"> Dieser Transceiver deckt HF-Frequenzen von 136 bis 174 MHz und UHF-Frequenzen von 400 bis 490 MHz ab und erm\u00f6glicht eine vielseitige Kommunikation mit 200 Kan\u00e4len und einstellbaren Kanalabst\u00e4nden. <\/div>\n<\/details>","protected":false},"featured_media":8126,"comment_status":"open","ping_status":"closed","template":"","meta":{"_seopress_robots_primary_cat":"none","_seopress_titles_title":"VHF\/UHF Mobile Transceiver with 200 Channels-Scan function, Emergency Alarm","_seopress_titles_desc":"","_seopress_robots_index":""},"product_brand":[54],"product_cat":[66],"product_tag":[],"class_list":{"0":"post-7999","1":"product","2":"type-product","3":"status-publish","4":"has-post-thumbnail","6":"product_brand-luiton","7":"product_cat-vehicle-radio","9":"first","10":"instock","11":"sale","12":"shipping-taxable","13":"purchasable","14":"product-type-variable","15":"has-default-attributes"},"_links":{"self":[{"href":"https:\/\/bestcbradio.com\/de\/wp-json\/wp\/v2\/product\/7999","targetHints":{"allow":["GET"]}}],"collection":[{"href":"https:\/\/bestcbradio.com\/de\/wp-json\/wp\/v2\/product"}],"about":[{"href":"https:\/\/bestcbradio.com\/de\/wp-json\/wp\/v2\/types\/product"}],"replies":[{"embeddable":true,"href":"https:\/\/bestcbradio.com\/de\/wp-json\/wp\/v2\/comments?post=7999"}],"wp:featuredmedia":[{"embeddable":true,"href":"https:\/\/bestcbradio.com\/de\/wp-json\/wp\/v2\/media\/8126"}],"wp:attachment":[{"href":"https:\/\/bestcbradio.com\/de\/wp-json\/wp\/v2\/media?parent=7999"}],"wp:term":[{"taxonomy":"product_brand","embeddable":true,"href":"https:\/\/bestcbradio.com\/de\/wp-json\/wp\/v2\/product_brand?post=7999"},{"taxonomy":"product_cat","embeddable":true,"href":"https:\/\/bestcbradio.com\/de\/wp-json\/wp\/v2\/product_cat?post=7999"},{"taxonomy":"product_tag","embeddable":true,"href":"https:\/\/bestcbradio.com\/de\/wp-json\/wp\/v2\/product_tag?post=7999"}],"curies":[{"name":"wp","href":"https:\/\/api.w.org\/{rel}","templated":true}]}}