{"id":8071,"date":"2025-11-27T13:33:14","date_gmt":"2025-11-27T05:33:14","guid":{"rendered":"https:\/\/bestcbradio.com\/?post_type=product&#038;p=8071"},"modified":"2026-01-10T11:56:17","modified_gmt":"2026-01-10T03:56:17","slug":"luiton-lt-888-uhf-2-weg-funkgerat","status":"publish","type":"product","link":"https:\/\/bestcbradio.com\/de\/produkt\/luiton-lt-888-uhf-2-weg-funkgerat\/","title":{"rendered":"Luiton LT-888 UHF-Funkger\u00e4t"},"content":{"rendered":"<div class=\"wp-block-columns are-vertically-aligned-center is-layout-flex wp-container-core-columns-is-layout-28f84493 wp-block-columns-is-layout-flex\"><div class=\"wp-block-column is-vertically-aligned-center is-layout-flow wp-block-column-is-layout-flow\"><figure class=\"wp-block-image size-full\"><img fetchpriority=\"high\" decoding=\"async\" width=\"800\" height=\"500\" src=\"https:\/\/bestcbradio.com\/wp-content\/uploads\/lt-888-handheld-radio-feature-01.webp\" alt=\"lt 888 Handfunkger\u00e4t Merkmal 01\" class=\"wp-image-8065\" srcset=\"https:\/\/bestcbradio.com\/wp-content\/uploads\/lt-888-handheld-radio-feature-01.webp 800w, https:\/\/bestcbradio.com\/wp-content\/uploads\/lt-888-handheld-radio-feature-01-300x188.webp 300w, https:\/\/bestcbradio.com\/wp-content\/uploads\/lt-888-handheld-radio-feature-01-768x480.webp 768w, https:\/\/bestcbradio.com\/wp-content\/uploads\/lt-888-handheld-radio-feature-01-441x276.webp 441w, https:\/\/bestcbradio.com\/wp-content\/uploads\/lt-888-handheld-radio-feature-01-150x94.webp 150w\" sizes=\"(max-width: 800px) 100vw, 800px\" \/><\/figure><\/div>\n\n<div class=\"wp-block-column is-vertically-aligned-center is-layout-flow wp-block-column-is-layout-flow\" style=\"flex-basis:40%\"><h2 class=\"wp-block-heading\">Frequenz und Reichweite<\/h2>\n\n<p>Dieses Zwei-Wege-Funkger\u00e4t arbeitet im Frequenzbereich von 400-480 MHz oder PMR 446.00625-446.09375 MHz und erm\u00f6glicht die Kommunikation \u00fcber Entfernungen von 2-8 km, was es ideal f\u00fcr Notf\u00e4lle macht.<\/p>\n\n<p><\/p><\/div><\/div><div style=\"height:30px\" aria-hidden=\"true\" class=\"wp-block-spacer\"><\/div><div class=\"wp-block-columns are-vertically-aligned-center is-layout-flex wp-container-core-columns-is-layout-28f84493 wp-block-columns-is-layout-flex\"><div class=\"wp-block-column is-vertically-aligned-center is-layout-flow wp-block-column-is-layout-flow\"><h2 class=\"wp-block-heading\">Kanal und Abst\u00e4nde<\/h2>\n\n<p>Mit 16 Kan\u00e4len und einem Kanalabstand von 12,5\/25 KHz sorgt dieses Funkger\u00e4t f\u00fcr eine klare Kommunikation und unterst\u00fctzt CTCSS und CDCSS f\u00fcr mehr Privatsph\u00e4re und weniger Interferenzen.<\/p>\n\n<p><\/p><\/div>\n\n<div class=\"wp-block-column is-vertically-aligned-center is-layout-flow wp-block-column-is-layout-flow\" style=\"flex-basis:60%\"><figure class=\"wp-block-image size-full\"><img decoding=\"async\" width=\"800\" height=\"500\" src=\"https:\/\/bestcbradio.com\/wp-content\/uploads\/lt-888-handheld-radio-feature-02.webp\" alt=\"lt 888 Handfunkger\u00e4t Merkmal 02\" class=\"wp-image-8066\" srcset=\"https:\/\/bestcbradio.com\/wp-content\/uploads\/lt-888-handheld-radio-feature-02.webp 800w, https:\/\/bestcbradio.com\/wp-content\/uploads\/lt-888-handheld-radio-feature-02-300x188.webp 300w, https:\/\/bestcbradio.com\/wp-content\/uploads\/lt-888-handheld-radio-feature-02-768x480.webp 768w, https:\/\/bestcbradio.com\/wp-content\/uploads\/lt-888-handheld-radio-feature-02-441x276.webp 441w, https:\/\/bestcbradio.com\/wp-content\/uploads\/lt-888-handheld-radio-feature-02-150x94.webp 150w\" sizes=\"(max-width: 800px) 100vw, 800px\" \/><\/figure><\/div><\/div><p><br><br><\/p><div class=\"wp-block-columns are-vertically-aligned-center is-layout-flex wp-container-core-columns-is-layout-28f84493 wp-block-columns-is-layout-flex\"><div class=\"wp-block-column is-vertically-aligned-center is-layout-flow wp-block-column-is-layout-flow\"><figure class=\"wp-block-image size-full\"><img decoding=\"async\" width=\"800\" height=\"500\" src=\"https:\/\/bestcbradio.com\/wp-content\/uploads\/lt-888-handheld-radio-feature-03.webp\" alt=\"lt 888 Handfunkger\u00e4t Merkmal 03\" class=\"wp-image-8067\" srcset=\"https:\/\/bestcbradio.com\/wp-content\/uploads\/lt-888-handheld-radio-feature-03.webp 800w, https:\/\/bestcbradio.com\/wp-content\/uploads\/lt-888-handheld-radio-feature-03-300x188.webp 300w, https:\/\/bestcbradio.com\/wp-content\/uploads\/lt-888-handheld-radio-feature-03-768x480.webp 768w, https:\/\/bestcbradio.com\/wp-content\/uploads\/lt-888-handheld-radio-feature-03-441x276.webp 441w, https:\/\/bestcbradio.com\/wp-content\/uploads\/lt-888-handheld-radio-feature-03-150x94.webp 150w\" sizes=\"(max-width: 800px) 100vw, 800px\" \/><\/figure><\/div>\n\n<div class=\"wp-block-column is-vertically-aligned-center is-layout-flow wp-block-column-is-layout-flow\" style=\"flex-basis:40%\"><h2 class=\"wp-block-heading\">Strom und Batterie<\/h2>\n\n<p>Das Funkger\u00e4t wird von einem 1300-mAh-Li-Ionen-Akku mit 3,7 V betrieben, der eine zuverl\u00e4ssige Stromversorgung und eine HF-Leistung von 2 W f\u00fcr eine effektive \u00dcbertragung im Bedarfsfall bietet.<\/p>\n\n<p><\/p>\n\n<p><\/p><\/div><\/div><div class=\"wp-block-columns are-vertically-aligned-center is-layout-flex wp-container-core-columns-is-layout-28f84493 wp-block-columns-is-layout-flex\"><div class=\"wp-block-column is-vertically-aligned-center is-layout-flow wp-block-column-is-layout-flow\"><h2 class=\"wp-block-heading\">Kompaktes und leichtes Design<\/h2>\n\n<p>Mit einem Gewicht von nur 80 g, einschlie\u00dflich Antenne und Batterie, ist dieses Funkger\u00e4t leicht zu transportieren und hat kompakte Abmessungen von 95*47*22 mm f\u00fcr eine einfache Lagerung.<\/p>\n\n<p><\/p><\/div>\n\n<div class=\"wp-block-column is-vertically-aligned-center is-layout-flow wp-block-column-is-layout-flow\" style=\"flex-basis:60%\"><figure class=\"wp-block-image size-full\"><img loading=\"lazy\" decoding=\"async\" width=\"800\" height=\"500\" src=\"https:\/\/bestcbradio.com\/wp-content\/uploads\/lt-888-handheld-radio-feature-04.webp\" alt=\"lt 888 Handfunkger\u00e4t Merkmal 04\" class=\"wp-image-8068\" srcset=\"https:\/\/bestcbradio.com\/wp-content\/uploads\/lt-888-handheld-radio-feature-04.webp 800w, https:\/\/bestcbradio.com\/wp-content\/uploads\/lt-888-handheld-radio-feature-04-300x188.webp 300w, https:\/\/bestcbradio.com\/wp-content\/uploads\/lt-888-handheld-radio-feature-04-768x480.webp 768w, https:\/\/bestcbradio.com\/wp-content\/uploads\/lt-888-handheld-radio-feature-04-441x276.webp 441w, https:\/\/bestcbradio.com\/wp-content\/uploads\/lt-888-handheld-radio-feature-04-150x94.webp 150w\" sizes=\"(max-width: 800px) 100vw, 800px\" \/><\/figure><\/div><\/div><div class=\"wp-block-columns are-vertically-aligned-center is-layout-flex wp-container-core-columns-is-layout-28f84493 wp-block-columns-is-layout-flex\"><div class=\"wp-block-column is-vertically-aligned-center is-layout-flow wp-block-column-is-layout-flow\"><figure class=\"wp-block-image size-full\"><img loading=\"lazy\" decoding=\"async\" width=\"800\" height=\"500\" src=\"https:\/\/bestcbradio.com\/wp-content\/uploads\/lt-888-handheld-radio-feature-05.webp\" alt=\"lt 888 Handfunkger\u00e4t Merkmal 05\" class=\"wp-image-8069\" srcset=\"https:\/\/bestcbradio.com\/wp-content\/uploads\/lt-888-handheld-radio-feature-05.webp 800w, https:\/\/bestcbradio.com\/wp-content\/uploads\/lt-888-handheld-radio-feature-05-300x188.webp 300w, https:\/\/bestcbradio.com\/wp-content\/uploads\/lt-888-handheld-radio-feature-05-768x480.webp 768w, https:\/\/bestcbradio.com\/wp-content\/uploads\/lt-888-handheld-radio-feature-05-441x276.webp 441w, https:\/\/bestcbradio.com\/wp-content\/uploads\/lt-888-handheld-radio-feature-05-150x94.webp 150w\" sizes=\"(max-width: 800px) 100vw, 800px\" \/><\/figure><\/div>\n\n<div class=\"wp-block-column is-vertically-aligned-center is-layout-flow wp-block-column-is-layout-flow\" style=\"flex-basis:40%\"><h2 class=\"wp-block-heading\">Stabilit\u00e4t und Leistung<\/h2>\n\n<p>Mit einer Frequenzstabilisierung von \u00b12,5ppm und einer hohen Empfindlichkeit von \u22640,2\u00b5V bietet dieses Funkger\u00e4t eine gleichbleibende Leistung und eine klare Empfangsqualit\u00e4t, was es f\u00fcr den Einsatz im Notfall zuverl\u00e4ssig macht.<\/p>\n\n<p><\/p><\/div><\/div><p><\/p>","protected":false},"excerpt":{"rendered":"<details open>\n<summary>Produkt-Verkaufsargumente<\/summary>\n<div class=\"cg-accordion-item\"> \u27141300mAh Batteriekapazit\u00e4t<br \/>\n\u2714Frequency:400-470MHz<br \/>\n\u2714 Kopfh\u00f6rer &amp; Mikrofone<br \/>\n\u2714CTCSS,DCS,VOX<br \/>\n\u271416 Kan\u00e4le<br \/>\nNur 80g<\/div>\n<\/details>\n<details >\n<summary>Kompaktes und leichtes Design<\/summary>\n<div class=\"cg-accordion-item\"> Mit einem Gewicht von nur 80 g, einschlie\u00dflich Antenne und Batterie, ist dieses Funkger\u00e4t leicht zu transportieren und hat kompakte Abmessungen von 95*47*22 mm f\u00fcr eine einfache Lagerung. <\/div>\n<\/details>\n<details >\n<summary>Stabilit\u00e4t und Leistung<\/summary>\n<div class=\"cg-accordion-item\"> Mit einer Frequenzstabilisierung von \u00b12,5ppm und einer hohen Empfindlichkeit von \u22640,2\u00b5V bietet dieses Funkger\u00e4t eine gleichbleibende Leistung und eine klare Empfangsqualit\u00e4t, was es f\u00fcr den Einsatz im Notfall zuverl\u00e4ssig macht. <\/div>\n<\/details>","protected":false},"featured_media":8061,"comment_status":"open","ping_status":"closed","template":"","meta":{"_seopress_robots_primary_cat":"none","_seopress_titles_title":"Two-Way Radio for Emergency Communications-1280mAh with 8 channels, only 80g","_seopress_titles_desc":"","_seopress_robots_index":""},"product_brand":[54],"product_cat":[62],"product_tag":[],"class_list":{"0":"post-8071","1":"product","2":"type-product","3":"status-publish","4":"has-post-thumbnail","6":"product_brand-luiton","7":"product_cat-handheld-two-way-radio","9":"first","10":"instock","11":"shipping-taxable","12":"purchasable","13":"product-type-variable","14":"has-default-attributes"},"_links":{"self":[{"href":"https:\/\/bestcbradio.com\/de\/wp-json\/wp\/v2\/product\/8071","targetHints":{"allow":["GET"]}}],"collection":[{"href":"https:\/\/bestcbradio.com\/de\/wp-json\/wp\/v2\/product"}],"about":[{"href":"https:\/\/bestcbradio.com\/de\/wp-json\/wp\/v2\/types\/product"}],"replies":[{"embeddable":true,"href":"https:\/\/bestcbradio.com\/de\/wp-json\/wp\/v2\/comments?post=8071"}],"wp:featuredmedia":[{"embeddable":true,"href":"https:\/\/bestcbradio.com\/de\/wp-json\/wp\/v2\/media\/8061"}],"wp:attachment":[{"href":"https:\/\/bestcbradio.com\/de\/wp-json\/wp\/v2\/media?parent=8071"}],"wp:term":[{"taxonomy":"product_brand","embeddable":true,"href":"https:\/\/bestcbradio.com\/de\/wp-json\/wp\/v2\/product_brand?post=8071"},{"taxonomy":"product_cat","embeddable":true,"href":"https:\/\/bestcbradio.com\/de\/wp-json\/wp\/v2\/product_cat?post=8071"},{"taxonomy":"product_tag","embeddable":true,"href":"https:\/\/bestcbradio.com\/de\/wp-json\/wp\/v2\/product_tag?post=8071"}],"curies":[{"name":"wp","href":"https:\/\/api.w.org\/{rel}","templated":true}]}}