{"id":8467,"date":"2026-01-06T14:48:02","date_gmt":"2026-01-06T06:48:02","guid":{"rendered":"https:\/\/bestcbradio.com\/?post_type=product&#038;p=8467"},"modified":"2026-04-09T09:50:40","modified_gmt":"2026-04-09T01:50:40","slug":"luiton-lt-199h-walkie-talkie","status":"publish","type":"product","link":"https:\/\/bestcbradio.com\/de\/produkt\/luiton-lt-199h-walkie-talkie\/","title":{"rendered":"Luiton LT-199H Walkie Talkie"},"content":{"rendered":"<div class=\"wp-block-columns are-vertically-aligned-center is-layout-flex wp-container-core-columns-is-layout-28f84493 wp-block-columns-is-layout-flex\"><div class=\"wp-block-column is-vertically-aligned-center is-layout-flow wp-block-column-is-layout-flow\"><figure class=\"wp-block-image size-full\"><img fetchpriority=\"high\" decoding=\"async\" width=\"800\" height=\"500\" src=\"https:\/\/bestcbradio.com\/wp-content\/uploads\/lt-199h-feature-01.webp\" alt=\"lt 199h Merkmal 01\" class=\"wp-image-8464\" srcset=\"https:\/\/bestcbradio.com\/wp-content\/uploads\/lt-199h-feature-01.webp 800w, https:\/\/bestcbradio.com\/wp-content\/uploads\/lt-199h-feature-01-300x188.webp 300w, https:\/\/bestcbradio.com\/wp-content\/uploads\/lt-199h-feature-01-768x480.webp 768w, https:\/\/bestcbradio.com\/wp-content\/uploads\/lt-199h-feature-01-18x12.webp 18w, https:\/\/bestcbradio.com\/wp-content\/uploads\/lt-199h-feature-01-441x276.webp 441w, https:\/\/bestcbradio.com\/wp-content\/uploads\/lt-199h-feature-01-150x94.webp 150w\" sizes=\"(max-width: 800px) 100vw, 800px\" \/><\/figure><\/div>\n\n<div class=\"wp-block-column is-vertically-aligned-center is-layout-flow wp-block-column-is-layout-flow\" style=\"flex-basis:40%\"><h2 class=\"wp-block-heading\">Frequenz- und Kanalmerkmale<\/h2>\n\n<p>Das LT-199H Walkie Talkie arbeitet in einem breiten Frequenzbereich von 136-174MHz und 400-480MHz und bietet 16 Kan\u00e4le mit 12,5\/25KHz Abstand f\u00fcr klare und organisierte Kommunikation in verschiedenen Situationen.<\/p>\n\n<p><\/p><\/div><\/div><div style=\"height:30px\" aria-hidden=\"true\" class=\"wp-block-spacer\"><\/div><div class=\"wp-block-columns are-vertically-aligned-center is-layout-flex wp-container-core-columns-is-layout-28f84493 wp-block-columns-is-layout-flex\"><div class=\"wp-block-column is-vertically-aligned-center is-layout-flow wp-block-column-is-layout-flow\"><h2 class=\"wp-block-heading\">Leistung und Akkuleistung<\/h2>\n\n<p>Dieses Walkie-Talkie bietet eine starke Ausgangsleistung von 10 W f\u00fcr die Kommunikation \u00fcber gro\u00dfe Entfernungen und wird von einem zuverl\u00e4ssigen 2600-mAh-Li-Ion-Akku gespeist, der sicherstellt, dass Sie \u00fcber l\u00e4ngere Zeitr\u00e4ume ohne Unterbrechung verbunden bleiben k\u00f6nnen.<\/p>\n\n<p><\/p><\/div>\n\n<div class=\"wp-block-column is-vertically-aligned-center is-layout-flow wp-block-column-is-layout-flow\" style=\"flex-basis:60%\"><figure class=\"wp-block-image size-full\"><img decoding=\"async\" width=\"800\" height=\"500\" src=\"https:\/\/bestcbradio.com\/wp-content\/uploads\/lt-199h-feature-02.webp\" alt=\"lt 199h Merkmal 02\" class=\"wp-image-8465\" srcset=\"https:\/\/bestcbradio.com\/wp-content\/uploads\/lt-199h-feature-02.webp 800w, https:\/\/bestcbradio.com\/wp-content\/uploads\/lt-199h-feature-02-300x188.webp 300w, https:\/\/bestcbradio.com\/wp-content\/uploads\/lt-199h-feature-02-768x480.webp 768w, https:\/\/bestcbradio.com\/wp-content\/uploads\/lt-199h-feature-02-18x12.webp 18w, https:\/\/bestcbradio.com\/wp-content\/uploads\/lt-199h-feature-02-441x276.webp 441w, https:\/\/bestcbradio.com\/wp-content\/uploads\/lt-199h-feature-02-150x94.webp 150w\" sizes=\"(max-width: 800px) 100vw, 800px\" \/><\/figure><\/div><\/div><p><br><br><\/p><div class=\"wp-block-columns are-vertically-aligned-center is-layout-flex wp-container-core-columns-is-layout-28f84493 wp-block-columns-is-layout-flex\"><div class=\"wp-block-column is-vertically-aligned-center is-layout-flow wp-block-column-is-layout-flow\"><figure class=\"wp-block-image size-full\"><img decoding=\"async\" width=\"800\" height=\"500\" src=\"https:\/\/bestcbradio.com\/wp-content\/uploads\/lt-199h-feature03.webp\" alt=\"lt 199h Merkmal03\" class=\"wp-image-8466\" srcset=\"https:\/\/bestcbradio.com\/wp-content\/uploads\/lt-199h-feature03.webp 800w, https:\/\/bestcbradio.com\/wp-content\/uploads\/lt-199h-feature03-300x188.webp 300w, https:\/\/bestcbradio.com\/wp-content\/uploads\/lt-199h-feature03-768x480.webp 768w, https:\/\/bestcbradio.com\/wp-content\/uploads\/lt-199h-feature03-18x12.webp 18w, https:\/\/bestcbradio.com\/wp-content\/uploads\/lt-199h-feature03-441x276.webp 441w, https:\/\/bestcbradio.com\/wp-content\/uploads\/lt-199h-feature03-150x94.webp 150w\" sizes=\"(max-width: 800px) 100vw, 800px\" \/><\/figure><\/div>\n\n<div class=\"wp-block-column is-vertically-aligned-center is-layout-flow wp-block-column-is-layout-flow\" style=\"flex-basis:40%\"><h2 class=\"wp-block-heading\">Der Inhalt der Box<\/h2>\n\n<p>LT-199H Walkie-Talkie<br>2600mAh Akku<br>Antenne<br>Ladeger\u00e4t<\/p>\n\n<p><\/p><\/div><\/div><h2 class=\"wp-block-heading\"><strong>LT-199H Walkie Talkie Technische Daten<\/strong><\/h2><ul class=\"wp-block-list\"><li>CTCSS\/CDCSS Benutzerdefinierter Codec<\/li>\n\n<li>Automatischer Batterieschutz<\/li>\n\n<li>8 Gruppen Scrambler\/Companding-Funktion<\/li>\n\n<li>Digitaler Unterschall Frequenzsprungfunktion<\/li>\n\n<li>Chinesisch\/Englisch Sprachfrequenz<\/li>\n\n<li>Einstellung Breit-\/Schmalband<\/li>\n\n<li>Hohe\/niedrige Leistung umschaltbar<\/li>\n\n<li>Alarmfunktion bei Unterspannung<\/li>\n\n<li>Notfall-Alarmfunktion<\/li>\n\n<li>VOX-Funktion<\/li>\n\n<li>Bet\u00e4uben und T\u00f6ten aus der Ferne<\/li>\n\n<li>PTT-ID-Funktion, DTMF-Kodierung<\/li><\/ul>","protected":false},"excerpt":{"rendered":"<details open>\n<summary>Produktvorteile<\/summary>\n<div class=\"cg-accordion-item\"> \u27142600mAh Batteriekapazit\u00e4t<br \/>\n\u2714Frequency:136-174MHz\/400-480MHz<br \/>\n\u2714Dimension:117*54*34mm<br \/>\n\u2714Notalarm<br \/>\n\u2714VOX, PTT ID Funktion<br \/>\n\u2714Kan\u00e4le:16<br \/>\n\u2714DTMF Encode<br \/>\n\u2714Antenne<br \/>\nNur 274g\n<\/div>\n<\/details>\n<details >\n<summary>Langlebigkeit und Temperaturbest\u00e4ndigkeit<\/summary>\n<div class=\"cg-accordion-item\"> Der LT-199H ist f\u00fcr extreme Bedingungen ausgelegt und funktioniert bei Temperaturen von -20\u00b0C bis +60\u00b0C. Dank seines kompakten, leichten Designs l\u00e4sst er sich leicht transportieren und \u00fcberall einsetzen. <\/div>\n<\/details>\n<details >\n<summary>Audioqualit\u00e4t und -stabilit\u00e4t<\/summary>\n<div class=\"cg-accordion-item\"> Mit einer Audio-Ausgangsleistung von 500mW und einer Audioverzerrung von weniger als 5% bietet dieses Walkie-Talkie eine klare Klangqualit\u00e4t und eine hohe Empfindlichkeit von \u22640,30\/0,20\u00b5V f\u00fcr zuverl\u00e4ssigen Empfang in schwierigen Umgebungen. <\/div>\n<\/details>","protected":false},"featured_media":8460,"comment_status":"open","ping_status":"closed","template":"","meta":{"_seopress_robots_primary_cat":"none","_seopress_titles_title":"2600mAh Battery UHF\/VHF antenna walkie-talkie with emergency alarm, vox function and only 274g","_seopress_titles_desc":"Luiton LT-199H Walkie Talkie - 10W dual band VHF\/UHF, 16 channels, 2600mAh battery. Emergency alarm, VOX function, PTT ID, DTMF encode. Compact 274g design. $49.99. Worldwide shipping available.","_seopress_robots_index":""},"product_brand":[54],"product_cat":[62],"product_tag":[],"class_list":{"0":"post-8467","1":"product","2":"type-product","3":"status-publish","4":"has-post-thumbnail","6":"product_brand-luiton","7":"product_cat-handheld-two-way-radio","9":"first","10":"instock","11":"shipping-taxable","12":"purchasable","13":"product-type-variable","14":"has-default-attributes"},"_links":{"self":[{"href":"https:\/\/bestcbradio.com\/de\/wp-json\/wp\/v2\/product\/8467","targetHints":{"allow":["GET"]}}],"collection":[{"href":"https:\/\/bestcbradio.com\/de\/wp-json\/wp\/v2\/product"}],"about":[{"href":"https:\/\/bestcbradio.com\/de\/wp-json\/wp\/v2\/types\/product"}],"replies":[{"embeddable":true,"href":"https:\/\/bestcbradio.com\/de\/wp-json\/wp\/v2\/comments?post=8467"}],"wp:featuredmedia":[{"embeddable":true,"href":"https:\/\/bestcbradio.com\/de\/wp-json\/wp\/v2\/media\/8460"}],"wp:attachment":[{"href":"https:\/\/bestcbradio.com\/de\/wp-json\/wp\/v2\/media?parent=8467"}],"wp:term":[{"taxonomy":"product_brand","embeddable":true,"href":"https:\/\/bestcbradio.com\/de\/wp-json\/wp\/v2\/product_brand?post=8467"},{"taxonomy":"product_cat","embeddable":true,"href":"https:\/\/bestcbradio.com\/de\/wp-json\/wp\/v2\/product_cat?post=8467"},{"taxonomy":"product_tag","embeddable":true,"href":"https:\/\/bestcbradio.com\/de\/wp-json\/wp\/v2\/product_tag?post=8467"}],"curies":[{"name":"wp","href":"https:\/\/api.w.org\/{rel}","templated":true}]}}