{"id":9017,"date":"2026-03-06T13:49:03","date_gmt":"2026-03-06T05:49:03","guid":{"rendered":"https:\/\/bestcbradio.com\/?post_type=product&#038;p=9017"},"modified":"2026-04-16T11:25:29","modified_gmt":"2026-04-16T03:25:29","slug":"luiton-lt-778-cb-radio-10","status":"publish","type":"product","link":"https:\/\/bestcbradio.com\/de\/produkt\/luiton-lt-778-cb-radio-10\/","title":{"rendered":"LT-8500 FM 20W Handger\u00e4t Walkie Talkie"},"content":{"rendered":"<figure class=\"wp-block-image size-full is-resized\"><img fetchpriority=\"high\" decoding=\"async\" width=\"790\" height=\"1500\" src=\"https:\/\/bestcbradio.com\/wp-content\/uploads\/lt-8500-feature-01-1.webp\" alt=\"lt 8500 Merkmal 01\" class=\"wp-image-9022\" style=\"width:900px\" srcset=\"https:\/\/bestcbradio.com\/wp-content\/uploads\/lt-8500-feature-01-1.webp 790w, https:\/\/bestcbradio.com\/wp-content\/uploads\/lt-8500-feature-01-1-158x300.webp 158w, https:\/\/bestcbradio.com\/wp-content\/uploads\/lt-8500-feature-01-1-539x1024.webp 539w, https:\/\/bestcbradio.com\/wp-content\/uploads\/lt-8500-feature-01-1-768x1458.webp 768w, https:\/\/bestcbradio.com\/wp-content\/uploads\/lt-8500-feature-01-1-6x12.webp 6w, https:\/\/bestcbradio.com\/wp-content\/uploads\/lt-8500-feature-01-1-441x837.webp 441w, https:\/\/bestcbradio.com\/wp-content\/uploads\/lt-8500-feature-01-1-300x570.webp 300w, https:\/\/bestcbradio.com\/wp-content\/uploads\/lt-8500-feature-01-1-150x285.webp 150w\" sizes=\"(max-width: 790px) 100vw, 790px\" \/><\/figure><figure class=\"wp-block-image size-full is-resized\"><img decoding=\"async\" width=\"790\" height=\"1500\" src=\"https:\/\/bestcbradio.com\/wp-content\/uploads\/lt-8500-feature-02-1.webp\" alt=\"lt 8500 Merkmal 02\" class=\"wp-image-9023\" style=\"width:900px;height:auto\" srcset=\"https:\/\/bestcbradio.com\/wp-content\/uploads\/lt-8500-feature-02-1.webp 790w, https:\/\/bestcbradio.com\/wp-content\/uploads\/lt-8500-feature-02-1-158x300.webp 158w, https:\/\/bestcbradio.com\/wp-content\/uploads\/lt-8500-feature-02-1-539x1024.webp 539w, https:\/\/bestcbradio.com\/wp-content\/uploads\/lt-8500-feature-02-1-768x1458.webp 768w, https:\/\/bestcbradio.com\/wp-content\/uploads\/lt-8500-feature-02-1-6x12.webp 6w, https:\/\/bestcbradio.com\/wp-content\/uploads\/lt-8500-feature-02-1-441x837.webp 441w, https:\/\/bestcbradio.com\/wp-content\/uploads\/lt-8500-feature-02-1-300x570.webp 300w, https:\/\/bestcbradio.com\/wp-content\/uploads\/lt-8500-feature-02-1-150x285.webp 150w\" sizes=\"(max-width: 790px) 100vw, 790px\" \/><\/figure><figure class=\"wp-block-image size-large is-resized\"><img decoding=\"async\" width=\"539\" height=\"1024\" src=\"https:\/\/bestcbradio.com\/wp-content\/uploads\/lt-8500-feature-03-1-539x1024.webp\" alt=\"lt 8500 Merkmal 03\" class=\"wp-image-9024\" style=\"width:900px\" srcset=\"https:\/\/bestcbradio.com\/wp-content\/uploads\/lt-8500-feature-03-1-539x1024.webp 539w, https:\/\/bestcbradio.com\/wp-content\/uploads\/lt-8500-feature-03-1-158x300.webp 158w, https:\/\/bestcbradio.com\/wp-content\/uploads\/lt-8500-feature-03-1-768x1458.webp 768w, https:\/\/bestcbradio.com\/wp-content\/uploads\/lt-8500-feature-03-1-6x12.webp 6w, https:\/\/bestcbradio.com\/wp-content\/uploads\/lt-8500-feature-03-1-441x837.webp 441w, https:\/\/bestcbradio.com\/wp-content\/uploads\/lt-8500-feature-03-1-300x570.webp 300w, https:\/\/bestcbradio.com\/wp-content\/uploads\/lt-8500-feature-03-1-150x285.webp 150w, https:\/\/bestcbradio.com\/wp-content\/uploads\/lt-8500-feature-03-1.webp 790w\" sizes=\"(max-width: 539px) 100vw, 539px\" \/><\/figure><figure class=\"wp-block-image size-large is-resized\"><img loading=\"lazy\" decoding=\"async\" width=\"539\" height=\"1024\" src=\"https:\/\/bestcbradio.com\/wp-content\/uploads\/lt-8500-feature-04-1-539x1024.webp\" alt=\"lt 8500 Merkmal 04\" class=\"wp-image-9025\" style=\"width:900px\" srcset=\"https:\/\/bestcbradio.com\/wp-content\/uploads\/lt-8500-feature-04-1-539x1024.webp 539w, https:\/\/bestcbradio.com\/wp-content\/uploads\/lt-8500-feature-04-1-158x300.webp 158w, https:\/\/bestcbradio.com\/wp-content\/uploads\/lt-8500-feature-04-1-768x1458.webp 768w, https:\/\/bestcbradio.com\/wp-content\/uploads\/lt-8500-feature-04-1-6x12.webp 6w, https:\/\/bestcbradio.com\/wp-content\/uploads\/lt-8500-feature-04-1-441x837.webp 441w, https:\/\/bestcbradio.com\/wp-content\/uploads\/lt-8500-feature-04-1-300x570.webp 300w, https:\/\/bestcbradio.com\/wp-content\/uploads\/lt-8500-feature-04-1-150x285.webp 150w, https:\/\/bestcbradio.com\/wp-content\/uploads\/lt-8500-feature-04-1.webp 790w\" sizes=\"(max-width: 539px) 100vw, 539px\" \/><\/figure><figure class=\"wp-block-image size-large is-resized\"><img loading=\"lazy\" decoding=\"async\" width=\"539\" height=\"1024\" src=\"https:\/\/bestcbradio.com\/wp-content\/uploads\/lt-8500-feature-05-1-539x1024.webp\" alt=\"lt 8500 Merkmal 05\" class=\"wp-image-9026\" style=\"width:900px\" srcset=\"https:\/\/bestcbradio.com\/wp-content\/uploads\/lt-8500-feature-05-1-539x1024.webp 539w, https:\/\/bestcbradio.com\/wp-content\/uploads\/lt-8500-feature-05-1-158x300.webp 158w, https:\/\/bestcbradio.com\/wp-content\/uploads\/lt-8500-feature-05-1-768x1458.webp 768w, https:\/\/bestcbradio.com\/wp-content\/uploads\/lt-8500-feature-05-1-6x12.webp 6w, https:\/\/bestcbradio.com\/wp-content\/uploads\/lt-8500-feature-05-1-441x837.webp 441w, https:\/\/bestcbradio.com\/wp-content\/uploads\/lt-8500-feature-05-1-300x570.webp 300w, https:\/\/bestcbradio.com\/wp-content\/uploads\/lt-8500-feature-05-1-150x285.webp 150w, https:\/\/bestcbradio.com\/wp-content\/uploads\/lt-8500-feature-05-1.webp 790w\" sizes=\"(max-width: 539px) 100vw, 539px\" \/><\/figure><figure class=\"wp-block-image size-large is-resized\"><img loading=\"lazy\" decoding=\"async\" width=\"539\" height=\"1024\" src=\"https:\/\/bestcbradio.com\/wp-content\/uploads\/lt-8500-feature-06-1-539x1024.webp\" alt=\"lt 8500 Merkmal 06\" class=\"wp-image-9027\" style=\"width:900px\" srcset=\"https:\/\/bestcbradio.com\/wp-content\/uploads\/lt-8500-feature-06-1-539x1024.webp 539w, https:\/\/bestcbradio.com\/wp-content\/uploads\/lt-8500-feature-06-1-158x300.webp 158w, https:\/\/bestcbradio.com\/wp-content\/uploads\/lt-8500-feature-06-1-768x1458.webp 768w, https:\/\/bestcbradio.com\/wp-content\/uploads\/lt-8500-feature-06-1-6x12.webp 6w, https:\/\/bestcbradio.com\/wp-content\/uploads\/lt-8500-feature-06-1-441x837.webp 441w, https:\/\/bestcbradio.com\/wp-content\/uploads\/lt-8500-feature-06-1-300x570.webp 300w, https:\/\/bestcbradio.com\/wp-content\/uploads\/lt-8500-feature-06-1-150x285.webp 150w, https:\/\/bestcbradio.com\/wp-content\/uploads\/lt-8500-feature-06-1.webp 790w\" sizes=\"(max-width: 539px) 100vw, 539px\" \/><\/figure><figure class=\"wp-block-image size-large is-resized\"><img loading=\"lazy\" decoding=\"async\" width=\"539\" height=\"1024\" src=\"https:\/\/bestcbradio.com\/wp-content\/uploads\/lt-8500-feature-07-1-539x1024.webp\" alt=\"lt 8500 Merkmal 07\" class=\"wp-image-9028\" style=\"width:900px\" srcset=\"https:\/\/bestcbradio.com\/wp-content\/uploads\/lt-8500-feature-07-1-539x1024.webp 539w, https:\/\/bestcbradio.com\/wp-content\/uploads\/lt-8500-feature-07-1-158x300.webp 158w, https:\/\/bestcbradio.com\/wp-content\/uploads\/lt-8500-feature-07-1-768x1458.webp 768w, https:\/\/bestcbradio.com\/wp-content\/uploads\/lt-8500-feature-07-1-6x12.webp 6w, https:\/\/bestcbradio.com\/wp-content\/uploads\/lt-8500-feature-07-1-441x837.webp 441w, https:\/\/bestcbradio.com\/wp-content\/uploads\/lt-8500-feature-07-1-300x570.webp 300w, https:\/\/bestcbradio.com\/wp-content\/uploads\/lt-8500-feature-07-1-150x285.webp 150w, https:\/\/bestcbradio.com\/wp-content\/uploads\/lt-8500-feature-07-1.webp 790w\" sizes=\"(max-width: 539px) 100vw, 539px\" \/><\/figure><figure class=\"wp-block-image size-large is-resized\"><img loading=\"lazy\" decoding=\"async\" width=\"539\" height=\"1024\" src=\"https:\/\/bestcbradio.com\/wp-content\/uploads\/lt-8500-feature-08-1-539x1024.webp\" alt=\"lt 8500 Merkmal 08\" class=\"wp-image-9029\" style=\"width:900px\" srcset=\"https:\/\/bestcbradio.com\/wp-content\/uploads\/lt-8500-feature-08-1-539x1024.webp 539w, https:\/\/bestcbradio.com\/wp-content\/uploads\/lt-8500-feature-08-1-158x300.webp 158w, https:\/\/bestcbradio.com\/wp-content\/uploads\/lt-8500-feature-08-1-768x1458.webp 768w, https:\/\/bestcbradio.com\/wp-content\/uploads\/lt-8500-feature-08-1-6x12.webp 6w, https:\/\/bestcbradio.com\/wp-content\/uploads\/lt-8500-feature-08-1-441x837.webp 441w, https:\/\/bestcbradio.com\/wp-content\/uploads\/lt-8500-feature-08-1-300x570.webp 300w, https:\/\/bestcbradio.com\/wp-content\/uploads\/lt-8500-feature-08-1-150x285.webp 150w, https:\/\/bestcbradio.com\/wp-content\/uploads\/lt-8500-feature-08-1.webp 790w\" sizes=\"(max-width: 539px) 100vw, 539px\" \/><\/figure><h2 class=\"wp-block-heading\">\u00dcber diesen Artikel<\/h2><ol class=\"wp-block-list\"><li><strong>Unerreichte Leistung und Langlebigkeit:<\/strong>&nbsp;Das LT-8500 ist ein leistungsstarkes Zweiwege-Funkger\u00e4t mit einer starken 20-Watt-Leistung f\u00fcr die Kommunikation \u00fcber gro\u00dfe Entfernungen. Es arbeitet auf zwei Frequenzen f\u00fcr mehr Flexibilit\u00e4t und ist mit der Schutzklasse IP54 wasserdicht, was eine zuverl\u00e4ssige Leistung unter anspruchsvollen Au\u00dfenbedingungen gew\u00e4hrleistet.<\/li>\n\n<li><strong>Erweiterte Funktionen f\u00fcr Klarheit und Sicherheit:<\/strong>&nbsp;Ausgestattet mit AI-Rauschunterdr\u00fcckungstechnologie liefert dieses Walkie-Talkie selbst in lauten Umgebungen kristallklaren Ton. Au\u00dferdem verf\u00fcgt es \u00fcber eine eingebaute Taschenlampe mit Blinklicht f\u00fcr Notf\u00e4lle und eine spezielle Alarmfunktion, was es zu einem unverzichtbaren Werkzeug f\u00fcr die Sicherheit bei n\u00e4chtlichen oder kritischen Eins\u00e4tzen macht.<\/li>\n\n<li><strong>Bequeme und vielseitige Funktionalit\u00e4t:<\/strong>&nbsp;Dieses Modell ist vollgepackt mit benutzerfreundlichen Funktionen wie der drahtlosen Replikation f\u00fcr eine einfache Programmierung, einer sprachaktivierten Funktion (VOX) f\u00fcr den Freisprechbetrieb und einem FM-Radio f\u00fcr die Unterhaltung. Zus\u00e4tzliche Funktionen wie zwei PTT-Tasten, Frequenzsprungverfahren und ein Timeout-Timer (TOT) erm\u00f6glichen eine professionelle Steuerung und Anpassung.<\/li><\/ol>","protected":false},"excerpt":{"rendered":"<details open>\n<summary>Produktvorteile<\/summary>\n<div class=\"cg-accordion-item\">\n\u2714FM-Radiofunktion<br \/>\n\u2714Superleistung 20 Watt<br \/>\n\u27142600mAh Batterie<br \/>\n\u2714 Drahtlose Replikation<br \/>\n\u2714 Warnung bei niedrigem Batteriestand<br \/>\n\u2714Stimmaktivierte Funktion<br \/>\n\u2714Alarmfunktion<br \/>\n\u2714 Verschl\u00fcsselungsfrequenz<br \/>\n\u2714Blinkende Lichter<br \/>\n\u2714Taschenlampe<br \/>\n\u2714Zwei-Segment-UV<br \/>\n\u2714Doppelgarde<br \/>\n\u2714AI Rauschunterdr\u00fcckung<br \/>\n\u2714 IP54 wasserdicht\n<\/div>\n<\/details>","protected":false},"featured_media":9014,"comment_status":"open","ping_status":"closed","template":"","meta":{"_seopress_robots_primary_cat":"none","_seopress_titles_title":"LT-8500 FM Outdoor Handheld Walkie Talkie High-power Dual Frequency 20W Noise Reduction Waterproof Radio Flashlight Emergency Alar","_seopress_titles_desc":"LT-8500 FM 20W Handheld Walkie Talkie with AI noise reduction and IP54 waterproof rating. 20-watt output for ultra-long-distance communication, dual frequency, 2600mAh battery. VOX, flashlight, emergency alarm. Worldwide shipping available.","_seopress_robots_index":""},"product_brand":[54],"product_cat":[62],"product_tag":[],"class_list":{"0":"post-9017","1":"product","2":"type-product","3":"status-publish","4":"has-post-thumbnail","6":"product_brand-luiton","7":"product_cat-handheld-two-way-radio","9":"first","10":"instock","11":"sale","12":"shipping-taxable","13":"purchasable","14":"product-type-variable","15":"has-default-attributes"},"_links":{"self":[{"href":"https:\/\/bestcbradio.com\/de\/wp-json\/wp\/v2\/product\/9017","targetHints":{"allow":["GET"]}}],"collection":[{"href":"https:\/\/bestcbradio.com\/de\/wp-json\/wp\/v2\/product"}],"about":[{"href":"https:\/\/bestcbradio.com\/de\/wp-json\/wp\/v2\/types\/product"}],"replies":[{"embeddable":true,"href":"https:\/\/bestcbradio.com\/de\/wp-json\/wp\/v2\/comments?post=9017"}],"wp:featuredmedia":[{"embeddable":true,"href":"https:\/\/bestcbradio.com\/de\/wp-json\/wp\/v2\/media\/9014"}],"wp:attachment":[{"href":"https:\/\/bestcbradio.com\/de\/wp-json\/wp\/v2\/media?parent=9017"}],"wp:term":[{"taxonomy":"product_brand","embeddable":true,"href":"https:\/\/bestcbradio.com\/de\/wp-json\/wp\/v2\/product_brand?post=9017"},{"taxonomy":"product_cat","embeddable":true,"href":"https:\/\/bestcbradio.com\/de\/wp-json\/wp\/v2\/product_cat?post=9017"},{"taxonomy":"product_tag","embeddable":true,"href":"https:\/\/bestcbradio.com\/de\/wp-json\/wp\/v2\/product_tag?post=9017"}],"curies":[{"name":"wp","href":"https:\/\/api.w.org\/{rel}","templated":true}]}}