{"id":9068,"date":"2026-03-06T16:46:17","date_gmt":"2026-03-06T08:46:17","guid":{"rendered":"https:\/\/bestcbradio.com\/?post_type=product&#038;p=9068"},"modified":"2026-04-21T14:05:51","modified_gmt":"2026-04-21T06:05:51","slug":"luiton-lt-778-cb-radio-14","status":"publish","type":"product","link":"https:\/\/bestcbradio.com\/de\/produkt\/luiton-lt-778-cb-radio-14\/","title":{"rendered":"LT-9500-GPS-Bluetooth FM 20W Taschenlampe Handheld Walkie Talkie"},"content":{"rendered":"<figure class=\"wp-block-image size-full is-resized\"><img fetchpriority=\"high\" decoding=\"async\" width=\"790\" height=\"1500\" src=\"https:\/\/bestcbradio.com\/wp-content\/uploads\/lt-9500-feature_01.webp\" alt=\"lt 9500 Merkmal 01\" class=\"wp-image-9034\" style=\"width:900px;height:auto\" srcset=\"https:\/\/bestcbradio.com\/wp-content\/uploads\/lt-9500-feature_01.webp 790w, https:\/\/bestcbradio.com\/wp-content\/uploads\/lt-9500-feature_01-158x300.webp 158w, https:\/\/bestcbradio.com\/wp-content\/uploads\/lt-9500-feature_01-539x1024.webp 539w, https:\/\/bestcbradio.com\/wp-content\/uploads\/lt-9500-feature_01-768x1458.webp 768w, https:\/\/bestcbradio.com\/wp-content\/uploads\/lt-9500-feature_01-6x12.webp 6w, https:\/\/bestcbradio.com\/wp-content\/uploads\/lt-9500-feature_01-441x837.webp 441w, https:\/\/bestcbradio.com\/wp-content\/uploads\/lt-9500-feature_01-300x570.webp 300w, https:\/\/bestcbradio.com\/wp-content\/uploads\/lt-9500-feature_01-150x285.webp 150w\" sizes=\"(max-width: 790px) 100vw, 790px\" \/><\/figure><figure class=\"wp-block-image size-full is-resized\"><img decoding=\"async\" width=\"790\" height=\"1500\" src=\"https:\/\/bestcbradio.com\/wp-content\/uploads\/lt-9500-feature_02.webp\" alt=\"lt 9500 Merkmal 02\" class=\"wp-image-9035\" style=\"width:900px;height:auto\" srcset=\"https:\/\/bestcbradio.com\/wp-content\/uploads\/lt-9500-feature_02.webp 790w, https:\/\/bestcbradio.com\/wp-content\/uploads\/lt-9500-feature_02-158x300.webp 158w, https:\/\/bestcbradio.com\/wp-content\/uploads\/lt-9500-feature_02-539x1024.webp 539w, https:\/\/bestcbradio.com\/wp-content\/uploads\/lt-9500-feature_02-768x1458.webp 768w, https:\/\/bestcbradio.com\/wp-content\/uploads\/lt-9500-feature_02-6x12.webp 6w, https:\/\/bestcbradio.com\/wp-content\/uploads\/lt-9500-feature_02-441x837.webp 441w, https:\/\/bestcbradio.com\/wp-content\/uploads\/lt-9500-feature_02-300x570.webp 300w, https:\/\/bestcbradio.com\/wp-content\/uploads\/lt-9500-feature_02-150x285.webp 150w\" sizes=\"(max-width: 790px) 100vw, 790px\" \/><\/figure><figure class=\"wp-block-image size-large is-resized\"><img decoding=\"async\" width=\"539\" height=\"1024\" src=\"https:\/\/bestcbradio.com\/wp-content\/uploads\/lt-9500-feature_03-539x1024.webp\" alt=\"lt 9500 Merkmal 03\" class=\"wp-image-9036\" style=\"width:900px\" srcset=\"https:\/\/bestcbradio.com\/wp-content\/uploads\/lt-9500-feature_03-539x1024.webp 539w, https:\/\/bestcbradio.com\/wp-content\/uploads\/lt-9500-feature_03-158x300.webp 158w, https:\/\/bestcbradio.com\/wp-content\/uploads\/lt-9500-feature_03-768x1458.webp 768w, https:\/\/bestcbradio.com\/wp-content\/uploads\/lt-9500-feature_03-6x12.webp 6w, https:\/\/bestcbradio.com\/wp-content\/uploads\/lt-9500-feature_03-441x837.webp 441w, https:\/\/bestcbradio.com\/wp-content\/uploads\/lt-9500-feature_03-300x570.webp 300w, https:\/\/bestcbradio.com\/wp-content\/uploads\/lt-9500-feature_03-150x285.webp 150w, https:\/\/bestcbradio.com\/wp-content\/uploads\/lt-9500-feature_03.webp 790w\" sizes=\"(max-width: 539px) 100vw, 539px\" \/><\/figure><figure class=\"wp-block-image size-large is-resized\"><img loading=\"lazy\" decoding=\"async\" width=\"539\" height=\"1024\" src=\"https:\/\/bestcbradio.com\/wp-content\/uploads\/lt-9500-feature_04-539x1024.webp\" alt=\"lt 9500 Merkmal 04\" class=\"wp-image-9037\" style=\"width:900px;height:auto\" srcset=\"https:\/\/bestcbradio.com\/wp-content\/uploads\/lt-9500-feature_04-539x1024.webp 539w, https:\/\/bestcbradio.com\/wp-content\/uploads\/lt-9500-feature_04-158x300.webp 158w, https:\/\/bestcbradio.com\/wp-content\/uploads\/lt-9500-feature_04-768x1458.webp 768w, https:\/\/bestcbradio.com\/wp-content\/uploads\/lt-9500-feature_04-6x12.webp 6w, https:\/\/bestcbradio.com\/wp-content\/uploads\/lt-9500-feature_04-441x837.webp 441w, https:\/\/bestcbradio.com\/wp-content\/uploads\/lt-9500-feature_04-300x570.webp 300w, https:\/\/bestcbradio.com\/wp-content\/uploads\/lt-9500-feature_04-150x285.webp 150w, https:\/\/bestcbradio.com\/wp-content\/uploads\/lt-9500-feature_04.webp 790w\" sizes=\"(max-width: 539px) 100vw, 539px\" \/><\/figure><figure class=\"wp-block-image size-large is-resized\"><img loading=\"lazy\" decoding=\"async\" width=\"539\" height=\"1024\" src=\"https:\/\/bestcbradio.com\/wp-content\/uploads\/lt-9500-feature_05-539x1024.webp\" alt=\"lt 9500 Merkmal 05\" class=\"wp-image-9038\" style=\"width:900px\" srcset=\"https:\/\/bestcbradio.com\/wp-content\/uploads\/lt-9500-feature_05-539x1024.webp 539w, https:\/\/bestcbradio.com\/wp-content\/uploads\/lt-9500-feature_05-158x300.webp 158w, https:\/\/bestcbradio.com\/wp-content\/uploads\/lt-9500-feature_05-768x1458.webp 768w, https:\/\/bestcbradio.com\/wp-content\/uploads\/lt-9500-feature_05-6x12.webp 6w, https:\/\/bestcbradio.com\/wp-content\/uploads\/lt-9500-feature_05-441x837.webp 441w, https:\/\/bestcbradio.com\/wp-content\/uploads\/lt-9500-feature_05-300x570.webp 300w, https:\/\/bestcbradio.com\/wp-content\/uploads\/lt-9500-feature_05-150x285.webp 150w, https:\/\/bestcbradio.com\/wp-content\/uploads\/lt-9500-feature_05.webp 790w\" sizes=\"(max-width: 539px) 100vw, 539px\" \/><\/figure><figure class=\"wp-block-image size-large is-resized\"><img loading=\"lazy\" decoding=\"async\" width=\"539\" height=\"1024\" src=\"https:\/\/bestcbradio.com\/wp-content\/uploads\/lt-9500-feature_06-539x1024.webp\" alt=\"lt 9500 Merkmal 06\" class=\"wp-image-9039\" style=\"width:900px\" srcset=\"https:\/\/bestcbradio.com\/wp-content\/uploads\/lt-9500-feature_06-539x1024.webp 539w, https:\/\/bestcbradio.com\/wp-content\/uploads\/lt-9500-feature_06-158x300.webp 158w, https:\/\/bestcbradio.com\/wp-content\/uploads\/lt-9500-feature_06-768x1458.webp 768w, https:\/\/bestcbradio.com\/wp-content\/uploads\/lt-9500-feature_06-6x12.webp 6w, https:\/\/bestcbradio.com\/wp-content\/uploads\/lt-9500-feature_06-441x837.webp 441w, https:\/\/bestcbradio.com\/wp-content\/uploads\/lt-9500-feature_06-300x570.webp 300w, https:\/\/bestcbradio.com\/wp-content\/uploads\/lt-9500-feature_06-150x285.webp 150w, https:\/\/bestcbradio.com\/wp-content\/uploads\/lt-9500-feature_06.webp 790w\" sizes=\"(max-width: 539px) 100vw, 539px\" \/><\/figure><figure class=\"wp-block-image size-large is-resized\"><img loading=\"lazy\" decoding=\"async\" width=\"539\" height=\"1024\" src=\"https:\/\/bestcbradio.com\/wp-content\/uploads\/lt-9500-feature_07-539x1024.webp\" alt=\"lt 9500 Merkmal 07\" class=\"wp-image-9040\" style=\"width:900px\" srcset=\"https:\/\/bestcbradio.com\/wp-content\/uploads\/lt-9500-feature_07-539x1024.webp 539w, https:\/\/bestcbradio.com\/wp-content\/uploads\/lt-9500-feature_07-158x300.webp 158w, https:\/\/bestcbradio.com\/wp-content\/uploads\/lt-9500-feature_07-768x1458.webp 768w, https:\/\/bestcbradio.com\/wp-content\/uploads\/lt-9500-feature_07-6x12.webp 6w, https:\/\/bestcbradio.com\/wp-content\/uploads\/lt-9500-feature_07-441x837.webp 441w, https:\/\/bestcbradio.com\/wp-content\/uploads\/lt-9500-feature_07-300x570.webp 300w, https:\/\/bestcbradio.com\/wp-content\/uploads\/lt-9500-feature_07-150x285.webp 150w, https:\/\/bestcbradio.com\/wp-content\/uploads\/lt-9500-feature_07.webp 790w\" sizes=\"(max-width: 539px) 100vw, 539px\" \/><\/figure><figure class=\"wp-block-image size-large is-resized\"><img loading=\"lazy\" decoding=\"async\" width=\"539\" height=\"1024\" src=\"https:\/\/bestcbradio.com\/wp-content\/uploads\/lt-9500-feature_08-539x1024.webp\" alt=\"lt 9500 Merkmal 08\" class=\"wp-image-9041\" style=\"width:900px\" srcset=\"https:\/\/bestcbradio.com\/wp-content\/uploads\/lt-9500-feature_08-539x1024.webp 539w, https:\/\/bestcbradio.com\/wp-content\/uploads\/lt-9500-feature_08-158x300.webp 158w, https:\/\/bestcbradio.com\/wp-content\/uploads\/lt-9500-feature_08-768x1458.webp 768w, https:\/\/bestcbradio.com\/wp-content\/uploads\/lt-9500-feature_08-6x12.webp 6w, https:\/\/bestcbradio.com\/wp-content\/uploads\/lt-9500-feature_08-441x837.webp 441w, https:\/\/bestcbradio.com\/wp-content\/uploads\/lt-9500-feature_08-300x570.webp 300w, https:\/\/bestcbradio.com\/wp-content\/uploads\/lt-9500-feature_08-150x285.webp 150w, https:\/\/bestcbradio.com\/wp-content\/uploads\/lt-9500-feature_08.webp 790w\" sizes=\"(max-width: 539px) 100vw, 539px\" \/><\/figure><h2 class=\"wp-block-heading\">\u00dcber diesen Artikel<\/h2><ol class=\"wp-block-list\"><li><strong>Ultimative Konnektivit\u00e4t mit GPS und Bluetooth:<\/strong>\u00a0Der LT-9500-GPS+Bluetooth kombiniert fortschrittliche\u00a0<strong>GPS<\/strong>\u00a0Funktionalit\u00e4t zur Echtzeit-Standortverfolgung mit integrierter\u00a0<strong>Bluetooth<\/strong>\u00a0Technologie f\u00fcr drahtlose Headset-Konnektivit\u00e4t. Dieses leistungsstarke Duo verbessert die Teamkoordination und -sicherheit und erm\u00f6glicht gleichzeitig einen echten Freisprechbetrieb. Die robuste 20-Watt-Leistung und die AI-Rauschunterdr\u00fcckung sorgen f\u00fcr eine kristallklare Kommunikation.<\/li>\n\n<li><strong>Robustes Design f\u00fcr extreme Umgebungen:<\/strong>\u00a0Dieses Funkger\u00e4t wurde f\u00fcr den Einsatz unter h\u00e4rtesten Bedingungen entwickelt und ist nach IP54 wasserdicht, was zuverl\u00e4ssigen Schutz vor Staub und Wasser bietet. Es ist mit einer lichtstarken Taschenlampe und einem Notfallalarm mit Blinklichtern ausgestattet, was es zu einem unverzichtbaren Sicherheitsbegleiter f\u00fcr Outdoor-Abenteuer, Such- und Rettungseins\u00e4tze oder anspruchsvolle Feldarbeit macht.<\/li>\n\n<li><strong>Umfassende professionelle Funktionen:<\/strong>\u00a0Das LT-9500-GPS+Bluetooth ist vollgepackt mit Tools f\u00fcr professionelle Anwender und bietet eine drahtlose Replikation f\u00fcr eine einfache Programmierung, eine sprachaktivierte Funktion (VOX) f\u00fcr mehr Komfort und zwei PTT-Tasten f\u00fcr einen flexiblen Betrieb. Mit Dual-Frequenz-Unterst\u00fctzung, Frequenz-Hopping und einem robusten \u201cDouble-guard &amp; Two-segment UV\u201d-Schutzsystem bietet es au\u00dfergew\u00f6hnliche Leistung, Sicherheit und Vielseitigkeit f\u00fcr professionelle Teams.<\/li><\/ol>","protected":false},"excerpt":{"rendered":"<details open>\n<summary>Produktvorteile<\/summary>\n<div class=\"cg-accordion-item\">\n\u2714FM-Radiofunktion<br \/>\n\u2714Superleistung 20 Watt<br \/>\n\u27142600mAh Batterie<br \/>\n\u2714 Drahtlose Replikation<br \/>\n\u2714 Warnung bei niedrigem Batteriestand<br \/>\n\u2714Stimmaktivierte Funktion<br \/>\n\u2714Alarmfunktion<br \/>\n\u2714 Verschl\u00fcsselungsfrequenz<br \/>\n\u2714Blinkende Lichter<br \/>\n\u2714Taschenlampe<br \/>\n\u2714Zwei-Segment-UV<br \/>\n\u2714Doppelgarde<br \/>\n\u2714AI Rauschunterdr\u00fcckung<br \/>\n\u2714 IP54 wasserdicht<br \/>\n<span style=\"background-color: #90ee90; padding: 2px 5px; border-radius: 3px;\">\u2714GPS<br \/>\n\u2714Bluetooth<br \/>\n\u2714Doppelte PTT-Tasten<\/span>\n<\/div>\n<\/details>","protected":false},"featured_media":9031,"comment_status":"open","ping_status":"closed","template":"","meta":{"_seopress_robots_primary_cat":"none","_seopress_titles_title":"LT-9500-GPS-bluetooth FM Outdoor Handheld Walkie Talkie High-power Dual Frequency 20W Noise Reduction Waterproof Radio Flashlight Emergency Alar","_seopress_titles_desc":"LT-9500-GPS-Bluetooth FM 20W Handheld Walkie Talkie with GPS real-time tracking and Bluetooth connectivity. IP54 waterproof, AI noise reduction, 2600mAh battery, dual PTT buttons. VOX, flashlight, emergency alarm. Worldwide shipping available.","_seopress_robots_index":""},"product_brand":[54],"product_cat":[62],"product_tag":[],"class_list":{"0":"post-9068","1":"product","2":"type-product","3":"status-publish","4":"has-post-thumbnail","6":"product_brand-luiton","7":"product_cat-handheld-two-way-radio","9":"first","10":"instock","11":"sale","12":"shipping-taxable","13":"purchasable","14":"product-type-variable","15":"has-default-attributes"},"_links":{"self":[{"href":"https:\/\/bestcbradio.com\/de\/wp-json\/wp\/v2\/product\/9068","targetHints":{"allow":["GET"]}}],"collection":[{"href":"https:\/\/bestcbradio.com\/de\/wp-json\/wp\/v2\/product"}],"about":[{"href":"https:\/\/bestcbradio.com\/de\/wp-json\/wp\/v2\/types\/product"}],"replies":[{"embeddable":true,"href":"https:\/\/bestcbradio.com\/de\/wp-json\/wp\/v2\/comments?post=9068"}],"wp:featuredmedia":[{"embeddable":true,"href":"https:\/\/bestcbradio.com\/de\/wp-json\/wp\/v2\/media\/9031"}],"wp:attachment":[{"href":"https:\/\/bestcbradio.com\/de\/wp-json\/wp\/v2\/media?parent=9068"}],"wp:term":[{"taxonomy":"product_brand","embeddable":true,"href":"https:\/\/bestcbradio.com\/de\/wp-json\/wp\/v2\/product_brand?post=9068"},{"taxonomy":"product_cat","embeddable":true,"href":"https:\/\/bestcbradio.com\/de\/wp-json\/wp\/v2\/product_cat?post=9068"},{"taxonomy":"product_tag","embeddable":true,"href":"https:\/\/bestcbradio.com\/de\/wp-json\/wp\/v2\/product_tag?post=9068"}],"curies":[{"name":"wp","href":"https:\/\/api.w.org\/{rel}","templated":true}]}}