{"id":9348,"date":"2026-03-16T15:36:09","date_gmt":"2026-03-16T07:36:09","guid":{"rendered":"https:\/\/bestcbradio.com\/?post_type=product&#038;p=9348"},"modified":"2026-04-10T11:00:01","modified_gmt":"2026-04-10T03:00:01","slug":"luiton-lt-778-cb-radio-20","status":"publish","type":"product","link":"https:\/\/bestcbradio.com\/de\/produkt\/luiton-lt-778-cb-radio-20\/","title":{"rendered":"Luiton LT-8900 25W GMRS NOAA Mobiles Fahrzeugfunkger\u00e4t"},"content":{"rendered":"<h2 class=\"wp-block-heading\"><strong><strong><strong><strong><strong>Luiton&nbsp;LT-8900 25W GMRS Mobile Radio &amp; Base Station,Long Range Two-Way Radio with NOAA Weather Scan &amp; Alert, Integrated Control Mic for Off-Road,Self Driving,Camping,Car Vehicle Mounted<\/strong><\/strong><\/strong><\/strong><\/strong><\/h2><figure class=\"wp-block-image size-full is-resized\"><img alt=\"04\" fetchpriority=\"high\" decoding=\"async\" width=\"800\" height=\"800\" src=\"https:\/\/bestcbradio.com\/wp-content\/uploads\/04-9.webp\" class=\"wp-image-9405\" style=\"aspect-ratio:16\/9;object-fit:cover;width:900px\" srcset=\"https:\/\/bestcbradio.com\/wp-content\/uploads\/04-9.webp 800w, https:\/\/bestcbradio.com\/wp-content\/uploads\/04-9-300x300.webp 300w, https:\/\/bestcbradio.com\/wp-content\/uploads\/04-9-150x150.webp 150w, https:\/\/bestcbradio.com\/wp-content\/uploads\/04-9-768x768.webp 768w, https:\/\/bestcbradio.com\/wp-content\/uploads\/04-9-12x12.webp 12w, https:\/\/bestcbradio.com\/wp-content\/uploads\/04-9-441x441.webp 441w, https:\/\/bestcbradio.com\/wp-content\/uploads\/04-9-100x100.webp 100w\" sizes=\"(max-width: 800px) 100vw, 800px\" \/><\/figure><figure class=\"wp-block-image size-full\"><img decoding=\"async\" width=\"800\" height=\"800\" src=\"https:\/\/bestcbradio.com\/wp-content\/uploads\/05-6.webp\" alt=\"05\" class=\"wp-image-9342\" srcset=\"https:\/\/bestcbradio.com\/wp-content\/uploads\/05-6.webp 800w, https:\/\/bestcbradio.com\/wp-content\/uploads\/05-6-300x300.webp 300w, https:\/\/bestcbradio.com\/wp-content\/uploads\/05-6-150x150.webp 150w, https:\/\/bestcbradio.com\/wp-content\/uploads\/05-6-768x768.webp 768w, https:\/\/bestcbradio.com\/wp-content\/uploads\/05-6-12x12.webp 12w, https:\/\/bestcbradio.com\/wp-content\/uploads\/05-6-441x441.webp 441w, https:\/\/bestcbradio.com\/wp-content\/uploads\/05-6-100x100.webp 100w\" sizes=\"(max-width: 800px) 100vw, 800px\" \/><\/figure><figure class=\"wp-block-image size-full\"><img decoding=\"async\" width=\"800\" height=\"800\" src=\"https:\/\/bestcbradio.com\/wp-content\/uploads\/07-4.webp\" alt=\"07\" class=\"wp-image-9344\" srcset=\"https:\/\/bestcbradio.com\/wp-content\/uploads\/07-4.webp 800w, https:\/\/bestcbradio.com\/wp-content\/uploads\/07-4-300x300.webp 300w, https:\/\/bestcbradio.com\/wp-content\/uploads\/07-4-150x150.webp 150w, https:\/\/bestcbradio.com\/wp-content\/uploads\/07-4-768x768.webp 768w, https:\/\/bestcbradio.com\/wp-content\/uploads\/07-4-12x12.webp 12w, https:\/\/bestcbradio.com\/wp-content\/uploads\/07-4-441x441.webp 441w, https:\/\/bestcbradio.com\/wp-content\/uploads\/07-4-100x100.webp 100w\" sizes=\"(max-width: 800px) 100vw, 800px\" \/><\/figure><figure class=\"wp-block-image size-full is-resized\"><img alt=\"12\" loading=\"lazy\" decoding=\"async\" width=\"800\" height=\"800\" src=\"https:\/\/bestcbradio.com\/wp-content\/uploads\/12-1.webp\" class=\"wp-image-9410\" style=\"aspect-ratio:16\/9;object-fit:cover;width:900px\" srcset=\"https:\/\/bestcbradio.com\/wp-content\/uploads\/12-1.webp 800w, https:\/\/bestcbradio.com\/wp-content\/uploads\/12-1-300x300.webp 300w, https:\/\/bestcbradio.com\/wp-content\/uploads\/12-1-150x150.webp 150w, https:\/\/bestcbradio.com\/wp-content\/uploads\/12-1-768x768.webp 768w, https:\/\/bestcbradio.com\/wp-content\/uploads\/12-1-12x12.webp 12w, https:\/\/bestcbradio.com\/wp-content\/uploads\/12-1-441x441.webp 441w, https:\/\/bestcbradio.com\/wp-content\/uploads\/12-1-100x100.webp 100w\" sizes=\"(max-width: 800px) 100vw, 800px\" \/><\/figure><h2 class=\"wp-block-heading\"><strong><strong>\u00dcber diesen Artikel<\/strong><\/strong>:<\/h2><ul class=\"wp-block-list\"><li>TWO-WAY RADIO:Full 25-Watt LT-8900 GMRS Mobile Radio is a two-way radio device that operates on GMRS (General Mobile Radio Service) frequencies.With 15 GMRS channels and 8 repeater and compatible with all FRS and GMRS radios.Output power:25W\/20W (VHF \/ UHF),Switch to Dual-Band Frequency Range:VHF: 136-174MHz \/ UHF:400-480MHz<\/li>\n\n<li>GMRS: The GMRS channels used by the 25-Watt GMRS radios are licensed by the FCC for personal and business use. These channels have a range of up to several miles, depending on terrain, weather conditions, and obstacles in the way<\/li>\n\n<li>NOAA WEATHER SCAN + ALERT:NOAA Weather Scan durchsucht automatisch die verf\u00fcgbaren Wetterkan\u00e4le und stellt den st\u00e4rksten Wetterkanal ein, um Sie \u00fcber Unwetter-Updates zu informieren.NOAA Weather Alert gibt einen Alarm aus, wenn in Ihrem Gebiet Unwettergefahr besteht.<\/li>\n\n<li>PRIVACY CODES:The CTCSS\/DCS privacy codes of the LT-8900 walkie talkie allow you to select a specific code to use with a particular channel,Which helps to prevent unwanted transmissions from being heard on the same channel<\/li>\n\n<li>MINI CAR GMRS RADIO:Bringen Sie Ihre Funkreichweite auf die n\u00e4chste Stufe mit den leistungsf\u00e4higen GMRS-Funkger\u00e4ten auf dem Markt: Diese kompakten Funkger\u00e4te bieten zuverl\u00e4ssige und vielseitige Kommunikation f\u00fcr Overlander, Off-Roader, Landwirte, Wohnmobilisten und andere<\/li>\n\n<li>BITTE BEACHTEN: Unser Radio ist nur mit unserer Software kompatibel und ist nicht kompatibel mit anderer Software, sonst kann es zu Sch\u00e4den an der Maschine f\u00fchren.unsere Maschine kommt nicht mit einer Antenne und erfordert zus\u00e4tzlichen Kauf. Es kann nicht ohne eine Antenne verwendet werden, um Sch\u00e4den an der Maschine zu vermeiden<\/li><\/ul><p><\/p>","protected":false},"excerpt":{"rendered":"<details open>\n<summary>Produktvorteile<\/summary>\n<div class=\"cg-accordion-item\">\n\u2714Vollbereich VHF 136-174MHz und UHF 400-480MHz<br \/>\n\u2714Max. 25 Watt HF-Leistung auf VHF und max. 20 Watt auf UHF<br \/>\n\u2714Leichtgewicht \/ Dual Band \/ Rauschunterdr\u00fcckung \/<br \/>\n\u2714CARRIER \/ CTCSS \/ DCS \/ 5Tone \/ 2Tone \/ DTMF \/ANI<br \/>\n\u2714 Anzahl der Kan\u00e4le: 200<br \/>\n\u2714NOAA-Wetterscan\n<\/div>\n<\/details>","protected":false},"featured_media":9403,"comment_status":"open","ping_status":"closed","template":"","meta":{"_seopress_robots_primary_cat":"none","_seopress_titles_title":"Luiton\u00a0LT-8900 25W GMRS Mobile Radio & Base Station,Long Range Two-Way Radio with NOAA Weather Scan & Alert, Integrated Control Mic for Off-Road,Self Driving,Camping,Car Vehicle Mounted","_seopress_titles_desc":"Luiton LT-8900 25W GMRS Mobile Radio with NOAA Weather Scan & Alert. Dual-band VHF\/UHF, 200 channels, CTCSS\/DCS privacy codes. Integrated control mic, ideal for off-road, RV, camping. Worldwide shipping available.","_seopress_robots_index":""},"product_brand":[54],"product_cat":[66],"product_tag":[],"class_list":{"0":"post-9348","1":"product","2":"type-product","3":"status-publish","4":"has-post-thumbnail","6":"product_brand-luiton","7":"product_cat-vehicle-radio","9":"first","10":"instock","11":"sale","12":"shipping-taxable","13":"purchasable","14":"product-type-variable","15":"has-default-attributes"},"_links":{"self":[{"href":"https:\/\/bestcbradio.com\/de\/wp-json\/wp\/v2\/product\/9348","targetHints":{"allow":["GET"]}}],"collection":[{"href":"https:\/\/bestcbradio.com\/de\/wp-json\/wp\/v2\/product"}],"about":[{"href":"https:\/\/bestcbradio.com\/de\/wp-json\/wp\/v2\/types\/product"}],"replies":[{"embeddable":true,"href":"https:\/\/bestcbradio.com\/de\/wp-json\/wp\/v2\/comments?post=9348"}],"wp:featuredmedia":[{"embeddable":true,"href":"https:\/\/bestcbradio.com\/de\/wp-json\/wp\/v2\/media\/9403"}],"wp:attachment":[{"href":"https:\/\/bestcbradio.com\/de\/wp-json\/wp\/v2\/media?parent=9348"}],"wp:term":[{"taxonomy":"product_brand","embeddable":true,"href":"https:\/\/bestcbradio.com\/de\/wp-json\/wp\/v2\/product_brand?post=9348"},{"taxonomy":"product_cat","embeddable":true,"href":"https:\/\/bestcbradio.com\/de\/wp-json\/wp\/v2\/product_cat?post=9348"},{"taxonomy":"product_tag","embeddable":true,"href":"https:\/\/bestcbradio.com\/de\/wp-json\/wp\/v2\/product_tag?post=9348"}],"curies":[{"name":"wp","href":"https:\/\/api.w.org\/{rel}","templated":true}]}}