{"id":34,"date":"2025-11-11T15:53:18","date_gmt":"2025-11-11T07:53:18","guid":{"rendered":"https:\/\/bestcbradio.com\/?page_id=34"},"modified":"2025-11-11T15:53:20","modified_gmt":"2025-11-11T07:53:20","slug":"refund-and-returns","status":"publish","type":"page","link":"https:\/\/bestcbradio.com\/es\/reembolsos-y-devoluciones\/","title":{"rendered":"Reembolsos y devoluciones"},"content":{"rendered":"<p>Nuestra pol\u00edtica de reembolsos y devoluciones tiene una vigencia de 30 d\u00edas. Si han pasado m\u00e1s de 30 d\u00edas desde la fecha de compra, no podremos ofrecerle un reembolso completo ni un cambio.<\/p><p>Para que la devoluci\u00f3n sea v\u00e1lida, el art\u00edculo debe estar sin usar y en las mismas condiciones en que lo recibi\u00f3. Tambi\u00e9n debe estar en su embalaje original.<\/p><p>Hay varios tipos de productos que no se pueden devolver. Los productos perecederos, como alimentos, flores, peri\u00f3dicos o revistas, no se pueden devolver. Tampoco aceptamos productos \u00edntimos o sanitarios, materiales peligrosos, l\u00edquidos o gases inflamables.<\/p><p>Art\u00edculos adicionales no retornables:<\/p><ul class=\"wp-block-list\"><li>Tarjetas regalo<\/li>\n\n<li>Productos de software descargables<\/li>\n\n<li>Algunos art\u00edculos de salud y cuidado personal<\/li><\/ul><p>Para completar su devoluci\u00f3n, necesitamos el recibo o la prueba de compra.<\/p><p>Por favor, no env\u00ede su compra al fabricante.<\/p><p>Hay ciertas situaciones en las que solo se conceden reembolsos parciales:<\/p><ul class=\"wp-block-list\"><li>Libro con signos evidentes de uso.<\/li>\n\n<li>CD, DVD, cinta VHS, software, videojuego, cinta de casete o disco de vinilo que haya sido abierto.<\/li>\n\n<li>Cualquier art\u00edculo que no se encuentre en su estado original, est\u00e9 da\u00f1ado o le falten piezas por motivos que no sean atribuibles a un error nuestro.<\/li>\n\n<li>Cualquier art\u00edculo que se devuelva m\u00e1s de 30 d\u00edas despu\u00e9s de la entrega.<\/li><\/ul><h2 class=\"wp-block-heading\">Reembolsos<\/h2><p>Una vez que hayamos recibido y revisado tu devoluci\u00f3n, te enviaremos un correo electr\u00f3nico para notificarte que hemos recibido el art\u00edculo devuelto. Tambi\u00e9n te notificaremos la aprobaci\u00f3n o el rechazo de tu reembolso.<\/p><p>Si se aprueba, se procesar\u00e1 su reembolso y se aplicar\u00e1 autom\u00e1ticamente un cr\u00e9dito a su tarjeta de cr\u00e9dito o m\u00e9todo de pago original, en un plazo determinado.<\/p><h3 class=\"wp-block-heading\">Reembolsos tard\u00edos o faltantes<\/h3><p>Si a\u00fan no ha recibido el reembolso, compruebe primero su cuenta bancaria de nuevo.<\/p><p>A continuaci\u00f3n, p\u00f3ngase en contacto con la entidad emisora de su tarjeta de cr\u00e9dito, ya que puede pasar alg\u00fan tiempo antes de que su reembolso se haga efectivo oficialmente.<\/p><p>A continuaci\u00f3n, ponte en contacto con tu banco. A menudo hay un tiempo de tramitaci\u00f3n antes de que se contabilice el reembolso.<\/p><p>Si ha hecho todo esto y a\u00fan no ha recibido su reembolso, p\u00f3ngase en contacto con nosotros.<\/p><h3 class=\"wp-block-heading\">Art\u00edculos en oferta<\/h3><p>Solo se reembolsar\u00e1n los art\u00edculos con precio normal.<\/p><p>Los art\u00edculos en oferta no se pueden devolver.<\/p><h2 class=\"wp-block-heading\">Intercambios<\/h2><p>Solo reemplazamos art\u00edculos si est\u00e1n defectuosos o da\u00f1ados. Si necesitas cambiarlo por el mismo art\u00edculo, env\u00edanos un correo electr\u00f3nico.<\/p><h2 class=\"wp-block-heading\">Regalos<\/h2><p>Si el art\u00edculo se marc\u00f3 como regalo al comprarlo y se le envi\u00f3 directamente a usted, recibir\u00e1 un cr\u00e9dito por el valor de su devoluci\u00f3n. Una vez que se reciba el art\u00edculo devuelto, se le enviar\u00e1 por correo un certificado de regalo.<\/p><p>Si el art\u00edculo no se marc\u00f3 como regalo al comprarlo, o si la persona que lo regal\u00f3 solicit\u00f3 que se lo enviaran a ella para d\u00e1rselo m\u00e1s tarde, le enviaremos el reembolso a la persona que lo regal\u00f3 y esta se enterar\u00e1 de su devoluci\u00f3n.<\/p><h2 class=\"wp-block-heading\">Devoluciones de env\u00edos<\/h2><p>Usted ser\u00e1 responsable de pagar los gastos de env\u00edo para devolver su art\u00edculo. Los gastos de env\u00edo no son reembolsables. Si recibe un reembolso, el coste del env\u00edo de devoluci\u00f3n se deducir\u00e1 de su reembolso.<\/p><p>Dependiendo de d\u00f3nde vivas, el tiempo que tarde en llegar el producto cambiado puede variar.<\/p><p>Si devuelve art\u00edculos m\u00e1s caros, puede considerar la posibilidad de utilizar un servicio de env\u00edo con seguimiento o contratar un seguro de env\u00edo. No garantizamos que vayamos a recibir su art\u00edculo devuelto.<\/p>","protected":false},"excerpt":{"rendered":"<p>Our refund and returns policy lasts 30 days. If 30 days have passed since your purchase, we can\u2019t offer you a full refund or exchange. To be eligible for a return, your item must be unused and in the same condition that you received it. It must also be in the original packaging. Several types [&hellip;]<\/p>","protected":false},"author":1,"featured_media":0,"parent":0,"menu_order":0,"comment_status":"closed","ping_status":"closed","template":"","meta":{"_seopress_robots_primary_cat":"","_seopress_titles_title":"","_seopress_titles_desc":"","_seopress_robots_index":"yes","footnotes":""},"class_list":["post-34","page","type-page","status-publish","hentry"],"_links":{"self":[{"href":"https:\/\/bestcbradio.com\/es\/wp-json\/wp\/v2\/pages\/34","targetHints":{"allow":["GET"]}}],"collection":[{"href":"https:\/\/bestcbradio.com\/es\/wp-json\/wp\/v2\/pages"}],"about":[{"href":"https:\/\/bestcbradio.com\/es\/wp-json\/wp\/v2\/types\/page"}],"author":[{"embeddable":true,"href":"https:\/\/bestcbradio.com\/es\/wp-json\/wp\/v2\/users\/1"}],"replies":[{"embeddable":true,"href":"https:\/\/bestcbradio.com\/es\/wp-json\/wp\/v2\/comments?post=34"}],"version-history":[{"count":0,"href":"https:\/\/bestcbradio.com\/es\/wp-json\/wp\/v2\/pages\/34\/revisions"}],"wp:attachment":[{"href":"https:\/\/bestcbradio.com\/es\/wp-json\/wp\/v2\/media?parent=34"}],"curies":[{"name":"wp","href":"https:\/\/api.w.org\/{rel}","templated":true}]}}