{"id":7231,"date":"2025-11-11T10:39:43","date_gmt":"2025-11-11T02:39:43","guid":{"rendered":"https:\/\/bestcbradio.com\/?page_id=7231"},"modified":"2025-12-08T10:39:00","modified_gmt":"2025-12-08T02:39:00","slug":"terms-and-conditions","status":"publish","type":"page","link":"https:\/\/bestcbradio.com\/es\/condiciones-generales\/","title":{"rendered":"T\u00e9rminos y condiciones"},"content":{"rendered":"<p>En todo el sitio, los t\u00e9rminos \u201cnosotros\u201d, \u201cnos\u201d y \u201cnuestro\u201d se refieren a nuestro sitio web. Ofrecemos este sitio web, incluida toda la informaci\u00f3n, las herramientas y los servicios disponibles en \u00e9l, al usuario, siempre y cuando este acepte todos los t\u00e9rminos, condiciones, pol\u00edticas y avisos aqu\u00ed establecidos.<\/p><p>Al visitar nuestro sitio web y\/o realizar una compra, usted utiliza nuestro \u201cServicio\u201d y acepta quedar vinculado por los siguientes t\u00e9rminos y condiciones (\u201cT\u00e9rminos del servicio\u201d, \u201cT\u00e9rminos\u201d), incluidos los t\u00e9rminos y condiciones adicionales y las pol\u00edticas a los que se hace referencia en el presente documento y\/o que est\u00e1n disponibles mediante hiperv\u00ednculos. Estos T\u00e9rminos del servicio se aplican a todos los usuarios del sitio web, incluidos, entre otros, los usuarios que son navegadores, proveedores, clientes, comerciantes y\/o colaboradores de contenido.<\/p><p>Lea atentamente estas Condiciones del servicio antes de acceder o utilizar nuestro sitio web. Al acceder o utilizar cualquier parte del sitio, usted acepta quedar vinculado por estas Condiciones del servicio. Si no est\u00e1 de acuerdo con todos los t\u00e9rminos y condiciones de este acuerdo, no podr\u00e1 acceder al sitio web ni utilizar ninguno de los Servicios. Si estas Condiciones del servicio se consideran una oferta, la aceptaci\u00f3n se limita expresamente a estas Condiciones del servicio.<\/p><p>Cualquier nueva funci\u00f3n o herramienta que se a\u00f1ada a la tienda actual tambi\u00e9n estar\u00e1 sujeta a los T\u00e9rminos del servicio. Puede consultar la versi\u00f3n m\u00e1s reciente de los T\u00e9rminos del servicio en cualquier momento en esta p\u00e1gina. Nos reservamos el derecho de actualizar, modificar o sustituir cualquier parte de estos T\u00e9rminos de servicio mediante la publicaci\u00f3n de actualizaciones y\/o cambios en nuestro sitio web. Es su responsabilidad consultar esta p\u00e1gina peri\u00f3dicamente para conocer los cambios. El uso continuado o el acceso al sitio web tras la publicaci\u00f3n de cualquier cambio constituye la aceptaci\u00f3n de dichos cambios.<\/p><h3 class=\"wp-block-heading\">SECCI\u00d3N 1 \u2013 T\u00c9RMINOS DE LA TIENDA ONLINE<\/h3><p>Al aceptar estos T\u00e9rminos de servicio, usted declara que tiene al menos la mayor\u00eda de edad en su estado o provincia de residencia, o que tiene la mayor\u00eda de edad en su estado o provincia de residencia y nos ha dado su consentimiento para permitir que cualquiera de sus dependientes menores de edad utilice este sitio.<\/p><p>No podr\u00e1 utilizar nuestros productos con fines ilegales o no autorizados, ni podr\u00e1, al utilizar el Servicio, infringir ninguna ley de su jurisdicci\u00f3n (incluidas, entre otras, las leyes de derechos de autor).<\/p><p>No debe transmitir gusanos, virus ni ning\u00fan c\u00f3digo de naturaleza destructiva.<\/p><p>El incumplimiento o la violaci\u00f3n de cualquiera de las Condiciones dar\u00e1 lugar a la rescisi\u00f3n inmediata de sus Servicios.<\/p><h3 class=\"wp-block-heading\">SECCI\u00d3N 2 \u2013 CONDICIONES GENERALES<\/h3><p>Nos reservamos el derecho de rechazar el Servicio a cualquier persona por cualquier motivo y en cualquier momento.<\/p><p>Usted entiende que su contenido (sin incluir la informaci\u00f3n de la tarjeta de cr\u00e9dito) puede transferirse sin cifrar e implicar (a) transmisiones a trav\u00e9s de diversas redes; y (b) cambios para ajustarse y adaptarse a los requisitos t\u00e9cnicos de las redes o dispositivos de conexi\u00f3n. La informaci\u00f3n de la tarjeta de cr\u00e9dito siempre se cifra durante la transferencia a trav\u00e9s de las redes.<\/p><p>Usted acepta no reproducir, duplicar, copiar, vender, revender ni explotar ninguna parte del Servicio, el uso del Servicio o el acceso al Servicio o cualquier contacto en el sitio web a trav\u00e9s del cual se presta el Servicio, sin nuestro permiso expreso por escrito.<\/p><p>Los t\u00edtulos utilizados en este acuerdo se incluyen \u00fanicamente por comodidad y no limitar\u00e1n ni afectar\u00e1n de ning\u00fan modo a estos T\u00e9rminos.<\/p><h3 class=\"wp-block-heading\">SECCI\u00d3N 3: EXACTITUD, INTEGRIDAD Y PUNTUALIDAD DE LA INFORMACI\u00d3N<\/h3><p>No nos hacemos responsables si la informaci\u00f3n disponible en este sitio web no es precisa, completa o actualizada. El material de este sitio web se proporciona \u00fanicamente a t\u00edtulo informativo y no debe utilizarse como \u00fanica base para tomar decisiones sin consultar fuentes de informaci\u00f3n primarias, m\u00e1s precisas, m\u00e1s completas o m\u00e1s actualizadas. Cualquier confianza depositada en el material de este sitio web es bajo su propia responsabilidad.<\/p><p>Este sitio puede contener cierta informaci\u00f3n hist\u00f3rica. La informaci\u00f3n hist\u00f3rica, necesariamente, no es actual y se proporciona \u00fanicamente a t\u00edtulo informativo. Nos reservamos el derecho de modificar el contenido de este sitio en cualquier momento, pero no tenemos la obligaci\u00f3n de actualizar ninguna informaci\u00f3n de nuestro sitio. Usted acepta que es su responsabilidad supervisar los cambios que se produzcan en nuestro sitio.<\/p><h3 class=\"wp-block-heading\">SECCI\u00d3N 4: MODIFICACIONES DEL SERVICIO Y DE LOS PRECIOS<\/h3><p>Los precios de nuestros productos est\u00e1n sujetos a cambios sin previo aviso.<\/p><p>Nos reservamos el derecho de modificar o interrumpir el Servicio (o cualquier parte o contenido del mismo) en cualquier momento y sin previo aviso.<\/p><p>No seremos responsables ante usted ni ante ning\u00fan tercero por cualquier modificaci\u00f3n, cambio de precio, suspensi\u00f3n o interrupci\u00f3n del Servicio.<\/p><h3 class=\"wp-block-heading\">SECCI\u00d3N 5 \u2013 PRODUCTOS O SERVICIOS (si procede)<\/h3><p>Algunos productos o servicios pueden estar disponibles exclusivamente en l\u00ednea a trav\u00e9s del sitio web. Estos productos o servicios pueden tener cantidades limitadas y est\u00e1n sujetos a devoluci\u00f3n o cambio solo de acuerdo con nuestra Pol\u00edtica de reembolso.<\/p><p>Hemos hecho todo lo posible para mostrar con la mayor precisi\u00f3n posible los colores y las im\u00e1genes de nuestros productos que aparecen en la tienda. No podemos garantizar que la visualizaci\u00f3n de los colores en la pantalla de su ordenador sea precisa.<\/p><p>Nos reservamos el derecho, sin estar obligados a ello, de limitar las ventas de nuestros productos o servicios a cualquier persona, regi\u00f3n geogr\u00e1fica o jurisdicci\u00f3n. Podemos ejercer este derecho seg\u00fan cada caso particular. Nos reservamos el derecho de limitar las cantidades de cualquier producto o servicio que ofrecemos. Todas las descripciones de los productos o los precios de los mismos est\u00e1n sujetos a cambios en cualquier momento sin previo aviso, a nuestra entera discreci\u00f3n. Nos reservamos el derecho de discontinuar cualquier producto en cualquier momento. Cualquier oferta de cualquier producto o servicio realizada en este sitio es nula donde est\u00e9 prohibida.<\/p><p>No garantizamos que la calidad de los productos, servicios, informaci\u00f3n u otros materiales adquiridos u obtenidos por usted satisfagan sus expectativas, ni que se corrijan los errores del Servicio.<\/p><h3 class=\"wp-block-heading\">SECCI\u00d3N 6: EXACTITUD DE LA INFORMACI\u00d3N DE FACTURACI\u00d3N Y DE LA CUENTA<\/h3><p>Nos reservamos el derecho a rechazar cualquier pedido que nos realice. Podemos, a nuestra entera discreci\u00f3n, limitar o cancelar las cantidades compradas por persona, por hogar o por pedido. Estas restricciones pueden incluir pedidos realizados por o bajo la misma cuenta de cliente, la misma tarjeta de cr\u00e9dito y\/o pedidos que utilicen la misma direcci\u00f3n de facturaci\u00f3n y\/o env\u00edo. Si realizamos un cambio o cancelamos un pedido, intentaremos notific\u00e1rselo poni\u00e9ndonos en contacto con usted a trav\u00e9s del correo electr\u00f3nico y\/o la direcci\u00f3n de facturaci\u00f3n\/n\u00famero de tel\u00e9fono proporcionados en el momento de realizar el pedido. Nos reservamos el derecho de limitar o prohibir los pedidos que, a nuestro exclusivo criterio, parezcan haber sido realizados por comerciantes, revendedores o distribuidores.<\/p><p>Usted acepta proporcionar informaci\u00f3n actualizada, completa y precisa sobre sus compras y su cuenta para todas las compras realizadas en nuestra tienda. Usted acepta actualizar sin demora su cuenta y dem\u00e1s informaci\u00f3n, incluyendo su direcci\u00f3n de correo electr\u00f3nico, n\u00fameros de tarjetas de cr\u00e9dito y fechas de caducidad, para que podamos completar sus transacciones y ponernos en contacto con usted cuando sea necesario.<\/p><h3 class=\"wp-block-heading\">SECCI\u00d3N 7: HERRAMIENTAS OPCIONALES<\/h3><p>Podemos proporcionarle acceso a herramientas de terceros sobre las que no supervisamos ni tenemos ning\u00fan control o influencia.<\/p><p>Usted reconoce y acepta que proporcionamos acceso a dichas herramientas \u201dtal cual\u201d y \u201cseg\u00fan disponibilidad\u201d, sin garant\u00edas, declaraciones ni condiciones de ning\u00fan tipo, ni ning\u00fan tipo de respaldo. No asumiremos responsabilidad alguna derivada o relacionada con el uso que usted haga de herramientas opcionales de terceros.<\/p><p>Cualquier uso que usted haga de las herramientas opcionales ofrecidas a trav\u00e9s del sitio es bajo su propio riesgo y discreci\u00f3n, y debe asegurarse de que conoce y acepta los t\u00e9rminos en los que el proveedor o proveedores externos pertinentes proporcionan dichas herramientas.<\/p><p>Tambi\u00e9n es posible que, en el futuro, ofrezcamos nuevos Servicios y\/o funciones a trav\u00e9s del sitio web (incluido el lanzamiento de nuevas herramientas y recursos). Dichas nuevas funciones y\/o Servicios tambi\u00e9n estar\u00e1n sujetos a las presentes Condiciones de servicio.<\/p><h3 class=\"wp-block-heading\">SECCI\u00d3N 8: ENLACES DE TERCEROS<\/h3><p>Ciertos contenidos, productos y servicios disponibles a trav\u00e9s de nuestro Servicio pueden incluir materiales de terceros.<\/p><p>Los enlaces de terceros que aparecen en este sitio pueden dirigirle a sitios web de terceros que no est\u00e1n afiliados a nosotros. No nos hacemos responsables de examinar o evaluar el contenido o la exactitud, y no garantizamos ni asumimos ninguna responsabilidad por los materiales o sitios web de terceros, ni por cualquier otro material, producto o servicio de terceros.<\/p><p>No nos hacemos responsables de ning\u00fan da\u00f1o o perjuicio relacionado con la compra o el uso de bienes, servicios, recursos, contenidos o cualquier otra transacci\u00f3n realizada en relaci\u00f3n con sitios web de terceros. Revise detenidamente las pol\u00edticas y pr\u00e1cticas de terceros y aseg\u00farese de comprenderlas antes de realizar cualquier transacci\u00f3n. Las quejas, reclamaciones, inquietudes o preguntas relacionadas con productos de terceros deben dirigirse a dichos terceros.<\/p><h3 class=\"wp-block-heading\">SECCI\u00d3N 9: COMENTARIOS, OPINIONES Y OTRAS APORTACIONES DE LOS USUARIOS<\/h3><p>Si, a petici\u00f3n nuestra, env\u00eda determinados contenidos espec\u00edficos (por ejemplo, participaciones en concursos) o, sin que se lo hayamos solicitado, env\u00eda ideas creativas, sugerencias, propuestas, planes u otros materiales, ya sea en l\u00ednea, por correo electr\u00f3nico, por correo postal o por cualquier otro medio (en conjunto, \u2018comentarios\u2019), acepta que podamos, en cualquier momento y sin restricciones, editar, copiar, publicar, distribuir, traducir y utilizar de cualquier otra forma en cualquier medio los comentarios que nos env\u00ede. No tenemos ni tendremos ninguna obligaci\u00f3n de (1) mantener la confidencialidad de ning\u00fan comentario; (2) pagar una compensaci\u00f3n por ning\u00fan comentario; o (3) responder a ning\u00fan comentario.<\/p><p>Podemos, sin estar obligados a ello, supervisar, editar o eliminar cualquier contenido que, a nuestro exclusivo criterio, consideremos ilegal, ofensivo, amenazante, calumnioso, difamatorio, pornogr\u00e1fico, obsceno o de cualquier otro modo inaceptable, o que infrinja la propiedad intelectual de cualquier parte o las presentes Condiciones de servicio.<\/p><p>Usted acepta que sus comentarios no infringir\u00e1n ning\u00fan derecho de terceros, incluidos los derechos de autor, marcas comerciales, privacidad, personalidad u otros derechos personales o de propiedad. Adem\u00e1s, acepta que sus comentarios no contendr\u00e1n material difamatorio o ilegal, abusivo u obsceno, ni contendr\u00e1n ning\u00fan virus inform\u00e1tico u otro malware que pueda afectar de alguna manera al funcionamiento del Servicio o de cualquier sitio web relacionado. No podr\u00e1 utilizar una direcci\u00f3n de correo electr\u00f3nico falsa, hacerse pasar por otra persona o enga\u00f1arnos a nosotros o a terceros en cuanto al origen de cualquier comentario. Usted es el \u00fanico responsable de los comentarios que realice y de su veracidad. No asumimos ninguna responsabilidad por los comentarios publicados por usted o por terceros.<\/p><h3 class=\"wp-block-heading\">SECCI\u00d3N 10 \u2013 INFORMACI\u00d3N PERSONAL<\/h3><p>El env\u00edo de informaci\u00f3n personal a trav\u00e9s de la tienda se rige por nuestra Pol\u00edtica de privacidad.<\/p><h3 class=\"wp-block-heading\">SECCI\u00d3N 11: ERRORES, INEXACTITUDES Y OMISIONES<\/h3><p>En ocasiones, puede haber informaci\u00f3n en nuestro sitio web o en el Servicio que contenga errores tipogr\u00e1ficos, inexactitudes u omisiones que puedan estar relacionados con descripciones de productos, precios, promociones, ofertas, gastos de env\u00edo de productos, tiempos de tr\u00e1nsito y disponibilidad. Nos reservamos el derecho de corregir cualquier error, inexactitud u omisi\u00f3n, y de cambiar o actualizar la informaci\u00f3n o cancelar pedidos si cualquier informaci\u00f3n del Servicio o de cualquier sitio web relacionado es inexacta en cualquier momento sin previo aviso (incluso despu\u00e9s de que usted haya enviado su pedido).<\/p><p>No asumimos ninguna obligaci\u00f3n de actualizar, modificar o aclarar la informaci\u00f3n del Servicio o de cualquier sitio web relacionado, incluida, entre otras, la informaci\u00f3n sobre precios, salvo que lo exija la ley. Ninguna fecha de actualizaci\u00f3n o renovaci\u00f3n especificada en el Servicio o en cualquier sitio web relacionado debe interpretarse como indicativa de que toda la informaci\u00f3n del Servicio o de cualquier sitio web relacionado ha sido modificada o actualizada.<\/p><h3 class=\"wp-block-heading\">SECCI\u00d3N 12: USOS PROHIBIDOS<\/h3><p>Adem\u00e1s de otras prohibiciones establecidas en los T\u00e9rminos de servicio, se le proh\u00edbe utilizar el sitio o su contenido: (a) para cualquier prop\u00f3sito ilegal; (b) para solicitar a otros que realicen o participen en actos ilegales; (c) para violar cualquier normativa, regla, ley u ordenanza local internacional, federal, provincial o estatal; (d) para infringir o violar nuestros derechos de propiedad intelectual o los derechos de propiedad intelectual de otros; (e) para acosar, abusar, insultar, da\u00f1ar, difamar, calumniar, menospreciar, intimidar o discriminar por motivos de g\u00e9nero, orientaci\u00f3n sexual, religi\u00f3n, etnia, raza, edad, origen nacional o discapacidad; (f) enviar informaci\u00f3n falsa o enga\u00f1osa; (g) cargar o transmitir virus o cualquier otro tipo de c\u00f3digo malicioso que se utilice o pueda utilizarse de cualquier forma que afecte a la funcionalidad o al funcionamiento del Servicio o de cualquier sitio web relacionado, otros sitios web o Internet; (h) recopilar o rastrear la informaci\u00f3n personal de otros; (i) enviar spam, phishing, pharming, pretexting, spidering, crawling o scraping; (j) para cualquier prop\u00f3sito obsceno o inmoral; o (k) para interferir o eludir las caracter\u00edsticas de seguridad del Servicio o de cualquier sitio web relacionado, otros sitios web o Internet. Nos reservamos el derecho de rescindir su uso del Servicio o de cualquier sitio web relacionado por violar cualquiera de los usos prohibidos.<\/p><h3 class=\"wp-block-heading\">SECCI\u00d3N 13 \u2013 EXENCI\u00d3N DE RESPONSABILIDAD DE GARANT\u00cdAS; LIMITACI\u00d3N DE RESPONSABILIDAD<\/h3><p>No garantizamos ni aseguramos que el uso de nuestro Servicio sea ininterrumpido, oportuno, seguro o libre de errores.<\/p><p>No garantizamos que los resultados que se puedan obtener del uso del Servicio sean precisos o fiables.<\/p><p>Las im\u00e1genes de los paisajes de la regi\u00f3n monta\u00f1osa de Georgia son lo \u00fanico bueno de este melodrama.<\/p><p>Usted acepta que, ocasionalmente, podamos suspender el Servicio por periodos indefinidos o cancelarlo en cualquier momento, sin previo aviso.<\/p><p>Usted acepta expresamente que el uso o la imposibilidad de usar el Servicio es bajo su propio riesgo. El Servicio y todos los productos y Servicios que se le prestan a trav\u00e9s del mismo se proporcionan (salvo que se indique expresamente lo contrario) \u2018tal cual\u2019 y \u2018seg\u00fan disponibilidad\u2019 para su uso, sin ninguna declaraci\u00f3n, garant\u00eda o condici\u00f3n de ning\u00fan tipo, ya sea expresa o impl\u00edcita, incluidas todas las garant\u00edas o condiciones impl\u00edcitas de comerciabilidad, calidad comercial, idoneidad para un fin determinado, durabilidad, titularidad y no infracci\u00f3n.<\/p><p>En ning\u00fan caso nosotros, nuestros directores, funcionarios, empleados, afiliados, agentes, contratistas, pasantes, proveedores, proveedores de servicios o licenciantes seremos responsables de ninguna lesi\u00f3n, p\u00e9rdida, reclamaci\u00f3n o da\u00f1os directos, indirectos, incidentales, punitivos, especiales o consecuentes de ning\u00fan tipo, incluidos, entre otros, la p\u00e9rdida de beneficios, la p\u00e9rdida de ingresos, la p\u00e9rdida de ahorros, la p\u00e9rdida de datos, los costes de sustituci\u00f3n o cualquier da\u00f1o similar, ya sea por contrato, agravio (incluida la negligencia), responsabilidad estricta o de otro tipo, que se derive del uso de cualquiera de los Servicios o de cualquier producto adquirido mediante el Servicio, o por cualquier otra reclamaci\u00f3n relacionada de cualquier manera con su uso del Servicio o cualquier producto, incluyendo, pero sin limitarse a, cualquier error u omisi\u00f3n en cualquier contenido, o cualquier p\u00e9rdida o da\u00f1o de cualquier tipo incurrido como resultado del uso del Servicio o cualquier contenido (o producto) publicado, transmitido o puesto a disposici\u00f3n a trav\u00e9s del Servicio, incluso si se ha advertido de su posibilidad. Dado que algunos estados o jurisdicciones no permiten la exclusi\u00f3n o la limitaci\u00f3n de la responsabilidad por da\u00f1os consecuentes o incidentales, en dichos estados o jurisdicciones, nuestra responsabilidad se limitar\u00e1 al m\u00e1ximo permitido por la ley.<\/p><h3 class=\"wp-block-heading\">SECCI\u00d3N 14 \u2013 INDEMNIZACI\u00d3N<\/h3><p>Usted acepta indemnizar, defender y eximir de responsabilidad a nuestra empresa y a nuestra matriz, filiales, afiliadas, socios, directivos, directores, agentes, contratistas, licenciantes, proveedores de servicios, subcontratistas, proveedores, becarios y empleados frente a cualquier reclamaci\u00f3n o demanda, incluidos los honorarios razonables de abogados, que cualquier tercero pueda presentar como consecuencia del incumplimiento por su parte de las presentes Condiciones de servicio o de los documentos que estas incorporan por referencia, o de la violaci\u00f3n por su parte de cualquier ley o de los derechos de un tercero.<\/p><h3 class=\"wp-block-heading\">SECCI\u00d3N 15 \u2013 DIVISIBILIDAD<\/h3><p>Si alguna disposici\u00f3n de estas Condiciones de servicio se considera ilegal, nula o inaplicable, dicha disposici\u00f3n seguir\u00e1 siendo aplicable en la medida en que lo permita la legislaci\u00f3n aplicable, y la parte inaplicable se considerar\u00e1 separada de estas Condiciones de servicio, sin que dicha determinaci\u00f3n afecte a la validez y aplicabilidad de las dem\u00e1s disposiciones.<\/p><h3 class=\"wp-block-heading\">SECCI\u00d3N 16 \u2013 RESCISI\u00d3N<\/h3><p>Las obligaciones y responsabilidades de las partes contra\u00eddas antes de la fecha de rescisi\u00f3n seguir\u00e1n vigentes tras la rescisi\u00f3n del presente acuerdo a todos los efectos.<\/p><p>Las presentes Condiciones de servicio permanecer\u00e1n vigentes hasta que usted o nosotros las rescindamos. Usted puede rescindir las presentes Condiciones de servicio en cualquier momento notific\u00e1ndonos que ya no desea utilizar nuestros Servicios, o cuando deje de utilizar nuestro sitio web.<\/p><p>Si, a nuestro exclusivo criterio, usted incumple o sospechamos que ha incumplido cualquiera de los t\u00e9rminos o disposiciones de estas Condiciones de servicio, tambi\u00e9n podremos rescindir este acuerdo en cualquier momento sin previo aviso y usted seguir\u00e1 siendo responsable de todos los importes adeudados hasta la fecha de rescisi\u00f3n, incluida esta; y\/o, en consecuencia, podremos denegarle el acceso a nuestros Servicios (o a cualquier parte de los mismos).<\/p><h3 class=\"wp-block-heading\">SECCI\u00d3N 17 \u2013 ACUERDO \u00cdNTEGRO<\/h3><p>El hecho de que no ejerzamos o hagamos valer cualquier derecho o disposici\u00f3n de estas Condiciones de servicio no constituir\u00e1 una renuncia a dicho derecho o disposici\u00f3n.<\/p><p>Las presentes Condiciones de servicio y cualquier pol\u00edtica o norma operativa publicada por nosotros en este sitio web o relacionada con el Servicio constituyen el acuerdo y entendimiento completo entre usted y nosotros, y rigen su uso del Servicio, sustituyendo cualquier acuerdo, comunicaci\u00f3n y propuesta anterior o contempor\u00e1nea, ya sea oral o escrita, entre usted y nosotros (incluidas, entre otras, cualquier versi\u00f3n anterior de las Condiciones de servicio).<\/p><p>Cualquier ambig\u00fcedad en la interpretaci\u00f3n de estas Condiciones de servicio no se interpretar\u00e1 en contra de la parte que las haya redactado.<\/p><h3 class=\"wp-block-heading\">SECCI\u00d3N 18 \u2013 LEY APLICABLE<\/h3><p>Las presentes Condiciones del servicio y cualquier acuerdo independiente por el que le prestemos Servicios se regir\u00e1n e interpretar\u00e1n con arreglo a las leyes de Hong Kong.<\/p><h3 class=\"wp-block-heading\">SECCI\u00d3N 19: MODIFICACIONES DE LAS CONDICIONES DEL SERVICIO<\/h3><p>Puede consultar la versi\u00f3n m\u00e1s reciente de los T\u00e9rminos del servicio en cualquier momento en esta p\u00e1gina.<\/p><p>Nos reservamos el derecho, a nuestra entera discreci\u00f3n, de actualizar, modificar o sustituir cualquier parte de estas Condiciones de servicio mediante la publicaci\u00f3n de actualizaciones y cambios en nuestro sitio web. Es su responsabilidad consultar peri\u00f3dicamente nuestro sitio web para conocer los cambios. El uso o acceso continuado a nuestro sitio web o al Servicio tras la publicaci\u00f3n de cualquier cambio en estas Condiciones de servicio constituye la aceptaci\u00f3n de dichos cambios.<\/p>","protected":false},"excerpt":{"rendered":"<p>Throughout the site, the terms \u201cwe\u201d, \u201cus\u201d and \u201cour\u201d refer to our website. We offers this website, including all information, tools, and Services available from this site to you, the user, conditioned upon your acceptance of all terms, conditions, policies, and notices stated here. By visiting our site and\/ or purchasing something from us, you [&hellip;]<\/p>","protected":false},"author":1,"featured_media":0,"parent":0,"menu_order":0,"comment_status":"closed","ping_status":"closed","template":"","meta":{"_seopress_robots_primary_cat":"","_seopress_titles_title":"","_seopress_titles_desc":"","_seopress_robots_index":"yes","footnotes":""},"class_list":["post-7231","page","type-page","status-publish","hentry"],"_links":{"self":[{"href":"https:\/\/bestcbradio.com\/es\/wp-json\/wp\/v2\/pages\/7231","targetHints":{"allow":["GET"]}}],"collection":[{"href":"https:\/\/bestcbradio.com\/es\/wp-json\/wp\/v2\/pages"}],"about":[{"href":"https:\/\/bestcbradio.com\/es\/wp-json\/wp\/v2\/types\/page"}],"author":[{"embeddable":true,"href":"https:\/\/bestcbradio.com\/es\/wp-json\/wp\/v2\/users\/1"}],"replies":[{"embeddable":true,"href":"https:\/\/bestcbradio.com\/es\/wp-json\/wp\/v2\/comments?post=7231"}],"version-history":[{"count":0,"href":"https:\/\/bestcbradio.com\/es\/wp-json\/wp\/v2\/pages\/7231\/revisions"}],"wp:attachment":[{"href":"https:\/\/bestcbradio.com\/es\/wp-json\/wp\/v2\/media?parent=7231"}],"curies":[{"name":"wp","href":"https:\/\/api.w.org\/{rel}","templated":true}]}}