{"id":7235,"date":"2025-11-11T10:40:31","date_gmt":"2025-11-11T02:40:31","guid":{"rendered":"https:\/\/bestcbradio.com\/?page_id=7235"},"modified":"2025-12-08T10:37:45","modified_gmt":"2025-12-08T02:37:45","slug":"privacy-policy","status":"publish","type":"page","link":"https:\/\/bestcbradio.com\/es\/politica-de-privacidad\/","title":{"rendered":"Pol\u00edtica de privacidad"},"content":{"rendered":"<p>Esta Pol\u00edtica de privacidad describe c\u00f3mo recopilamos, utilizamos y divulgamos su informaci\u00f3n personal cuando visita, utiliza nuestros servicios o realiza una compra en nuestro sitio web o se comunica con nosotros de cualquier otra forma (en conjunto, los \u201cServicios\u201c). A los efectos de esta Pol\u00edtica de privacidad, \u201custed\u201d y \u201csu\u201d se refieren a usted como usuario de los Servicios, ya sea un cliente, visitante del sitio web u otra persona cuya informaci\u00f3n hayamos recopilado en virtud de esta Pol\u00edtica de privacidad.<\/p><p>Lea atentamente esta Pol\u00edtica de privacidad. Al utilizar y acceder a cualquiera de los Servicios, usted acepta la recopilaci\u00f3n, el uso y la divulgaci\u00f3n de su informaci\u00f3n tal y como se describe en esta Pol\u00edtica de privacidad. Si no est\u00e1 de acuerdo con esta Pol\u00edtica de privacidad, no utilice ni acceda a ninguno de los Servicios.<\/p><h3 class=\"wp-block-heading\">Cambios en esta pol\u00edtica de privacidad<\/h3><p>Podemos actualizar esta Pol\u00edtica de privacidad peri\u00f3dicamente, incluyendo para reflejar cambios en nuestras pr\u00e1cticas o por otras razones operativas, legales o reglamentarias. Publicaremos la Pol\u00edtica de privacidad revisada en el Sitio, actualizaremos la fecha de \u201c\u00daltima actualizaci\u00f3n\u201d y tomaremos cualquier otra medida requerida por la ley aplicable.<\/p><h3 class=\"wp-block-heading\">C\u00f3mo recopilamos y utilizamos su informaci\u00f3n personal<\/h3><p>Para prestar los Servicios, recopilamos y hemos recopilado durante los \u00faltimos 12 meses informaci\u00f3n personal sobre usted procedente de diversas fuentes, tal y como se indica a continuaci\u00f3n. La informaci\u00f3n que recopilamos y utilizamos var\u00eda en funci\u00f3n de c\u00f3mo interact\u00fae usted con nosotros.<\/p><p>Adem\u00e1s de los usos espec\u00edficos que se indican a continuaci\u00f3n, podemos utilizar la informaci\u00f3n que recopilamos sobre usted para comunicarnos con usted, prestarle los Servicios, cumplir con cualquier obligaci\u00f3n legal aplicable, hacer cumplir cualquier condici\u00f3n de servicio aplicable y proteger o defender los Servicios, nuestros derechos y los derechos de nuestros usuarios u otros.<\/p><h3 class=\"wp-block-heading\">Qu\u00e9 informaci\u00f3n personal recopilamos<\/h3><p>El tipo de informaci\u00f3n personal que obtenemos sobre usted depende de c\u00f3mo interact\u00faa con nuestro Sitio y utiliza nuestros Servicios. Cuando utilizamos el t\u00e9rmino \u201cinformaci\u00f3n personal\u201d, nos referimos a la informaci\u00f3n que le identifica, se relaciona con usted, le describe o puede asociarse con usted. Las siguientes secciones describen las categor\u00edas y los tipos espec\u00edficos de informaci\u00f3n personal que recopilamos.<\/p><h3 class=\"wp-block-heading\">Informaci\u00f3n que recopilamos directamente de usted<\/h3><p>La informaci\u00f3n que nos env\u00eda directamente a trav\u00e9s de nuestros Servicios puede incluir:<\/p><p>Datos de contacto b\u00e1sicos, incluyendo su nombre, direcci\u00f3n, n\u00famero de tel\u00e9fono y correo electr\u00f3nico.<\/p><p>La informaci\u00f3n del pedido incluye su nombre, direcci\u00f3n de facturaci\u00f3n, direcci\u00f3n de env\u00edo, confirmaci\u00f3n de pago, direcci\u00f3n de correo electr\u00f3nico y n\u00famero de tel\u00e9fono.<\/p><p>Informaci\u00f3n de la cuenta, incluyendo su nombre de usuario, contrase\u00f1a y preguntas de seguridad.<\/p><p>Informaci\u00f3n de compras, incluyendo los art\u00edculos que ves, a\u00f1ades a tu carrito o a\u00f1ades a tu lista de deseos.<\/p><p>Informaci\u00f3n de atenci\u00f3n al cliente, incluida la informaci\u00f3n que usted decida incluir en sus comunicaciones con nosotros, por ejemplo, al enviar un mensaje a trav\u00e9s de los Servicios.<\/p><p>Algunas funciones de los Servicios pueden requerir que nos proporcione directamente cierta informaci\u00f3n sobre usted. Puede optar por no proporcionar esta informaci\u00f3n, pero hacerlo puede impedirle utilizar o acceder a estas funciones.<\/p><h3 class=\"wp-block-heading\">Informaci\u00f3n que recopilamos a trav\u00e9s de cookies<\/h3><p>Tambi\u00e9n recopilamos autom\u00e1ticamente cierta informaci\u00f3n sobre su interacci\u00f3n con los Servicios (\u201cDatos de uso\u201c). Para ello, podemos utilizar cookies, p\u00edxeles y tecnolog\u00edas similares (\u201cCookies\u201c). Los Datos de uso pueden incluir informaci\u00f3n sobre c\u00f3mo accede y utiliza nuestro Sitio y su cuenta, incluida informaci\u00f3n sobre el dispositivo, el navegador, la conexi\u00f3n de red, la direcci\u00f3n IP y otra informaci\u00f3n relacionada con su interacci\u00f3n con los Servicios.<\/p><h3 class=\"wp-block-heading\">Informaci\u00f3n que obtenemos de terceros<\/h3><p>Por \u00faltimo, podemos obtener informaci\u00f3n sobre usted de terceros, incluidos proveedores y prestadores de servicios que pueden recopilar informaci\u00f3n en nuestro nombre, como por ejemplo:<\/p><p>Empresas que apoyan nuestro Sitio y Servicios, como WordPress.<\/p><p>Nuestros procesadores de pagos recopilan informaci\u00f3n de pago (por ejemplo, informaci\u00f3n de cuentas bancarias, tarjetas de cr\u00e9dito o d\u00e9bito, direcciones de facturaci\u00f3n) para procesar su pago, cumplir con sus pedidos y proporcionarle los productos o servicios que ha solicitado, con el fin de cumplir con nuestro contrato con usted.<\/p><p>Cuando visita nuestro Sitio, abre o hace clic en los correos electr\u00f3nicos que le enviamos, o interact\u00faa con nuestros Servicios o anuncios, nosotros, o terceros con los que trabajamos, podemos recopilar autom\u00e1ticamente cierta informaci\u00f3n utilizando tecnolog\u00edas de seguimiento en l\u00ednea, como p\u00edxeles, balizas web, kits de desarrollo de software, bibliotecas de terceros y cookies.<\/p><p>Cualquier informaci\u00f3n que obtengamos de terceros ser\u00e1 tratada de acuerdo con esta Pol\u00edtica de privacidad. No nos hacemos responsables de la exactitud de la informaci\u00f3n que nos proporcionan terceros y no somos responsables de las pol\u00edticas o pr\u00e1cticas de terceros. Para obtener m\u00e1s informaci\u00f3n, consulte la secci\u00f3n siguiente, Sitios web y enlaces de terceros.<\/p><h3 class=\"wp-block-heading\">C\u00f3mo utilizamos su informaci\u00f3n personal<\/h3><p>Suministro de productos y servicios. Utilizamos su informaci\u00f3n personal para prestarle los Servicios y cumplir con nuestro contrato con usted, lo que incluye procesar sus pagos, tramitar sus pedidos, enviarle notificaciones relacionadas con su cuenta, compras, devoluciones, cambios u otras transacciones, crear, mantener y gestionar su cuenta, organizar env\u00edos, facilitar devoluciones y cambios, y permitirle publicar rese\u00f1as.<\/p><p>Marketing y publicidad. Utilizamos su informaci\u00f3n personal con fines de marketing y promocionales, como enviar comunicaciones de marketing, publicidad y promocionales por correo electr\u00f3nico, mensaje de texto o correo postal, y mostrarle anuncios de productos o servicios. Esto puede incluir el uso de su informaci\u00f3n personal para adaptar mejor los Servicios y la publicidad en nuestro Sitio y otros sitios web.<\/p><p>Seguridad y prevenci\u00f3n del fraude. Utilizamos su informaci\u00f3n personal para detectar, investigar o tomar medidas con respecto a posibles actividades fraudulentas, ilegales o maliciosas. Si decide utilizar los Servicios y registrar una cuenta, usted es responsable de mantener seguras las credenciales de su cuenta. Le recomendamos encarecidamente que no comparta su nombre de usuario, contrase\u00f1a u otros datos de acceso con nadie m\u00e1s. Si cree que su cuenta ha sido comprometida, p\u00f3ngase en contacto con nosotros inmediatamente.<\/p><p>Comunicarnos con usted. Utilizamos su informaci\u00f3n personal para proporcionarle asistencia al cliente y mejorar nuestros Servicios. Es nuestro inter\u00e9s leg\u00edtimo responder a sus necesidades, proporcionarle servicios eficaces y mantener nuestra relaci\u00f3n comercial con usted.<\/p><h3 class=\"wp-block-heading\">Cookies<\/h3><p>Al igual que muchos sitios web, utilizamos cookies para impulsar y mejorar nuestro sitio y nuestros servicios (incluido recordar sus acciones y preferencias), realizar an\u00e1lisis y comprender mejor la interacci\u00f3n de los usuarios con los servicios (en nuestro inter\u00e9s leg\u00edtimo por administrar, mejorar y optimizar los servicios). Tambi\u00e9n podemos permitir que terceros y proveedores de servicios utilicen cookies en nuestro sitio para adaptar mejor los servicios, productos y publicidad en nuestro sitio y otros sitios web.<\/p><p>La mayor\u00eda de los navegadores aceptan autom\u00e1ticamente las cookies de forma predeterminada, pero usted puede configurar su navegador para que elimine o rechace las cookies a trav\u00e9s de los controles del navegador. Tenga en cuenta que eliminar o bloquear las cookies puede afectar negativamente a su experiencia de usuario y puede provocar que algunos de los Servicios, incluidas determinadas caracter\u00edsticas y funcionalidades generales, no funcionen correctamente o dejen de estar disponibles. Adem\u00e1s, es posible que el bloqueo de las cookies no impida por completo que compartamos informaci\u00f3n con terceros, como nuestros socios publicitarios.<\/p><h3 class=\"wp-block-heading\">C\u00f3mo divulgamos la informaci\u00f3n personal<\/h3><p>En determinadas circunstancias, podemos divulgar su informaci\u00f3n personal a terceros con fines leg\u00edtimos sujetos a esta Pol\u00edtica de privacidad. Dichas circunstancias pueden incluir:<\/p><p>Con proveedores u otros terceros que prestan servicios en nuestro nombre (por ejemplo, gesti\u00f3n de TI, procesamiento de pagos, an\u00e1lisis de datos, atenci\u00f3n al cliente, almacenamiento en la nube, cumplimiento y env\u00edo).<\/p><p>Con socios comerciales y de marketing, para prestarle servicios y enviarle publicidad.<\/p><p>Nuestros socios comerciales y de marketing utilizar\u00e1n su informaci\u00f3n para sus avisos de privacidad.<\/p><p>Cuando usted nos da instrucciones, nos solicita o consiente de cualquier otra forma que divulguemos cierta informaci\u00f3n a terceros, por ejemplo, para enviar sus productos o mediante el uso de widgets de redes sociales o integraciones de inicio de sesi\u00f3n, con su consentimiento.<\/p><p>Con nuestras filiales o, de otro modo, dentro de nuestro grupo empresarial, en nuestro inter\u00e9s leg\u00edtimo por gestionar un negocio exitoso.<\/p><p>En relaci\u00f3n con una transacci\u00f3n comercial, como una fusi\u00f3n o quiebra, para cumplir con cualquier obligaci\u00f3n legal aplicable (incluida la respuesta a citaciones, \u00f3rdenes de registro y solicitudes similares), para hacer cumplir los t\u00e9rminos de servicio aplicables y para proteger o defender los Servicios, nuestros derechos y los derechos de nuestros usuarios u otros.<\/p><p>No utilizamos ni divulgamos informaci\u00f3n personal confidencial para inferir caracter\u00edsticas sobre usted.<\/p><h3 class=\"wp-block-heading\">Contenido generado por los usuarios<\/h3><p>Los Servicios pueden permitirle publicar rese\u00f1as de productos y otro contenido generado por los usuarios. Si decide enviar contenido generado por los usuarios a cualquier \u00e1rea p\u00fablica de los Servicios, dicho contenido ser\u00e1 p\u00fablico y accesible para cualquier persona.<\/p><p>No controlamos qui\u00e9n tendr\u00e1 acceso a la informaci\u00f3n que usted decida poner a disposici\u00f3n de otros y no podemos garantizar que las partes que tengan acceso a dicha informaci\u00f3n respeten su privacidad o la mantengan segura. No nos hacemos responsables de la privacidad o seguridad de cualquier informaci\u00f3n que usted haga p\u00fablica, ni de la exactitud, uso o mal uso de cualquier informaci\u00f3n que usted revele o reciba de terceros.<\/p><h3 class=\"wp-block-heading\">Sitios web y enlaces de terceros<\/h3><p>Nuestro Sitio puede proporcionar enlaces a sitios web u otras plataformas en l\u00ednea operadas por terceros. Si sigue enlaces a sitios no afiliados ni controlados por nosotros, debe revisar sus pol\u00edticas de privacidad y seguridad, as\u00ed como otros t\u00e9rminos y condiciones. No garantizamos ni nos hacemos responsables de la privacidad o seguridad de dichos sitios, incluida la exactitud, integridad o fiabilidad de la informaci\u00f3n que se encuentra en ellos. La informaci\u00f3n que usted proporcione en lugares p\u00fablicos o semip\u00fablicos, incluida la informaci\u00f3n que comparta en plataformas de redes sociales de terceros, tambi\u00e9n podr\u00e1 ser vista por otros usuarios de los Servicios y\/o usuarios de dichas plataformas de terceros sin limitaci\u00f3n en cuanto a su uso por nuestra parte o por parte de terceros. La inclusi\u00f3n de dichos enlaces no implica, por s\u00ed misma, ning\u00fan respaldo al contenido de dichas plataformas ni a sus propietarios u operadores, salvo lo divulgado en los Servicios.<\/p><h3 class=\"wp-block-heading\">Datos de los ni\u00f1os<\/h3><p>Los Servicios no est\u00e1n destinados a ser utilizados por ni\u00f1os, y no recopilamos deliberadamente ninguna informaci\u00f3n personal sobre ni\u00f1os. Si usted es padre, madre o tutor de un ni\u00f1o que nos ha proporcionado su informaci\u00f3n personal, puede ponerse en contacto con nosotros utilizando los datos de contacto que se indican a continuaci\u00f3n para solicitar que se elimine.<\/p><p>A la fecha de entrada en vigor de la presente Pol\u00edtica de privacidad, no tenemos conocimiento real de que \u201ccompartamos\u201d o \u201cvendamos\u201d (tal y como se definen estos t\u00e9rminos en la legislaci\u00f3n aplicable) informaci\u00f3n personal de menores de 16 a\u00f1os.<\/p><h3 class=\"wp-block-heading\">Seguridad y conservaci\u00f3n de su informaci\u00f3n<\/h3><p>Tenga en cuenta que ninguna medida de seguridad es perfecta o impenetrable, y que no podemos garantizar una \u201cseguridad perfecta\u201d. Adem\u00e1s, cualquier informaci\u00f3n que nos env\u00ede puede no estar segura mientras est\u00e1 en tr\u00e1nsito. Le recomendamos que no utilice canales inseguros para comunicarnos informaci\u00f3n sensible o confidencial.<\/p><p>El tiempo que conservamos su informaci\u00f3n personal depende de diferentes factores, como si necesitamos la informaci\u00f3n para mantener su cuenta, prestar los Servicios, cumplir con obligaciones legales, resolver disputas o hacer cumplir otros contratos y pol\u00edticas aplicables.<\/p><h3 class=\"wp-block-heading\">Sus derechos y opciones<\/h3><p>Dependiendo de d\u00f3nde vivas, puedes tener algunos o todos los derechos que se enumeran a continuaci\u00f3n en relaci\u00f3n con tu informaci\u00f3n personal. Sin embargo, estos derechos no son absolutos y pueden aplicarse solo en determinadas circunstancias y, en ciertos casos, podemos rechazar tu solicitud seg\u00fan lo permita la ley.<\/p><p>Derecho de acceso\/conocimiento. Usted tiene derecho a solicitar acceso a la informaci\u00f3n personal que tenemos sobre usted, incluidos los detalles relacionados con c\u00f3mo utilizamos y compartimos su informaci\u00f3n.<\/p><p>Derecho a eliminar. Usted tiene derecho a solicitar que eliminemos la informaci\u00f3n personal que mantenemos sobre usted.<\/p><p>Derecho a rectificar. Usted tiene derecho a solicitar que rectifiquemos la informaci\u00f3n personal inexacta que mantenemos sobre usted.<\/p><p>Derecho de portabilidad. Usted puede tener derecho a recibir una copia de la informaci\u00f3n personal que tenemos sobre usted y a solicitar que la transfiramos a un tercero, en determinadas circunstancias y con ciertas excepciones.<\/p><p>Restricci\u00f3n del tratamiento: Usted tiene derecho a solicitarnos que dejemos de tratar sus datos personales o que restrinjamos dicho tratamiento.<\/p><p>Retirada del consentimiento: Cuando nos basamos en el consentimiento para procesar su informaci\u00f3n personal, usted tiene derecho a retirar dicho consentimiento.<\/p><p>Apelaci\u00f3n: Usted tiene derecho a apelar nuestra decisi\u00f3n si rechazamos su solicitud. Para ello, responda directamente a nuestra denegaci\u00f3n.<\/p><p>Gesti\u00f3n de las preferencias de comunicaci\u00f3n: Es posible que le enviemos correos electr\u00f3nicos promocionales, pero puede optar por no recibirlos en cualquier momento utilizando la opci\u00f3n para darse de baja que aparece en los correos electr\u00f3nicos que le enviamos. Si decide darse de baja, es posible que sigamos envi\u00e1ndole correos electr\u00f3nicos no promocionales, como los relacionados con su cuenta o con los pedidos que haya realizado.<\/p><p>Puede ejercer cualquiera de estos derechos donde se indique en nuestro Sitio o poni\u00e9ndose en contacto con nosotros utilizando los datos de contacto que se proporcionan a continuaci\u00f3n.<\/p><p>No le discriminaremos por ejercer cualquiera de estos derechos. Es posible que necesitemos recopilar informaci\u00f3n sobre usted para verificar su identidad, como su direcci\u00f3n de correo electr\u00f3nico o la informaci\u00f3n de su cuenta, antes de proporcionar una respuesta sustantiva a la solicitud. Seg\u00fan las leyes aplicables, usted puede designar a un agente autorizado para que realice solicitudes en su nombre con el fin de ejercer sus derechos. Antes de aceptar dicha solicitud de un agente, le pediremos que nos proporcione una prueba de que usted lo ha autorizado para actuar en su nombre, y es posible que necesitemos que verifique su identidad directamente con nosotros. Responderemos a su solicitud con prontitud, tal y como exige la legislaci\u00f3n aplicable.<\/p><h3 class=\"wp-block-heading\">Quejas<\/h3><p>Si tiene alguna queja sobre c\u00f3mo procesamos su informaci\u00f3n personal, p\u00f3ngase en contacto con nosotros utilizando los datos de contacto que se indican a continuaci\u00f3n. Si no est\u00e1 satisfecho con nuestra respuesta a su queja, dependiendo de d\u00f3nde resida, puede tener derecho a apelar nuestra decisi\u00f3n poni\u00e9ndose en contacto con nosotros utilizando los datos de contacto que se indican a continuaci\u00f3n o presentando su queja ante la autoridad local de protecci\u00f3n de datos.<\/p><h3 class=\"wp-block-heading\">Usuarios internacionales<\/h3><p>Tenga en cuenta que podemos transferir, almacenar y procesar su informaci\u00f3n personal fuera del pa\u00eds en el que reside, incluido Estados Unidos. Su informaci\u00f3n personal tambi\u00e9n es procesada por personal y proveedores de servicios externos y socios en estos pa\u00edses.<\/p><p>Si transferimos su informaci\u00f3n personal fuera de Europa, nos basaremos en mecanismos de transferencia reconocidos, como las cl\u00e1usulas contractuales tipo de la Comisi\u00f3n Europea o cualquier contrato equivalente emitido por la autoridad competente pertinente del Reino Unido, seg\u00fan corresponda, a menos que la transferencia de datos se realice a un pa\u00eds que se haya determinado que ofrece un nivel adecuado de protecci\u00f3n.<\/p><h3 class=\"wp-block-heading\">Contacto<\/h3><p>Si tiene alguna pregunta sobre nuestras pr\u00e1cticas de privacidad o esta Pol\u00edtica de privacidad, o si desea ejercer cualquiera de los derechos que le asisten, env\u00edenos un correo electr\u00f3nico a:\u00a0<a href=\"mailto:service@bestcbradio.com\">service@bestcbradio.com<\/a>.<\/p><p><\/p>","protected":false},"excerpt":{"rendered":"<p>This Privacy Policy describes how we collects, uses, and discloses your personal information when you visit, use our services, or make a purchase from our website or otherwise communicate with us (collectively, the \u201cServices\u201c). For purposes of this Privacy Policy, \u201cyou\u201d and \u201cyour\u201d means you as the user of the Services, whether you are a [&hellip;]<\/p>","protected":false},"author":1,"featured_media":0,"parent":0,"menu_order":0,"comment_status":"closed","ping_status":"closed","template":"","meta":{"_seopress_robots_primary_cat":"","_seopress_titles_title":"","_seopress_titles_desc":"","_seopress_robots_index":"yes","footnotes":""},"class_list":["post-7235","page","type-page","status-publish","hentry"],"_links":{"self":[{"href":"https:\/\/bestcbradio.com\/es\/wp-json\/wp\/v2\/pages\/7235","targetHints":{"allow":["GET"]}}],"collection":[{"href":"https:\/\/bestcbradio.com\/es\/wp-json\/wp\/v2\/pages"}],"about":[{"href":"https:\/\/bestcbradio.com\/es\/wp-json\/wp\/v2\/types\/page"}],"author":[{"embeddable":true,"href":"https:\/\/bestcbradio.com\/es\/wp-json\/wp\/v2\/users\/1"}],"replies":[{"embeddable":true,"href":"https:\/\/bestcbradio.com\/es\/wp-json\/wp\/v2\/comments?post=7235"}],"version-history":[{"count":0,"href":"https:\/\/bestcbradio.com\/es\/wp-json\/wp\/v2\/pages\/7235\/revisions"}],"wp:attachment":[{"href":"https:\/\/bestcbradio.com\/es\/wp-json\/wp\/v2\/media?parent=7235"}],"curies":[{"name":"wp","href":"https:\/\/api.w.org\/{rel}","templated":true}]}}