{"id":7363,"date":"2025-11-12T10:24:50","date_gmt":"2025-11-12T02:24:50","guid":{"rendered":"https:\/\/bestcbradio.com\/?post_type=product&#038;p=7363"},"modified":"2026-04-09T09:11:22","modified_gmt":"2026-04-09T01:11:22","slug":"luiton-lt-298-cb-radio","status":"publish","type":"product","link":"https:\/\/bestcbradio.com\/es\/producto\/luiton-lt-298-cb-radio\/","title":{"rendered":"Radio CB Luiton LT-298"},"content":{"rendered":"<div class=\"wp-block-columns are-vertically-aligned-center is-layout-flex wp-container-core-columns-is-layout-28f84493 wp-block-columns-is-layout-flex\"><div class=\"wp-block-column is-vertically-aligned-center is-layout-flow wp-block-column-is-layout-flow\"><figure class=\"wp-block-image size-full\"><img fetchpriority=\"high\" decoding=\"async\" width=\"800\" height=\"500\" src=\"https:\/\/bestcbradio.com\/wp-content\/uploads\/lt-298-cb-radio-feature-1.webp\" alt=\"lt 298 cb radio feature 1\" class=\"wp-image-7354\" srcset=\"https:\/\/bestcbradio.com\/wp-content\/uploads\/lt-298-cb-radio-feature-1.webp 800w, https:\/\/bestcbradio.com\/wp-content\/uploads\/lt-298-cb-radio-feature-1-300x188.webp 300w, https:\/\/bestcbradio.com\/wp-content\/uploads\/lt-298-cb-radio-feature-1-768x480.webp 768w, https:\/\/bestcbradio.com\/wp-content\/uploads\/lt-298-cb-radio-feature-1-441x276.webp 441w, https:\/\/bestcbradio.com\/wp-content\/uploads\/lt-298-cb-radio-feature-1-150x94.webp 150w\" sizes=\"(max-width: 800px) 100vw, 800px\" \/><\/figure><\/div>\n\n<div class=\"wp-block-column is-vertically-aligned-center is-layout-flow wp-block-column-is-layout-flow\" style=\"flex-basis:40%\"><h2 class=\"wp-block-heading\">Comunicaci\u00f3n vers\u00e1til<\/h2>\n\n<p>Esta radio CB ofrece 40 canales en modos AM\/FM y funciona dentro de una gama de frecuencias de 25,615-28,305 MHz, lo que la hace adecuada para diversas necesidades de comunicaci\u00f3n mientras se viaja.<\/p>\n\n<p><\/p><\/div><\/div><div style=\"height:30px\" aria-hidden=\"true\" class=\"wp-block-spacer\"><\/div><div class=\"wp-block-columns are-vertically-aligned-center is-layout-flex wp-container-core-columns-is-layout-28f84493 wp-block-columns-is-layout-flex\"><div class=\"wp-block-column is-vertically-aligned-center is-layout-flow wp-block-column-is-layout-flow\"><h2 class=\"wp-block-heading\">Rendimiento fiable<\/h2>\n\n<p>Con un sintetizador P.L.L. controlado por CPU, esta radio proporciona un control preciso de la frecuencia y la estabilidad, junto con una potencia m\u00e1xima de salida de RF de 4 W para transmisiones fuertes y claras.<\/p>\n\n<p><\/p><\/div>\n\n<div class=\"wp-block-column is-vertically-aligned-center is-layout-flow wp-block-column-is-layout-flow\" style=\"flex-basis:60%\"><figure class=\"wp-block-image size-full\"><img decoding=\"async\" width=\"800\" height=\"500\" src=\"https:\/\/bestcbradio.com\/wp-content\/uploads\/lt-298-cb-radio-feature-2.webp\" alt=\"lt 298 cb radio feature 2\" class=\"wp-image-7355\" srcset=\"https:\/\/bestcbradio.com\/wp-content\/uploads\/lt-298-cb-radio-feature-2.webp 800w, https:\/\/bestcbradio.com\/wp-content\/uploads\/lt-298-cb-radio-feature-2-300x188.webp 300w, https:\/\/bestcbradio.com\/wp-content\/uploads\/lt-298-cb-radio-feature-2-768x480.webp 768w, https:\/\/bestcbradio.com\/wp-content\/uploads\/lt-298-cb-radio-feature-2-441x276.webp 441w, https:\/\/bestcbradio.com\/wp-content\/uploads\/lt-298-cb-radio-feature-2-150x94.webp 150w\" sizes=\"(max-width: 800px) 100vw, 800px\" \/><\/figure><\/div><\/div><div style=\"height:30px\" aria-hidden=\"true\" class=\"wp-block-spacer\"><\/div><div class=\"wp-block-columns are-vertically-aligned-center is-layout-flex wp-container-core-columns-is-layout-28f84493 wp-block-columns-is-layout-flex\"><div class=\"wp-block-column is-vertically-aligned-center is-layout-flow wp-block-column-is-layout-flow\"><figure class=\"wp-block-image size-full\"><img decoding=\"async\" width=\"800\" height=\"500\" src=\"https:\/\/bestcbradio.com\/wp-content\/uploads\/lt-298-cb-radio-feature-3.webp\" alt=\"lt 298 cb radio feature 3\" class=\"wp-image-7356\" srcset=\"https:\/\/bestcbradio.com\/wp-content\/uploads\/lt-298-cb-radio-feature-3.webp 800w, https:\/\/bestcbradio.com\/wp-content\/uploads\/lt-298-cb-radio-feature-3-300x188.webp 300w, https:\/\/bestcbradio.com\/wp-content\/uploads\/lt-298-cb-radio-feature-3-768x480.webp 768w, https:\/\/bestcbradio.com\/wp-content\/uploads\/lt-298-cb-radio-feature-3-441x276.webp 441w, https:\/\/bestcbradio.com\/wp-content\/uploads\/lt-298-cb-radio-feature-3-150x94.webp 150w\" sizes=\"(max-width: 800px) 100vw, 800px\" \/><\/figure><\/div>\n\n<div class=\"wp-block-column is-vertically-aligned-center is-layout-flow wp-block-column-is-layout-flow\" style=\"flex-basis:40%\"><h2 class=\"wp-block-heading\">Excelente acogida<\/h2>\n\n<p>El sistema superheterodino de doble conversi\u00f3n mejora la sensibilidad y la claridad, permitiendo una recepci\u00f3n eficaz de se\u00f1ales d\u00e9biles con \u00edndices de sensibilidad de -120dBm para FM y -107dBm para AM.<\/p>\n\n<p><\/p>\n\n<p><\/p><\/div><\/div><div style=\"height:30px\" aria-hidden=\"true\" class=\"wp-block-spacer\"><\/div><div class=\"wp-block-columns are-vertically-aligned-center is-layout-flex wp-container-core-columns-is-layout-28f84493 wp-block-columns-is-layout-flex\"><div class=\"wp-block-column is-vertically-aligned-center is-layout-flow wp-block-column-is-layout-flow\"><h2 class=\"wp-block-heading\">Calidad de audio<\/h2>\n\n<p>Esta radio ofrece una salida de audio n\u00edtida de 2,5 W a 8 ohmios con una distorsi\u00f3n m\u00ednima bajo 8%, mientras que su \u00edndice de rechazo de im\u00e1genes de 65 dB y su rechazo de canales adyacentes de 85 dB ayudan a reducir las interferencias.<\/p>\n\n<p><\/p><\/div>\n\n<div class=\"wp-block-column is-vertically-aligned-center is-layout-flow wp-block-column-is-layout-flow\" style=\"flex-basis:60%\"><figure class=\"wp-block-image size-full\"><img loading=\"lazy\" decoding=\"async\" width=\"800\" height=\"500\" src=\"https:\/\/bestcbradio.com\/wp-content\/uploads\/lt-298-cb-radio-feature-4.webp\" alt=\"lt 298 cb radio feature 4\" class=\"wp-image-7357\" srcset=\"https:\/\/bestcbradio.com\/wp-content\/uploads\/lt-298-cb-radio-feature-4.webp 800w, https:\/\/bestcbradio.com\/wp-content\/uploads\/lt-298-cb-radio-feature-4-300x188.webp 300w, https:\/\/bestcbradio.com\/wp-content\/uploads\/lt-298-cb-radio-feature-4-768x480.webp 768w, https:\/\/bestcbradio.com\/wp-content\/uploads\/lt-298-cb-radio-feature-4-441x276.webp 441w, https:\/\/bestcbradio.com\/wp-content\/uploads\/lt-298-cb-radio-feature-4-150x94.webp 150w\" sizes=\"(max-width: 800px) 100vw, 800px\" \/><\/figure><\/div><\/div><div style=\"height:30px\" aria-hidden=\"true\" class=\"wp-block-spacer\"><\/div><div class=\"wp-block-columns are-vertically-aligned-center is-layout-flex wp-container-core-columns-is-layout-28f84493 wp-block-columns-is-layout-flex\"><div class=\"wp-block-column is-vertically-aligned-center is-layout-flow wp-block-column-is-layout-flow\"><figure class=\"wp-block-image size-full\"><img loading=\"lazy\" decoding=\"async\" width=\"800\" height=\"500\" src=\"https:\/\/bestcbradio.com\/wp-content\/uploads\/lt-298-cb-radio-feature-5.webp\" alt=\"lt 298 cb radio feature 5\" class=\"wp-image-7358\" srcset=\"https:\/\/bestcbradio.com\/wp-content\/uploads\/lt-298-cb-radio-feature-5.webp 800w, https:\/\/bestcbradio.com\/wp-content\/uploads\/lt-298-cb-radio-feature-5-300x188.webp 300w, https:\/\/bestcbradio.com\/wp-content\/uploads\/lt-298-cb-radio-feature-5-768x480.webp 768w, https:\/\/bestcbradio.com\/wp-content\/uploads\/lt-298-cb-radio-feature-5-441x276.webp 441w, https:\/\/bestcbradio.com\/wp-content\/uploads\/lt-298-cb-radio-feature-5-150x94.webp 150w\" sizes=\"(max-width: 800px) 100vw, 800px\" \/><\/figure><\/div>\n\n<div class=\"wp-block-column is-vertically-aligned-center is-layout-flow wp-block-column-is-layout-flow\" style=\"flex-basis:40%\"><h2 class=\"wp-block-heading\">Compacto y ligero<\/h2>\n\n<p>Con un tama\u00f1o compacto de 115 mm (L) x 38 mm (A) x 150 mm (P) y un peso de s\u00f3lo 0,8 kg, esta radio es f\u00e1cil de instalar en diversos veh\u00edculos y de manejar durante la instalaci\u00f3n.<\/p>\n\n<p><\/p><\/div><\/div>","protected":false},"excerpt":{"rendered":"<details open>\n<summary>Puntos fuertes del producto<\/summary>\n<div class=\"cg-accordion-item\"> \u2714Frecuencia:25,615-28,305 MHz<br \/>\n\u271440 canales AM\/FM<br \/>\n\u2714Interruptor del canal 9\/19<br \/>\n\u27144W Potencia RF<br \/>\n\u27142 D\u00edgitos Indicador de canal<br \/>\n\u2714 Micr\u00f3fono arriba\/abajo <\/div>\n<\/details>\n<details >\n<summary>Consumo eficiente de energ\u00eda<\/summary>\n<div class=\"cg-accordion-item\"> Esta radio funciona con una tensi\u00f3n de entrada de CC de 13,8 Vcc \u00b115% y tiene un drenaje de corriente de 220 mA en modo de espera y de 1.000 mA durante la transmisi\u00f3n, lo que la hace eficiente para un uso prolongado. <\/div>\n<\/details>\n<details >\n<summary>Radio CB Canal 19 Frecuencia<\/summary>\n<div class=\"cg-accordion-item\"> El canal 19 de radio CB utiliza la frecuencia de 27,185 MHz y es principalmente para el tr\u00e1fico de carretera. Los camioneros recurren a \u00e9l para compartir las condiciones de la carretera. Tambi\u00e9n es el centro de la banda CB y un canal de llamada com\u00fan, aunque su prop\u00f3sito principal sigue siendo la comunicaci\u00f3n en carretera. <\/div>\n<\/details>","protected":false},"featured_media":7348,"comment_status":"open","ping_status":"closed","template":"","meta":{"_seopress_robots_primary_cat":"none","_seopress_titles_title":"AM\/FM Professional CB Radio with 4W RF Power and 40 Channels","_seopress_titles_desc":"Luiton LT-298 Professional CB Radio - 40 AM\/FM channels, 25.615-28.305 MHz, 4W RF power. CPU-controlled P.L.L. synthesizer, double conversion superheterodyne system. Channel 9\/19 switch, compact 0.8kg design. $71.99. Worldwide shipping available.","_seopress_robots_index":""},"product_brand":[54],"product_cat":[53],"product_tag":[],"class_list":{"0":"post-7363","1":"product","2":"type-product","3":"status-publish","4":"has-post-thumbnail","6":"product_brand-luiton","7":"product_cat-cb-radios","9":"first","10":"instock","11":"shipping-taxable","12":"purchasable","13":"product-type-variable","14":"has-default-attributes"},"_links":{"self":[{"href":"https:\/\/bestcbradio.com\/es\/wp-json\/wp\/v2\/product\/7363","targetHints":{"allow":["GET"]}}],"collection":[{"href":"https:\/\/bestcbradio.com\/es\/wp-json\/wp\/v2\/product"}],"about":[{"href":"https:\/\/bestcbradio.com\/es\/wp-json\/wp\/v2\/types\/product"}],"replies":[{"embeddable":true,"href":"https:\/\/bestcbradio.com\/es\/wp-json\/wp\/v2\/comments?post=7363"}],"wp:featuredmedia":[{"embeddable":true,"href":"https:\/\/bestcbradio.com\/es\/wp-json\/wp\/v2\/media\/7348"}],"wp:attachment":[{"href":"https:\/\/bestcbradio.com\/es\/wp-json\/wp\/v2\/media?parent=7363"}],"wp:term":[{"taxonomy":"product_brand","embeddable":true,"href":"https:\/\/bestcbradio.com\/es\/wp-json\/wp\/v2\/product_brand?post=7363"},{"taxonomy":"product_cat","embeddable":true,"href":"https:\/\/bestcbradio.com\/es\/wp-json\/wp\/v2\/product_cat?post=7363"},{"taxonomy":"product_tag","embeddable":true,"href":"https:\/\/bestcbradio.com\/es\/wp-json\/wp\/v2\/product_tag?post=7363"}],"curies":[{"name":"wp","href":"https:\/\/api.w.org\/{rel}","templated":true}]}}