{"id":7449,"date":"2025-11-13T09:20:34","date_gmt":"2025-11-13T01:20:34","guid":{"rendered":"https:\/\/bestcbradio.com\/?post_type=product&#038;p=7449"},"modified":"2026-01-13T16:13:25","modified_gmt":"2026-01-13T08:13:25","slug":"luiton-lt-505afx-cb-radio","status":"publish","type":"product","link":"https:\/\/bestcbradio.com\/es\/producto\/luiton-lt-505afx-radio-cb\/","title":{"rendered":"Radio CB Luiton LT-505AFX"},"content":{"rendered":"<div class=\"wp-block-columns are-vertically-aligned-center is-layout-flex wp-container-core-columns-is-layout-28f84493 wp-block-columns-is-layout-flex\"><div class=\"wp-block-column is-vertically-aligned-center is-layout-flow wp-block-column-is-layout-flow\"><figure class=\"wp-block-image size-full\"><img fetchpriority=\"high\" decoding=\"async\" width=\"800\" height=\"500\" src=\"https:\/\/bestcbradio.com\/wp-content\/uploads\/luiton-lt-505-afx-cb-radio-feature-1.webp\" alt=\"luiton lt 505 afx cb radio caracter\u00edstica 1\" class=\"wp-image-7457\" srcset=\"https:\/\/bestcbradio.com\/wp-content\/uploads\/luiton-lt-505-afx-cb-radio-feature-1.webp 800w, https:\/\/bestcbradio.com\/wp-content\/uploads\/luiton-lt-505-afx-cb-radio-feature-1-300x188.webp 300w, https:\/\/bestcbradio.com\/wp-content\/uploads\/luiton-lt-505-afx-cb-radio-feature-1-768x480.webp 768w, https:\/\/bestcbradio.com\/wp-content\/uploads\/luiton-lt-505-afx-cb-radio-feature-1-441x276.webp 441w, https:\/\/bestcbradio.com\/wp-content\/uploads\/luiton-lt-505-afx-cb-radio-feature-1-150x94.webp 150w\" sizes=\"(max-width: 800px) 100vw, 800px\" \/><\/figure><\/div>\n\n<div class=\"wp-block-column is-vertically-aligned-center is-layout-flow wp-block-column-is-layout-flow\" style=\"flex-basis:40%\"><h2 class=\"wp-block-heading\">Comunicaci\u00f3n fiable<\/h2>\n\n<p>La baja interferencia de transmisi\u00f3n de la radio, inferior a 4nW (-54dBm), garantiza que sus mensajes se transmitan con claridad, lo que la convierte en una opci\u00f3n fiable para la comunicaci\u00f3n en carretera.<\/p>\n\n<p><\/p><\/div><\/div><div style=\"height:30px\" aria-hidden=\"true\" class=\"wp-block-spacer\"><\/div><div class=\"wp-block-columns are-vertically-aligned-center is-layout-flex wp-container-core-columns-is-layout-28f84493 wp-block-columns-is-layout-flex\"><div class=\"wp-block-column is-vertically-aligned-center is-layout-flow wp-block-column-is-layout-flow\"><h2 class=\"wp-block-heading\">Dise\u00f1o compacto y ligero<\/h2>\n\n<p>Con unas dimensiones de 12,88 x 6,03 x 2,31 mm y un peso de 761 g, esta radio es f\u00e1cil de instalar y transportar, encajando perfectamente en su cami\u00f3n sin ocupar mucho espacio.<\/p>\n\n<p><\/p><\/div>\n\n<div class=\"wp-block-column is-vertically-aligned-center is-layout-flow wp-block-column-is-layout-flow\" style=\"flex-basis:60%\"><figure class=\"wp-block-image size-full\"><img decoding=\"async\" width=\"800\" height=\"500\" src=\"https:\/\/bestcbradio.com\/wp-content\/uploads\/luiton-lt-505-afx-cb-radio-feature-2.webp\" alt=\"luiton lt 505 afx cb radio feature 2\" class=\"wp-image-7458\" srcset=\"https:\/\/bestcbradio.com\/wp-content\/uploads\/luiton-lt-505-afx-cb-radio-feature-2.webp 800w, https:\/\/bestcbradio.com\/wp-content\/uploads\/luiton-lt-505-afx-cb-radio-feature-2-300x188.webp 300w, https:\/\/bestcbradio.com\/wp-content\/uploads\/luiton-lt-505-afx-cb-radio-feature-2-768x480.webp 768w, https:\/\/bestcbradio.com\/wp-content\/uploads\/luiton-lt-505-afx-cb-radio-feature-2-441x276.webp 441w, https:\/\/bestcbradio.com\/wp-content\/uploads\/luiton-lt-505-afx-cb-radio-feature-2-150x94.webp 150w\" sizes=\"(max-width: 800px) 100vw, 800px\" \/><\/figure><\/div><\/div><div style=\"height:30px\" aria-hidden=\"true\" class=\"wp-block-spacer\"><\/div><div class=\"wp-block-columns are-vertically-aligned-center is-layout-flex wp-container-core-columns-is-layout-28f84493 wp-block-columns-is-layout-flex\"><div class=\"wp-block-column is-vertically-aligned-center is-layout-flow wp-block-column-is-layout-flow\"><figure class=\"wp-block-image size-full\"><img decoding=\"async\" width=\"800\" height=\"500\" src=\"https:\/\/bestcbradio.com\/wp-content\/uploads\/luiton-lt-505-afx-cb-radio-feature-3.webp\" alt=\"luiton lt 505 afx cb radio caracter\u00edstica 3\" class=\"wp-image-7459\" srcset=\"https:\/\/bestcbradio.com\/wp-content\/uploads\/luiton-lt-505-afx-cb-radio-feature-3.webp 800w, https:\/\/bestcbradio.com\/wp-content\/uploads\/luiton-lt-505-afx-cb-radio-feature-3-300x188.webp 300w, https:\/\/bestcbradio.com\/wp-content\/uploads\/luiton-lt-505-afx-cb-radio-feature-3-768x480.webp 768w, https:\/\/bestcbradio.com\/wp-content\/uploads\/luiton-lt-505-afx-cb-radio-feature-3-441x276.webp 441w, https:\/\/bestcbradio.com\/wp-content\/uploads\/luiton-lt-505-afx-cb-radio-feature-3-150x94.webp 150w\" sizes=\"(max-width: 800px) 100vw, 800px\" \/><\/figure><\/div>\n\n<div class=\"wp-block-column is-vertically-aligned-center is-layout-flow wp-block-column-is-layout-flow\" style=\"flex-basis:40%\"><h2 class=\"wp-block-heading\">Radio bidireccional para cami\u00f3n<\/h2>\n\n<p>Esta radio bidireccional funciona en los modos AM\/FM dentro de la gama de frecuencias 26,965-27,405MHz, proporcionando una comunicaci\u00f3n clara con una potencia de salida de 4W e interferencias m\u00ednimas para se\u00f1ales fiables.<\/p>\n\n<p><\/p>\n\n<p><\/p><\/div><\/div><div style=\"height:30px\" aria-hidden=\"true\" class=\"wp-block-spacer\"><\/div><div class=\"wp-block-columns are-vertically-aligned-center is-layout-flex wp-container-core-columns-is-layout-28f84493 wp-block-columns-is-layout-flex\"><div class=\"wp-block-column is-vertically-aligned-center is-layout-flow wp-block-column-is-layout-flow\"><h2 class=\"wp-block-heading\">Calidad de audio mejorada<\/h2>\n\n<p>Esta radio ofrece un rango de respuesta de audio de 300HZ a 2KHZ tanto en AM como en FM, lo que garantiza que las conversaciones sean claras y f\u00e1ciles de entender, con una potencia de salida de audio m\u00e1xima de 2W.<\/p>\n\n<p><\/p><\/div>\n\n<div class=\"wp-block-column is-vertically-aligned-center is-layout-flow wp-block-column-is-layout-flow\" style=\"flex-basis:60%\"><figure class=\"wp-block-image size-full\"><img loading=\"lazy\" decoding=\"async\" width=\"800\" height=\"500\" src=\"https:\/\/bestcbradio.com\/wp-content\/uploads\/luiton-lt-505-afx-cb-radio-feature-4.webp\" alt=\"luiton lt 505 afx cb radio caracter\u00edstica 4\" class=\"wp-image-7460\" srcset=\"https:\/\/bestcbradio.com\/wp-content\/uploads\/luiton-lt-505-afx-cb-radio-feature-4.webp 800w, https:\/\/bestcbradio.com\/wp-content\/uploads\/luiton-lt-505-afx-cb-radio-feature-4-300x188.webp 300w, https:\/\/bestcbradio.com\/wp-content\/uploads\/luiton-lt-505-afx-cb-radio-feature-4-768x480.webp 768w, https:\/\/bestcbradio.com\/wp-content\/uploads\/luiton-lt-505-afx-cb-radio-feature-4-441x276.webp 441w, https:\/\/bestcbradio.com\/wp-content\/uploads\/luiton-lt-505-afx-cb-radio-feature-4-150x94.webp 150w\" sizes=\"(max-width: 800px) 100vw, 800px\" \/><\/figure><\/div><\/div><div style=\"height:30px\" aria-hidden=\"true\" class=\"wp-block-spacer\"><\/div><div class=\"wp-block-columns are-vertically-aligned-center is-layout-flex wp-container-core-columns-is-layout-28f84493 wp-block-columns-is-layout-flex\"><div class=\"wp-block-column is-vertically-aligned-center is-layout-flow wp-block-column-is-layout-flow\"><figure class=\"wp-block-image size-full\"><img loading=\"lazy\" decoding=\"async\" width=\"800\" height=\"500\" src=\"https:\/\/bestcbradio.com\/wp-content\/uploads\/luiton-lt-505-afx-cb-radio-feature-5.webp\" alt=\"luiton lt 505 afx cb radio caracter\u00edstica 5\" class=\"wp-image-7461\" srcset=\"https:\/\/bestcbradio.com\/wp-content\/uploads\/luiton-lt-505-afx-cb-radio-feature-5.webp 800w, https:\/\/bestcbradio.com\/wp-content\/uploads\/luiton-lt-505-afx-cb-radio-feature-5-300x188.webp 300w, https:\/\/bestcbradio.com\/wp-content\/uploads\/luiton-lt-505-afx-cb-radio-feature-5-768x480.webp 768w, https:\/\/bestcbradio.com\/wp-content\/uploads\/luiton-lt-505-afx-cb-radio-feature-5-441x276.webp 441w, https:\/\/bestcbradio.com\/wp-content\/uploads\/luiton-lt-505-afx-cb-radio-feature-5-150x94.webp 150w\" sizes=\"(max-width: 800px) 100vw, 800px\" \/><\/figure><\/div>\n\n<div class=\"wp-block-column is-vertically-aligned-center is-layout-flow wp-block-column-is-layout-flow\" style=\"flex-basis:40%\"><h2 class=\"wp-block-heading\">Recepci\u00f3n eficaz<\/h2>\n\n<p>Alcanza una sensibilidad m\u00e1xima de 1,5uV-103dBm AM y 0,8\u03bcV-113 dBm FM, lo que permite una recepci\u00f3n fiable de la se\u00f1al, mientras que la selectividad de canal adyacente de 60dB ayuda a reducir las interferencias de otros canales.<\/p>\n\n<p><\/p><\/div><\/div><p><\/p>","protected":false},"excerpt":{"rendered":"<details open>\n<summary>Puntos fuertes del producto<\/summary>\n<div class=\"cg-accordion-item\"> \u2714Frequency:26.965-27.405MHz<br \/>\n\u27144W de potencia AM\/FM<br \/>\n\u2714Canales de emergencia:CH9<br \/>\nCanales:40<br \/>\nFunci\u00f3n \u2714SQ<br \/>\n\u2714Funci\u00f3n de escaneo <\/div>\n<\/details>\n<details >\n<summary>Sensibilidad del micr\u00f3fono mejorada<\/summary>\n<div class=\"cg-accordion-item\"> Con una sensibilidad de micr\u00f3fono de 3 mV, esta radio garantiza una transmisi\u00f3n de voz clara. Ayuda a los usuarios a comunicarse con eficacia, lo que la convierte en una opci\u00f3n fiable para las conversaciones. <\/div>\n<\/details>\n<details >\n<summary>Sensibilidad de silenciamiento ajustable<\/summary>\n<div class=\"cg-accordion-item\"> La radio ofrece sensibilidad de silenciamiento ajustable, lo que permite a los usuarios optimizar la recepci\u00f3n en funci\u00f3n de su entorno. Esta funci\u00f3n ayuda a mejorar la claridad de la se\u00f1al en diferentes condiciones. <\/div>\n<\/details>","protected":false},"featured_media":8013,"comment_status":"open","ping_status":"closed","template":"","meta":{"_seopress_robots_primary_cat":"none","_seopress_titles_title":"4 Watts CB Radio with AM\/FM mode-Scan Function, CH9|Luiton","_seopress_titles_desc":"","_seopress_robots_index":""},"product_brand":[54],"product_cat":[53],"product_tag":[],"class_list":{"0":"post-7449","1":"product","2":"type-product","3":"status-publish","4":"has-post-thumbnail","6":"product_brand-luiton","7":"product_cat-cb-radios","9":"first","10":"instock","11":"shipping-taxable","12":"purchasable","13":"product-type-variable","14":"has-default-attributes"},"_links":{"self":[{"href":"https:\/\/bestcbradio.com\/es\/wp-json\/wp\/v2\/product\/7449","targetHints":{"allow":["GET"]}}],"collection":[{"href":"https:\/\/bestcbradio.com\/es\/wp-json\/wp\/v2\/product"}],"about":[{"href":"https:\/\/bestcbradio.com\/es\/wp-json\/wp\/v2\/types\/product"}],"replies":[{"embeddable":true,"href":"https:\/\/bestcbradio.com\/es\/wp-json\/wp\/v2\/comments?post=7449"}],"wp:featuredmedia":[{"embeddable":true,"href":"https:\/\/bestcbradio.com\/es\/wp-json\/wp\/v2\/media\/8013"}],"wp:attachment":[{"href":"https:\/\/bestcbradio.com\/es\/wp-json\/wp\/v2\/media?parent=7449"}],"wp:term":[{"taxonomy":"product_brand","embeddable":true,"href":"https:\/\/bestcbradio.com\/es\/wp-json\/wp\/v2\/product_brand?post=7449"},{"taxonomy":"product_cat","embeddable":true,"href":"https:\/\/bestcbradio.com\/es\/wp-json\/wp\/v2\/product_cat?post=7449"},{"taxonomy":"product_tag","embeddable":true,"href":"https:\/\/bestcbradio.com\/es\/wp-json\/wp\/v2\/product_tag?post=7449"}],"curies":[{"name":"wp","href":"https:\/\/api.w.org\/{rel}","templated":true}]}}