{"id":7489,"date":"2025-11-13T10:49:19","date_gmt":"2025-11-13T02:49:19","guid":{"rendered":"https:\/\/bestcbradio.com\/?post_type=product&#038;p=7489"},"modified":"2026-01-04T16:40:13","modified_gmt":"2026-01-04T08:40:13","slug":"luiton-lt-198-cb-radio","status":"publish","type":"product","link":"https:\/\/bestcbradio.com\/es\/producto\/luiton-lt-198-radio-cb\/","title":{"rendered":"Radio CB Luiton LT-198"},"content":{"rendered":"<div class=\"wp-block-columns are-vertically-aligned-center is-layout-flex wp-container-core-columns-is-layout-28f84493 wp-block-columns-is-layout-flex\"><div class=\"wp-block-column is-vertically-aligned-center is-layout-flow wp-block-column-is-layout-flow\"><figure class=\"wp-block-image size-full\"><img fetchpriority=\"high\" decoding=\"async\" width=\"800\" height=\"500\" src=\"https:\/\/bestcbradio.com\/wp-content\/uploads\/luiton-lt-198-cb-radio-feature-1.webp\" alt=\"luiton lt 198 cb radio caracter\u00edstica 1\" class=\"wp-image-7483\" srcset=\"https:\/\/bestcbradio.com\/wp-content\/uploads\/luiton-lt-198-cb-radio-feature-1.webp 800w, https:\/\/bestcbradio.com\/wp-content\/uploads\/luiton-lt-198-cb-radio-feature-1-300x188.webp 300w, https:\/\/bestcbradio.com\/wp-content\/uploads\/luiton-lt-198-cb-radio-feature-1-768x480.webp 768w, https:\/\/bestcbradio.com\/wp-content\/uploads\/luiton-lt-198-cb-radio-feature-1-441x276.webp 441w, https:\/\/bestcbradio.com\/wp-content\/uploads\/luiton-lt-198-cb-radio-feature-1-150x94.webp 150w\" sizes=\"(max-width: 800px) 100vw, 800px\" \/><\/figure><\/div>\n\n<div class=\"wp-block-column is-vertically-aligned-center is-layout-flow wp-block-column-is-layout-flow\" style=\"flex-basis:40%\"><h2 class=\"wp-block-heading\">Radio CB con modulaci\u00f3n AM\/FM<\/h2>\n\n<p>Esta radio CB funciona en los modos AM\/FM dentro de la gama de frecuencias de 25,565-27,99125MHz, proporcionando una potencia de salida de 4W para una comunicaci\u00f3n clara con m\u00ednimas interferencias.<\/p>\n\n<p><\/p><\/div><\/div><div style=\"height:30px\" aria-hidden=\"true\" class=\"wp-block-spacer\"><\/div><div class=\"wp-block-columns are-vertically-aligned-center is-layout-flex wp-container-core-columns-is-layout-28f84493 wp-block-columns-is-layout-flex\"><div class=\"wp-block-column is-vertically-aligned-center is-layout-flow wp-block-column-is-layout-flow\"><h2 class=\"wp-block-heading\">Comunicaci\u00f3n fiable<\/h2>\n\n<p>Con una potencia de salida de 4 W, esta radio garantiza una transmisi\u00f3n clara, lo que le permite comunicarse eficazmente sin preocuparse por las interferencias.<\/p>\n\n<p><\/p><\/div>\n\n<div class=\"wp-block-column is-vertically-aligned-center is-layout-flow wp-block-column-is-layout-flow\" style=\"flex-basis:60%\"><figure class=\"wp-block-image size-full\"><img decoding=\"async\" width=\"800\" height=\"500\" src=\"https:\/\/bestcbradio.com\/wp-content\/uploads\/luiton-lt-198-cb-radio-feature-2.webp\" alt=\"luiton lt 198 cb radio feature 2\" class=\"wp-image-7484\" srcset=\"https:\/\/bestcbradio.com\/wp-content\/uploads\/luiton-lt-198-cb-radio-feature-2.webp 800w, https:\/\/bestcbradio.com\/wp-content\/uploads\/luiton-lt-198-cb-radio-feature-2-300x188.webp 300w, https:\/\/bestcbradio.com\/wp-content\/uploads\/luiton-lt-198-cb-radio-feature-2-768x480.webp 768w, https:\/\/bestcbradio.com\/wp-content\/uploads\/luiton-lt-198-cb-radio-feature-2-441x276.webp 441w, https:\/\/bestcbradio.com\/wp-content\/uploads\/luiton-lt-198-cb-radio-feature-2-150x94.webp 150w\" sizes=\"(max-width: 800px) 100vw, 800px\" \/><\/figure><\/div><\/div><div style=\"height:30px\" aria-hidden=\"true\" class=\"wp-block-spacer\"><\/div><div class=\"wp-block-columns are-vertically-aligned-center is-layout-flex wp-container-core-columns-is-layout-28f84493 wp-block-columns-is-layout-flex\"><div class=\"wp-block-column is-vertically-aligned-center is-layout-flow wp-block-column-is-layout-flow\"><figure class=\"wp-block-image size-full\"><img decoding=\"async\" width=\"800\" height=\"500\" src=\"https:\/\/bestcbradio.com\/wp-content\/uploads\/luiton-lt-198-cb-radio-feature-3.webp\" alt=\"luiton lt 198 cb radio caracter\u00edstica 3\" class=\"wp-image-7485\" srcset=\"https:\/\/bestcbradio.com\/wp-content\/uploads\/luiton-lt-198-cb-radio-feature-3.webp 800w, https:\/\/bestcbradio.com\/wp-content\/uploads\/luiton-lt-198-cb-radio-feature-3-300x188.webp 300w, https:\/\/bestcbradio.com\/wp-content\/uploads\/luiton-lt-198-cb-radio-feature-3-768x480.webp 768w, https:\/\/bestcbradio.com\/wp-content\/uploads\/luiton-lt-198-cb-radio-feature-3-441x276.webp 441w, https:\/\/bestcbradio.com\/wp-content\/uploads\/luiton-lt-198-cb-radio-feature-3-150x94.webp 150w\" sizes=\"(max-width: 800px) 100vw, 800px\" \/><\/figure><\/div>\n\n<div class=\"wp-block-column is-vertically-aligned-center is-layout-flow wp-block-column-is-layout-flow\" style=\"flex-basis:40%\"><h2 class=\"wp-block-heading\">Dise\u00f1o compacto y ligero<\/h2>\n\n<p>Con unas medidas de 104 mm x 108 mm x 25 mm y un peso de s\u00f3lo 416 g, esta radio est\u00e1 dise\u00f1ada para instalarse f\u00e1cilmente en varios veh\u00edculos sin ocupar mucho espacio.<\/p>\n\n<p><\/p>\n\n<p><\/p><\/div><\/div><div style=\"height:30px\" aria-hidden=\"true\" class=\"wp-block-spacer\"><\/div><div class=\"wp-block-columns are-vertically-aligned-center is-layout-flex wp-container-core-columns-is-layout-28f84493 wp-block-columns-is-layout-flex\"><div class=\"wp-block-column is-vertically-aligned-center is-layout-flow wp-block-column-is-layout-flow\"><h2 class=\"wp-block-heading\">Alcance duradero<\/h2>\n\n<p>Fabricada para funcionar a temperaturas de entre -20 \u00b0C y +50 \u00b0C, esta radio es fiable en diferentes condiciones meteorol\u00f3gicas, lo que la hace adecuada para diversos entornos.<\/p>\n\n<p><\/p><\/div>\n\n<div class=\"wp-block-column is-vertically-aligned-center is-layout-flow wp-block-column-is-layout-flow\" style=\"flex-basis:60%\"><figure class=\"wp-block-image size-full\"><img loading=\"lazy\" decoding=\"async\" width=\"800\" height=\"500\" src=\"https:\/\/bestcbradio.com\/wp-content\/uploads\/luiton-lt-198-cb-radio-feature-4.webp\" alt=\"luiton lt 198 cb radio caracter\u00edstica 4\" class=\"wp-image-7486\" srcset=\"https:\/\/bestcbradio.com\/wp-content\/uploads\/luiton-lt-198-cb-radio-feature-4.webp 800w, https:\/\/bestcbradio.com\/wp-content\/uploads\/luiton-lt-198-cb-radio-feature-4-300x188.webp 300w, https:\/\/bestcbradio.com\/wp-content\/uploads\/luiton-lt-198-cb-radio-feature-4-768x480.webp 768w, https:\/\/bestcbradio.com\/wp-content\/uploads\/luiton-lt-198-cb-radio-feature-4-441x276.webp 441w, https:\/\/bestcbradio.com\/wp-content\/uploads\/luiton-lt-198-cb-radio-feature-4-150x94.webp 150w\" sizes=\"(max-width: 800px) 100vw, 800px\" \/><\/figure><\/div><\/div><div style=\"height:30px\" aria-hidden=\"true\" class=\"wp-block-spacer\"><\/div><div class=\"wp-block-columns are-vertically-aligned-center is-layout-flex wp-container-core-columns-is-layout-28f84493 wp-block-columns-is-layout-flex\"><div class=\"wp-block-column is-vertically-aligned-center is-layout-flow wp-block-column-is-layout-flow\"><figure class=\"wp-block-image size-full\"><img loading=\"lazy\" decoding=\"async\" width=\"800\" height=\"500\" src=\"https:\/\/bestcbradio.com\/wp-content\/uploads\/luiton-lt-198-cb-radio-feature-5.webp\" alt=\"luiton lt 198 cb radio caracter\u00edstica 5\" class=\"wp-image-7487\" srcset=\"https:\/\/bestcbradio.com\/wp-content\/uploads\/luiton-lt-198-cb-radio-feature-5.webp 800w, https:\/\/bestcbradio.com\/wp-content\/uploads\/luiton-lt-198-cb-radio-feature-5-300x188.webp 300w, https:\/\/bestcbradio.com\/wp-content\/uploads\/luiton-lt-198-cb-radio-feature-5-768x480.webp 768w, https:\/\/bestcbradio.com\/wp-content\/uploads\/luiton-lt-198-cb-radio-feature-5-441x276.webp 441w, https:\/\/bestcbradio.com\/wp-content\/uploads\/luiton-lt-198-cb-radio-feature-5-150x94.webp 150w\" sizes=\"(max-width: 800px) 100vw, 800px\" \/><\/figure><\/div>\n\n<div class=\"wp-block-column is-vertically-aligned-center is-layout-flow wp-block-column-is-layout-flow\" style=\"flex-basis:40%\"><h2 class=\"wp-block-heading\">Consumo eficiente de energ\u00eda<\/h2>\n\n<p>Esta radio utiliza una baja corriente de 2 A como m\u00e1ximo durante la transmisi\u00f3n y s\u00f3lo 0,3 A durante la recepci\u00f3n, lo que ayuda a ahorrar energ\u00eda y prolonga el tiempo de uso.<\/p>\n\n<p><\/p><\/div><\/div><p><\/p>","protected":false},"excerpt":{"rendered":"<details open>\n<summary>Puntos fuertes del producto<\/summary>\n<div class=\"cg-accordion-item\"> \u2714Frecuencia:25.565- 27.99125MHz<br \/>\n\u2714Conector de antena UHF<br \/>\nCanal \u2714EMG:CH9\/19<br \/>\n\u2714Luz de fondo de 3 colores<br \/>\nFunci\u00f3n \u2714ASQ\/SQ<br \/>\n\u2714 Modo AM\/FM<br \/>\n\u2714S\u00f3lo 416g <\/div>\n<\/details>\n<details >\n<summary>Salida de audio n\u00edtida<\/summary>\n<div class=\"cg-accordion-item\"> Ofrece una potencia de salida de audio de 1 W y una respuesta en frecuencia de 300-3000 Hz, lo que proporciona una calidad de sonido n\u00edtida para conversaciones sin distorsi\u00f3n.<\/div>\n<\/details>\n<details >\n<summary>Conectividad vers\u00e1til de antenas<\/summary>\n<div class=\"cg-accordion-item\"> La radio viene con un conector de antena UHF SO-239, que facilita la conexi\u00f3n con varias antenas para mejorar la comunicaci\u00f3n. <\/div>\n<\/details>","protected":false},"featured_media":8006,"comment_status":"open","ping_status":"closed","template":"","meta":{"_seopress_robots_primary_cat":"none","_seopress_titles_title":"Classic AM\/FM CB Radio -Emergency Channel CH9\/19|Luiton","_seopress_titles_desc":"","_seopress_robots_index":""},"product_brand":[54],"product_cat":[53],"product_tag":[],"class_list":{"0":"post-7489","1":"product","2":"type-product","3":"status-publish","4":"has-post-thumbnail","6":"product_brand-luiton","7":"product_cat-cb-radios","9":"first","10":"instock","11":"shipping-taxable","12":"purchasable","13":"product-type-variable","14":"has-default-attributes"},"_links":{"self":[{"href":"https:\/\/bestcbradio.com\/es\/wp-json\/wp\/v2\/product\/7489","targetHints":{"allow":["GET"]}}],"collection":[{"href":"https:\/\/bestcbradio.com\/es\/wp-json\/wp\/v2\/product"}],"about":[{"href":"https:\/\/bestcbradio.com\/es\/wp-json\/wp\/v2\/types\/product"}],"replies":[{"embeddable":true,"href":"https:\/\/bestcbradio.com\/es\/wp-json\/wp\/v2\/comments?post=7489"}],"wp:featuredmedia":[{"embeddable":true,"href":"https:\/\/bestcbradio.com\/es\/wp-json\/wp\/v2\/media\/8006"}],"wp:attachment":[{"href":"https:\/\/bestcbradio.com\/es\/wp-json\/wp\/v2\/media?parent=7489"}],"wp:term":[{"taxonomy":"product_brand","embeddable":true,"href":"https:\/\/bestcbradio.com\/es\/wp-json\/wp\/v2\/product_brand?post=7489"},{"taxonomy":"product_cat","embeddable":true,"href":"https:\/\/bestcbradio.com\/es\/wp-json\/wp\/v2\/product_cat?post=7489"},{"taxonomy":"product_tag","embeddable":true,"href":"https:\/\/bestcbradio.com\/es\/wp-json\/wp\/v2\/product_tag?post=7489"}],"curies":[{"name":"wp","href":"https:\/\/api.w.org\/{rel}","templated":true}]}}