{"id":7503,"date":"2025-11-13T13:36:53","date_gmt":"2025-11-13T05:36:53","guid":{"rendered":"https:\/\/bestcbradio.com\/?post_type=product&#038;p=7503"},"modified":"2026-01-14T15:29:30","modified_gmt":"2026-01-14T07:29:30","slug":"luiton-lt-308-cb-radio","status":"publish","type":"product","link":"https:\/\/bestcbradio.com\/es\/producto\/luiton-lt-308-radio-cb\/","title":{"rendered":"Radio CB Luiton LT-308"},"content":{"rendered":"<div class=\"wp-block-columns are-vertically-aligned-center is-layout-flex wp-container-core-columns-is-layout-28f84493 wp-block-columns-is-layout-flex\"><div class=\"wp-block-column is-vertically-aligned-center is-layout-flow wp-block-column-is-layout-flow\"><figure class=\"wp-block-image size-full\"><img fetchpriority=\"high\" decoding=\"async\" width=\"800\" height=\"500\" src=\"https:\/\/bestcbradio.com\/wp-content\/uploads\/luiton-lt-308-cb-radio-feature-1.webp\" alt=\"luiton lt 308 cb radio caracter\u00edstica 1\" class=\"wp-image-7497\" srcset=\"https:\/\/bestcbradio.com\/wp-content\/uploads\/luiton-lt-308-cb-radio-feature-1.webp 800w, https:\/\/bestcbradio.com\/wp-content\/uploads\/luiton-lt-308-cb-radio-feature-1-300x188.webp 300w, https:\/\/bestcbradio.com\/wp-content\/uploads\/luiton-lt-308-cb-radio-feature-1-768x480.webp 768w, https:\/\/bestcbradio.com\/wp-content\/uploads\/luiton-lt-308-cb-radio-feature-1-441x276.webp 441w, https:\/\/bestcbradio.com\/wp-content\/uploads\/luiton-lt-308-cb-radio-feature-1-150x94.webp 150w\" sizes=\"(max-width: 800px) 100vw, 800px\" \/><\/figure><\/div>\n\n<div class=\"wp-block-column is-vertically-aligned-center is-layout-flow wp-block-column-is-layout-flow\" style=\"flex-basis:40%\"><h2 class=\"wp-block-heading\">Radio CB FM con modulaci\u00f3n AM\/FM<\/h2>\n\n<p>Esta radio CB funciona en los modos AM y FM dentro de la gama de frecuencias de 26,965-27,405MHz, ofreciendo una comunicaci\u00f3n fiable con opciones de potencia de 1W y 4W para una transmisi\u00f3n eficaz.<\/p>\n\n<p><\/p><\/div><\/div><div style=\"height:30px\" aria-hidden=\"true\" class=\"wp-block-spacer\"><\/div><div class=\"wp-block-columns are-vertically-aligned-center is-layout-flex wp-container-core-columns-is-layout-28f84493 wp-block-columns-is-layout-flex\"><div class=\"wp-block-column is-vertically-aligned-center is-layout-flow wp-block-column-is-layout-flow\"><h2 class=\"wp-block-heading\">Comunicaci\u00f3n fiable<\/h2>\n\n<p>Los vers\u00e1tiles modos de modulaci\u00f3n de la radio garantizan una comunicaci\u00f3n clara, lo que la hace adecuada para diversas situaciones en las que se necesita un contacto fiable.<\/p>\n\n<p><\/p><\/div>\n\n<div class=\"wp-block-column is-vertically-aligned-center is-layout-flow wp-block-column-is-layout-flow\" style=\"flex-basis:60%\"><figure class=\"wp-block-image size-full\"><img decoding=\"async\" width=\"800\" height=\"500\" src=\"https:\/\/bestcbradio.com\/wp-content\/uploads\/luiton-lt-308-cb-radio-feature-2.webp\" alt=\"luiton lt 308 cb radio caracter\u00edstica 2\" class=\"wp-image-7498\" srcset=\"https:\/\/bestcbradio.com\/wp-content\/uploads\/luiton-lt-308-cb-radio-feature-2.webp 800w, https:\/\/bestcbradio.com\/wp-content\/uploads\/luiton-lt-308-cb-radio-feature-2-300x188.webp 300w, https:\/\/bestcbradio.com\/wp-content\/uploads\/luiton-lt-308-cb-radio-feature-2-768x480.webp 768w, https:\/\/bestcbradio.com\/wp-content\/uploads\/luiton-lt-308-cb-radio-feature-2-441x276.webp 441w, https:\/\/bestcbradio.com\/wp-content\/uploads\/luiton-lt-308-cb-radio-feature-2-150x94.webp 150w\" sizes=\"(max-width: 800px) 100vw, 800px\" \/><\/figure><\/div><\/div><div style=\"height:30px\" aria-hidden=\"true\" class=\"wp-block-spacer\"><\/div><div class=\"wp-block-columns are-vertically-aligned-center is-layout-flex wp-container-core-columns-is-layout-28f84493 wp-block-columns-is-layout-flex\"><div class=\"wp-block-column is-vertically-aligned-center is-layout-flow wp-block-column-is-layout-flow\"><figure class=\"wp-block-image size-full\"><img decoding=\"async\" width=\"800\" height=\"500\" src=\"https:\/\/bestcbradio.com\/wp-content\/uploads\/luiton-lt-308-cb-radio-feature-3.webp\" alt=\"luiton lt 308 cb radio caracter\u00edstica 3\" class=\"wp-image-7499\" srcset=\"https:\/\/bestcbradio.com\/wp-content\/uploads\/luiton-lt-308-cb-radio-feature-3.webp 800w, https:\/\/bestcbradio.com\/wp-content\/uploads\/luiton-lt-308-cb-radio-feature-3-300x188.webp 300w, https:\/\/bestcbradio.com\/wp-content\/uploads\/luiton-lt-308-cb-radio-feature-3-768x480.webp 768w, https:\/\/bestcbradio.com\/wp-content\/uploads\/luiton-lt-308-cb-radio-feature-3-441x276.webp 441w, https:\/\/bestcbradio.com\/wp-content\/uploads\/luiton-lt-308-cb-radio-feature-3-150x94.webp 150w\" sizes=\"(max-width: 800px) 100vw, 800px\" \/><\/figure><\/div>\n\n<div class=\"wp-block-column is-vertically-aligned-center is-layout-flow wp-block-column-is-layout-flow\" style=\"flex-basis:40%\"><h2 class=\"wp-block-heading\">Dise\u00f1o compacto y ligero<\/h2>\n\n<p>Con unas dimensiones de 115 mm x 38 mm x 150 mm y un peso de 0,8 kg, esta radio es f\u00e1cil de instalar en distintos veh\u00edculos sin ocupar mucho espacio.<\/p>\n\n<p><\/p>\n\n<p><\/p><\/div><\/div><div style=\"height:30px\" aria-hidden=\"true\" class=\"wp-block-spacer\"><\/div><div class=\"wp-block-columns are-vertically-aligned-center is-layout-flex wp-container-core-columns-is-layout-28f84493 wp-block-columns-is-layout-flex\"><div class=\"wp-block-column is-vertically-aligned-center is-layout-flow wp-block-column-is-layout-flow\"><h2 class=\"wp-block-heading\">Recepci\u00f3n de alta calidad<\/h2>\n\n<p>Proporciona una sensibilidad m\u00e1xima de 0,8\u03bcV para FM y 1,5\u03bcV para AM, lo que permite una recepci\u00f3n de se\u00f1al fiable e incluye una selectividad de canal adyacente de 60dB para minimizar las interferencias.<\/p>\n\n<p><\/p><\/div>\n\n<div class=\"wp-block-column is-vertically-aligned-center is-layout-flow wp-block-column-is-layout-flow\" style=\"flex-basis:60%\"><figure class=\"wp-block-image size-full\"><img loading=\"lazy\" decoding=\"async\" width=\"800\" height=\"500\" src=\"https:\/\/bestcbradio.com\/wp-content\/uploads\/luiton-lt-308-cb-radio-feature-4.webp\" alt=\"luiton lt 308 cb radio caracter\u00edstica 4\" class=\"wp-image-7500\" srcset=\"https:\/\/bestcbradio.com\/wp-content\/uploads\/luiton-lt-308-cb-radio-feature-4.webp 800w, https:\/\/bestcbradio.com\/wp-content\/uploads\/luiton-lt-308-cb-radio-feature-4-300x188.webp 300w, https:\/\/bestcbradio.com\/wp-content\/uploads\/luiton-lt-308-cb-radio-feature-4-768x480.webp 768w, https:\/\/bestcbradio.com\/wp-content\/uploads\/luiton-lt-308-cb-radio-feature-4-441x276.webp 441w, https:\/\/bestcbradio.com\/wp-content\/uploads\/luiton-lt-308-cb-radio-feature-4-150x94.webp 150w\" sizes=\"(max-width: 800px) 100vw, 800px\" \/><\/figure><\/div><\/div><div style=\"height:30px\" aria-hidden=\"true\" class=\"wp-block-spacer\"><\/div><div class=\"wp-block-columns are-vertically-aligned-center is-layout-flex wp-container-core-columns-is-layout-28f84493 wp-block-columns-is-layout-flex\"><div class=\"wp-block-column is-vertically-aligned-center is-layout-flow wp-block-column-is-layout-flow\"><figure class=\"wp-block-image size-full\"><img loading=\"lazy\" decoding=\"async\" width=\"800\" height=\"500\" src=\"https:\/\/bestcbradio.com\/wp-content\/uploads\/luiton-lt-308-cb-radio-feature-5.webp\" alt=\"luiton lt 308 cb radio caracter\u00edstica 5\" class=\"wp-image-7501\" srcset=\"https:\/\/bestcbradio.com\/wp-content\/uploads\/luiton-lt-308-cb-radio-feature-5.webp 800w, https:\/\/bestcbradio.com\/wp-content\/uploads\/luiton-lt-308-cb-radio-feature-5-300x188.webp 300w, https:\/\/bestcbradio.com\/wp-content\/uploads\/luiton-lt-308-cb-radio-feature-5-768x480.webp 768w, https:\/\/bestcbradio.com\/wp-content\/uploads\/luiton-lt-308-cb-radio-feature-5-441x276.webp 441w, https:\/\/bestcbradio.com\/wp-content\/uploads\/luiton-lt-308-cb-radio-feature-5-150x94.webp 150w\" sizes=\"(max-width: 800px) 100vw, 800px\" \/><\/figure><\/div>\n\n<div class=\"wp-block-column is-vertically-aligned-center is-layout-flow wp-block-column-is-layout-flow\" style=\"flex-basis:40%\"><h2 class=\"wp-block-heading\">Salida de audio n\u00edtida<\/h2>\n\n<p>El rango de respuesta de audio de 300 Hz a 3 kHz ofrece una calidad de sonido n\u00edtida para las conversaciones, mientras que la potencia m\u00e1xima de salida de audio de 3 W garantiza la claridad en sus comunicaciones.<\/p>\n\n<p><\/p><\/div><\/div><p><\/p>","protected":false},"excerpt":{"rendered":"<details open>\n<summary>Puntos fuertes del producto<\/summary>\n<div class=\"cg-accordion-item\"> \u2714Frequency:26.965-27.405MHz<br \/>\n\u27144W\/10W Modos AM\/FM<br \/>\n\u2714Canales de emergencia:CH9\/19<br \/>\nCanales:40<br \/>\nFunci\u00f3n \u2714SQ<br \/>\nFunci\u00f3n \u2714ASQ <\/div>\n<\/details>\n<details >\n<summary>Sensibilidad del micr\u00f3fono mejorada<\/summary>\n<div class=\"cg-accordion-item\"> Con una sensibilidad de micr\u00f3fono de 3 mV, esta radio permite una transmisi\u00f3n de voz clara, garantizando que sus mensajes se oigan sin distorsi\u00f3n.<\/div>\n<\/details>\n<details >\n<summary>Baja interferencia de transmisi\u00f3n<\/summary>\n<div class=\"cg-accordion-item\"> La radio mantiene una baja interferencia de transmisi\u00f3n, con un valor nominal inferior a 4nW (-54dBm), lo que ayuda a mantener su comunicaci\u00f3n clara y libre de interrupciones. <\/div>\n<\/details>","protected":false},"featured_media":7491,"comment_status":"open","ping_status":"closed","template":"","meta":{"_seopress_robots_primary_cat":"none","_seopress_titles_title":"Classic 4 Watts CB Radio-Frequency:26.965-27.405MHz|Luiton","_seopress_titles_desc":"","_seopress_robots_index":""},"product_brand":[54],"product_cat":[53],"product_tag":[],"class_list":{"0":"post-7503","1":"product","2":"type-product","3":"status-publish","4":"has-post-thumbnail","6":"product_brand-luiton","7":"product_cat-cb-radios","9":"first","10":"instock","11":"shipping-taxable","12":"purchasable","13":"product-type-variable","14":"has-default-attributes"},"_links":{"self":[{"href":"https:\/\/bestcbradio.com\/es\/wp-json\/wp\/v2\/product\/7503","targetHints":{"allow":["GET"]}}],"collection":[{"href":"https:\/\/bestcbradio.com\/es\/wp-json\/wp\/v2\/product"}],"about":[{"href":"https:\/\/bestcbradio.com\/es\/wp-json\/wp\/v2\/types\/product"}],"replies":[{"embeddable":true,"href":"https:\/\/bestcbradio.com\/es\/wp-json\/wp\/v2\/comments?post=7503"}],"wp:featuredmedia":[{"embeddable":true,"href":"https:\/\/bestcbradio.com\/es\/wp-json\/wp\/v2\/media\/7491"}],"wp:attachment":[{"href":"https:\/\/bestcbradio.com\/es\/wp-json\/wp\/v2\/media?parent=7503"}],"wp:term":[{"taxonomy":"product_brand","embeddable":true,"href":"https:\/\/bestcbradio.com\/es\/wp-json\/wp\/v2\/product_brand?post=7503"},{"taxonomy":"product_cat","embeddable":true,"href":"https:\/\/bestcbradio.com\/es\/wp-json\/wp\/v2\/product_cat?post=7503"},{"taxonomy":"product_tag","embeddable":true,"href":"https:\/\/bestcbradio.com\/es\/wp-json\/wp\/v2\/product_tag?post=7503"}],"curies":[{"name":"wp","href":"https:\/\/api.w.org\/{rel}","templated":true}]}}