{"id":7515,"date":"2025-11-13T14:04:09","date_gmt":"2025-11-13T06:04:09","guid":{"rendered":"https:\/\/bestcbradio.com\/?post_type=product&#038;p=7515"},"modified":"2026-01-21T15:38:19","modified_gmt":"2026-01-21T07:38:19","slug":"luiton-lt-318-radio-cb","status":"publish","type":"product","link":"https:\/\/bestcbradio.com\/es\/producto\/luiton-lt-318-radio-cb\/","title":{"rendered":"Radio CB Luiton LT-318"},"content":{"rendered":"<div class=\"wp-block-columns are-vertically-aligned-center is-layout-flex wp-container-core-columns-is-layout-28f84493 wp-block-columns-is-layout-flex\"><div class=\"wp-block-column is-vertically-aligned-center is-layout-flow wp-block-column-is-layout-flow\"><figure class=\"wp-block-image size-full\"><img fetchpriority=\"high\" decoding=\"async\" width=\"800\" height=\"500\" src=\"https:\/\/bestcbradio.com\/wp-content\/uploads\/luiton-lt-318-cb-radio-feature-1.webp\" alt=\"luiton lt 318 cb radio caracter\u00edstica 1\" class=\"wp-image-7509\" srcset=\"https:\/\/bestcbradio.com\/wp-content\/uploads\/luiton-lt-318-cb-radio-feature-1.webp 800w, https:\/\/bestcbradio.com\/wp-content\/uploads\/luiton-lt-318-cb-radio-feature-1-300x188.webp 300w, https:\/\/bestcbradio.com\/wp-content\/uploads\/luiton-lt-318-cb-radio-feature-1-768x480.webp 768w, https:\/\/bestcbradio.com\/wp-content\/uploads\/luiton-lt-318-cb-radio-feature-1-441x276.webp 441w, https:\/\/bestcbradio.com\/wp-content\/uploads\/luiton-lt-318-cb-radio-feature-1-150x94.webp 150w\" sizes=\"(max-width: 800px) 100vw, 800px\" \/><\/figure><\/div>\n\n<div class=\"wp-block-column is-vertically-aligned-center is-layout-flow wp-block-column-is-layout-flow\" style=\"flex-basis:40%\"><h2 class=\"wp-block-heading\">Radio CB AM\/FM compacta<\/h2>\n\n<p>Esta radio funciona en los modos AM y FM dentro de la gama de frecuencias de 26,965-27,405MHz, proporcionando opciones de comunicaci\u00f3n flexibles. Dispone de ajustes de potencia de 1W y 4W para una transmisi\u00f3n eficaz de la se\u00f1al.<\/p>\n\n<p><\/p><\/div><\/div><div style=\"height:30px\" aria-hidden=\"true\" class=\"wp-block-spacer\"><\/div><div class=\"wp-block-columns are-vertically-aligned-center is-layout-flex wp-container-core-columns-is-layout-28f84493 wp-block-columns-is-layout-flex\"><div class=\"wp-block-column is-vertically-aligned-center is-layout-flow wp-block-column-is-layout-flow\"><h2 class=\"wp-block-heading\">Comunicaci\u00f3n fiable<\/h2>\n\n<p>Gracias a su capacidad para funcionar tanto en AM como en FM, esta radio le garantiza una comunicaci\u00f3n eficaz en diversas situaciones. Las opciones de potencia de 1 W y 4 W te ayudan a elegir la potencia adecuada para tus necesidades.<\/p>\n\n<p><\/p><\/div>\n\n<div class=\"wp-block-column is-vertically-aligned-center is-layout-flow wp-block-column-is-layout-flow\" style=\"flex-basis:60%\"><figure class=\"wp-block-image size-full\"><img decoding=\"async\" width=\"800\" height=\"500\" src=\"https:\/\/bestcbradio.com\/wp-content\/uploads\/luiton-lt-318-cb-radio-feature-2.webp\" alt=\"luiton lt 318 cb radio caracter\u00edstica 2\" class=\"wp-image-7510\" srcset=\"https:\/\/bestcbradio.com\/wp-content\/uploads\/luiton-lt-318-cb-radio-feature-2.webp 800w, https:\/\/bestcbradio.com\/wp-content\/uploads\/luiton-lt-318-cb-radio-feature-2-300x188.webp 300w, https:\/\/bestcbradio.com\/wp-content\/uploads\/luiton-lt-318-cb-radio-feature-2-768x480.webp 768w, https:\/\/bestcbradio.com\/wp-content\/uploads\/luiton-lt-318-cb-radio-feature-2-441x276.webp 441w, https:\/\/bestcbradio.com\/wp-content\/uploads\/luiton-lt-318-cb-radio-feature-2-150x94.webp 150w\" sizes=\"(max-width: 800px) 100vw, 800px\" \/><\/figure><\/div><\/div><div style=\"height:30px\" aria-hidden=\"true\" class=\"wp-block-spacer\"><\/div><div class=\"wp-block-columns are-vertically-aligned-center is-layout-flex wp-container-core-columns-is-layout-28f84493 wp-block-columns-is-layout-flex\"><div class=\"wp-block-column is-vertically-aligned-center is-layout-flow wp-block-column-is-layout-flow\"><figure class=\"wp-block-image size-full\"><img decoding=\"async\" width=\"800\" height=\"500\" src=\"https:\/\/bestcbradio.com\/wp-content\/uploads\/luiton-lt-318-cb-radio-feature-3.webp\" alt=\"luiton lt 318 cb radio caracter\u00edstica 3\" class=\"wp-image-7511\" srcset=\"https:\/\/bestcbradio.com\/wp-content\/uploads\/luiton-lt-318-cb-radio-feature-3.webp 800w, https:\/\/bestcbradio.com\/wp-content\/uploads\/luiton-lt-318-cb-radio-feature-3-300x188.webp 300w, https:\/\/bestcbradio.com\/wp-content\/uploads\/luiton-lt-318-cb-radio-feature-3-768x480.webp 768w, https:\/\/bestcbradio.com\/wp-content\/uploads\/luiton-lt-318-cb-radio-feature-3-441x276.webp 441w, https:\/\/bestcbradio.com\/wp-content\/uploads\/luiton-lt-318-cb-radio-feature-3-150x94.webp 150w\" sizes=\"(max-width: 800px) 100vw, 800px\" \/><\/figure><\/div>\n\n<div class=\"wp-block-column is-vertically-aligned-center is-layout-flow wp-block-column-is-layout-flow\" style=\"flex-basis:40%\"><h2 class=\"wp-block-heading\">Recepci\u00f3n de alta calidad<\/h2>\n\n<p>La radio ofrece una sensibilidad m\u00e1xima de 0,8\u03bcV para FM y 1,5\u03bcV para AM, lo que le ayuda a recibir se\u00f1ales claras. Tambi\u00e9n cuenta con una selectividad de canal adyacente de 60 dB para reducir las interferencias de otros canales.<\/p>\n\n<p><\/p>\n\n<p><\/p><\/div><\/div><div style=\"height:30px\" aria-hidden=\"true\" class=\"wp-block-spacer\"><\/div><div class=\"wp-block-columns are-vertically-aligned-center is-layout-flex wp-container-core-columns-is-layout-28f84493 wp-block-columns-is-layout-flex\"><div class=\"wp-block-column is-vertically-aligned-center is-layout-flow wp-block-column-is-layout-flow\"><h2 class=\"wp-block-heading\">Rendimiento de audio n\u00edtido<\/h2>\n\n<p>Esta radio ofrece un rango de respuesta de audio de 300 Hz a 3 kHz, lo que garantiza una calidad de sonido n\u00edtida durante las conversaciones. Su salida de potencia de audio m\u00e1xima de 3 W ayuda a mantener la claridad al hablar.<\/p>\n\n<p><\/p><\/div>\n\n<div class=\"wp-block-column is-vertically-aligned-center is-layout-flow wp-block-column-is-layout-flow\" style=\"flex-basis:60%\"><figure class=\"wp-block-image size-full\"><img loading=\"lazy\" decoding=\"async\" width=\"800\" height=\"500\" src=\"https:\/\/bestcbradio.com\/wp-content\/uploads\/luiton-lt-318-cb-radio-feature-4.webp\" alt=\"luiton lt 318 cb radio caracter\u00edstica 4\" class=\"wp-image-7512\" srcset=\"https:\/\/bestcbradio.com\/wp-content\/uploads\/luiton-lt-318-cb-radio-feature-4.webp 800w, https:\/\/bestcbradio.com\/wp-content\/uploads\/luiton-lt-318-cb-radio-feature-4-300x188.webp 300w, https:\/\/bestcbradio.com\/wp-content\/uploads\/luiton-lt-318-cb-radio-feature-4-768x480.webp 768w, https:\/\/bestcbradio.com\/wp-content\/uploads\/luiton-lt-318-cb-radio-feature-4-441x276.webp 441w, https:\/\/bestcbradio.com\/wp-content\/uploads\/luiton-lt-318-cb-radio-feature-4-150x94.webp 150w\" sizes=\"(max-width: 800px) 100vw, 800px\" \/><\/figure><\/div><\/div><div style=\"height:30px\" aria-hidden=\"true\" class=\"wp-block-spacer\"><\/div><div class=\"wp-block-columns are-vertically-aligned-center is-layout-flex wp-container-core-columns-is-layout-28f84493 wp-block-columns-is-layout-flex\"><div class=\"wp-block-column is-vertically-aligned-center is-layout-flow wp-block-column-is-layout-flow\"><figure class=\"wp-block-image size-full\"><img loading=\"lazy\" decoding=\"async\" width=\"800\" height=\"500\" src=\"https:\/\/bestcbradio.com\/wp-content\/uploads\/luiton-lt-318-cb-radio-feature-5.webp\" alt=\"luiton lt 318 cb radio caracter\u00edstica 5\" class=\"wp-image-7513\" srcset=\"https:\/\/bestcbradio.com\/wp-content\/uploads\/luiton-lt-318-cb-radio-feature-5.webp 800w, https:\/\/bestcbradio.com\/wp-content\/uploads\/luiton-lt-318-cb-radio-feature-5-300x188.webp 300w, https:\/\/bestcbradio.com\/wp-content\/uploads\/luiton-lt-318-cb-radio-feature-5-768x480.webp 768w, https:\/\/bestcbradio.com\/wp-content\/uploads\/luiton-lt-318-cb-radio-feature-5-441x276.webp 441w, https:\/\/bestcbradio.com\/wp-content\/uploads\/luiton-lt-318-cb-radio-feature-5-150x94.webp 150w\" sizes=\"(max-width: 800px) 100vw, 800px\" \/><\/figure><\/div>\n\n<div class=\"wp-block-column is-vertically-aligned-center is-layout-flow wp-block-column-is-layout-flow\" style=\"flex-basis:40%\"><h2 class=\"wp-block-heading\">Gesti\u00f3n eficiente de la energ\u00eda<\/h2>\n\n<p>Utiliza una corriente m\u00e1xima de 3 A durante la transmisi\u00f3n y s\u00f3lo 0,3 A durante la recepci\u00f3n, lo que la hace eficiente desde el punto de vista energ\u00e9tico. Esto te ayuda a usar la radio durante m\u00e1s tiempo sin agotar la bater\u00eda de tu veh\u00edculo.<\/p>\n\n<p><\/p><\/div><\/div><p><\/p>","protected":false},"excerpt":{"rendered":"<details open>\n<summary>Puntos fuertes del producto<\/summary>\n<div class=\"cg-accordion-item\"> \u2714Frequency Range:26.965-27.405MHz<br \/>\n\u27144W\/10W 40 canales AM\/FM<br \/>\n\u2714Canales de emergencia(CH9)<br \/>\nFunci\u00f3n \u2714SQ\/ASQ<\/div>\n<\/details>\n<details >\n<summary>Sensibilidad del micr\u00f3fono mejorada<\/summary>\n<div class=\"cg-accordion-item\"> Con una sensibilidad de micr\u00f3fono de 3 mV, esta radio permite una transmisi\u00f3n de voz clara. Esto garantiza que su voz se oiga claramente sin distorsiones durante las conversaciones.<\/div>\n<\/details>\n<details >\n<summary>Baja interferencia de transmisi\u00f3n<\/summary>\n<div class=\"cg-accordion-item\"> La radio mantiene bajas las interferencias de transmisi\u00f3n, con un valor nominal inferior a 4nW (-54dBm), lo que ayuda a mantener una comunicaci\u00f3n clara sin interrupciones de otras se\u00f1ales. <\/div>\n<\/details>","protected":false},"featured_media":8007,"comment_status":"open","ping_status":"closed","template":"","meta":{"_seopress_robots_primary_cat":"none","_seopress_titles_title":"Classic Emergency Radio-Easy to Operate and Carry|Luiton","_seopress_titles_desc":"","_seopress_robots_index":""},"product_brand":[54],"product_cat":[53],"product_tag":[],"class_list":{"0":"post-7515","1":"product","2":"type-product","3":"status-publish","4":"has-post-thumbnail","6":"product_brand-luiton","7":"product_cat-cb-radios","9":"first","10":"instock","11":"shipping-taxable","12":"purchasable","13":"product-type-variable","14":"has-default-attributes"},"_links":{"self":[{"href":"https:\/\/bestcbradio.com\/es\/wp-json\/wp\/v2\/product\/7515","targetHints":{"allow":["GET"]}}],"collection":[{"href":"https:\/\/bestcbradio.com\/es\/wp-json\/wp\/v2\/product"}],"about":[{"href":"https:\/\/bestcbradio.com\/es\/wp-json\/wp\/v2\/types\/product"}],"replies":[{"embeddable":true,"href":"https:\/\/bestcbradio.com\/es\/wp-json\/wp\/v2\/comments?post=7515"}],"wp:featuredmedia":[{"embeddable":true,"href":"https:\/\/bestcbradio.com\/es\/wp-json\/wp\/v2\/media\/8007"}],"wp:attachment":[{"href":"https:\/\/bestcbradio.com\/es\/wp-json\/wp\/v2\/media?parent=7515"}],"wp:term":[{"taxonomy":"product_brand","embeddable":true,"href":"https:\/\/bestcbradio.com\/es\/wp-json\/wp\/v2\/product_brand?post=7515"},{"taxonomy":"product_cat","embeddable":true,"href":"https:\/\/bestcbradio.com\/es\/wp-json\/wp\/v2\/product_cat?post=7515"},{"taxonomy":"product_tag","embeddable":true,"href":"https:\/\/bestcbradio.com\/es\/wp-json\/wp\/v2\/product_tag?post=7515"}],"curies":[{"name":"wp","href":"https:\/\/api.w.org\/{rel}","templated":true}]}}