{"id":7554,"date":"2025-11-13T15:12:29","date_gmt":"2025-11-13T07:12:29","guid":{"rendered":"https:\/\/bestcbradio.com\/?post_type=product&#038;p=7554"},"modified":"2026-01-12T14:29:56","modified_gmt":"2026-01-12T06:29:56","slug":"luiton-lt-348-radio-cb","status":"publish","type":"product","link":"https:\/\/bestcbradio.com\/es\/producto\/luiton-lt-348-radio-cb\/","title":{"rendered":"Radio CB Luiton LT-348"},"content":{"rendered":"<div class=\"wp-block-columns are-vertically-aligned-center is-layout-flex wp-container-core-columns-is-layout-28f84493 wp-block-columns-is-layout-flex\"><div class=\"wp-block-column is-vertically-aligned-center is-layout-flow wp-block-column-is-layout-flow\"><figure class=\"wp-block-image size-full\"><img fetchpriority=\"high\" decoding=\"async\" width=\"800\" height=\"500\" src=\"https:\/\/bestcbradio.com\/wp-content\/uploads\/luiton-lt-348-cb-radio-feature-1.webp\" alt=\"luiton lt 348 cb radio caracter\u00edstica 1\" class=\"wp-image-7548\" srcset=\"https:\/\/bestcbradio.com\/wp-content\/uploads\/luiton-lt-348-cb-radio-feature-1.webp 800w, https:\/\/bestcbradio.com\/wp-content\/uploads\/luiton-lt-348-cb-radio-feature-1-300x188.webp 300w, https:\/\/bestcbradio.com\/wp-content\/uploads\/luiton-lt-348-cb-radio-feature-1-768x480.webp 768w, https:\/\/bestcbradio.com\/wp-content\/uploads\/luiton-lt-348-cb-radio-feature-1-441x276.webp 441w, https:\/\/bestcbradio.com\/wp-content\/uploads\/luiton-lt-348-cb-radio-feature-1-150x94.webp 150w\" sizes=\"(max-width: 800px) 100vw, 800px\" \/><\/figure><\/div>\n\n<div class=\"wp-block-column is-vertically-aligned-center is-layout-flow wp-block-column-is-layout-flow\" style=\"flex-basis:40%\"><h2 class=\"wp-block-heading\">Comunicaci\u00f3n fiable<\/h2>\n\n<p>Esta radio funciona tanto en modo AM como FM, cubriendo una gama de frecuencias de 26,965-27,405MHz. Puedes elegir entre tres niveles de potencia (1 W, 4 W u 8 W) para adaptarlo a tus necesidades de comunicaci\u00f3n.<\/p>\n\n<p><\/p><\/div><\/div><div style=\"height:30px\" aria-hidden=\"true\" class=\"wp-block-spacer\"><\/div><div class=\"wp-block-columns are-vertically-aligned-center is-layout-flex wp-container-core-columns-is-layout-28f84493 wp-block-columns-is-layout-flex\"><div class=\"wp-block-column is-vertically-aligned-center is-layout-flow wp-block-column-is-layout-flow\"><h2 class=\"wp-block-heading\">Recepci\u00f3n de alta calidad<\/h2>\n\n<p>Con una sensibilidad m\u00e1xima de 0,8\u03bcV para FM y 1,5\u03bcV para AM, esta radio garantiza una recepci\u00f3n clara. Tambi\u00e9n cuenta con una selectividad de canal adyacente de 60 dB para ayudar a reducir las interferencias de otras se\u00f1ales.<\/p>\n\n<p><\/p><\/div>\n\n<div class=\"wp-block-column is-vertically-aligned-center is-layout-flow wp-block-column-is-layout-flow\" style=\"flex-basis:60%\"><figure class=\"wp-block-image size-full\"><img decoding=\"async\" width=\"800\" height=\"500\" src=\"https:\/\/bestcbradio.com\/wp-content\/uploads\/luiton-lt-348-cb-radio-feature-2.webp\" alt=\"luiton lt 348 cb radio caracter\u00edstica 2\" class=\"wp-image-7549\" srcset=\"https:\/\/bestcbradio.com\/wp-content\/uploads\/luiton-lt-348-cb-radio-feature-2.webp 800w, https:\/\/bestcbradio.com\/wp-content\/uploads\/luiton-lt-348-cb-radio-feature-2-300x188.webp 300w, https:\/\/bestcbradio.com\/wp-content\/uploads\/luiton-lt-348-cb-radio-feature-2-768x480.webp 768w, https:\/\/bestcbradio.com\/wp-content\/uploads\/luiton-lt-348-cb-radio-feature-2-441x276.webp 441w, https:\/\/bestcbradio.com\/wp-content\/uploads\/luiton-lt-348-cb-radio-feature-2-150x94.webp 150w\" sizes=\"(max-width: 800px) 100vw, 800px\" \/><\/figure><\/div><\/div><div style=\"height:30px\" aria-hidden=\"true\" class=\"wp-block-spacer\"><\/div><div class=\"wp-block-columns are-vertically-aligned-center is-layout-flex wp-container-core-columns-is-layout-28f84493 wp-block-columns-is-layout-flex\"><div class=\"wp-block-column is-vertically-aligned-center is-layout-flow wp-block-column-is-layout-flow\"><figure class=\"wp-block-image size-full\"><img decoding=\"async\" width=\"800\" height=\"500\" src=\"https:\/\/bestcbradio.com\/wp-content\/uploads\/luiton-lt-348-cb-radio-feature-3.webp\" alt=\"luiton lt 348 cb radio caracter\u00edstica 3\" class=\"wp-image-7550\" srcset=\"https:\/\/bestcbradio.com\/wp-content\/uploads\/luiton-lt-348-cb-radio-feature-3.webp 800w, https:\/\/bestcbradio.com\/wp-content\/uploads\/luiton-lt-348-cb-radio-feature-3-300x188.webp 300w, https:\/\/bestcbradio.com\/wp-content\/uploads\/luiton-lt-348-cb-radio-feature-3-768x480.webp 768w, https:\/\/bestcbradio.com\/wp-content\/uploads\/luiton-lt-348-cb-radio-feature-3-441x276.webp 441w, https:\/\/bestcbradio.com\/wp-content\/uploads\/luiton-lt-348-cb-radio-feature-3-150x94.webp 150w\" sizes=\"(max-width: 800px) 100vw, 800px\" \/><\/figure><\/div>\n\n<div class=\"wp-block-column is-vertically-aligned-center is-layout-flow wp-block-column-is-layout-flow\" style=\"flex-basis:40%\"><h2 class=\"wp-block-heading\">Gesti\u00f3n eficiente de la energ\u00eda<\/h2>\n\n<p>La radio est\u00e1 dise\u00f1ada para una fuente de alimentaci\u00f3n de 12-24 V, y utiliza un m\u00e1ximo de 3 A cuando transmite y s\u00f3lo 0,3 A durante la recepci\u00f3n. Su tama\u00f1o compacto de 150 mm x 140 mm x 41 mm y su peso de 761 g facilitan su instalaci\u00f3n en veh\u00edculos.<\/p>\n\n<p><\/p>\n\n<p><\/p><\/div><\/div><div style=\"height:30px\" aria-hidden=\"true\" class=\"wp-block-spacer\"><\/div><div class=\"wp-block-columns are-vertically-aligned-center is-layout-flex wp-container-core-columns-is-layout-28f84493 wp-block-columns-is-layout-flex\"><div class=\"wp-block-column is-vertically-aligned-center is-layout-flow wp-block-column-is-layout-flow\"><h2 class=\"wp-block-heading\">Rendimiento de audio n\u00edtido<\/h2>\n\n<p>Esta radio tiene un rango de respuesta de audio de 300 Hz a 3 kHz, lo que proporciona una calidad de sonido clara durante las conversaciones. Puede emitir una potencia de audio m\u00e1xima de 3 W para una comunicaci\u00f3n eficaz.<\/p>\n\n<p><\/p><\/div>\n\n<div class=\"wp-block-column is-vertically-aligned-center is-layout-flow wp-block-column-is-layout-flow\" style=\"flex-basis:60%\"><figure class=\"wp-block-image size-full\"><img loading=\"lazy\" decoding=\"async\" width=\"800\" height=\"500\" src=\"https:\/\/bestcbradio.com\/wp-content\/uploads\/luiton-lt-348-cb-radio-feature-4.webp\" alt=\"luiton lt 348 cb radio caracter\u00edstica 4\" class=\"wp-image-7551\" srcset=\"https:\/\/bestcbradio.com\/wp-content\/uploads\/luiton-lt-348-cb-radio-feature-4.webp 800w, https:\/\/bestcbradio.com\/wp-content\/uploads\/luiton-lt-348-cb-radio-feature-4-300x188.webp 300w, https:\/\/bestcbradio.com\/wp-content\/uploads\/luiton-lt-348-cb-radio-feature-4-768x480.webp 768w, https:\/\/bestcbradio.com\/wp-content\/uploads\/luiton-lt-348-cb-radio-feature-4-441x276.webp 441w, https:\/\/bestcbradio.com\/wp-content\/uploads\/luiton-lt-348-cb-radio-feature-4-150x94.webp 150w\" sizes=\"(max-width: 800px) 100vw, 800px\" \/><\/figure><\/div><\/div><div style=\"height:30px\" aria-hidden=\"true\" class=\"wp-block-spacer\"><\/div><div class=\"wp-block-columns are-vertically-aligned-center is-layout-flex wp-container-core-columns-is-layout-28f84493 wp-block-columns-is-layout-flex\"><div class=\"wp-block-column is-vertically-aligned-center is-layout-flow wp-block-column-is-layout-flow\"><figure class=\"wp-block-image size-full\"><img loading=\"lazy\" decoding=\"async\" width=\"800\" height=\"500\" src=\"https:\/\/bestcbradio.com\/wp-content\/uploads\/luiton-lt-348-cb-radio-feature-5.webp\" alt=\"luiton lt 348 cb radio caracter\u00edstica 5\" class=\"wp-image-7552\" srcset=\"https:\/\/bestcbradio.com\/wp-content\/uploads\/luiton-lt-348-cb-radio-feature-5.webp 800w, https:\/\/bestcbradio.com\/wp-content\/uploads\/luiton-lt-348-cb-radio-feature-5-300x188.webp 300w, https:\/\/bestcbradio.com\/wp-content\/uploads\/luiton-lt-348-cb-radio-feature-5-768x480.webp 768w, https:\/\/bestcbradio.com\/wp-content\/uploads\/luiton-lt-348-cb-radio-feature-5-441x276.webp 441w, https:\/\/bestcbradio.com\/wp-content\/uploads\/luiton-lt-348-cb-radio-feature-5-150x94.webp 150w\" sizes=\"(max-width: 800px) 100vw, 800px\" \/><\/figure><\/div>\n\n<div class=\"wp-block-column is-vertically-aligned-center is-layout-flow wp-block-column-is-layout-flow\" style=\"flex-basis:40%\"><h2 class=\"wp-block-heading\">Sensibilidad del micr\u00f3fono mejorada<\/h2>\n\n<p>Con una sensibilidad de micr\u00f3fono de 3 mV, esta radio permite una transmisi\u00f3n de voz clara y sin distorsiones, lo que garantiza que su mensaje se oiga con claridad.<\/p>\n\n<p><\/p><\/div><\/div><p><\/p>","protected":false},"excerpt":{"rendered":"<details open>\n<summary>Puntos fuertes del producto<\/summary>\n<div class=\"cg-accordion-item\"> \u2714Frequency:26.965-27.405MHz<br \/>\nPotencia de salida \u27144W u 8W<br \/>\n\u2714Canal de emergencia:CH9<br \/>\n\u271440 canales AM\/FM<br \/>\nFunci\u00f3n \u2714ASQ<br \/>\n\u2714VOL \/ SCAN <\/div>\n<\/details>\n<details >\n<summary>Caracter\u00edsticas adicionales<\/summary>\n<div class=\"cg-accordion-item\"> Con una impedancia de antena de 50 ohmios y una distorsi\u00f3n de la se\u00f1al de modulaci\u00f3n inferior a 5%, esta radio garantiza un rendimiento fiable para sus necesidades de comunicaci\u00f3n.<\/div>\n<\/details>\n<details >\n<summary>Rendimiento de audio n\u00edtido<\/summary>\n<div class=\"cg-accordion-item\"> Esta radio tiene un rango de respuesta de audio de 300 Hz a 3 kHz, lo que proporciona una calidad de sonido clara durante las conversaciones. Puede emitir una potencia de audio m\u00e1xima de 3 W para una comunicaci\u00f3n eficaz. <\/div>\n<\/details>","protected":false},"featured_media":8010,"comment_status":"open","ping_status":"closed","template":"","meta":{"_seopress_robots_primary_cat":"none","_seopress_titles_title":"Compact AM\/FM CB Radio with Adjustable Power","_seopress_titles_desc":"","_seopress_robots_index":""},"product_brand":[54],"product_cat":[53],"product_tag":[],"class_list":{"0":"post-7554","1":"product","2":"type-product","3":"status-publish","4":"has-post-thumbnail","6":"product_brand-luiton","7":"product_cat-cb-radios","9":"first","10":"instock","11":"sale","12":"shipping-taxable","13":"purchasable","14":"product-type-variable","15":"has-default-attributes"},"_links":{"self":[{"href":"https:\/\/bestcbradio.com\/es\/wp-json\/wp\/v2\/product\/7554","targetHints":{"allow":["GET"]}}],"collection":[{"href":"https:\/\/bestcbradio.com\/es\/wp-json\/wp\/v2\/product"}],"about":[{"href":"https:\/\/bestcbradio.com\/es\/wp-json\/wp\/v2\/types\/product"}],"replies":[{"embeddable":true,"href":"https:\/\/bestcbradio.com\/es\/wp-json\/wp\/v2\/comments?post=7554"}],"wp:featuredmedia":[{"embeddable":true,"href":"https:\/\/bestcbradio.com\/es\/wp-json\/wp\/v2\/media\/8010"}],"wp:attachment":[{"href":"https:\/\/bestcbradio.com\/es\/wp-json\/wp\/v2\/media?parent=7554"}],"wp:term":[{"taxonomy":"product_brand","embeddable":true,"href":"https:\/\/bestcbradio.com\/es\/wp-json\/wp\/v2\/product_brand?post=7554"},{"taxonomy":"product_cat","embeddable":true,"href":"https:\/\/bestcbradio.com\/es\/wp-json\/wp\/v2\/product_cat?post=7554"},{"taxonomy":"product_tag","embeddable":true,"href":"https:\/\/bestcbradio.com\/es\/wp-json\/wp\/v2\/product_tag?post=7554"}],"curies":[{"name":"wp","href":"https:\/\/api.w.org\/{rel}","templated":true}]}}