{"id":7569,"date":"2025-11-13T15:27:34","date_gmt":"2025-11-13T07:27:34","guid":{"rendered":"https:\/\/bestcbradio.com\/?post_type=product&#038;p=7569"},"modified":"2026-01-12T14:38:20","modified_gmt":"2026-01-12T06:38:20","slug":"luiton-lt-358-cb-radio","status":"publish","type":"product","link":"https:\/\/bestcbradio.com\/es\/producto\/luiton-lt-358-radio-cb\/","title":{"rendered":"Radio CB Luiton LT-358"},"content":{"rendered":"<div class=\"wp-block-columns are-vertically-aligned-center is-layout-flex wp-container-core-columns-is-layout-28f84493 wp-block-columns-is-layout-flex\"><div class=\"wp-block-column is-vertically-aligned-center is-layout-flow wp-block-column-is-layout-flow\"><figure class=\"wp-block-image size-full\"><img fetchpriority=\"high\" decoding=\"async\" width=\"800\" height=\"500\" src=\"https:\/\/bestcbradio.com\/wp-content\/uploads\/luiton-lt-358-cb-radio-feature-1.webp\" alt=\"luiton lt 358 cb radio caracter\u00edstica 1\" class=\"wp-image-7563\" srcset=\"https:\/\/bestcbradio.com\/wp-content\/uploads\/luiton-lt-358-cb-radio-feature-1.webp 800w, https:\/\/bestcbradio.com\/wp-content\/uploads\/luiton-lt-358-cb-radio-feature-1-300x188.webp 300w, https:\/\/bestcbradio.com\/wp-content\/uploads\/luiton-lt-358-cb-radio-feature-1-768x480.webp 768w, https:\/\/bestcbradio.com\/wp-content\/uploads\/luiton-lt-358-cb-radio-feature-1-441x276.webp 441w, https:\/\/bestcbradio.com\/wp-content\/uploads\/luiton-lt-358-cb-radio-feature-1-150x94.webp 150w\" sizes=\"(max-width: 800px) 100vw, 800px\" \/><\/figure><\/div>\n\n<div class=\"wp-block-column is-vertically-aligned-center is-layout-flow wp-block-column-is-layout-flow\" style=\"flex-basis:40%\"><h2 class=\"wp-block-heading\">Modulaci\u00f3n y gama de frecuencias<\/h2>\n\n<p>Funciona en una gama de frecuencias de 26,965-27,405MHz, adecuada para conductores de camiones.<\/p>\n\n<p>Admite los modos de modulaci\u00f3n AM y FM para una comunicaci\u00f3n vers\u00e1til.<\/p>\n\n<p><\/p><\/div><\/div><div style=\"height:30px\" aria-hidden=\"true\" class=\"wp-block-spacer\"><\/div><div class=\"wp-block-columns are-vertically-aligned-center is-layout-flex wp-container-core-columns-is-layout-28f84493 wp-block-columns-is-layout-flex\"><div class=\"wp-block-column is-vertically-aligned-center is-layout-flow wp-block-column-is-layout-flow\"><h2 class=\"wp-block-heading\">Potencia y transmisi\u00f3n<\/h2>\n\n<p>Presenta una baja interferencia de transmisi\u00f3n, lo que garantiza una comunicaci\u00f3n clara con niveles inferiores a 4nW.<\/p>\n\n<p>Ofrece opciones de salida de potencia ajustables de 1 W, 4 W y 8 W para satisfacer diferentes necesidades de comunicaci\u00f3n.<\/p>\n\n<p><\/p><\/div>\n\n<div class=\"wp-block-column is-vertically-aligned-center is-layout-flow wp-block-column-is-layout-flow\" style=\"flex-basis:60%\"><figure class=\"wp-block-image size-full\"><img decoding=\"async\" width=\"800\" height=\"500\" src=\"https:\/\/bestcbradio.com\/wp-content\/uploads\/luiton-lt-358-cb-radio-feature-2.webp\" alt=\"luiton lt 358 cb radio feature 2\" class=\"wp-image-7564\" srcset=\"https:\/\/bestcbradio.com\/wp-content\/uploads\/luiton-lt-358-cb-radio-feature-2.webp 800w, https:\/\/bestcbradio.com\/wp-content\/uploads\/luiton-lt-358-cb-radio-feature-2-300x188.webp 300w, https:\/\/bestcbradio.com\/wp-content\/uploads\/luiton-lt-358-cb-radio-feature-2-768x480.webp 768w, https:\/\/bestcbradio.com\/wp-content\/uploads\/luiton-lt-358-cb-radio-feature-2-441x276.webp 441w, https:\/\/bestcbradio.com\/wp-content\/uploads\/luiton-lt-358-cb-radio-feature-2-150x94.webp 150w\" sizes=\"(max-width: 800px) 100vw, 800px\" \/><\/figure><\/div><\/div><div style=\"height:30px\" aria-hidden=\"true\" class=\"wp-block-spacer\"><\/div><div class=\"wp-block-columns are-vertically-aligned-center is-layout-flex wp-container-core-columns-is-layout-28f84493 wp-block-columns-is-layout-flex\"><div class=\"wp-block-column is-vertically-aligned-center is-layout-flow wp-block-column-is-layout-flow\"><figure class=\"wp-block-image size-full\"><img decoding=\"async\" width=\"800\" height=\"500\" src=\"https:\/\/bestcbradio.com\/wp-content\/uploads\/luiton-lt-358-cb-radio-feature-4.webp\" alt=\"luiton lt 358 cb radio feature 4\" class=\"wp-image-7566\" srcset=\"https:\/\/bestcbradio.com\/wp-content\/uploads\/luiton-lt-358-cb-radio-feature-4.webp 800w, https:\/\/bestcbradio.com\/wp-content\/uploads\/luiton-lt-358-cb-radio-feature-4-300x188.webp 300w, https:\/\/bestcbradio.com\/wp-content\/uploads\/luiton-lt-358-cb-radio-feature-4-768x480.webp 768w, https:\/\/bestcbradio.com\/wp-content\/uploads\/luiton-lt-358-cb-radio-feature-4-441x276.webp 441w, https:\/\/bestcbradio.com\/wp-content\/uploads\/luiton-lt-358-cb-radio-feature-4-150x94.webp 150w\" sizes=\"(max-width: 800px) 100vw, 800px\" \/><\/figure><\/div>\n\n<div class=\"wp-block-column is-vertically-aligned-center is-layout-flow wp-block-column-is-layout-flow\" style=\"flex-basis:40%\"><h2 class=\"wp-block-heading\">Sensibilidad de recepci\u00f3n<\/h2>\n\n<p>La alta selectividad de canal adyacente de 60 dB minimiza las interferencias de canales cercanos.<\/p>\n\n<p>Proporciona una excelente recepci\u00f3n con una sensibilidad m\u00e1xima de 0,8uV para FM y 1,5uV para AM.<\/p>\n\n<p><\/p>\n\n<p><\/p><\/div><\/div><div style=\"height:30px\" aria-hidden=\"true\" class=\"wp-block-spacer\"><\/div><div class=\"wp-block-columns are-vertically-aligned-center is-layout-flex wp-container-core-columns-is-layout-28f84493 wp-block-columns-is-layout-flex\"><div class=\"wp-block-column is-vertically-aligned-center is-layout-flow wp-block-column-is-layout-flow\"><h2 class=\"wp-block-heading\">Dise\u00f1o compacto<\/h2>\n\n<p>Pesa 761 g, lo que lo hace ligero y manejable para su instalaci\u00f3n.<\/p>\n\n<p>Sus dimensiones compactas de 150 x 140 x 41 mm facilitan su instalaci\u00f3n en diversos modelos de camiones.<\/p>\n\n<p><\/p><\/div>\n\n<div class=\"wp-block-column is-vertically-aligned-center is-layout-flow wp-block-column-is-layout-flow\" style=\"flex-basis:60%\"><figure class=\"wp-block-image size-full\"><img loading=\"lazy\" decoding=\"async\" width=\"800\" height=\"500\" src=\"https:\/\/bestcbradio.com\/wp-content\/uploads\/luiton-lt-358-cb-radio-feature-3.webp\" alt=\"luiton lt 358 cb radio caracter\u00edstica 3\" class=\"wp-image-7565\" srcset=\"https:\/\/bestcbradio.com\/wp-content\/uploads\/luiton-lt-358-cb-radio-feature-3.webp 800w, https:\/\/bestcbradio.com\/wp-content\/uploads\/luiton-lt-358-cb-radio-feature-3-300x188.webp 300w, https:\/\/bestcbradio.com\/wp-content\/uploads\/luiton-lt-358-cb-radio-feature-3-768x480.webp 768w, https:\/\/bestcbradio.com\/wp-content\/uploads\/luiton-lt-358-cb-radio-feature-3-441x276.webp 441w, https:\/\/bestcbradio.com\/wp-content\/uploads\/luiton-lt-358-cb-radio-feature-3-150x94.webp 150w\" sizes=\"(max-width: 800px) 100vw, 800px\" \/><\/figure><\/div><\/div><div style=\"height:30px\" aria-hidden=\"true\" class=\"wp-block-spacer\"><\/div><div class=\"wp-block-columns are-vertically-aligned-center is-layout-flex wp-container-core-columns-is-layout-28f84493 wp-block-columns-is-layout-flex\"><div class=\"wp-block-column is-vertically-aligned-center is-layout-flow wp-block-column-is-layout-flow\"><figure class=\"wp-block-image size-full\"><img loading=\"lazy\" decoding=\"async\" width=\"800\" height=\"500\" src=\"https:\/\/bestcbradio.com\/wp-content\/uploads\/luiton-lt-358-cb-radio-feature-5.webp\" alt=\"luiton lt 358 cb radio caracter\u00edstica 5\" class=\"wp-image-7567\" srcset=\"https:\/\/bestcbradio.com\/wp-content\/uploads\/luiton-lt-358-cb-radio-feature-5.webp 800w, https:\/\/bestcbradio.com\/wp-content\/uploads\/luiton-lt-358-cb-radio-feature-5-300x188.webp 300w, https:\/\/bestcbradio.com\/wp-content\/uploads\/luiton-lt-358-cb-radio-feature-5-768x480.webp 768w, https:\/\/bestcbradio.com\/wp-content\/uploads\/luiton-lt-358-cb-radio-feature-5-441x276.webp 441w, https:\/\/bestcbradio.com\/wp-content\/uploads\/luiton-lt-358-cb-radio-feature-5-150x94.webp 150w\" sizes=\"(max-width: 800px) 100vw, 800px\" \/><\/figure><\/div>\n\n<div class=\"wp-block-column is-vertically-aligned-center is-layout-flow wp-block-column-is-layout-flow\" style=\"flex-basis:40%\"><h2 class=\"wp-block-heading\">Fuente de alimentaci\u00f3n flexible<\/h2>\n\n<p>El consumo m\u00e1ximo de corriente de 3 A permite un uso eficiente de la energ\u00eda.<\/p>\n\n<p>Acepta una fuente de alimentaci\u00f3n de 12-24 V de entrada, compatible con la mayor\u00eda de los sistemas el\u00e9ctricos de camiones.<\/p>\n\n<p><\/p><\/div><\/div><p><\/p>","protected":false},"excerpt":{"rendered":"<details open>\n<summary>Puntos fuertes del producto<\/summary>\n<div class=\"cg-accordion-item\"> \u2714Frequency:26.965-27.405MHz<br \/>\nPotencia de salida \u27144W u 8W<br \/>\n\u2714Canal de emergencia:CH9<br \/>\n\u271440 canales AM\/FM<br \/>\nFunci\u00f3n \u2714ASQ<br \/>\n\u2714VOL \/ SCAN <\/div>\n<\/details>\n<details >\n<summary>Gama de frecuencias<\/summary>\n<div class=\"cg-accordion-item\"> Esta radio funciona en las frecuencias 26,965-27,405MHz, ofreciendo a los usuarios opciones de comunicaci\u00f3n flexibles para diferentes situaciones y requisitos. <\/div>\n<\/details>\n<details >\n<summary>Potencia de salida fiable<\/summary>\n<div class=\"cg-accordion-item\"> Alimentaci\u00f3n 12-24V Entrada. Canal de llamada de emergencia disponible (CH9), esta radio proporciona una intensidad de se\u00f1al constante para una comunicaci\u00f3n clara, adecuada para la mayor\u00eda de las situaciones cotidianas de comunicaci\u00f3n m\u00f3vil. <\/div>\n<\/details>","protected":false},"featured_media":8011,"comment_status":"open","ping_status":"closed","template":"","meta":{"_seopress_robots_primary_cat":"none","_seopress_titles_title":"Classic Emergency AM\/FM Radio -Easy to Operate and Carry|Luiton","_seopress_titles_desc":"","_seopress_robots_index":""},"product_brand":[54],"product_cat":[53],"product_tag":[],"class_list":{"0":"post-7569","1":"product","2":"type-product","3":"status-publish","4":"has-post-thumbnail","6":"product_brand-luiton","7":"product_cat-cb-radios","9":"first","10":"instock","11":"sale","12":"shipping-taxable","13":"purchasable","14":"product-type-variable","15":"has-default-attributes"},"_links":{"self":[{"href":"https:\/\/bestcbradio.com\/es\/wp-json\/wp\/v2\/product\/7569","targetHints":{"allow":["GET"]}}],"collection":[{"href":"https:\/\/bestcbradio.com\/es\/wp-json\/wp\/v2\/product"}],"about":[{"href":"https:\/\/bestcbradio.com\/es\/wp-json\/wp\/v2\/types\/product"}],"replies":[{"embeddable":true,"href":"https:\/\/bestcbradio.com\/es\/wp-json\/wp\/v2\/comments?post=7569"}],"wp:featuredmedia":[{"embeddable":true,"href":"https:\/\/bestcbradio.com\/es\/wp-json\/wp\/v2\/media\/8011"}],"wp:attachment":[{"href":"https:\/\/bestcbradio.com\/es\/wp-json\/wp\/v2\/media?parent=7569"}],"wp:term":[{"taxonomy":"product_brand","embeddable":true,"href":"https:\/\/bestcbradio.com\/es\/wp-json\/wp\/v2\/product_brand?post=7569"},{"taxonomy":"product_cat","embeddable":true,"href":"https:\/\/bestcbradio.com\/es\/wp-json\/wp\/v2\/product_cat?post=7569"},{"taxonomy":"product_tag","embeddable":true,"href":"https:\/\/bestcbradio.com\/es\/wp-json\/wp\/v2\/product_tag?post=7569"}],"curies":[{"name":"wp","href":"https:\/\/api.w.org\/{rel}","templated":true}]}}