{"id":7583,"date":"2025-11-13T15:44:56","date_gmt":"2025-11-13T07:44:56","guid":{"rendered":"https:\/\/bestcbradio.com\/?post_type=product&#038;p=7583"},"modified":"2026-01-08T16:32:26","modified_gmt":"2026-01-08T08:32:26","slug":"luiton-lt-398-cb-radio","status":"publish","type":"product","link":"https:\/\/bestcbradio.com\/es\/producto\/luiton-lt-398-radio-cb\/","title":{"rendered":"Radio CB Luiton LT-398"},"content":{"rendered":"<div class=\"wp-block-columns are-vertically-aligned-center is-layout-flex wp-container-core-columns-is-layout-28f84493 wp-block-columns-is-layout-flex\"><div class=\"wp-block-column is-vertically-aligned-center is-layout-flow wp-block-column-is-layout-flow\"><figure class=\"wp-block-image size-full\"><img fetchpriority=\"high\" decoding=\"async\" width=\"800\" height=\"500\" src=\"https:\/\/bestcbradio.com\/wp-content\/uploads\/luiton-lt-398-cb-radio-feature-1.webp\" alt=\"luiton lt 398 cb radio caracter\u00edstica 1\" class=\"wp-image-7577\" srcset=\"https:\/\/bestcbradio.com\/wp-content\/uploads\/luiton-lt-398-cb-radio-feature-1.webp 800w, https:\/\/bestcbradio.com\/wp-content\/uploads\/luiton-lt-398-cb-radio-feature-1-300x188.webp 300w, https:\/\/bestcbradio.com\/wp-content\/uploads\/luiton-lt-398-cb-radio-feature-1-768x480.webp 768w, https:\/\/bestcbradio.com\/wp-content\/uploads\/luiton-lt-398-cb-radio-feature-1-441x276.webp 441w, https:\/\/bestcbradio.com\/wp-content\/uploads\/luiton-lt-398-cb-radio-feature-1-150x94.webp 150w\" sizes=\"(max-width: 800px) 100vw, 800px\" \/><\/figure><\/div>\n\n<div class=\"wp-block-column is-vertically-aligned-center is-layout-flow wp-block-column-is-layout-flow\" style=\"flex-basis:40%\"><h2 class=\"wp-block-heading\">40 canales preprogramados<\/h2>\n\n<p>Los usuarios pueden acceder a 40 canales listos para usar que vienen preprogramados con frecuencias CB est\u00e1ndar, lo que permite un escaneo r\u00e1pido y un cambio f\u00e1cil entre diferentes canales de comunicaci\u00f3n durante la operaci\u00f3n.<\/p><\/div><\/div><div style=\"height:30px\" aria-hidden=\"true\" class=\"wp-block-spacer\"><\/div><div class=\"wp-block-columns are-vertically-aligned-center is-layout-flex wp-container-core-columns-is-layout-28f84493 wp-block-columns-is-layout-flex\"><div class=\"wp-block-column is-vertically-aligned-center is-layout-flow wp-block-column-is-layout-flow\"><h2 class=\"wp-block-heading\">Durabilidad, fiabilidad y seguridad<\/h2>\n\n<p>La radio CB es una herramienta fiable, accesible y sin licencia que permite a las personas conectarse entre s\u00ed, comunicarse y mantenerse a salvo en diversas situaciones.<\/p><\/div>\n\n<div class=\"wp-block-column is-vertically-aligned-center is-layout-flow wp-block-column-is-layout-flow\" style=\"flex-basis:60%\"><figure class=\"wp-block-image size-full\"><img decoding=\"async\" width=\"800\" height=\"500\" src=\"https:\/\/bestcbradio.com\/wp-content\/uploads\/luiton-lt-398-cb-radio-feature-2.webp\" alt=\"luiton lt 398 cb radio caracter\u00edstica 2\" class=\"wp-image-7578\" srcset=\"https:\/\/bestcbradio.com\/wp-content\/uploads\/luiton-lt-398-cb-radio-feature-2.webp 800w, https:\/\/bestcbradio.com\/wp-content\/uploads\/luiton-lt-398-cb-radio-feature-2-300x188.webp 300w, https:\/\/bestcbradio.com\/wp-content\/uploads\/luiton-lt-398-cb-radio-feature-2-768x480.webp 768w, https:\/\/bestcbradio.com\/wp-content\/uploads\/luiton-lt-398-cb-radio-feature-2-441x276.webp 441w, https:\/\/bestcbradio.com\/wp-content\/uploads\/luiton-lt-398-cb-radio-feature-2-150x94.webp 150w\" sizes=\"(max-width: 800px) 100vw, 800px\" \/><\/figure><\/div><\/div><div style=\"height:30px\" aria-hidden=\"true\" class=\"wp-block-spacer\"><\/div><div class=\"wp-block-columns are-vertically-aligned-center is-layout-flex wp-container-core-columns-is-layout-28f84493 wp-block-columns-is-layout-flex\"><div class=\"wp-block-column is-vertically-aligned-center is-layout-flow wp-block-column-is-layout-flow\"><figure class=\"wp-block-image size-full\"><img decoding=\"async\" width=\"800\" height=\"500\" src=\"https:\/\/bestcbradio.com\/wp-content\/uploads\/luiton-lt-398-cb-radio-feature-3.webp\" alt=\"luiton lt 398 cb radio caracter\u00edstica 3\" class=\"wp-image-7579\" srcset=\"https:\/\/bestcbradio.com\/wp-content\/uploads\/luiton-lt-398-cb-radio-feature-3.webp 800w, https:\/\/bestcbradio.com\/wp-content\/uploads\/luiton-lt-398-cb-radio-feature-3-300x188.webp 300w, https:\/\/bestcbradio.com\/wp-content\/uploads\/luiton-lt-398-cb-radio-feature-3-768x480.webp 768w, https:\/\/bestcbradio.com\/wp-content\/uploads\/luiton-lt-398-cb-radio-feature-3-441x276.webp 441w, https:\/\/bestcbradio.com\/wp-content\/uploads\/luiton-lt-398-cb-radio-feature-3-150x94.webp 150w\" sizes=\"(max-width: 800px) 100vw, 800px\" \/><\/figure><\/div>\n\n<div class=\"wp-block-column is-vertically-aligned-center is-layout-flow wp-block-column-is-layout-flow\" style=\"flex-basis:40%\"><h2 class=\"wp-block-heading\">F\u00e1cil de manejar<\/h2>\n\n<p>Modo dual AM\/FM, sonido m\u00e1s n\u00edtido y compatibilidad inversa.<\/p>\n\n<p>Sin necesidad de formaci\u00f3n<br>Sin marcaci\u00f3n, sin retrasos<br>Todos los miembros del equipo a un solo clic<\/p><\/div><\/div><div style=\"height:30px\" aria-hidden=\"true\" class=\"wp-block-spacer\"><\/div><div class=\"wp-block-columns are-vertically-aligned-center is-layout-flex wp-container-core-columns-is-layout-28f84493 wp-block-columns-is-layout-flex\"><div class=\"wp-block-column is-vertically-aligned-center is-layout-flow wp-block-column-is-layout-flow\"><h2 class=\"wp-block-heading\">Certificado CE y seguro<\/h2>\n\n<p>Esta radio cumple todos los requisitos de certificaci\u00f3n CE y las normas de seguridad, no contiene productos qu\u00edmicos nocivos en su construcci\u00f3n y garantiza un rendimiento fiable en el que los usuarios pueden confiar.<\/p><\/div>\n\n<div class=\"wp-block-column is-vertically-aligned-center is-layout-flow wp-block-column-is-layout-flow\" style=\"flex-basis:60%\"><figure class=\"wp-block-image size-full\"><img loading=\"lazy\" decoding=\"async\" width=\"800\" height=\"500\" src=\"https:\/\/bestcbradio.com\/wp-content\/uploads\/luiton-lt-398-cb-radio-feature-4.webp\" alt=\"luiton lt 398 cb radio caracter\u00edstica 4\" class=\"wp-image-7580\" srcset=\"https:\/\/bestcbradio.com\/wp-content\/uploads\/luiton-lt-398-cb-radio-feature-4.webp 800w, https:\/\/bestcbradio.com\/wp-content\/uploads\/luiton-lt-398-cb-radio-feature-4-300x188.webp 300w, https:\/\/bestcbradio.com\/wp-content\/uploads\/luiton-lt-398-cb-radio-feature-4-768x480.webp 768w, https:\/\/bestcbradio.com\/wp-content\/uploads\/luiton-lt-398-cb-radio-feature-4-441x276.webp 441w, https:\/\/bestcbradio.com\/wp-content\/uploads\/luiton-lt-398-cb-radio-feature-4-150x94.webp 150w\" sizes=\"(max-width: 800px) 100vw, 800px\" \/><\/figure><\/div><\/div><div style=\"height:30px\" aria-hidden=\"true\" class=\"wp-block-spacer\"><\/div><div class=\"wp-block-columns are-vertically-aligned-center is-layout-flex wp-container-core-columns-is-layout-28f84493 wp-block-columns-is-layout-flex\"><div class=\"wp-block-column is-vertically-aligned-center is-layout-flow wp-block-column-is-layout-flow\"><figure class=\"wp-block-image size-full\"><img loading=\"lazy\" decoding=\"async\" width=\"800\" height=\"500\" src=\"https:\/\/bestcbradio.com\/wp-content\/uploads\/luiton-lt-398-cb-radio-feature-5.webp\" alt=\"luiton lt 398 cb radio caracter\u00edstica 5\" class=\"wp-image-7581\" srcset=\"https:\/\/bestcbradio.com\/wp-content\/uploads\/luiton-lt-398-cb-radio-feature-5.webp 800w, https:\/\/bestcbradio.com\/wp-content\/uploads\/luiton-lt-398-cb-radio-feature-5-300x188.webp 300w, https:\/\/bestcbradio.com\/wp-content\/uploads\/luiton-lt-398-cb-radio-feature-5-768x480.webp 768w, https:\/\/bestcbradio.com\/wp-content\/uploads\/luiton-lt-398-cb-radio-feature-5-441x276.webp 441w, https:\/\/bestcbradio.com\/wp-content\/uploads\/luiton-lt-398-cb-radio-feature-5-150x94.webp 150w\" sizes=\"(max-width: 800px) 100vw, 800px\" \/><\/figure><\/div>\n\n<div class=\"wp-block-column is-vertically-aligned-center is-layout-flow wp-block-column-is-layout-flow\" style=\"flex-basis:40%\"><h2 class=\"wp-block-heading\">Ideal para la comunicaci\u00f3n desde el coche<\/h2>\n\n<p>Dise\u00f1ada espec\u00edficamente para su uso en veh\u00edculos, esta radio combina caracter\u00edsticas pr\u00e1cticas para el montaje en el coche con una construcci\u00f3n duradera, aunque requiere protecci\u00f3n contra la exposici\u00f3n al agua durante su funcionamiento.<\/p><\/div><\/div>","protected":false},"excerpt":{"rendered":"<details open>\n<summary>Puntos fuertes del producto<\/summary>\n<div class=\"cg-accordion-item\"> \u2714Frequency:26.960-27.400MHz<br \/>\n\u27144W o 10W de potencia RF<br \/>\nCanales:40 AM\/FM<br \/>\n\u27143 D\u00edgitos indicadores de canal<br \/>\n\u2714Escaneo autom\u00e1tico, ganancia RF autom\u00e1tica<br \/>\n\u2714Interruptor de canales 9\/19<br \/>\n\u2714Control de silenciamiento autom\u00e1tico  <\/div>\n<\/details>\n<details >\n<summary>Gama de frecuencias<\/summary>\n<div class=\"cg-accordion-item\"> Esta radio funciona en frecuencias de 26,960-27,400 MHz, lo que ofrece a los usuarios opciones de comunicaci\u00f3n flexibles para diferentes situaciones y requisitos. <\/div>\n<\/details>\n<details >\n<summary>Potencia de salida fiable<\/summary>\n<div class=\"cg-accordion-item\"> Con una potencia de RF m\u00e1xima de 4W-10W a 13,2Vcc, esta radio proporciona una intensidad de se\u00f1al constante para una comunicaci\u00f3n clara, adecuada para la mayor\u00eda de las situaciones cotidianas de comunicaci\u00f3n m\u00f3vil. <\/div>\n<\/details>","protected":false},"featured_media":8012,"comment_status":"open","ping_status":"closed","template":"","meta":{"_seopress_robots_primary_cat":"none","_seopress_titles_title":"RF CB Radio -Auto Scan,Auto Squelch Control,Channel 9\/19 Switch|Luiton","_seopress_titles_desc":"","_seopress_robots_index":""},"product_brand":[54],"product_cat":[53],"product_tag":[],"class_list":{"0":"post-7583","1":"product","2":"type-product","3":"status-publish","4":"has-post-thumbnail","6":"product_brand-luiton","7":"product_cat-cb-radios","9":"first","10":"instock","11":"shipping-taxable","12":"purchasable","13":"product-type-variable","14":"has-default-attributes"},"_links":{"self":[{"href":"https:\/\/bestcbradio.com\/es\/wp-json\/wp\/v2\/product\/7583","targetHints":{"allow":["GET"]}}],"collection":[{"href":"https:\/\/bestcbradio.com\/es\/wp-json\/wp\/v2\/product"}],"about":[{"href":"https:\/\/bestcbradio.com\/es\/wp-json\/wp\/v2\/types\/product"}],"replies":[{"embeddable":true,"href":"https:\/\/bestcbradio.com\/es\/wp-json\/wp\/v2\/comments?post=7583"}],"wp:featuredmedia":[{"embeddable":true,"href":"https:\/\/bestcbradio.com\/es\/wp-json\/wp\/v2\/media\/8012"}],"wp:attachment":[{"href":"https:\/\/bestcbradio.com\/es\/wp-json\/wp\/v2\/media?parent=7583"}],"wp:term":[{"taxonomy":"product_brand","embeddable":true,"href":"https:\/\/bestcbradio.com\/es\/wp-json\/wp\/v2\/product_brand?post=7583"},{"taxonomy":"product_cat","embeddable":true,"href":"https:\/\/bestcbradio.com\/es\/wp-json\/wp\/v2\/product_cat?post=7583"},{"taxonomy":"product_tag","embeddable":true,"href":"https:\/\/bestcbradio.com\/es\/wp-json\/wp\/v2\/product_tag?post=7583"}],"curies":[{"name":"wp","href":"https:\/\/api.w.org\/{rel}","templated":true}]}}