{"id":7907,"date":"2025-11-21T14:56:57","date_gmt":"2025-11-21T06:56:57","guid":{"rendered":"https:\/\/bestcbradio.com\/?post_type=product&#038;p=7907"},"modified":"2026-03-16T11:50:19","modified_gmt":"2026-03-16T03:50:19","slug":"luiton-lt-1988-vehicle-radio","status":"publish","type":"product","link":"https:\/\/bestcbradio.com\/es\/producto\/radio-vehiculo-luiton-lt-1988\/","title":{"rendered":"Radio para veh\u00edculo Luiton LT-1988"},"content":{"rendered":"<div class=\"wp-block-columns are-vertically-aligned-center is-layout-flex wp-container-core-columns-is-layout-28f84493 wp-block-columns-is-layout-flex\"><div class=\"wp-block-column is-vertically-aligned-center is-layout-flow wp-block-column-is-layout-flow\"><figure class=\"wp-block-image size-full\"><img fetchpriority=\"high\" decoding=\"async\" width=\"800\" height=\"500\" src=\"https:\/\/bestcbradio.com\/wp-content\/uploads\/long-range-cb-radio-with-199-channels-feature-01.webp\" alt=\"radio cb de largo alcance con 199 canales caracter\u00edstica 01\" class=\"wp-image-7915\" srcset=\"https:\/\/bestcbradio.com\/wp-content\/uploads\/long-range-cb-radio-with-199-channels-feature-01.webp 800w, https:\/\/bestcbradio.com\/wp-content\/uploads\/long-range-cb-radio-with-199-channels-feature-01-300x188.webp 300w, https:\/\/bestcbradio.com\/wp-content\/uploads\/long-range-cb-radio-with-199-channels-feature-01-768x480.webp 768w, https:\/\/bestcbradio.com\/wp-content\/uploads\/long-range-cb-radio-with-199-channels-feature-01-441x276.webp 441w, https:\/\/bestcbradio.com\/wp-content\/uploads\/long-range-cb-radio-with-199-channels-feature-01-150x94.webp 150w\" sizes=\"(max-width: 800px) 100vw, 800px\" \/><\/figure><\/div>\n\n<div class=\"wp-block-column is-vertically-aligned-center is-layout-flow wp-block-column-is-layout-flow\" style=\"flex-basis:40%\"><h2 class=\"wp-block-heading\">Gama de frecuencias vers\u00e1til<\/h2>\n\n<p>Esta radio funciona en tres bandas de frecuencia: 66-88 MHz, 136-174 MHz y 400-470 MHz. Dispone de 199 canales y ofrece una separaci\u00f3n entre canales ancha y estrecha para adaptarse a las distintas necesidades de comunicaci\u00f3n.<\/p>\n\n<p><\/p>\n\n<p><\/p><\/div><\/div><div style=\"height:30px\" aria-hidden=\"true\" class=\"wp-block-spacer\"><\/div><div class=\"wp-block-columns are-vertically-aligned-center is-layout-flex wp-container-core-columns-is-layout-28f84493 wp-block-columns-is-layout-flex\"><div class=\"wp-block-column is-vertically-aligned-center is-layout-flow wp-block-column-is-layout-flow\"><h2 class=\"wp-block-heading\">Rendimiento fiable<\/h2>\n\n<p>La radio tiene una gran estabilidad de frecuencia de \u00b12,5 ppm, lo que garantiza una comunicaci\u00f3n clara. Funciona eficientemente a 13,8 V CC \u00b115%, lo que la hace adecuada para muchas configuraciones y entornos diferentes.<\/p>\n\n<p><\/p>\n\n<p><\/p><\/div>\n\n<div class=\"wp-block-column is-vertically-aligned-center is-layout-flow wp-block-column-is-layout-flow\" style=\"flex-basis:60%\"><figure class=\"wp-block-image size-full\"><img decoding=\"async\" width=\"800\" height=\"500\" src=\"https:\/\/bestcbradio.com\/wp-content\/uploads\/long-range-cb-radio-with-199-channels-feature-02.webp\" alt=\"radio cb de largo alcance con 199 canales caracter\u00edstica 02\" class=\"wp-image-7916\" srcset=\"https:\/\/bestcbradio.com\/wp-content\/uploads\/long-range-cb-radio-with-199-channels-feature-02.webp 800w, https:\/\/bestcbradio.com\/wp-content\/uploads\/long-range-cb-radio-with-199-channels-feature-02-300x188.webp 300w, https:\/\/bestcbradio.com\/wp-content\/uploads\/long-range-cb-radio-with-199-channels-feature-02-768x480.webp 768w, https:\/\/bestcbradio.com\/wp-content\/uploads\/long-range-cb-radio-with-199-channels-feature-02-441x276.webp 441w, https:\/\/bestcbradio.com\/wp-content\/uploads\/long-range-cb-radio-with-199-channels-feature-02-150x94.webp 150w\" sizes=\"(max-width: 800px) 100vw, 800px\" \/><\/figure><\/div><\/div><div style=\"height:30px\" aria-hidden=\"true\" class=\"wp-block-spacer\"><\/div><div class=\"wp-block-columns are-vertically-aligned-center is-layout-flex wp-container-core-columns-is-layout-28f84493 wp-block-columns-is-layout-flex\"><div class=\"wp-block-column is-vertically-aligned-center is-layout-flow wp-block-column-is-layout-flow\"><figure class=\"wp-block-image size-full\"><img decoding=\"async\" width=\"800\" height=\"500\" src=\"https:\/\/bestcbradio.com\/wp-content\/uploads\/long-range-cb-radio-with-199-channels-feature-03.webp\" alt=\"radio cb de largo alcance con 199 canales caracter\u00edstica 03\" class=\"wp-image-7917\" srcset=\"https:\/\/bestcbradio.com\/wp-content\/uploads\/long-range-cb-radio-with-199-channels-feature-03.webp 800w, https:\/\/bestcbradio.com\/wp-content\/uploads\/long-range-cb-radio-with-199-channels-feature-03-300x188.webp 300w, https:\/\/bestcbradio.com\/wp-content\/uploads\/long-range-cb-radio-with-199-channels-feature-03-768x480.webp 768w, https:\/\/bestcbradio.com\/wp-content\/uploads\/long-range-cb-radio-with-199-channels-feature-03-441x276.webp 441w, https:\/\/bestcbradio.com\/wp-content\/uploads\/long-range-cb-radio-with-199-channels-feature-03-150x94.webp 150w\" sizes=\"(max-width: 800px) 100vw, 800px\" \/><\/figure><\/div>\n\n<div class=\"wp-block-column is-vertically-aligned-center is-layout-flow wp-block-column-is-layout-flow\" style=\"flex-basis:40%\"><h2 class=\"wp-block-heading\">Recepci\u00f3n de alta sensibilidad<\/h2>\n\n<p>Con una sensibilidad de banda ancha de \u22640,25\u03bcV y de banda estrecha de \u22640,35\u03bcV, esta radio garantiza una recepci\u00f3n clara de la se\u00f1al. Tambi\u00e9n minimiza las interferencias con una selectividad de canal adyacente de \u226560dB.<\/p>\n\n<p><\/p>\n\n<p><\/p>\n\n<p><\/p><\/div><\/div><div style=\"height:30px\" aria-hidden=\"true\" class=\"wp-block-spacer\"><\/div><div class=\"wp-block-columns are-vertically-aligned-center is-layout-flex wp-container-core-columns-is-layout-28f84493 wp-block-columns-is-layout-flex\"><div class=\"wp-block-column is-vertically-aligned-center is-layout-flow wp-block-column-is-layout-flow\"><h2 class=\"wp-block-heading\">Gran potencia de transmisi\u00f3n<\/h2>\n\n<p>Puedes ajustar la potencia de salida a 15 W, 10 W o 5 W para una comunicaci\u00f3n de largo alcance. La radio utiliza diferentes tipos de modulaci\u00f3n para bandas anchas y estrechas para garantizar una transmisi\u00f3n de audio n\u00edtida.<\/p>\n\n<p><\/p>\n\n<p><\/p><\/div>\n\n<div class=\"wp-block-column is-vertically-aligned-center is-layout-flow wp-block-column-is-layout-flow\" style=\"flex-basis:60%\"><figure class=\"wp-block-image size-full\"><img loading=\"lazy\" decoding=\"async\" width=\"800\" height=\"500\" src=\"https:\/\/bestcbradio.com\/wp-content\/uploads\/long-range-cb-radio-with-199-channels-feature-04.webp\" alt=\"radio cb de largo alcance con 199 canales caracter\u00edstica 04\" class=\"wp-image-7918\" srcset=\"https:\/\/bestcbradio.com\/wp-content\/uploads\/long-range-cb-radio-with-199-channels-feature-04.webp 800w, https:\/\/bestcbradio.com\/wp-content\/uploads\/long-range-cb-radio-with-199-channels-feature-04-300x188.webp 300w, https:\/\/bestcbradio.com\/wp-content\/uploads\/long-range-cb-radio-with-199-channels-feature-04-768x480.webp 768w, https:\/\/bestcbradio.com\/wp-content\/uploads\/long-range-cb-radio-with-199-channels-feature-04-441x276.webp 441w, https:\/\/bestcbradio.com\/wp-content\/uploads\/long-range-cb-radio-with-199-channels-feature-04-150x94.webp 150w\" sizes=\"(max-width: 800px) 100vw, 800px\" \/><\/figure><\/div><\/div><div style=\"height:30px\" aria-hidden=\"true\" class=\"wp-block-spacer\"><\/div><div class=\"wp-block-columns are-vertically-aligned-center is-layout-flex wp-container-core-columns-is-layout-28f84493 wp-block-columns-is-layout-flex\"><div class=\"wp-block-column is-vertically-aligned-center is-layout-flow wp-block-column-is-layout-flow\"><figure class=\"wp-block-image size-full\"><img loading=\"lazy\" decoding=\"async\" width=\"800\" height=\"500\" src=\"https:\/\/bestcbradio.com\/wp-content\/uploads\/long-range-cb-radio-with-199-channels-feature-05.webp\" alt=\"radio cb de largo alcance con 199 canales caracter\u00edstica 05\" class=\"wp-image-7919\" srcset=\"https:\/\/bestcbradio.com\/wp-content\/uploads\/long-range-cb-radio-with-199-channels-feature-05.webp 800w, https:\/\/bestcbradio.com\/wp-content\/uploads\/long-range-cb-radio-with-199-channels-feature-05-300x188.webp 300w, https:\/\/bestcbradio.com\/wp-content\/uploads\/long-range-cb-radio-with-199-channels-feature-05-768x480.webp 768w, https:\/\/bestcbradio.com\/wp-content\/uploads\/long-range-cb-radio-with-199-channels-feature-05-441x276.webp 441w, https:\/\/bestcbradio.com\/wp-content\/uploads\/long-range-cb-radio-with-199-channels-feature-05-150x94.webp 150w\" sizes=\"(max-width: 800px) 100vw, 800px\" \/><\/figure><\/div>\n\n<div class=\"wp-block-column is-vertically-aligned-center is-layout-flow wp-block-column-is-layout-flow\" style=\"flex-basis:40%\"><h2 class=\"wp-block-heading\">Dise\u00f1o duradero<\/h2>\n\n<p>La radio es compacta, mide 109 mm x 104 mm x 25 mm y pesa unos 0,5 kg, por lo que es f\u00e1cil de instalar y transportar. Funciona bien a temperaturas de -20\u2103 a +60\u2103, por lo que es fiable en diversas condiciones.<\/p>\n\n<p><\/p>\n\n<p><\/p><\/div><\/div><p><\/p>","protected":false},"excerpt":{"rendered":"<details open>\n<summary>Calidad de audio n\u00edtida<\/summary>\n<div class=\"cg-accordion-item\"> Gama de frecuencias: 66-88 MHz, 136-174 MHz o 400-470 MHz<br \/>\n\u2714Funci\u00f3n de escaneo, funci\u00f3n TOT<br \/>\n\u2714CTCSS,DCS,Funci\u00f3n repetidor<br \/>\n\u2714 Funci\u00f3n Talk Around<br \/>\n\u2714Potencia:5W\/10W\/15W<br \/>\n\u2714Canales:199 <\/div>\n<\/details>\n<details >\n<summary>Reducci\u00f3n de ruido mejorada<\/summary>\n<div class=\"cg-accordion-item\"> La radio presenta un nivel de zumbido y ruido de \u226545dB para banda ancha y \u226540dB para banda estrecha, lo que ayuda a mantener una comunicaci\u00f3n clara. Tambi\u00e9n incluye opciones avanzadas de silenciamiento para mejorar la claridad de la se\u00f1al. <\/div>\n<\/details>\n<details >\n<summary>Rendimiento fiable<\/summary>\n<div class=\"cg-accordion-item\"> La radio tiene una gran estabilidad de frecuencia de \u00b12,5 ppm, lo que garantiza una comunicaci\u00f3n clara. Funciona eficientemente a 13,8 V CC \u00b115%, lo que la hace adecuada para muchas configuraciones y entornos diferentes. <\/div>\n<\/details>","protected":false},"featured_media":7909,"comment_status":"open","ping_status":"closed","template":"","meta":{"_seopress_robots_primary_cat":"none","_seopress_titles_title":"Long Range CB Radio with 199 Channels-only 0.5kg|Luiton","_seopress_titles_desc":"","_seopress_robots_index":""},"product_brand":[54],"product_cat":[66],"product_tag":[],"class_list":{"0":"post-7907","1":"product","2":"type-product","3":"status-publish","4":"has-post-thumbnail","6":"product_brand-luiton","7":"product_cat-vehicle-radio","9":"first","10":"instock","11":"sale","12":"shipping-taxable","13":"purchasable","14":"product-type-variable","15":"has-default-attributes"},"_links":{"self":[{"href":"https:\/\/bestcbradio.com\/es\/wp-json\/wp\/v2\/product\/7907","targetHints":{"allow":["GET"]}}],"collection":[{"href":"https:\/\/bestcbradio.com\/es\/wp-json\/wp\/v2\/product"}],"about":[{"href":"https:\/\/bestcbradio.com\/es\/wp-json\/wp\/v2\/types\/product"}],"replies":[{"embeddable":true,"href":"https:\/\/bestcbradio.com\/es\/wp-json\/wp\/v2\/comments?post=7907"}],"wp:featuredmedia":[{"embeddable":true,"href":"https:\/\/bestcbradio.com\/es\/wp-json\/wp\/v2\/media\/7909"}],"wp:attachment":[{"href":"https:\/\/bestcbradio.com\/es\/wp-json\/wp\/v2\/media?parent=7907"}],"wp:term":[{"taxonomy":"product_brand","embeddable":true,"href":"https:\/\/bestcbradio.com\/es\/wp-json\/wp\/v2\/product_brand?post=7907"},{"taxonomy":"product_cat","embeddable":true,"href":"https:\/\/bestcbradio.com\/es\/wp-json\/wp\/v2\/product_cat?post=7907"},{"taxonomy":"product_tag","embeddable":true,"href":"https:\/\/bestcbradio.com\/es\/wp-json\/wp\/v2\/product_tag?post=7907"}],"curies":[{"name":"wp","href":"https:\/\/api.w.org\/{rel}","templated":true}]}}