{"id":7999,"date":"2025-11-25T10:06:34","date_gmt":"2025-11-25T02:06:34","guid":{"rendered":"https:\/\/bestcbradio.com\/?post_type=product&#038;p=7999"},"modified":"2026-01-20T16:49:24","modified_gmt":"2026-01-20T08:49:24","slug":"luiton-lt-580-vhf-uhf-radio-vehiculo","status":"publish","type":"product","link":"https:\/\/bestcbradio.com\/es\/producto\/luiton-lt-580-vhf-uhf-radio-vehiculo\/","title":{"rendered":"Radio para veh\u00edculos Luiton LT-580 VHF\/UHF"},"content":{"rendered":"<div class=\"wp-block-columns are-vertically-aligned-center is-layout-flex wp-container-core-columns-is-layout-28f84493 wp-block-columns-is-layout-flex\"><div class=\"wp-block-column is-vertically-aligned-center is-layout-flow wp-block-column-is-layout-flow\"><figure class=\"wp-block-image size-full\"><img fetchpriority=\"high\" decoding=\"async\" width=\"800\" height=\"500\" src=\"https:\/\/bestcbradio.com\/wp-content\/uploads\/lt-580-uhf-vhf-mobile-transceiver-feature-01.webp\" alt=\"lt 580 uhf vhf transceptor m\u00f3vil caracter\u00edstica 01\" class=\"wp-image-7992\" srcset=\"https:\/\/bestcbradio.com\/wp-content\/uploads\/lt-580-uhf-vhf-mobile-transceiver-feature-01.webp 800w, https:\/\/bestcbradio.com\/wp-content\/uploads\/lt-580-uhf-vhf-mobile-transceiver-feature-01-300x188.webp 300w, https:\/\/bestcbradio.com\/wp-content\/uploads\/lt-580-uhf-vhf-mobile-transceiver-feature-01-768x480.webp 768w, https:\/\/bestcbradio.com\/wp-content\/uploads\/lt-580-uhf-vhf-mobile-transceiver-feature-01-441x276.webp 441w, https:\/\/bestcbradio.com\/wp-content\/uploads\/lt-580-uhf-vhf-mobile-transceiver-feature-01-150x94.webp 150w\" sizes=\"(max-width: 800px) 100vw, 800px\" \/><\/figure><\/div>\n\n<div class=\"wp-block-column is-vertically-aligned-center is-layout-flow wp-block-column-is-layout-flow\" style=\"flex-basis:40%\"><h2 class=\"wp-block-heading\">Gama de frecuencias vers\u00e1til<\/h2>\n\n<p>El dispositivo admite una amplia gama de frecuencias, lo que permite a los usuarios comunicarse eficazmente a trav\u00e9s de diferentes bandas con una separaci\u00f3n de canales ajustable de 25KHz, 20KHz y 12,5KHz.<\/p>\n\n<p><\/p>\n\n<p><\/p>\n\n<p><\/p><\/div><\/div><div style=\"height:30px\" aria-hidden=\"true\" class=\"wp-block-spacer\"><\/div><div class=\"wp-block-columns are-vertically-aligned-center is-layout-flex wp-container-core-columns-is-layout-28f84493 wp-block-columns-is-layout-flex\"><div class=\"wp-block-column is-vertically-aligned-center is-layout-flow wp-block-column-is-layout-flow\"><h2 class=\"wp-block-heading\">Rendimiento fiable<\/h2>\n\n<p>Funciona a 13,8 V CC \u00b115%, lo que proporciona un rendimiento estable para diversas configuraciones y cuenta con una excelente estabilidad de frecuencia de \u00b12,5 ppm para una comunicaci\u00f3n fiable.<\/p>\n\n<p><\/p>\n\n<p><\/p>\n\n<p><\/p><\/div>\n\n<div class=\"wp-block-column is-vertically-aligned-center is-layout-flow wp-block-column-is-layout-flow\" style=\"flex-basis:60%\"><figure class=\"wp-block-image size-full\"><img decoding=\"async\" width=\"800\" height=\"500\" src=\"https:\/\/bestcbradio.com\/wp-content\/uploads\/lt-580-uhf-vhf-mobile-transceiver-feature-02.webp\" alt=\"lt 580 uhf vhf transceptor m\u00f3vil caracter\u00edstica 02\" class=\"wp-image-7993\" srcset=\"https:\/\/bestcbradio.com\/wp-content\/uploads\/lt-580-uhf-vhf-mobile-transceiver-feature-02.webp 800w, https:\/\/bestcbradio.com\/wp-content\/uploads\/lt-580-uhf-vhf-mobile-transceiver-feature-02-300x188.webp 300w, https:\/\/bestcbradio.com\/wp-content\/uploads\/lt-580-uhf-vhf-mobile-transceiver-feature-02-768x480.webp 768w, https:\/\/bestcbradio.com\/wp-content\/uploads\/lt-580-uhf-vhf-mobile-transceiver-feature-02-441x276.webp 441w, https:\/\/bestcbradio.com\/wp-content\/uploads\/lt-580-uhf-vhf-mobile-transceiver-feature-02-150x94.webp 150w\" sizes=\"(max-width: 800px) 100vw, 800px\" \/><\/figure><\/div><\/div><div style=\"height:30px\" aria-hidden=\"true\" class=\"wp-block-spacer\"><\/div><div class=\"wp-block-columns are-vertically-aligned-center is-layout-flex wp-container-core-columns-is-layout-28f84493 wp-block-columns-is-layout-flex\"><div class=\"wp-block-column is-vertically-aligned-center is-layout-flow wp-block-column-is-layout-flow\"><figure class=\"wp-block-image size-full\"><img decoding=\"async\" width=\"800\" height=\"500\" src=\"https:\/\/bestcbradio.com\/wp-content\/uploads\/lt-580-uhf-vhf-mobile-transceiver-feature-03.webp\" alt=\"lt 580 uhf vhf transceptor m\u00f3vil caracter\u00edstica 03\" class=\"wp-image-7994\" srcset=\"https:\/\/bestcbradio.com\/wp-content\/uploads\/lt-580-uhf-vhf-mobile-transceiver-feature-03.webp 800w, https:\/\/bestcbradio.com\/wp-content\/uploads\/lt-580-uhf-vhf-mobile-transceiver-feature-03-300x188.webp 300w, https:\/\/bestcbradio.com\/wp-content\/uploads\/lt-580-uhf-vhf-mobile-transceiver-feature-03-768x480.webp 768w, https:\/\/bestcbradio.com\/wp-content\/uploads\/lt-580-uhf-vhf-mobile-transceiver-feature-03-441x276.webp 441w, https:\/\/bestcbradio.com\/wp-content\/uploads\/lt-580-uhf-vhf-mobile-transceiver-feature-03-150x94.webp 150w\" sizes=\"(max-width: 800px) 100vw, 800px\" \/><\/figure><\/div>\n\n<div class=\"wp-block-column is-vertically-aligned-center is-layout-flow wp-block-column-is-layout-flow\" style=\"flex-basis:40%\"><h2 class=\"wp-block-heading\">Recepci\u00f3n de alta sensibilidad<\/h2>\n\n<p>Con una sensibilidad de banda ancha de \u22640,25\u03bcV y de banda estrecha de \u22640,35\u03bcV, este transceptor garantiza una recepci\u00f3n n\u00edtida y mantiene la selectividad del canal adyacente para minimizar las interferencias.<\/p>\n\n<p><\/p>\n\n<p><\/p>\n\n<p><\/p>\n\n<p><\/p><\/div><\/div><div style=\"height:30px\" aria-hidden=\"true\" class=\"wp-block-spacer\"><\/div><div class=\"wp-block-columns are-vertically-aligned-center is-layout-flex wp-container-core-columns-is-layout-28f84493 wp-block-columns-is-layout-flex\"><div class=\"wp-block-column is-vertically-aligned-center is-layout-flow wp-block-column-is-layout-flow\"><h2 class=\"wp-block-heading\">Gran potencia de transmisi\u00f3n<\/h2>\n\n<p>El transceptor ofrece opciones de salida de potencia ajustables de 60 W, 25 W o 10 W para VHF y 45 W, 25 W o 10 W para UHF, lo que proporciona una comunicaci\u00f3n eficaz de largo alcance con una transmisi\u00f3n de audio clara.<\/p>\n\n<p><\/p>\n\n<p><\/p>\n\n<p><\/p><\/div>\n\n<div class=\"wp-block-column is-vertically-aligned-center is-layout-flow wp-block-column-is-layout-flow\" style=\"flex-basis:60%\"><figure class=\"wp-block-image size-full\"><img loading=\"lazy\" decoding=\"async\" width=\"800\" height=\"500\" src=\"https:\/\/bestcbradio.com\/wp-content\/uploads\/lt-580-uhf-vhf-mobile-transceiver-feature-04.webp\" alt=\"lt 580 uhf vhf transceptor m\u00f3vil caracter\u00edstica 04\" class=\"wp-image-7995\" srcset=\"https:\/\/bestcbradio.com\/wp-content\/uploads\/lt-580-uhf-vhf-mobile-transceiver-feature-04.webp 800w, https:\/\/bestcbradio.com\/wp-content\/uploads\/lt-580-uhf-vhf-mobile-transceiver-feature-04-300x188.webp 300w, https:\/\/bestcbradio.com\/wp-content\/uploads\/lt-580-uhf-vhf-mobile-transceiver-feature-04-768x480.webp 768w, https:\/\/bestcbradio.com\/wp-content\/uploads\/lt-580-uhf-vhf-mobile-transceiver-feature-04-441x276.webp 441w, https:\/\/bestcbradio.com\/wp-content\/uploads\/lt-580-uhf-vhf-mobile-transceiver-feature-04-150x94.webp 150w\" sizes=\"(max-width: 800px) 100vw, 800px\" \/><\/figure><\/div><\/div><div style=\"height:30px\" aria-hidden=\"true\" class=\"wp-block-spacer\"><\/div><div class=\"wp-block-columns are-vertically-aligned-center is-layout-flex wp-container-core-columns-is-layout-28f84493 wp-block-columns-is-layout-flex\"><div class=\"wp-block-column is-vertically-aligned-center is-layout-flow wp-block-column-is-layout-flow\"><figure class=\"wp-block-image size-full\"><img loading=\"lazy\" decoding=\"async\" width=\"800\" height=\"500\" src=\"https:\/\/bestcbradio.com\/wp-content\/uploads\/lt-580-uhf-vhf-mobile-transceiver-feature-05.webp\" alt=\"lt 580 uhf vhf transceptor m\u00f3vil caracter\u00edstica 05\" class=\"wp-image-7996\" srcset=\"https:\/\/bestcbradio.com\/wp-content\/uploads\/lt-580-uhf-vhf-mobile-transceiver-feature-05.webp 800w, https:\/\/bestcbradio.com\/wp-content\/uploads\/lt-580-uhf-vhf-mobile-transceiver-feature-05-300x188.webp 300w, https:\/\/bestcbradio.com\/wp-content\/uploads\/lt-580-uhf-vhf-mobile-transceiver-feature-05-768x480.webp 768w, https:\/\/bestcbradio.com\/wp-content\/uploads\/lt-580-uhf-vhf-mobile-transceiver-feature-05-441x276.webp 441w, https:\/\/bestcbradio.com\/wp-content\/uploads\/lt-580-uhf-vhf-mobile-transceiver-feature-05-150x94.webp 150w\" sizes=\"(max-width: 800px) 100vw, 800px\" \/><\/figure><\/div>\n\n<div class=\"wp-block-column is-vertically-aligned-center is-layout-flow wp-block-column-is-layout-flow\" style=\"flex-basis:40%\"><h2 class=\"wp-block-heading\">Dise\u00f1o duradero<\/h2>\n\n<p>Su tama\u00f1o compacto de 145 mm x 47 mm x 190 mm y su dise\u00f1o ligero de unos 1,2 kg facilitan su instalaci\u00f3n y transporte, al tiempo que funcionan eficazmente a temperaturas de -20\u2103 a +60\u2103.<\/p>\n\n<p><\/p>\n\n<p><\/p>\n\n<p><\/p><\/div><\/div><p><\/p>","protected":false},"excerpt":{"rendered":"<details open>\n<summary>Puntos fuertes del producto<\/summary>\n<div class=\"cg-accordion-item\">\u2714Rango de frecuencia VHF:136 ~ 174MHz,245 ~ 245.9875MHz(220 ~ 260MHz)<br \/>\n\u2714Frecuencia UHF:400 ~ 490MHz<br \/>\n\u271450 grupos de CTCSS\/1024 grupos de DCS<br \/>\n\u2714Alarma antirrobo de larga distancia<br \/>\n\u2714Busy Channel Lockout<br \/>\n\u2714TOT(Temporizador)<br \/>\nCanales:200<br \/>\n\u2714Llamada corta<br \/>\n\u2714Scan Skip<br \/>\n\u2714Cable Clon<br \/>\n\u2714Voice Prompt <\/div>\n<\/details>\n<details >\n<summary>Calidad de audio n\u00edtida<\/summary>\n<div class=\"cg-accordion-item\"> La salida de potencia de audio supera los 2 W en 10%, lo que garantiza una calidad de sonido potente durante la comunicaci\u00f3n, al tiempo que mantiene una baja distorsi\u00f3n de audio para una transmisi\u00f3n de voz clara. <\/div>\n<\/details>\n<details >\n<summary>Transceptor m\u00f3vil VHF\/UHF con 200 canales<\/summary>\n<div class=\"cg-accordion-item\"> Este transceptor cubre frecuencias de HF de 136 a 174 MHz y frecuencias de UHF de 400 a 490 MHz, lo que permite una comunicaci\u00f3n vers\u00e1til con 200 canales y opciones de espaciado de canales ajustables. <\/div>\n<\/details>","protected":false},"featured_media":8126,"comment_status":"open","ping_status":"closed","template":"","meta":{"_seopress_robots_primary_cat":"none","_seopress_titles_title":"VHF\/UHF Mobile Transceiver with 200 Channels-Scan function, Emergency Alarm","_seopress_titles_desc":"","_seopress_robots_index":""},"product_brand":[54],"product_cat":[66],"product_tag":[],"class_list":{"0":"post-7999","1":"product","2":"type-product","3":"status-publish","4":"has-post-thumbnail","6":"product_brand-luiton","7":"product_cat-vehicle-radio","9":"first","10":"instock","11":"sale","12":"shipping-taxable","13":"purchasable","14":"product-type-variable","15":"has-default-attributes"},"_links":{"self":[{"href":"https:\/\/bestcbradio.com\/es\/wp-json\/wp\/v2\/product\/7999","targetHints":{"allow":["GET"]}}],"collection":[{"href":"https:\/\/bestcbradio.com\/es\/wp-json\/wp\/v2\/product"}],"about":[{"href":"https:\/\/bestcbradio.com\/es\/wp-json\/wp\/v2\/types\/product"}],"replies":[{"embeddable":true,"href":"https:\/\/bestcbradio.com\/es\/wp-json\/wp\/v2\/comments?post=7999"}],"wp:featuredmedia":[{"embeddable":true,"href":"https:\/\/bestcbradio.com\/es\/wp-json\/wp\/v2\/media\/8126"}],"wp:attachment":[{"href":"https:\/\/bestcbradio.com\/es\/wp-json\/wp\/v2\/media?parent=7999"}],"wp:term":[{"taxonomy":"product_brand","embeddable":true,"href":"https:\/\/bestcbradio.com\/es\/wp-json\/wp\/v2\/product_brand?post=7999"},{"taxonomy":"product_cat","embeddable":true,"href":"https:\/\/bestcbradio.com\/es\/wp-json\/wp\/v2\/product_cat?post=7999"},{"taxonomy":"product_tag","embeddable":true,"href":"https:\/\/bestcbradio.com\/es\/wp-json\/wp\/v2\/product_tag?post=7999"}],"curies":[{"name":"wp","href":"https:\/\/api.w.org\/{rel}","templated":true}]}}