{"id":8051,"date":"2025-11-26T16:16:34","date_gmt":"2025-11-26T08:16:34","guid":{"rendered":"https:\/\/bestcbradio.com\/?post_type=product&#038;p=8051"},"modified":"2026-03-30T14:01:35","modified_gmt":"2026-03-30T06:01:35","slug":"luiton-lt-an50w-cb-antenna","status":"publish","type":"product","link":"https:\/\/bestcbradio.com\/es\/producto\/luiton-lt-an50w-antena-cb\/","title":{"rendered":"Antena CB Luiton LT-AN50W"},"content":{"rendered":"<div class=\"wp-block-columns are-vertically-aligned-center is-layout-flex wp-container-core-columns-is-layout-28f84493 wp-block-columns-is-layout-flex\"><div class=\"wp-block-column is-vertically-aligned-center is-layout-flow wp-block-column-is-layout-flow\"><figure class=\"wp-block-image size-full\"><img fetchpriority=\"high\" decoding=\"async\" width=\"800\" height=\"500\" src=\"https:\/\/bestcbradio.com\/wp-content\/uploads\/an50w-02.webp\" alt=\"luiton lt an50w antena cb\" class=\"wp-image-8175\" srcset=\"https:\/\/bestcbradio.com\/wp-content\/uploads\/an50w-02.webp 800w, https:\/\/bestcbradio.com\/wp-content\/uploads\/an50w-02-300x188.webp 300w, https:\/\/bestcbradio.com\/wp-content\/uploads\/an50w-02-768x480.webp 768w, https:\/\/bestcbradio.com\/wp-content\/uploads\/an50w-02-441x276.webp 441w, https:\/\/bestcbradio.com\/wp-content\/uploads\/an50w-02-150x94.webp 150w\" sizes=\"(max-width: 800px) 100vw, 800px\" \/><\/figure><\/div>\n\n<div class=\"wp-block-column is-vertically-aligned-center is-layout-flow wp-block-column-is-layout-flow\" style=\"flex-basis:40%\"><h2 class=\"wp-block-heading\">CB Antenna 28 inch 27 Mhz CB Radio Antenna Full Kit with Heavy Duty Magnet Mount Mobile\/Car Radio Antenna Compatible with President Midland Cobra Uniden Anytone by LUITON<\/h2><\/div><\/div><div style=\"height:30px\" aria-hidden=\"true\" class=\"wp-block-spacer\"><\/div><div class=\"wp-block-columns are-vertically-aligned-center is-layout-flex wp-container-core-columns-is-layout-28f84493 wp-block-columns-is-layout-flex\"><div class=\"wp-block-column is-vertically-aligned-center is-layout-flow wp-block-column-is-layout-flow\"><h2 class=\"wp-block-heading\">KIT COMPLETO - incluye soporte magn\u00e9tico con 10 pies de cable coaxial preinstalado, carga de bobina y l\u00e1tigo de acero inoxidable.<\/h2><\/div>\n\n<div class=\"wp-block-column is-vertically-aligned-center is-layout-flow wp-block-column-is-layout-flow\" style=\"flex-basis:60%\"><figure class=\"wp-block-image size-full\"><img decoding=\"async\" width=\"800\" height=\"500\" src=\"https:\/\/bestcbradio.com\/wp-content\/uploads\/an50w-01.webp\" alt=\"luiton lt an50w antena cb\" class=\"wp-image-8174\" srcset=\"https:\/\/bestcbradio.com\/wp-content\/uploads\/an50w-01.webp 800w, https:\/\/bestcbradio.com\/wp-content\/uploads\/an50w-01-300x188.webp 300w, https:\/\/bestcbradio.com\/wp-content\/uploads\/an50w-01-768x480.webp 768w, https:\/\/bestcbradio.com\/wp-content\/uploads\/an50w-01-441x276.webp 441w, https:\/\/bestcbradio.com\/wp-content\/uploads\/an50w-01-150x94.webp 150w\" sizes=\"(max-width: 800px) 100vw, 800px\" \/><\/figure><\/div><\/div><div class=\"wp-block-columns are-vertically-aligned-center is-layout-flex wp-container-core-columns-is-layout-28f84493 wp-block-columns-is-layout-flex\"><div class=\"wp-block-column is-vertically-aligned-center is-layout-flow wp-block-column-is-layout-flow\"><\/div><\/div><div class=\"wp-block-columns are-vertically-aligned-center is-layout-flex wp-container-core-columns-is-layout-28f84493 wp-block-columns-is-layout-flex\"><div class=\"wp-block-column is-vertically-aligned-center is-layout-flow wp-block-column-is-layout-flow\"><figure class=\"wp-block-image size-full\"><img decoding=\"async\" width=\"800\" height=\"500\" src=\"https:\/\/bestcbradio.com\/wp-content\/uploads\/cb-antenna-banner-05.webp\" alt=\"antena de cb banner 05\" class=\"wp-image-8043\" srcset=\"https:\/\/bestcbradio.com\/wp-content\/uploads\/cb-antenna-banner-05.webp 800w, https:\/\/bestcbradio.com\/wp-content\/uploads\/cb-antenna-banner-05-300x188.webp 300w, https:\/\/bestcbradio.com\/wp-content\/uploads\/cb-antenna-banner-05-768x480.webp 768w, https:\/\/bestcbradio.com\/wp-content\/uploads\/cb-antenna-banner-05-441x276.webp 441w, https:\/\/bestcbradio.com\/wp-content\/uploads\/cb-antenna-banner-05-150x94.webp 150w\" sizes=\"(max-width: 800px) 100vw, 800px\" \/><\/figure><\/div>\n\n<div class=\"wp-block-column is-vertically-aligned-center is-layout-flow wp-block-column-is-layout-flow\" style=\"flex-basis:40%\"><h2 class=\"wp-block-heading\">ANTENA LARGA - Antenas m\u00e1s altas = \u00a1mejor alcance! \u00a128 pulgadas de largo para la \u00faltima gama y recibir!<\/h2>\n\n<p><\/p>\n\n<p><\/p><\/div><\/div><p><strong>Acerca de este art\u00edculo<\/strong><\/p><ul class=\"wp-block-list\"><li>ANTENA LARGA - Antenas m\u00e1s altas = \u00a1mejor alcance! \u00a128 pulgadas de largo para la \u00faltima gama y recibir!<\/li>\n\n<li>KIT COMPLETO - incluye soporte magn\u00e9tico con 10 pies de cable coaxial preinstalado, carga de bobina y l\u00e1tigo de acero inoxidable.<\/li>\n\n<li>Base magn\u00e9tica: mejore la recepci\u00f3n aprovechando las grandes superficies met\u00e1licas.<\/li>\n\n<li>Capaz de canales meteorol\u00f3gicos, cubre todas las frecuencias CB.<\/li><\/ul><p><\/p>","protected":false},"excerpt":{"rendered":"<details >\n<summary>Altura ajustable<\/summary>\n<div class=\"cg-accordion-item\"> Disponible en alturas de 28 pulgadas, este adaptador de antena puede adaptarse a diferentes configuraciones y preferencias de usuario. <\/div>\n<\/details>\n<details >\n<summary>Fabricante fiable<\/summary>\n<div class=\"cg-accordion-item\"> Fabricado por Bond Telecom Co., Ltd., este producto est\u00e1 respaldado por una empresa conocida por sus equipos de telecomunicaciones fiables y de calidad. <\/div>\n<\/details>\n<details open>\n<summary>Puntos fuertes del producto<\/summary>\n<div class=\"cg-accordion-item\"> \u271450W Potencia nominal<br \/>\n\u2714KIT COMPLETO<br \/>\n\u2714Alcance m\u00e1ximo 10 pies<br \/>\n\u271428 Pulgadas<br \/>\n\u2714Duty Magnet Mount<\/div>\n<\/details>","protected":false},"featured_media":8044,"comment_status":"open","ping_status":"closed","template":"","meta":{"_seopress_robots_primary_cat":"none","_seopress_titles_title":"Car Radio Antenna Compatible with President Midland Cobra Uniden Anytone by LUITON","_seopress_titles_desc":"","_seopress_robots_index":""},"product_brand":[54],"product_cat":[16],"product_tag":[],"class_list":{"0":"post-8051","1":"product","2":"type-product","3":"status-publish","4":"has-post-thumbnail","6":"product_brand-luiton","7":"product_cat-accessories","9":"first","10":"instock","11":"shipping-taxable","12":"purchasable","13":"product-type-variable","14":"has-default-attributes"},"_links":{"self":[{"href":"https:\/\/bestcbradio.com\/es\/wp-json\/wp\/v2\/product\/8051","targetHints":{"allow":["GET"]}}],"collection":[{"href":"https:\/\/bestcbradio.com\/es\/wp-json\/wp\/v2\/product"}],"about":[{"href":"https:\/\/bestcbradio.com\/es\/wp-json\/wp\/v2\/types\/product"}],"replies":[{"embeddable":true,"href":"https:\/\/bestcbradio.com\/es\/wp-json\/wp\/v2\/comments?post=8051"}],"wp:featuredmedia":[{"embeddable":true,"href":"https:\/\/bestcbradio.com\/es\/wp-json\/wp\/v2\/media\/8044"}],"wp:attachment":[{"href":"https:\/\/bestcbradio.com\/es\/wp-json\/wp\/v2\/media?parent=8051"}],"wp:term":[{"taxonomy":"product_brand","embeddable":true,"href":"https:\/\/bestcbradio.com\/es\/wp-json\/wp\/v2\/product_brand?post=8051"},{"taxonomy":"product_cat","embeddable":true,"href":"https:\/\/bestcbradio.com\/es\/wp-json\/wp\/v2\/product_cat?post=8051"},{"taxonomy":"product_tag","embeddable":true,"href":"https:\/\/bestcbradio.com\/es\/wp-json\/wp\/v2\/product_tag?post=8051"}],"curies":[{"name":"wp","href":"https:\/\/api.w.org\/{rel}","templated":true}]}}