{"id":7231,"date":"2025-11-11T10:39:43","date_gmt":"2025-11-11T02:39:43","guid":{"rendered":"https:\/\/bestcbradio.com\/?page_id=7231"},"modified":"2025-12-08T10:39:00","modified_gmt":"2025-12-08T02:39:00","slug":"terms-and-conditions","status":"publish","type":"page","link":"https:\/\/bestcbradio.com\/fr\/terms-and-conditions\/","title":{"rendered":"Conditions g\u00e9n\u00e9rales"},"content":{"rendered":"<p>Sur l'ensemble du site, les termes \u201c nous \u201d, \u201c notre \u201d et \u201c nos \u201d font r\u00e9f\u00e9rence \u00e0 notre site Web. Nous mettons ce site Web \u00e0 votre disposition, y compris toutes les informations, tous les outils et tous les services disponibles sur ce site, \u00e0 condition que vous acceptiez l'ensemble des conditions g\u00e9n\u00e9rales, politiques et avis \u00e9nonc\u00e9s ici.<\/p><p>En visitant notre site et\/ou en achetant quelque chose chez nous, vous utilisez notre \u201c Service \u201d et acceptez d'\u00eatre li\u00e9 par les conditions g\u00e9n\u00e9rales suivantes (\u201c Conditions d'utilisation \u201d, \u201c Conditions \u201d), y compris les conditions g\u00e9n\u00e9rales et politiques suppl\u00e9mentaires mentionn\u00e9es dans les pr\u00e9sentes et\/ou disponibles par hyperlien. Les pr\u00e9sentes Conditions d'utilisation s'appliquent \u00e0 tous les utilisateurs du site, y compris, sans limitation, les utilisateurs qui sont des navigateurs, des fournisseurs, des clients, des commer\u00e7ants et\/ou des contributeurs de contenu.<\/p><p>Veuillez lire attentivement les pr\u00e9sentes conditions d'utilisation avant d'acc\u00e9der \u00e0 notre site Web ou de l'utiliser. En acc\u00e9dant \u00e0 tout ou partie du site ou en l'utilisant, vous acceptez d'\u00eatre li\u00e9 par les pr\u00e9sentes conditions d'utilisation. Si vous n'acceptez pas toutes les conditions g\u00e9n\u00e9rales du pr\u00e9sent accord, vous ne pouvez pas acc\u00e9der au site Web ni utiliser les services. Si les pr\u00e9sentes conditions d'utilisation sont consid\u00e9r\u00e9es comme une offre, leur acceptation est express\u00e9ment limit\u00e9e aux pr\u00e9sentes conditions d'utilisation.<\/p><p>Toute nouvelle fonctionnalit\u00e9 ou tout nouvel outil ajout\u00e9 \u00e0 la boutique actuelle sera \u00e9galement soumis aux Conditions d'utilisation. Vous pouvez consulter la version la plus r\u00e9cente des Conditions d'utilisation \u00e0 tout moment sur cette page. Nous nous r\u00e9servons le droit de mettre \u00e0 jour, de modifier ou de remplacer toute partie des pr\u00e9sentes Conditions d'utilisation en publiant des mises \u00e0 jour et\/ou des modifications sur notre site web. Il est de votre responsabilit\u00e9 de consulter r\u00e9guli\u00e8rement cette page pour prendre connaissance des modifications. Votre utilisation continue ou votre acc\u00e8s au site web apr\u00e8s la publication de modifications vaut acceptation de ces modifications.<\/p><h3 class=\"wp-block-heading\">SECTION 1 \u2013 CONDITIONS G\u00c9N\u00c9RALES DE LA BOUTIQUE EN LIGNE<\/h3><p>En acceptant les pr\u00e9sentes Conditions d'utilisation, vous d\u00e9clarez avoir au moins l'\u00e2ge de la majorit\u00e9 dans votre \u00c9tat ou province de r\u00e9sidence, ou avoir l'\u00e2ge de la majorit\u00e9 dans votre \u00c9tat ou province de r\u00e9sidence et nous avoir donn\u00e9 votre consentement pour permettre \u00e0 vos enfants mineurs d'utiliser ce site.<\/p><p>Vous ne pouvez pas utiliser nos produits \u00e0 des fins ill\u00e9gales ou non autoris\u00e9es, ni enfreindre, dans le cadre de l'utilisation du Service, les lois en vigueur dans votre juridiction (y compris, mais sans s'y limiter, les lois sur les droits d'auteur).<\/p><p>Vous ne devez transmettre aucun ver, virus ou code de nature destructive.<\/p><p>Toute violation ou infraction \u00e0 l'une des Conditions entra\u00eenera la r\u00e9siliation imm\u00e9diate de vos Services.<\/p><h3 class=\"wp-block-heading\">SECTION 2 \u2013 CONDITIONS G\u00c9N\u00c9RALES<\/h3><p>Nous nous r\u00e9servons le droit de refuser le Service \u00e0 quiconque, pour quelque raison que ce soit et \u00e0 tout moment.<\/p><p>Vous comprenez que votre contenu (\u00e0 l'exception des informations relatives \u00e0 votre carte de cr\u00e9dit) peut \u00eatre transf\u00e9r\u00e9 sans \u00eatre crypt\u00e9 et impliquer (a) des transmissions sur divers r\u00e9seaux ; et (b) des modifications afin de se conformer et de s'adapter aux exigences techniques des r\u00e9seaux ou des appareils connect\u00e9s. Les informations relatives \u00e0 votre carte de cr\u00e9dit sont toujours crypt\u00e9es lors de leur transfert sur les r\u00e9seaux.<\/p><p>Vous acceptez de ne pas reproduire, dupliquer, copier, vendre, revendre ou exploiter toute partie du Service, l'utilisation du Service ou l'acc\u00e8s au Service ou tout contact sur le site Web par lequel le Service est fourni, sans notre autorisation \u00e9crite expresse.<\/p><p>Les titres utilis\u00e9s dans le pr\u00e9sent accord sont inclus uniquement pour des raisons de commodit\u00e9 et ne limitent ni n'affectent en aucune mani\u00e8re les pr\u00e9sentes Conditions.<\/p><h3 class=\"wp-block-heading\">SECTION 3 \u2013 EXACTITUDE, EXHAUSTIVIT\u00c9 ET ACTUALIT\u00c9 DES INFORMATIONS<\/h3><p>Nous ne sommes pas responsables si les informations mises \u00e0 disposition sur ce site ne sont pas exactes, compl\u00e8tes ou \u00e0 jour. Le contenu de ce site est fourni \u00e0 titre d'information g\u00e9n\u00e9rale uniquement et ne doit pas \u00eatre utilis\u00e9 comme seule base pour prendre des d\u00e9cisions sans consulter des sources d'informations primaires, plus pr\u00e9cises, plus compl\u00e8tes ou plus r\u00e9centes. Toute confiance accord\u00e9e au contenu de ce site est \u00e0 vos propres risques.<\/p><p>Ce site peut contenir certaines informations historiques. Les informations historiques ne sont, par nature, pas actuelles et sont fournies \u00e0 titre indicatif uniquement. Nous nous r\u00e9servons le droit de modifier le contenu de ce site \u00e0 tout moment, mais nous n'avons aucune obligation de mettre \u00e0 jour les informations qui y figurent. Vous acceptez qu'il vous incombe de surveiller les modifications apport\u00e9es \u00e0 notre site.<\/p><h3 class=\"wp-block-heading\">SECTION 4 \u2013 MODIFICATIONS DU SERVICE ET DES PRIX<\/h3><p>Les prix de nos produits sont susceptibles d'\u00eatre modifi\u00e9s sans pr\u00e9avis.<\/p><p>Nous nous r\u00e9servons le droit, \u00e0 tout moment, de modifier ou d'interrompre le Service (ou toute partie ou tout contenu de celui-ci) sans pr\u00e9avis.<\/p><p>Nous ne serons pas responsables envers vous ou tout tiers pour toute modification, changement de prix, suspension ou interruption du Service.<\/p><h3 class=\"wp-block-heading\">SECTION 5 \u2013 PRODUITS OU SERVICES (le cas \u00e9ch\u00e9ant)<\/h3><p>Certains produits ou services peuvent \u00eatre disponibles exclusivement en ligne sur le site Web. Ces produits ou services peuvent \u00eatre disponibles en quantit\u00e9s limit\u00e9es et ne peuvent \u00eatre retourn\u00e9s ou \u00e9chang\u00e9s que conform\u00e9ment \u00e0 notre politique de remboursement.<\/p><p>Nous avons tout mis en \u0153uvre pour afficher aussi fid\u00e8lement que possible les couleurs et les images de nos produits qui apparaissent dans la boutique. Nous ne pouvons toutefois garantir que les couleurs affich\u00e9es sur votre \u00e9cran d'ordinateur seront fid\u00e8les \u00e0 la r\u00e9alit\u00e9.<\/p><p>Nous nous r\u00e9servons le droit, sans y \u00eatre oblig\u00e9s, de limiter les ventes de nos produits ou services \u00e0 toute personne, r\u00e9gion g\u00e9ographique ou juridiction. Nous pouvons exercer ce droit au cas par cas. Nous nous r\u00e9servons le droit de limiter les quantit\u00e9s de tout produit ou service que nous proposons. Toutes les descriptions de produits ou les prix des produits sont susceptibles d'\u00eatre modifi\u00e9s \u00e0 tout moment sans pr\u00e9avis, \u00e0 notre seule discr\u00e9tion. Nous nous r\u00e9servons le droit d'interrompre la commercialisation de tout produit \u00e0 tout moment. Toute offre de produit ou de service faite sur ce site est nulle l\u00e0 o\u00f9 la loi l'interdit.<\/p><p>Nous ne garantissons pas que la qualit\u00e9 des produits, services, informations ou autres \u00e9l\u00e9ments achet\u00e9s ou obtenus par vous r\u00e9pondra \u00e0 vos attentes, ni que les erreurs \u00e9ventuelles dans le Service seront corrig\u00e9es.<\/p><h3 class=\"wp-block-heading\">SECTION 6 \u2013 EXACTITUDE DES INFORMATIONS DE FACTURATION ET DE COMPTE<\/h3><p>Nous nous r\u00e9servons le droit de refuser toute commande que vous passez aupr\u00e8s de nous. Nous pouvons, \u00e0 notre seule discr\u00e9tion, limiter ou annuler les quantit\u00e9s achet\u00e9es par personne, par foyer ou par commande. Ces restrictions peuvent inclure les commandes pass\u00e9es par ou sous le m\u00eame compte client, la m\u00eame carte de cr\u00e9dit et\/ou les commandes qui utilisent la m\u00eame adresse de facturation et\/ou de livraison. Si nous modifions ou annulons une commande, nous pouvons tenter de vous en informer en vous contactant \u00e0 l'adresse e-mail et\/ou \u00e0 l'adresse de facturation\/au num\u00e9ro de t\u00e9l\u00e9phone fournis au moment de la commande. Nous nous r\u00e9servons le droit de limiter ou d'interdire les commandes qui, \u00e0 notre seul jugement, semblent avoir \u00e9t\u00e9 pass\u00e9es par des revendeurs, des distributeurs ou des grossistes.<\/p><p>Vous acceptez de fournir des informations d'achat et de compte \u00e0 jour, compl\u00e8tes et exactes pour tous les achats effectu\u00e9s dans notre boutique. Vous acceptez de mettre \u00e0 jour rapidement votre compte et les autres informations, y compris votre adresse e-mail, vos num\u00e9ros de carte de cr\u00e9dit et leurs dates d'expiration, afin que nous puissions effectuer vos transactions et vous contacter si n\u00e9cessaire.<\/p><h3 class=\"wp-block-heading\">SECTION 7 \u2013 OUTILS FACULTATIFS<\/h3><p>Nous pouvons vous donner acc\u00e8s \u00e0 des outils tiers sur lesquels nous n'exer\u00e7ons aucun contr\u00f4le ni aucune influence.<\/p><p>Vous reconnaissez et acceptez que nous fournissons l'acc\u00e8s \u00e0 ces outils \u201d tels quels \u201d et \u201c tels que disponibles \u201d, sans aucune garantie, d\u00e9claration ou condition d'aucune sorte, ni aucun aval. Nous d\u00e9clinons toute responsabilit\u00e9 d\u00e9coulant de ou li\u00e9e \u00e0 votre utilisation d'outils tiers optionnels.<\/p><p>Toute utilisation par vous des outils optionnels propos\u00e9s sur le site est enti\u00e8rement \u00e0 vos propres risques et \u00e0 votre discr\u00e9tion, et vous devez vous assurer que vous connaissez et approuvez les conditions d'utilisation des outils fournis par le(s) fournisseur(s) tiers concern\u00e9(s).<\/p><p>Nous pourrons \u00e9galement, \u00e0 l'avenir, proposer de nouveaux Services et\/ou fonctionnalit\u00e9s via le site Web (y compris la mise \u00e0 disposition de nouveaux outils et ressources). Ces nouvelles fonctionnalit\u00e9s et\/ou Services seront \u00e9galement soumis aux pr\u00e9sentes Conditions d'utilisation.<\/p><h3 class=\"wp-block-heading\">SECTION 8 \u2013 LIENS VERS DES SITES TIERS<\/h3><p>Certains contenus, produits et services disponibles via notre Service peuvent inclure des \u00e9l\u00e9ments provenant de tiers.<\/p><p>Les liens vers des sites tiers pr\u00e9sents sur ce site peuvent vous rediriger vers des sites web tiers qui ne sont pas affili\u00e9s \u00e0 notre soci\u00e9t\u00e9. Nous ne sommes pas responsables de l'examen ou de l'\u00e9valuation du contenu ou de l'exactitude de ces sites, et nous ne garantissons pas et n'assumons aucune responsabilit\u00e9 quant aux contenus ou sites web tiers, ou \u00e0 tout autre contenu, produit ou service tiers.<\/p><p>Nous ne sommes pas responsables des pr\u00e9judices ou dommages li\u00e9s \u00e0 l'achat ou \u00e0 l'utilisation de biens, services, ressources, contenus ou toute autre transaction effectu\u00e9e en relation avec des sites Web tiers. Veuillez lire attentivement les politiques et pratiques des tiers et vous assurer de les comprendre avant de vous engager dans une transaction. Les plaintes, r\u00e9clamations, pr\u00e9occupations ou questions concernant les produits tiers doivent \u00eatre adress\u00e9es au tiers concern\u00e9.<\/p><h3 class=\"wp-block-heading\">SECTION 9 \u2013 COMMENTAIRES, RETOURS D'INFORMATION ET AUTRES SOUMISSIONS DES UTILISATEURS<\/h3><p>Si, \u00e0 notre demande, vous envoyez certaines soumissions sp\u00e9cifiques (par exemple, des participations \u00e0 un concours) ou, sans que nous vous l'ayons demand\u00e9, vous envoyez des id\u00e9es cr\u00e9atives, des suggestions, des propositions, des plans ou d'autres documents, que ce soit en ligne, par courrier \u00e9lectronique, par courrier postal ou par tout autre moyen (collectivement, les \u2018 commentaires \u2019), vous acceptez que nous puissions, \u00e0 tout moment et sans restriction, modifier, copier, publier, distribuer, traduire et utiliser de toute autre mani\u00e8re, sur tout support, les commentaires que vous nous transmettez. Nous ne sommes et ne serons en aucun cas tenus (1) de pr\u00e9server la confidentialit\u00e9 des commentaires ; (2) de verser une compensation pour les commentaires ; ou (3) de r\u00e9pondre aux commentaires.<\/p><p>Nous pouvons, sans y \u00eatre oblig\u00e9s, surveiller, modifier ou supprimer tout contenu que nous jugeons, \u00e0 notre seule discr\u00e9tion, ill\u00e9gal, offensant, mena\u00e7ant, diffamatoire, pornographique, obsc\u00e8ne ou autrement r\u00e9pr\u00e9hensible, ou qui enfreint les droits de propri\u00e9t\u00e9 intellectuelle d'une partie ou les pr\u00e9sentes Conditions d'utilisation.<\/p><p>Vous acceptez que vos commentaires ne violent aucun droit d'un tiers, y compris les droits d'auteur, les marques commerciales, la vie priv\u00e9e, la personnalit\u00e9 ou tout autre droit personnel ou de propri\u00e9t\u00e9. Vous acceptez en outre que vos commentaires ne contiennent aucun contenu diffamatoire ou autrement ill\u00e9gal, abusif ou obsc\u00e8ne, ni aucun virus informatique ou autre logiciel malveillant susceptible d'affecter de quelque mani\u00e8re que ce soit le fonctionnement du Service ou de tout site web connexe. Vous ne pouvez pas utiliser une fausse adresse e-mail, vous faire passer pour quelqu'un d'autre ou nous induire en erreur, nous ou des tiers, quant \u00e0 l'origine de vos commentaires. Vous \u00eates seul responsable des commentaires que vous publiez et de leur exactitude. Nous d\u00e9clinons toute responsabilit\u00e9 quant aux commentaires publi\u00e9s par vous ou par des tiers.<\/p><h3 class=\"wp-block-heading\">SECTION 10 \u2013 INFORMATIONS PERSONNELLES<\/h3><p>La soumission de vos informations personnelles via la boutique est r\u00e9gie par notre politique de confidentialit\u00e9.<\/p><h3 class=\"wp-block-heading\">SECTION 11 \u2013 ERREURS, INEXACTITUDES ET OMISSIONS<\/h3><p>Il peut arriver que certaines informations figurant sur notre site ou dans le Service contiennent des erreurs typographiques, des inexactitudes ou des omissions concernant les descriptions de produits, les prix, les promotions, les offres, les frais d'exp\u00e9dition des produits, les d\u00e9lais de livraison et la disponibilit\u00e9. Nous nous r\u00e9servons le droit de corriger toute erreur, inexactitude ou omission, et de modifier ou mettre \u00e0 jour les informations ou d'annuler des commandes si des informations contenues dans le Service ou sur tout site web connexe sont inexactes, \u00e0 tout moment et sans pr\u00e9avis (y compris apr\u00e8s que vous ayez pass\u00e9 votre commande).<\/p><p>Nous ne nous engageons aucunement \u00e0 mettre \u00e0 jour, modifier ou clarifier les informations contenues dans le Service ou sur tout site Web connexe, y compris, sans limitation, les informations tarifaires, sauf si la loi l'exige. Aucune date de mise \u00e0 jour ou d'actualisation sp\u00e9cifi\u00e9e dans le Service ou sur tout site Web connexe ne doit \u00eatre consid\u00e9r\u00e9e comme indiquant que toutes les informations contenues dans le Service ou sur tout site Web connexe ont \u00e9t\u00e9 modifi\u00e9es ou mises \u00e0 jour.<\/p><h3 class=\"wp-block-heading\">SECTION 12 \u2013 UTILISATIONS INTERDITES<\/h3><p>Outre les autres interdictions \u00e9nonc\u00e9es dans les Conditions d'utilisation, il vous est interdit d'utiliser le site ou son contenu : (a) \u00e0 des fins ill\u00e9gales ; (b) pour inciter d'autres personnes \u00e0 commettre ou \u00e0 participer \u00e0 des actes ill\u00e9gaux ; (c) pour enfreindre toute r\u00e9glementation, r\u00e8gle, loi ou ordonnance locale, internationale, f\u00e9d\u00e9rale, provinciale ou \u00e9tatique ; (d) pour enfreindre ou violer nos droits de propri\u00e9t\u00e9 intellectuelle ou ceux d'autrui ; (e) pour harceler, abuser, insulter, nuire, diffamer, calomnier, d\u00e9nigrer, intimider ou discriminer sur la base du sexe, de l'orientation sexuelle, de la religion, de l'origine ethnique, de la race, de l'\u00e2ge, de la nationalit\u00e9 ou du handicap ; (f) soumettre des informations fausses ou trompeuses ; (g) t\u00e9l\u00e9charger ou transmettre des virus ou tout autre type de code malveillant qui sera ou pourrait \u00eatre utilis\u00e9 de quelque mani\u00e8re que ce soit affectant le fonctionnement ou l'exploitation du Service ou de tout site web connexe, d'autres sites web ou d'Internet ; (h) collecter ou suivre les informations personnelles d'autrui ; (i) envoyer des spams, hame\u00e7onner, pr\u00e9texter, spider, crawler ou scraper ; (j) \u00e0 des fins obsc\u00e8nes ou immorales ; ou (k) pour interf\u00e9rer avec ou contourner les dispositifs de s\u00e9curit\u00e9 du Service ou de tout site web connexe, d'autres sites web ou d'Internet. Nous nous r\u00e9servons le droit de mettre fin \u00e0 votre utilisation du Service ou de tout site web connexe en cas de violation de l'une des utilisations interdites.<\/p><h3 class=\"wp-block-heading\">SECTION 13 \u2013 EXCLUSION DE GARANTIES ; LIMITATION DE RESPONSABILIT\u00c9<\/h3><p>Nous ne garantissons pas, ne d\u00e9clarons pas et n'assurons pas que votre utilisation de notre Service sera ininterrompue, opportune, s\u00e9curis\u00e9e ou sans erreur.<\/p><p>Nous ne garantissons pas que les r\u00e9sultats pouvant \u00eatre obtenus gr\u00e2ce \u00e0 l'utilisation du Service seront exacts ou fiables.<\/p><p>Les images des paysages de la r\u00e9gion montagneuse de G\u00e9orgie sont les seuls points positifs de ce m\u00e9lodrame.<\/p><p>Vous acceptez que nous puissions, \u00e0 tout moment, suspendre le Service pour une dur\u00e9e ind\u00e9termin\u00e9e ou le r\u00e9silier sans pr\u00e9avis.<\/p><p>Vous acceptez express\u00e9ment que votre utilisation ou votre incapacit\u00e9 \u00e0 utiliser le Service se fait \u00e0 vos propres risques. Le Service et tous les produits et Services qui vous sont fournis par le biais du Service sont (sauf indication contraire expresse de notre part) fournis \u2018 tels quels \u2019 et \u2018 tels que disponibles \u2019 pour votre utilisation, sans aucune repr\u00e9sentation, garantie ou condition d'aucune sorte, expresse ou implicite, y compris toutes les garanties ou conditions implicites de qualit\u00e9 marchande, d'ad\u00e9quation \u00e0 un usage particulier, de durabilit\u00e9, de titre et d'absence de contrefa\u00e7on.<\/p><p>En aucun cas, nous, nos administrateurs, dirigeants, employ\u00e9s, affili\u00e9s, agents, sous-traitants, stagiaires, fournisseurs, prestataires de services ou conc\u00e9dants de licence ne peuvent \u00eatre tenus responsables de tout pr\u00e9judice, perte, r\u00e9clamation ou tout dommage direct, indirect, accessoire, punitif, sp\u00e9cial ou cons\u00e9cutif de quelque nature que ce soit, y compris, sans limitation, les pertes de profits, les pertes de revenus, les pertes d'\u00e9conomies, les pertes de donn\u00e9es, les co\u00fbts de remplacement ou tout autre dommage similaire, qu'ils soient fond\u00e9s sur un contrat, un d\u00e9lit (y compris la n\u00e9gligence), la responsabilit\u00e9 stricte ou autre, r\u00e9sultant de votre utilisation de tout Service ou de tout produit achet\u00e9 \u00e0 l'aide du Service, ou pour toute autre r\u00e9clamation li\u00e9e de quelque mani\u00e8re que ce soit \u00e0 votre utilisation du Service ou de tout produit, y compris, mais sans s'y limiter, toute erreur ou omission dans tout contenu, ou toute perte ou tout dommage de quelque nature que ce soit r\u00e9sultant de l'utilisation du Service ou de tout contenu (ou produit) publi\u00e9, transmis ou autrement mis \u00e0 disposition via le Service, m\u00eame si vous avez \u00e9t\u00e9 inform\u00e9 de leur possibilit\u00e9. \u00c9tant donn\u00e9 que certains \u00c9tats ou juridictions n'autorisent pas l'exclusion ou la limitation de responsabilit\u00e9 pour les dommages cons\u00e9cutifs ou accessoires, dans ces \u00c9tats ou juridictions, notre responsabilit\u00e9 sera limit\u00e9e dans la mesure maximale permise par la loi.<\/p><h3 class=\"wp-block-heading\">SECTION 14 \u2013 INDEMNISATION<\/h3><p>Vous acceptez de nous indemniser, de nous d\u00e9fendre et de nous d\u00e9gager de toute responsabilit\u00e9, ainsi que notre soci\u00e9t\u00e9 m\u00e8re, nos filiales, nos soci\u00e9t\u00e9s affili\u00e9es, nos partenaires, nos dirigeants, nos administrateurs, nos agents, nos sous-traitants, nos conc\u00e9dants de licence, prestataires de services, sous-traitants, fournisseurs, stagiaires et employ\u00e9s, contre toute r\u00e9clamation ou demande, y compris les honoraires raisonnables d'avocat, faite par un tiers en raison de ou d\u00e9coulant de votre violation des pr\u00e9sentes Conditions d'utilisation ou des documents qu'elles incorporent par r\u00e9f\u00e9rence, ou de votre violation de toute loi ou des droits d'un tiers.<\/p><h3 class=\"wp-block-heading\">SECTION 15 \u2013 DIVISIBILIT\u00c9<\/h3><p>Si une disposition des pr\u00e9sentes Conditions d'utilisation est jug\u00e9e ill\u00e9gale, nulle ou inapplicable, cette disposition sera n\u00e9anmoins applicable dans toute la mesure permise par la loi applicable, et la partie inapplicable sera consid\u00e9r\u00e9e comme dissoci\u00e9e des pr\u00e9sentes Conditions d'utilisation, cette d\u00e9cision n'affectant pas la validit\u00e9 et l'applicabilit\u00e9 des autres dispositions.<\/p><h3 class=\"wp-block-heading\">SECTION 16 \u2013 R\u00c9SILIATION<\/h3><p>Les obligations et responsabilit\u00e9s des parties contract\u00e9es avant la date de r\u00e9siliation survivront \u00e0 la r\u00e9siliation du pr\u00e9sent accord \u00e0 toutes fins utiles.<\/p><p>Les pr\u00e9sentes Conditions d'utilisation restent en vigueur jusqu'\u00e0 leur r\u00e9siliation par vous ou par nous. Vous pouvez r\u00e9silier les pr\u00e9sentes Conditions d'utilisation \u00e0 tout moment en nous informant que vous ne souhaitez plus utiliser nos Services, ou lorsque vous cessez d'utiliser notre site.<\/p><p>Si, \u00e0 notre seule discr\u00e9tion, vous ne respectez pas ou si nous soup\u00e7onnons que vous ne respectez pas l'une des conditions ou dispositions des pr\u00e9sentes Conditions d'utilisation, nous pouvons \u00e9galement r\u00e9silier le pr\u00e9sent contrat \u00e0 tout moment sans pr\u00e9avis et vous resterez redevable de toutes les sommes dues jusqu'\u00e0 la date de r\u00e9siliation incluse ; et\/ou nous pouvons vous refuser l'acc\u00e8s \u00e0 nos Services (ou \u00e0 une partie de ceux-ci).<\/p><h3 class=\"wp-block-heading\">SECTION 17 \u2013 INT\u00c9GRALIT\u00c9 DE L'ACCORD<\/h3><p>Le fait que nous n'exercions pas ou ne fassions pas valoir un droit ou une disposition des pr\u00e9sentes Conditions d'utilisation ne constitue pas une renonciation \u00e0 ce droit ou \u00e0 cette disposition.<\/p><p>Les pr\u00e9sentes Conditions d'utilisation et toutes les politiques ou r\u00e8gles d'exploitation publi\u00e9es par nous sur ce site ou concernant le Service constituent l'int\u00e9gralit\u00e9 de l'accord et de l'entente entre vous et nous et r\u00e9gissent votre utilisation du Service, rempla\u00e7ant tout accord, communication et proposition ant\u00e9rieurs ou contemporains, qu'ils soient oraux ou \u00e9crits, entre vous et nous (y compris, mais sans s'y limiter, toute version ant\u00e9rieure des Conditions d'utilisation).<\/p><p>Toute ambigu\u00eft\u00e9 dans l'interpr\u00e9tation des pr\u00e9sentes Conditions d'utilisation ne saurait \u00eatre interpr\u00e9t\u00e9e \u00e0 l'encontre de la partie qui les a r\u00e9dig\u00e9es.<\/p><h3 class=\"wp-block-heading\">SECTION 18 \u2013 LOI APPLICABLE<\/h3><p>Les pr\u00e9sentes Conditions d'utilisation et tout accord distinct en vertu duquel nous vous fournissons des Services sont r\u00e9gis et interpr\u00e9t\u00e9s conform\u00e9ment aux lois de Hong Kong.<\/p><h3 class=\"wp-block-heading\">SECTION 19 \u2013 MODIFICATIONS DES CONDITIONS D'UTILISATION<\/h3><p>Vous pouvez consulter la version la plus r\u00e9cente des Conditions d'utilisation \u00e0 tout moment sur cette page.<\/p><p>Nous nous r\u00e9servons le droit, \u00e0 notre seule discr\u00e9tion, de mettre \u00e0 jour, modifier ou remplacer toute partie des pr\u00e9sentes Conditions d'utilisation en publiant les mises \u00e0 jour et les modifications sur notre site Web. Il vous incombe de consulter r\u00e9guli\u00e8rement notre site Web pour prendre connaissance des modifications. En continuant \u00e0 utiliser ou \u00e0 acc\u00e9der \u00e0 notre site Web ou au Service apr\u00e8s la publication de toute modification des pr\u00e9sentes Conditions d'utilisation, vous acceptez ces modifications.<\/p>","protected":false},"excerpt":{"rendered":"<p>Throughout the site, the terms \u201cwe\u201d, \u201cus\u201d and \u201cour\u201d refer to our website. We offers this website, including all information, tools, and Services available from this site to you, the user, conditioned upon your acceptance of all terms, conditions, policies, and notices stated here. By visiting our site and\/ or purchasing something from us, you [&hellip;]<\/p>\n","protected":false},"author":1,"featured_media":0,"parent":0,"menu_order":0,"comment_status":"closed","ping_status":"closed","template":"","meta":{"_seopress_robots_primary_cat":"","_seopress_titles_title":"","_seopress_titles_desc":"","_seopress_robots_index":"yes","footnotes":""},"class_list":["post-7231","page","type-page","status-publish","hentry"],"_links":{"self":[{"href":"https:\/\/bestcbradio.com\/fr\/wp-json\/wp\/v2\/pages\/7231","targetHints":{"allow":["GET"]}}],"collection":[{"href":"https:\/\/bestcbradio.com\/fr\/wp-json\/wp\/v2\/pages"}],"about":[{"href":"https:\/\/bestcbradio.com\/fr\/wp-json\/wp\/v2\/types\/page"}],"author":[{"embeddable":true,"href":"https:\/\/bestcbradio.com\/fr\/wp-json\/wp\/v2\/users\/1"}],"replies":[{"embeddable":true,"href":"https:\/\/bestcbradio.com\/fr\/wp-json\/wp\/v2\/comments?post=7231"}],"version-history":[{"count":0,"href":"https:\/\/bestcbradio.com\/fr\/wp-json\/wp\/v2\/pages\/7231\/revisions"}],"wp:attachment":[{"href":"https:\/\/bestcbradio.com\/fr\/wp-json\/wp\/v2\/media?parent=7231"}],"curies":[{"name":"wp","href":"https:\/\/api.w.org\/{rel}","templated":true}]}}