{"id":7898,"date":"2025-11-21T10:53:30","date_gmt":"2025-11-21T02:53:30","guid":{"rendered":"https:\/\/bestcbradio.com\/?page_id=7898"},"modified":"2026-01-20T15:53:55","modified_gmt":"2026-01-20T07:53:55","slug":"politique-dexpedition","status":"publish","type":"page","link":"https:\/\/bestcbradio.com\/fr\/politique-dexpedition\/","title":{"rendered":"Politique d'exp\u00e9dition"},"content":{"rendered":"<p><strong>Cette politique d'exp\u00e9dition s'applique \u00e0 tous les clients qui ach\u00e8tent des produits aupr\u00e8s de&nbsp;<\/strong><a href=\"https:\/\/bestcbradio.com\/fr\/\">https:\/\/bestcbradio.com\/<\/a><strong>. Il est essentiel de lire et de comprendre cette politique, car elle d\u00e9crit nos obligations envers vous et vos droits en tant que client concernant la livraison des marchandises. Si vous avez des questions, n'h\u00e9sitez pas \u00e0 nous contacter \u00e0 tout moment. E-mail :&nbsp;<a href=\"mailto:service@bestcbradio.com\">service@bestcbradio.com<\/a><\/strong><\/p><p>1. M\u00e9thode logistique, taxes comprises<\/p><p>Nous proposons deux modes de transport, dont les d\u00e9lais de livraison sont l\u00e9g\u00e8rement diff\u00e9rents.<br>Le d\u00e9lai de livraison pour les envois express est de 8 \u00e0 18 jours.<br>Le d\u00e9lai de livraison pour UPS et FedEx est d'environ 4 \u00e0 8 jours.<\/p><p>2. Exp\u00e9dition et d\u00e9lai de livraison<br>Apr\u00e8s avoir pass\u00e9 votre commande, nous la v\u00e9rifierons et commencerons \u00e0 la pr\u00e9parer dans les 24 heures. En tant que grossistes \u00e9tablis, nous donnerons la priorit\u00e9 \u00e0 la v\u00e9rification de votre commande et \u00e0 la pr\u00e9paration des articles en stock pour vous. Nous exp\u00e9dions les marchandises dans un d\u00e9lai d'un jour ouvrable. Pour les nouveaux grossistes, l'exp\u00e9dition prend g\u00e9n\u00e9ralement deux jours ouvrables. Il arrive parfois qu'une p\u00e9nurie de marchandises entra\u00eene un retard de livraison. Si cela se produit, nous vous enverrons une notification par e-mail et aucune proc\u00e9dure ne sera effectu\u00e9e tant que vous n'aurez pas r\u00e9pondu. Nous pouvons vous proposer un service d'\u00e9change ou d'annulation selon votre souhait.<\/p><p>3. REMBOURSEMENTS ET RETOURS<br>Veuillez vous r\u00e9f\u00e9rer \u00e0 notre <a href=\"https:\/\/bestcbradio.com\/fr\/refund-and-returns\/\">Politique de remboursement et de retour<\/a> pour en savoir plus sur nos politiques de remboursement et de retour.<br>Merci beaucoup pour votre compr\u00e9hension.<\/p><p><\/p><p><\/p><p><\/p><p><strong>Phone\/WhatsApp:<\/strong>\u00a0+86 180 6521 7383<br><strong>Courriel<\/strong>: service@bestcbradio.com<br>Heures d'ouverture : de 9 h \u00e0 17 h 30, du lundi au samedi.<\/p><p><\/p><p>Entreprise : Quanzhou Fengze District Jizheng Cross-border E-commerce Co., LTD<br>Nom de la soci\u00e9t\u00e9 : BOND TELECOMMUNICATION Co., LIMITED<br>Adresse de l'entreprise : ROOM S239, 2\/F THE CAPITAL 61-65 CHATHAM ROAD SOUTH TSIMSHA TSUIHK<\/p><p><\/p>","protected":false},"excerpt":{"rendered":"<p>This shipping policy applies to all customers who purchase goods from&nbsp;https:\/\/bestcbradio.com\/. It is crucial to read and understand this policy, as it outlines our obligations to you and your rights as a customer regarding the delivery of goods. If you have any questions, contact us any time. Email:&nbsp;service@bestcbradio.com 1. Logistics method including tax We offer [&hellip;]<\/p>\n","protected":false},"author":2,"featured_media":0,"parent":0,"menu_order":0,"comment_status":"closed","ping_status":"closed","template":"","meta":{"_seopress_robots_primary_cat":"","_seopress_titles_title":"","_seopress_titles_desc":"","_seopress_robots_index":"","footnotes":""},"class_list":["post-7898","page","type-page","status-publish","hentry"],"_links":{"self":[{"href":"https:\/\/bestcbradio.com\/fr\/wp-json\/wp\/v2\/pages\/7898","targetHints":{"allow":["GET"]}}],"collection":[{"href":"https:\/\/bestcbradio.com\/fr\/wp-json\/wp\/v2\/pages"}],"about":[{"href":"https:\/\/bestcbradio.com\/fr\/wp-json\/wp\/v2\/types\/page"}],"author":[{"embeddable":true,"href":"https:\/\/bestcbradio.com\/fr\/wp-json\/wp\/v2\/users\/2"}],"replies":[{"embeddable":true,"href":"https:\/\/bestcbradio.com\/fr\/wp-json\/wp\/v2\/comments?post=7898"}],"version-history":[{"count":0,"href":"https:\/\/bestcbradio.com\/fr\/wp-json\/wp\/v2\/pages\/7898\/revisions"}],"wp:attachment":[{"href":"https:\/\/bestcbradio.com\/fr\/wp-json\/wp\/v2\/media?parent=7898"}],"curies":[{"name":"wp","href":"https:\/\/api.w.org\/{rel}","templated":true}]}}