{"id":7363,"date":"2025-11-12T10:24:50","date_gmt":"2025-11-12T02:24:50","guid":{"rendered":"https:\/\/bestcbradio.com\/?post_type=product&#038;p=7363"},"modified":"2026-04-09T09:11:22","modified_gmt":"2026-04-09T01:11:22","slug":"luiton-lt-298-cb-radio","status":"publish","type":"product","link":"https:\/\/bestcbradio.com\/fr\/produit\/luiton-lt-298-cb-radio\/","title":{"rendered":"Radio CB Luiton LT-298"},"content":{"rendered":"<div class=\"wp-block-columns are-vertically-aligned-center is-layout-flex wp-container-core-columns-is-layout-28f84493 wp-block-columns-is-layout-flex\"><div class=\"wp-block-column is-vertically-aligned-center is-layout-flow wp-block-column-is-layout-flow\"><figure class=\"wp-block-image size-full\"><img fetchpriority=\"high\" decoding=\"async\" width=\"800\" height=\"500\" src=\"https:\/\/bestcbradio.com\/wp-content\/uploads\/lt-298-cb-radio-feature-1.webp\" alt=\"lt 298 cb radio feature 1\" class=\"wp-image-7354\" srcset=\"https:\/\/bestcbradio.com\/wp-content\/uploads\/lt-298-cb-radio-feature-1.webp 800w, https:\/\/bestcbradio.com\/wp-content\/uploads\/lt-298-cb-radio-feature-1-300x188.webp 300w, https:\/\/bestcbradio.com\/wp-content\/uploads\/lt-298-cb-radio-feature-1-768x480.webp 768w, https:\/\/bestcbradio.com\/wp-content\/uploads\/lt-298-cb-radio-feature-1-441x276.webp 441w, https:\/\/bestcbradio.com\/wp-content\/uploads\/lt-298-cb-radio-feature-1-150x94.webp 150w\" sizes=\"(max-width: 800px) 100vw, 800px\" \/><\/figure><\/div>\n\n<div class=\"wp-block-column is-vertically-aligned-center is-layout-flow wp-block-column-is-layout-flow\" style=\"flex-basis:40%\"><h2 class=\"wp-block-heading\">Communication polyvalente<\/h2>\n\n<p>Cette radio CB offre 40 canaux en modes AM\/FM et fonctionne dans une gamme de fr\u00e9quences de 25,615-28,305 MHz, ce qui la rend adapt\u00e9e \u00e0 divers besoins de communication sur la route.<\/p>\n\n<p><\/p><\/div><\/div><div style=\"height:30px\" aria-hidden=\"true\" class=\"wp-block-spacer\"><\/div><div class=\"wp-block-columns are-vertically-aligned-center is-layout-flex wp-container-core-columns-is-layout-28f84493 wp-block-columns-is-layout-flex\"><div class=\"wp-block-column is-vertically-aligned-center is-layout-flow wp-block-column-is-layout-flow\"><h2 class=\"wp-block-heading\">Des performances fiables<\/h2>\n\n<p>Avec un synth\u00e9tiseur P.L.L. contr\u00f4l\u00e9 par le CPU, cette radio offre un contr\u00f4le et une stabilit\u00e9 de fr\u00e9quence pr\u00e9cis, ainsi qu'une puissance de sortie RF maximale de 4W pour des transmissions fortes et claires.<\/p>\n\n<p><\/p><\/div>\n\n<div class=\"wp-block-column is-vertically-aligned-center is-layout-flow wp-block-column-is-layout-flow\" style=\"flex-basis:60%\"><figure class=\"wp-block-image size-full\"><img decoding=\"async\" width=\"800\" height=\"500\" src=\"https:\/\/bestcbradio.com\/wp-content\/uploads\/lt-298-cb-radio-feature-2.webp\" alt=\"lt 298 cb radio feature 2\" class=\"wp-image-7355\" srcset=\"https:\/\/bestcbradio.com\/wp-content\/uploads\/lt-298-cb-radio-feature-2.webp 800w, https:\/\/bestcbradio.com\/wp-content\/uploads\/lt-298-cb-radio-feature-2-300x188.webp 300w, https:\/\/bestcbradio.com\/wp-content\/uploads\/lt-298-cb-radio-feature-2-768x480.webp 768w, https:\/\/bestcbradio.com\/wp-content\/uploads\/lt-298-cb-radio-feature-2-441x276.webp 441w, https:\/\/bestcbradio.com\/wp-content\/uploads\/lt-298-cb-radio-feature-2-150x94.webp 150w\" sizes=\"(max-width: 800px) 100vw, 800px\" \/><\/figure><\/div><\/div><div style=\"height:30px\" aria-hidden=\"true\" class=\"wp-block-spacer\"><\/div><div class=\"wp-block-columns are-vertically-aligned-center is-layout-flex wp-container-core-columns-is-layout-28f84493 wp-block-columns-is-layout-flex\"><div class=\"wp-block-column is-vertically-aligned-center is-layout-flow wp-block-column-is-layout-flow\"><figure class=\"wp-block-image size-full\"><img decoding=\"async\" width=\"800\" height=\"500\" src=\"https:\/\/bestcbradio.com\/wp-content\/uploads\/lt-298-cb-radio-feature-3.webp\" alt=\"lt 298 cb radio feature 3\" class=\"wp-image-7356\" srcset=\"https:\/\/bestcbradio.com\/wp-content\/uploads\/lt-298-cb-radio-feature-3.webp 800w, https:\/\/bestcbradio.com\/wp-content\/uploads\/lt-298-cb-radio-feature-3-300x188.webp 300w, https:\/\/bestcbradio.com\/wp-content\/uploads\/lt-298-cb-radio-feature-3-768x480.webp 768w, https:\/\/bestcbradio.com\/wp-content\/uploads\/lt-298-cb-radio-feature-3-441x276.webp 441w, https:\/\/bestcbradio.com\/wp-content\/uploads\/lt-298-cb-radio-feature-3-150x94.webp 150w\" sizes=\"(max-width: 800px) 100vw, 800px\" \/><\/figure><\/div>\n\n<div class=\"wp-block-column is-vertically-aligned-center is-layout-flow wp-block-column-is-layout-flow\" style=\"flex-basis:40%\"><h2 class=\"wp-block-heading\">Excellente r\u00e9ception<\/h2>\n\n<p>Le syst\u00e8me superh\u00e9t\u00e9rodyne \u00e0 double conversion am\u00e9liore la sensibilit\u00e9 et la clart\u00e9, permettant une r\u00e9ception efficace des signaux faibles avec des niveaux de sensibilit\u00e9 de -120dBm pour la FM et de -107dBm pour la AM.<\/p>\n\n<p><\/p>\n\n<p><\/p><\/div><\/div><div style=\"height:30px\" aria-hidden=\"true\" class=\"wp-block-spacer\"><\/div><div class=\"wp-block-columns are-vertically-aligned-center is-layout-flex wp-container-core-columns-is-layout-28f84493 wp-block-columns-is-layout-flex\"><div class=\"wp-block-column is-vertically-aligned-center is-layout-flow wp-block-column-is-layout-flow\"><h2 class=\"wp-block-heading\">Qualit\u00e9 audio<\/h2>\n\n<p>Cette radio offre une sortie audio claire de 2,5 W \u00e0 8 ohms avec une distorsion minimale sous 8%, tandis que son taux de r\u00e9jection d'image de 65 dB et son rejet des canaux adjacents de 85 dB contribuent \u00e0 r\u00e9duire les interf\u00e9rences.<\/p>\n\n<p><\/p><\/div>\n\n<div class=\"wp-block-column is-vertically-aligned-center is-layout-flow wp-block-column-is-layout-flow\" style=\"flex-basis:60%\"><figure class=\"wp-block-image size-full\"><img loading=\"lazy\" decoding=\"async\" width=\"800\" height=\"500\" src=\"https:\/\/bestcbradio.com\/wp-content\/uploads\/lt-298-cb-radio-feature-4.webp\" alt=\"lt 298 cb radio feature 4\" class=\"wp-image-7357\" srcset=\"https:\/\/bestcbradio.com\/wp-content\/uploads\/lt-298-cb-radio-feature-4.webp 800w, https:\/\/bestcbradio.com\/wp-content\/uploads\/lt-298-cb-radio-feature-4-300x188.webp 300w, https:\/\/bestcbradio.com\/wp-content\/uploads\/lt-298-cb-radio-feature-4-768x480.webp 768w, https:\/\/bestcbradio.com\/wp-content\/uploads\/lt-298-cb-radio-feature-4-441x276.webp 441w, https:\/\/bestcbradio.com\/wp-content\/uploads\/lt-298-cb-radio-feature-4-150x94.webp 150w\" sizes=\"(max-width: 800px) 100vw, 800px\" \/><\/figure><\/div><\/div><div style=\"height:30px\" aria-hidden=\"true\" class=\"wp-block-spacer\"><\/div><div class=\"wp-block-columns are-vertically-aligned-center is-layout-flex wp-container-core-columns-is-layout-28f84493 wp-block-columns-is-layout-flex\"><div class=\"wp-block-column is-vertically-aligned-center is-layout-flow wp-block-column-is-layout-flow\"><figure class=\"wp-block-image size-full\"><img loading=\"lazy\" decoding=\"async\" width=\"800\" height=\"500\" src=\"https:\/\/bestcbradio.com\/wp-content\/uploads\/lt-298-cb-radio-feature-5.webp\" alt=\"lt 298 cb radio feature 5\" class=\"wp-image-7358\" srcset=\"https:\/\/bestcbradio.com\/wp-content\/uploads\/lt-298-cb-radio-feature-5.webp 800w, https:\/\/bestcbradio.com\/wp-content\/uploads\/lt-298-cb-radio-feature-5-300x188.webp 300w, https:\/\/bestcbradio.com\/wp-content\/uploads\/lt-298-cb-radio-feature-5-768x480.webp 768w, https:\/\/bestcbradio.com\/wp-content\/uploads\/lt-298-cb-radio-feature-5-441x276.webp 441w, https:\/\/bestcbradio.com\/wp-content\/uploads\/lt-298-cb-radio-feature-5-150x94.webp 150w\" sizes=\"(max-width: 800px) 100vw, 800px\" \/><\/figure><\/div>\n\n<div class=\"wp-block-column is-vertically-aligned-center is-layout-flow wp-block-column-is-layout-flow\" style=\"flex-basis:40%\"><h2 class=\"wp-block-heading\">Compact et l\u00e9ger<\/h2>\n\n<p>Avec des dimensions compactes de 115 mm (L) x 38 mm (A) x 150 mm (P) et un poids de seulement 0,8 kg, cette radio est facile \u00e0 installer dans divers v\u00e9hicules et facile \u00e0 manipuler pendant l'installation.<\/p>\n\n<p><\/p><\/div><\/div>","protected":false},"excerpt":{"rendered":"<details open>\n<summary>Arguments de vente du produit<\/summary>\n<div class=\"cg-accordion-item\"> Fr\u00e9quence : 25,615-28,305 MHz<br \/>\n40 cha\u00eenes AM\/FM<br \/>\n\u2714Channel 9\/19 switch<br \/>\n\u27144W Puissance RF<br \/>\n\u27142 Digit Channel indicator<br \/>\nMicrophone haut\/bas <\/div>\n<\/details>\n<details >\n<summary>Consommation d'\u00e9nergie efficace<\/summary>\n<div class=\"cg-accordion-item\"> Cette radio fonctionne avec une tension d'entr\u00e9e de 13,8Vdc \u00b115% et a un drain de courant de 220mA en mode veille et de 1000mA en transmission, ce qui la rend efficace pour une utilisation \u00e0 long terme. <\/div>\n<\/details>\n<details >\n<summary>Fr\u00e9quence du canal 19 de la radio CB<\/summary>\n<div class=\"cg-accordion-item\"> Le canal 19 de la radio CB utilise la fr\u00e9quence 27,185 MHz et est principalement destin\u00e9 au trafic routier. Les camionneurs l'utilisent pour \u00e9changer des informations sur l'\u00e9tat des routes. C'est \u00e9galement le centre de la bande CB et un canal d'appel commun, bien que son objectif principal reste la communication routi\u00e8re. <\/div>\n<\/details>","protected":false},"featured_media":7348,"comment_status":"open","ping_status":"closed","template":"","meta":{"_seopress_robots_primary_cat":"none","_seopress_titles_title":"AM\/FM Professional CB Radio with 4W RF Power and 40 Channels","_seopress_titles_desc":"Luiton LT-298 Professional CB Radio - 40 AM\/FM channels, 25.615-28.305 MHz, 4W RF power. CPU-controlled P.L.L. synthesizer, double conversion superheterodyne system. Channel 9\/19 switch, compact 0.8kg design. $71.99. Worldwide shipping available.","_seopress_robots_index":""},"product_brand":[54],"product_cat":[53],"product_tag":[],"class_list":{"0":"post-7363","1":"product","2":"type-product","3":"status-publish","4":"has-post-thumbnail","6":"product_brand-luiton","7":"product_cat-cb-radios","9":"first","10":"instock","11":"shipping-taxable","12":"purchasable","13":"product-type-variable","14":"has-default-attributes"},"_links":{"self":[{"href":"https:\/\/bestcbradio.com\/fr\/wp-json\/wp\/v2\/product\/7363","targetHints":{"allow":["GET"]}}],"collection":[{"href":"https:\/\/bestcbradio.com\/fr\/wp-json\/wp\/v2\/product"}],"about":[{"href":"https:\/\/bestcbradio.com\/fr\/wp-json\/wp\/v2\/types\/product"}],"replies":[{"embeddable":true,"href":"https:\/\/bestcbradio.com\/fr\/wp-json\/wp\/v2\/comments?post=7363"}],"wp:featuredmedia":[{"embeddable":true,"href":"https:\/\/bestcbradio.com\/fr\/wp-json\/wp\/v2\/media\/7348"}],"wp:attachment":[{"href":"https:\/\/bestcbradio.com\/fr\/wp-json\/wp\/v2\/media?parent=7363"}],"wp:term":[{"taxonomy":"product_brand","embeddable":true,"href":"https:\/\/bestcbradio.com\/fr\/wp-json\/wp\/v2\/product_brand?post=7363"},{"taxonomy":"product_cat","embeddable":true,"href":"https:\/\/bestcbradio.com\/fr\/wp-json\/wp\/v2\/product_cat?post=7363"},{"taxonomy":"product_tag","embeddable":true,"href":"https:\/\/bestcbradio.com\/fr\/wp-json\/wp\/v2\/product_tag?post=7363"}],"curies":[{"name":"wp","href":"https:\/\/api.w.org\/{rel}","templated":true}]}}