{"id":7489,"date":"2025-11-13T10:49:19","date_gmt":"2025-11-13T02:49:19","guid":{"rendered":"https:\/\/bestcbradio.com\/?post_type=product&#038;p=7489"},"modified":"2026-01-04T16:40:13","modified_gmt":"2026-01-04T08:40:13","slug":"luiton-lt-198-cb-radio","status":"publish","type":"product","link":"https:\/\/bestcbradio.com\/fr\/produit\/luiton-lt-198-cb-radio\/","title":{"rendered":"Radio CB Luiton LT-198"},"content":{"rendered":"<div class=\"wp-block-columns are-vertically-aligned-center is-layout-flex wp-container-core-columns-is-layout-28f84493 wp-block-columns-is-layout-flex\"><div class=\"wp-block-column is-vertically-aligned-center is-layout-flow wp-block-column-is-layout-flow\"><figure class=\"wp-block-image size-full\"><img fetchpriority=\"high\" decoding=\"async\" width=\"800\" height=\"500\" src=\"https:\/\/bestcbradio.com\/wp-content\/uploads\/luiton-lt-198-cb-radio-feature-1.webp\" alt=\"luiton lt 198 cb radio feature 1\" class=\"wp-image-7483\" srcset=\"https:\/\/bestcbradio.com\/wp-content\/uploads\/luiton-lt-198-cb-radio-feature-1.webp 800w, https:\/\/bestcbradio.com\/wp-content\/uploads\/luiton-lt-198-cb-radio-feature-1-300x188.webp 300w, https:\/\/bestcbradio.com\/wp-content\/uploads\/luiton-lt-198-cb-radio-feature-1-768x480.webp 768w, https:\/\/bestcbradio.com\/wp-content\/uploads\/luiton-lt-198-cb-radio-feature-1-441x276.webp 441w, https:\/\/bestcbradio.com\/wp-content\/uploads\/luiton-lt-198-cb-radio-feature-1-150x94.webp 150w\" sizes=\"(max-width: 800px) 100vw, 800px\" \/><\/figure><\/div>\n\n<div class=\"wp-block-column is-vertically-aligned-center is-layout-flow wp-block-column-is-layout-flow\" style=\"flex-basis:40%\"><h2 class=\"wp-block-heading\">Radio CB avec modulation AM\/FM<\/h2>\n\n<p>Cette radio CB fonctionne en modes AM\/FM dans la gamme de fr\u00e9quences 25,565-27,99125MHz, fournissant une puissance de sortie de 4W pour une communication claire avec un minimum d'interf\u00e9rences.<\/p>\n\n<p><\/p><\/div><\/div><div style=\"height:30px\" aria-hidden=\"true\" class=\"wp-block-spacer\"><\/div><div class=\"wp-block-columns are-vertically-aligned-center is-layout-flex wp-container-core-columns-is-layout-28f84493 wp-block-columns-is-layout-flex\"><div class=\"wp-block-column is-vertically-aligned-center is-layout-flow wp-block-column-is-layout-flow\"><h2 class=\"wp-block-heading\">Une communication fiable<\/h2>\n\n<p>Avec une puissance de sortie de 4W, cette radio assure une transmission claire, vous permettant de communiquer efficacement sans vous soucier des interf\u00e9rences.<\/p>\n\n<p><\/p><\/div>\n\n<div class=\"wp-block-column is-vertically-aligned-center is-layout-flow wp-block-column-is-layout-flow\" style=\"flex-basis:60%\"><figure class=\"wp-block-image size-full\"><img decoding=\"async\" width=\"800\" height=\"500\" src=\"https:\/\/bestcbradio.com\/wp-content\/uploads\/luiton-lt-198-cb-radio-feature-2.webp\" alt=\"luiton lt 198 cb radio feature 2\" class=\"wp-image-7484\" srcset=\"https:\/\/bestcbradio.com\/wp-content\/uploads\/luiton-lt-198-cb-radio-feature-2.webp 800w, https:\/\/bestcbradio.com\/wp-content\/uploads\/luiton-lt-198-cb-radio-feature-2-300x188.webp 300w, https:\/\/bestcbradio.com\/wp-content\/uploads\/luiton-lt-198-cb-radio-feature-2-768x480.webp 768w, https:\/\/bestcbradio.com\/wp-content\/uploads\/luiton-lt-198-cb-radio-feature-2-441x276.webp 441w, https:\/\/bestcbradio.com\/wp-content\/uploads\/luiton-lt-198-cb-radio-feature-2-150x94.webp 150w\" sizes=\"(max-width: 800px) 100vw, 800px\" \/><\/figure><\/div><\/div><div style=\"height:30px\" aria-hidden=\"true\" class=\"wp-block-spacer\"><\/div><div class=\"wp-block-columns are-vertically-aligned-center is-layout-flex wp-container-core-columns-is-layout-28f84493 wp-block-columns-is-layout-flex\"><div class=\"wp-block-column is-vertically-aligned-center is-layout-flow wp-block-column-is-layout-flow\"><figure class=\"wp-block-image size-full\"><img decoding=\"async\" width=\"800\" height=\"500\" src=\"https:\/\/bestcbradio.com\/wp-content\/uploads\/luiton-lt-198-cb-radio-feature-3.webp\" alt=\"luiton lt 198 cb radio feature 3\" class=\"wp-image-7485\" srcset=\"https:\/\/bestcbradio.com\/wp-content\/uploads\/luiton-lt-198-cb-radio-feature-3.webp 800w, https:\/\/bestcbradio.com\/wp-content\/uploads\/luiton-lt-198-cb-radio-feature-3-300x188.webp 300w, https:\/\/bestcbradio.com\/wp-content\/uploads\/luiton-lt-198-cb-radio-feature-3-768x480.webp 768w, https:\/\/bestcbradio.com\/wp-content\/uploads\/luiton-lt-198-cb-radio-feature-3-441x276.webp 441w, https:\/\/bestcbradio.com\/wp-content\/uploads\/luiton-lt-198-cb-radio-feature-3-150x94.webp 150w\" sizes=\"(max-width: 800px) 100vw, 800px\" \/><\/figure><\/div>\n\n<div class=\"wp-block-column is-vertically-aligned-center is-layout-flow wp-block-column-is-layout-flow\" style=\"flex-basis:40%\"><h2 class=\"wp-block-heading\">Conception compacte et l\u00e9g\u00e8re<\/h2>\n\n<p>Mesurant 104 mm x 108 mm x 25 mm et ne pesant que 416 g, cette radio est con\u00e7ue pour \u00eatre facilement install\u00e9e dans divers v\u00e9hicules sans prendre beaucoup de place.<\/p>\n\n<p><\/p>\n\n<p><\/p><\/div><\/div><div style=\"height:30px\" aria-hidden=\"true\" class=\"wp-block-spacer\"><\/div><div class=\"wp-block-columns are-vertically-aligned-center is-layout-flex wp-container-core-columns-is-layout-28f84493 wp-block-columns-is-layout-flex\"><div class=\"wp-block-column is-vertically-aligned-center is-layout-flow wp-block-column-is-layout-flow\"><h2 class=\"wp-block-heading\">Plage de fonctionnement durable<\/h2>\n\n<p>Con\u00e7ue pour fonctionner \u00e0 des temp\u00e9ratures allant de -20\u00b0C \u00e0 +50\u00b0C, cette radio est fiable dans diff\u00e9rentes conditions m\u00e9t\u00e9orologiques, ce qui la rend adapt\u00e9e \u00e0 divers environnements.<\/p>\n\n<p><\/p><\/div>\n\n<div class=\"wp-block-column is-vertically-aligned-center is-layout-flow wp-block-column-is-layout-flow\" style=\"flex-basis:60%\"><figure class=\"wp-block-image size-full\"><img loading=\"lazy\" decoding=\"async\" width=\"800\" height=\"500\" src=\"https:\/\/bestcbradio.com\/wp-content\/uploads\/luiton-lt-198-cb-radio-feature-4.webp\" alt=\"luiton lt 198 cb radio feature 4\" class=\"wp-image-7486\" srcset=\"https:\/\/bestcbradio.com\/wp-content\/uploads\/luiton-lt-198-cb-radio-feature-4.webp 800w, https:\/\/bestcbradio.com\/wp-content\/uploads\/luiton-lt-198-cb-radio-feature-4-300x188.webp 300w, https:\/\/bestcbradio.com\/wp-content\/uploads\/luiton-lt-198-cb-radio-feature-4-768x480.webp 768w, https:\/\/bestcbradio.com\/wp-content\/uploads\/luiton-lt-198-cb-radio-feature-4-441x276.webp 441w, https:\/\/bestcbradio.com\/wp-content\/uploads\/luiton-lt-198-cb-radio-feature-4-150x94.webp 150w\" sizes=\"(max-width: 800px) 100vw, 800px\" \/><\/figure><\/div><\/div><div style=\"height:30px\" aria-hidden=\"true\" class=\"wp-block-spacer\"><\/div><div class=\"wp-block-columns are-vertically-aligned-center is-layout-flex wp-container-core-columns-is-layout-28f84493 wp-block-columns-is-layout-flex\"><div class=\"wp-block-column is-vertically-aligned-center is-layout-flow wp-block-column-is-layout-flow\"><figure class=\"wp-block-image size-full\"><img loading=\"lazy\" decoding=\"async\" width=\"800\" height=\"500\" src=\"https:\/\/bestcbradio.com\/wp-content\/uploads\/luiton-lt-198-cb-radio-feature-5.webp\" alt=\"luiton lt 198 cb radio feature 5\" class=\"wp-image-7487\" srcset=\"https:\/\/bestcbradio.com\/wp-content\/uploads\/luiton-lt-198-cb-radio-feature-5.webp 800w, https:\/\/bestcbradio.com\/wp-content\/uploads\/luiton-lt-198-cb-radio-feature-5-300x188.webp 300w, https:\/\/bestcbradio.com\/wp-content\/uploads\/luiton-lt-198-cb-radio-feature-5-768x480.webp 768w, https:\/\/bestcbradio.com\/wp-content\/uploads\/luiton-lt-198-cb-radio-feature-5-441x276.webp 441w, https:\/\/bestcbradio.com\/wp-content\/uploads\/luiton-lt-198-cb-radio-feature-5-150x94.webp 150w\" sizes=\"(max-width: 800px) 100vw, 800px\" \/><\/figure><\/div>\n\n<div class=\"wp-block-column is-vertically-aligned-center is-layout-flow wp-block-column-is-layout-flow\" style=\"flex-basis:40%\"><h2 class=\"wp-block-heading\">Consommation d'\u00e9nergie efficace<\/h2>\n\n<p>Cette radio utilise un faible courant de 2A maximum pendant la transmission et seulement 0,3A pendant la r\u00e9ception, ce qui permet d'\u00e9conomiser de l'\u00e9nergie et de prolonger la dur\u00e9e d'utilisation.<\/p>\n\n<p><\/p><\/div><\/div><p><\/p>","protected":false},"excerpt":{"rendered":"<details open>\n<summary>Arguments de vente du produit<\/summary>\n<div class=\"cg-accordion-item\"> \u2714Fr\u00e9quence:25.565- 27.99125MHz<br \/>\n\u2714Connecteur d'antenne UHF<br \/>\n\u2714EMG channel:CH9\/19<br \/>\n\u27143-colors backlight<br \/>\nFonction ASQ\/SQ<br \/>\n\u2714 Mode AM\/FM<br \/>\nSeulement 416g <\/div>\n<\/details>\n<details >\n<summary>Sortie audio claire<\/summary>\n<div class=\"cg-accordion-item\"> Il est dot\u00e9 d'une puissance de sortie audio de 1 W et d'une r\u00e9ponse en fr\u00e9quence de 300 \u00e0 3 000 Hz, ce qui permet d'obtenir un son clair pour des conversations sans distorsion.<\/div>\n<\/details>\n<details >\n<summary>Connectivit\u00e9 polyvalente des antennes<\/summary>\n<div class=\"cg-accordion-item\"> La radio est \u00e9quip\u00e9e d'un connecteur d'antenne UHF SO-239, ce qui permet de la connecter facilement \u00e0 diff\u00e9rentes antennes pour am\u00e9liorer la communication. <\/div>\n<\/details>","protected":false},"featured_media":8006,"comment_status":"open","ping_status":"closed","template":"","meta":{"_seopress_robots_primary_cat":"none","_seopress_titles_title":"Classic AM\/FM CB Radio -Emergency Channel CH9\/19|Luiton","_seopress_titles_desc":"","_seopress_robots_index":""},"product_brand":[54],"product_cat":[53],"product_tag":[],"class_list":{"0":"post-7489","1":"product","2":"type-product","3":"status-publish","4":"has-post-thumbnail","6":"product_brand-luiton","7":"product_cat-cb-radios","9":"first","10":"instock","11":"shipping-taxable","12":"purchasable","13":"product-type-variable","14":"has-default-attributes"},"_links":{"self":[{"href":"https:\/\/bestcbradio.com\/fr\/wp-json\/wp\/v2\/product\/7489","targetHints":{"allow":["GET"]}}],"collection":[{"href":"https:\/\/bestcbradio.com\/fr\/wp-json\/wp\/v2\/product"}],"about":[{"href":"https:\/\/bestcbradio.com\/fr\/wp-json\/wp\/v2\/types\/product"}],"replies":[{"embeddable":true,"href":"https:\/\/bestcbradio.com\/fr\/wp-json\/wp\/v2\/comments?post=7489"}],"wp:featuredmedia":[{"embeddable":true,"href":"https:\/\/bestcbradio.com\/fr\/wp-json\/wp\/v2\/media\/8006"}],"wp:attachment":[{"href":"https:\/\/bestcbradio.com\/fr\/wp-json\/wp\/v2\/media?parent=7489"}],"wp:term":[{"taxonomy":"product_brand","embeddable":true,"href":"https:\/\/bestcbradio.com\/fr\/wp-json\/wp\/v2\/product_brand?post=7489"},{"taxonomy":"product_cat","embeddable":true,"href":"https:\/\/bestcbradio.com\/fr\/wp-json\/wp\/v2\/product_cat?post=7489"},{"taxonomy":"product_tag","embeddable":true,"href":"https:\/\/bestcbradio.com\/fr\/wp-json\/wp\/v2\/product_tag?post=7489"}],"curies":[{"name":"wp","href":"https:\/\/api.w.org\/{rel}","templated":true}]}}