{"id":7540,"date":"2025-11-13T14:52:22","date_gmt":"2025-11-13T06:52:22","guid":{"rendered":"https:\/\/bestcbradio.com\/?post_type=product&#038;p=7540"},"modified":"2026-03-24T16:49:50","modified_gmt":"2026-03-24T08:49:50","slug":"luiton-lt-338-cb-radio","status":"publish","type":"product","link":"https:\/\/bestcbradio.com\/fr\/produit\/luiton-lt-338-cb-radio\/","title":{"rendered":"Luiton LT-338 AM\/FM CB Radio"},"content":{"rendered":"<div class=\"wp-block-columns are-vertically-aligned-center is-layout-flex wp-container-core-columns-is-layout-28f84493 wp-block-columns-is-layout-flex\"><div class=\"wp-block-column is-vertically-aligned-center is-layout-flow wp-block-column-is-layout-flow\"><figure class=\"wp-block-image size-full\"><img fetchpriority=\"high\" decoding=\"async\" width=\"800\" height=\"800\" src=\"https:\/\/bestcbradio.com\/wp-content\/uploads\/04-13.webp\" alt=\"04\" class=\"wp-image-9492\" style=\"aspect-ratio:16\/9;object-fit:cover\" srcset=\"https:\/\/bestcbradio.com\/wp-content\/uploads\/04-13.webp 800w, https:\/\/bestcbradio.com\/wp-content\/uploads\/04-13-300x300.webp 300w, https:\/\/bestcbradio.com\/wp-content\/uploads\/04-13-150x150.webp 150w, https:\/\/bestcbradio.com\/wp-content\/uploads\/04-13-768x768.webp 768w, https:\/\/bestcbradio.com\/wp-content\/uploads\/04-13-12x12.webp 12w, https:\/\/bestcbradio.com\/wp-content\/uploads\/04-13-441x441.webp 441w, https:\/\/bestcbradio.com\/wp-content\/uploads\/04-13-100x100.webp 100w\" sizes=\"(max-width: 800px) 100vw, 800px\" \/><\/figure><\/div>\n\n<div class=\"wp-block-column is-vertically-aligned-center is-layout-flow wp-block-column-is-layout-flow\" style=\"flex-basis:40%\"><h2 class=\"wp-block-heading\">Fonctionnalit\u00e9s de communication fiables<\/h2>\n\n<p>Cette radio vous permet de communiquer clairement en modes AM et FM, couvrant une gamme de fr\u00e9quences de 26,965-27,405 MHz. Vous pouvez choisir entre trois niveaux de puissance de sortie - 1 W, 4 W ou 8 W - en fonction de vos besoins.<\/p>\n\n<p><\/p><\/div><\/div><div style=\"height:30px\" aria-hidden=\"true\" class=\"wp-block-spacer\"><\/div><div class=\"wp-block-columns are-vertically-aligned-center is-layout-flex wp-container-core-columns-is-layout-28f84493 wp-block-columns-is-layout-flex\"><div class=\"wp-block-column is-vertically-aligned-center is-layout-flow wp-block-column-is-layout-flow\"><h2 class=\"wp-block-heading\">R\u00e9ception de haute qualit\u00e9<\/h2>\n\n<p>Avec une sensibilit\u00e9 maximale de 0,8\u03bcV pour la FM et de 1,5\u03bcV pour la AM, cette radio vous assure de recevoir des signaux clairs. Elle est \u00e9galement dot\u00e9e d'une s\u00e9lectivit\u00e9 de 60 dB pour les canaux adjacents afin de r\u00e9duire les interf\u00e9rences provenant d'autres canaux.<\/p>\n\n<p><\/p><\/div>\n\n<div class=\"wp-block-column is-vertically-aligned-center is-layout-flow wp-block-column-is-layout-flow\" style=\"flex-basis:60%\"><figure class=\"wp-block-image size-full\"><img decoding=\"async\" width=\"800\" height=\"800\" src=\"https:\/\/bestcbradio.com\/wp-content\/uploads\/05-11.webp\" alt=\"05\" class=\"wp-image-9493\" style=\"aspect-ratio:16\/9;object-fit:cover\" srcset=\"https:\/\/bestcbradio.com\/wp-content\/uploads\/05-11.webp 800w, https:\/\/bestcbradio.com\/wp-content\/uploads\/05-11-300x300.webp 300w, https:\/\/bestcbradio.com\/wp-content\/uploads\/05-11-150x150.webp 150w, https:\/\/bestcbradio.com\/wp-content\/uploads\/05-11-768x768.webp 768w, https:\/\/bestcbradio.com\/wp-content\/uploads\/05-11-12x12.webp 12w, https:\/\/bestcbradio.com\/wp-content\/uploads\/05-11-441x441.webp 441w, https:\/\/bestcbradio.com\/wp-content\/uploads\/05-11-100x100.webp 100w\" sizes=\"(max-width: 800px) 100vw, 800px\" \/><\/figure><\/div><\/div><div style=\"height:30px\" aria-hidden=\"true\" class=\"wp-block-spacer\"><\/div><div class=\"wp-block-columns are-vertically-aligned-center is-layout-flex wp-container-core-columns-is-layout-28f84493 wp-block-columns-is-layout-flex\"><div class=\"wp-block-column is-vertically-aligned-center is-layout-flow wp-block-column-is-layout-flow\"><figure class=\"wp-block-image size-full\"><img decoding=\"async\" width=\"800\" height=\"800\" src=\"https:\/\/bestcbradio.com\/wp-content\/uploads\/12-3.webp\" alt=\"12\" class=\"wp-image-9498\" style=\"aspect-ratio:16\/9;object-fit:cover\" srcset=\"https:\/\/bestcbradio.com\/wp-content\/uploads\/12-3.webp 800w, https:\/\/bestcbradio.com\/wp-content\/uploads\/12-3-300x300.webp 300w, https:\/\/bestcbradio.com\/wp-content\/uploads\/12-3-150x150.webp 150w, https:\/\/bestcbradio.com\/wp-content\/uploads\/12-3-768x768.webp 768w, https:\/\/bestcbradio.com\/wp-content\/uploads\/12-3-12x12.webp 12w, https:\/\/bestcbradio.com\/wp-content\/uploads\/12-3-441x441.webp 441w, https:\/\/bestcbradio.com\/wp-content\/uploads\/12-3-100x100.webp 100w\" sizes=\"(max-width: 800px) 100vw, 800px\" \/><\/figure><\/div>\n\n<div class=\"wp-block-column is-vertically-aligned-center is-layout-flow wp-block-column-is-layout-flow\" style=\"flex-basis:40%\"><h2 class=\"wp-block-heading\">Gestion efficace de l'\u00e9nergie<\/h2>\n\n<p>La radio fonctionne sur une alimentation 12-24V et consomme un maximum de 3A en \u00e9mission et seulement 0,3A en r\u00e9ception. Sa taille compacte et son poids l\u00e9ger permettent de l'installer facilement dans diff\u00e9rents v\u00e9hicules.<\/p>\n\n<p><\/p>\n\n<p><\/p><\/div><\/div><div style=\"height:30px\" aria-hidden=\"true\" class=\"wp-block-spacer\"><\/div><div class=\"wp-block-columns are-vertically-aligned-center is-layout-flex wp-container-core-columns-is-layout-28f84493 wp-block-columns-is-layout-flex\"><div class=\"wp-block-column is-vertically-aligned-center is-layout-flow wp-block-column-is-layout-flow\"><h2 class=\"wp-block-heading\">Des performances audio claires<\/h2>\n\n<p>Cette radio a une plage de r\u00e9ponse audio de 300 Hz \u00e0 3 kHz, ce qui permet d'obtenir une qualit\u00e9 sonore claire. Avec une puissance de sortie audio maximale de 3W, votre voix s'exprimera clairement lors des conversations.<\/p>\n\n<p><\/p><\/div>\n\n<div class=\"wp-block-column is-vertically-aligned-center is-layout-flow wp-block-column-is-layout-flow\" style=\"flex-basis:60%\"><figure class=\"wp-block-image size-full\"><img loading=\"lazy\" decoding=\"async\" width=\"800\" height=\"800\" src=\"https:\/\/bestcbradio.com\/wp-content\/uploads\/06-8.webp\" alt=\"06\" class=\"wp-image-9494\" style=\"aspect-ratio:16\/9;object-fit:cover\" srcset=\"https:\/\/bestcbradio.com\/wp-content\/uploads\/06-8.webp 800w, https:\/\/bestcbradio.com\/wp-content\/uploads\/06-8-300x300.webp 300w, https:\/\/bestcbradio.com\/wp-content\/uploads\/06-8-150x150.webp 150w, https:\/\/bestcbradio.com\/wp-content\/uploads\/06-8-768x768.webp 768w, https:\/\/bestcbradio.com\/wp-content\/uploads\/06-8-12x12.webp 12w, https:\/\/bestcbradio.com\/wp-content\/uploads\/06-8-441x441.webp 441w, https:\/\/bestcbradio.com\/wp-content\/uploads\/06-8-100x100.webp 100w\" sizes=\"(max-width: 800px) 100vw, 800px\" \/><\/figure><\/div><\/div><div style=\"height:30px\" aria-hidden=\"true\" class=\"wp-block-spacer\"><\/div><div class=\"wp-block-columns are-vertically-aligned-center is-layout-flex wp-container-core-columns-is-layout-28f84493 wp-block-columns-is-layout-flex\"><div class=\"wp-block-column is-vertically-aligned-center is-layout-flow wp-block-column-is-layout-flow\"><figure class=\"wp-block-image size-full\"><img loading=\"lazy\" decoding=\"async\" width=\"800\" height=\"800\" src=\"https:\/\/bestcbradio.com\/wp-content\/uploads\/11-3.webp\" alt=\"11\" class=\"wp-image-9497\" style=\"aspect-ratio:16\/9;object-fit:cover\" srcset=\"https:\/\/bestcbradio.com\/wp-content\/uploads\/11-3.webp 800w, https:\/\/bestcbradio.com\/wp-content\/uploads\/11-3-300x300.webp 300w, https:\/\/bestcbradio.com\/wp-content\/uploads\/11-3-150x150.webp 150w, https:\/\/bestcbradio.com\/wp-content\/uploads\/11-3-768x768.webp 768w, https:\/\/bestcbradio.com\/wp-content\/uploads\/11-3-12x12.webp 12w, https:\/\/bestcbradio.com\/wp-content\/uploads\/11-3-441x441.webp 441w, https:\/\/bestcbradio.com\/wp-content\/uploads\/11-3-100x100.webp 100w\" sizes=\"(max-width: 800px) 100vw, 800px\" \/><\/figure><\/div>\n\n<div class=\"wp-block-column is-vertically-aligned-center is-layout-flow wp-block-column-is-layout-flow\" style=\"flex-basis:40%\"><h2 class=\"wp-block-heading\">Sensibilit\u00e9 accrue du microphone<\/h2>\n\n<p>Dot\u00e9e d'une sensibilit\u00e9 de microphone de 3 mV, cette radio permet une transmission claire de la voix sans distorsion, rendant la communication simple et efficace.<\/p>\n\n<p><\/p><\/div><\/div><p><\/p>","protected":false},"excerpt":{"rendered":"<details open>\n<summary>Arguments de vente du produit<\/summary>\n<div class=\"cg-accordion-item\"> \u2714Frequency Range:26.965-27.405MHz<br \/>\n\u27144W\/8W 40 channels AM\/FM<br \/>\n\u2714Emergency channels(CH9)<br \/>\nFonction ASQ<br \/>\n\u2714Only 761g <\/div>\n<\/details>\n<details >\n<summary>Caract\u00e9ristiques suppl\u00e9mentaires<\/summary>\n<div class=\"cg-accordion-item\"> Avec une imp\u00e9dance d'antenne de 50 Ohms et une distorsion du signal de modulation inf\u00e9rieure \u00e0 5%, cette radio garantit des performances fiables pour vos besoins de communication.<\/div>\n<\/details>\n<details >\n<summary>Gestion efficace de l'\u00e9nergie<\/summary>\n<div class=\"cg-accordion-item\"> La radio fonctionne sur une alimentation 12-24V et consomme un maximum de 3A en \u00e9mission et seulement 0,3A en r\u00e9ception. Sa taille compacte et son poids l\u00e9ger permettent de l'installer facilement dans diff\u00e9rents v\u00e9hicules. <\/div>\n<\/details>","protected":false},"featured_media":9491,"comment_status":"open","ping_status":"closed","template":"","meta":{"_seopress_robots_primary_cat":"none","_seopress_titles_title":"Classic Emergency Radio -Easy to Operate and Carry|Luiton","_seopress_titles_desc":"","_seopress_robots_index":""},"product_brand":[54],"product_cat":[53],"product_tag":[],"class_list":{"0":"post-7540","1":"product","2":"type-product","3":"status-publish","4":"has-post-thumbnail","6":"product_brand-luiton","7":"product_cat-cb-radios","9":"first","10":"instock","11":"sale","12":"shipping-taxable","13":"purchasable","14":"product-type-variable","15":"has-default-attributes"},"_links":{"self":[{"href":"https:\/\/bestcbradio.com\/fr\/wp-json\/wp\/v2\/product\/7540","targetHints":{"allow":["GET"]}}],"collection":[{"href":"https:\/\/bestcbradio.com\/fr\/wp-json\/wp\/v2\/product"}],"about":[{"href":"https:\/\/bestcbradio.com\/fr\/wp-json\/wp\/v2\/types\/product"}],"replies":[{"embeddable":true,"href":"https:\/\/bestcbradio.com\/fr\/wp-json\/wp\/v2\/comments?post=7540"}],"wp:featuredmedia":[{"embeddable":true,"href":"https:\/\/bestcbradio.com\/fr\/wp-json\/wp\/v2\/media\/9491"}],"wp:attachment":[{"href":"https:\/\/bestcbradio.com\/fr\/wp-json\/wp\/v2\/media?parent=7540"}],"wp:term":[{"taxonomy":"product_brand","embeddable":true,"href":"https:\/\/bestcbradio.com\/fr\/wp-json\/wp\/v2\/product_brand?post=7540"},{"taxonomy":"product_cat","embeddable":true,"href":"https:\/\/bestcbradio.com\/fr\/wp-json\/wp\/v2\/product_cat?post=7540"},{"taxonomy":"product_tag","embeddable":true,"href":"https:\/\/bestcbradio.com\/fr\/wp-json\/wp\/v2\/product_tag?post=7540"}],"curies":[{"name":"wp","href":"https:\/\/api.w.org\/{rel}","templated":true}]}}