{"id":7583,"date":"2025-11-13T15:44:56","date_gmt":"2025-11-13T07:44:56","guid":{"rendered":"https:\/\/bestcbradio.com\/?post_type=product&#038;p=7583"},"modified":"2026-01-08T16:32:26","modified_gmt":"2026-01-08T08:32:26","slug":"luiton-lt-398-cb-radio","status":"publish","type":"product","link":"https:\/\/bestcbradio.com\/fr\/produit\/luiton-lt-398-cb-radio\/","title":{"rendered":"Radio CB Luiton LT-398"},"content":{"rendered":"<div class=\"wp-block-columns are-vertically-aligned-center is-layout-flex wp-container-core-columns-is-layout-28f84493 wp-block-columns-is-layout-flex\"><div class=\"wp-block-column is-vertically-aligned-center is-layout-flow wp-block-column-is-layout-flow\"><figure class=\"wp-block-image size-full\"><img fetchpriority=\"high\" decoding=\"async\" width=\"800\" height=\"500\" src=\"https:\/\/bestcbradio.com\/wp-content\/uploads\/luiton-lt-398-cb-radio-feature-1.webp\" alt=\"luiton lt 398 cb radio feature 1\" class=\"wp-image-7577\" srcset=\"https:\/\/bestcbradio.com\/wp-content\/uploads\/luiton-lt-398-cb-radio-feature-1.webp 800w, https:\/\/bestcbradio.com\/wp-content\/uploads\/luiton-lt-398-cb-radio-feature-1-300x188.webp 300w, https:\/\/bestcbradio.com\/wp-content\/uploads\/luiton-lt-398-cb-radio-feature-1-768x480.webp 768w, https:\/\/bestcbradio.com\/wp-content\/uploads\/luiton-lt-398-cb-radio-feature-1-441x276.webp 441w, https:\/\/bestcbradio.com\/wp-content\/uploads\/luiton-lt-398-cb-radio-feature-1-150x94.webp 150w\" sizes=\"(max-width: 800px) 100vw, 800px\" \/><\/figure><\/div>\n\n<div class=\"wp-block-column is-vertically-aligned-center is-layout-flow wp-block-column-is-layout-flow\" style=\"flex-basis:40%\"><h2 class=\"wp-block-heading\">40 cha\u00eenes pr\u00e9programm\u00e9es<\/h2>\n\n<p>Les utilisateurs peuvent acc\u00e9der \u00e0 40 canaux pr\u00eats \u00e0 l'emploi qui sont pr\u00e9programm\u00e9s avec des fr\u00e9quences CB standard, ce qui permet un balayage rapide et une commutation ais\u00e9e entre les diff\u00e9rents canaux de communication pendant l'op\u00e9ration.<\/p><\/div><\/div><div style=\"height:30px\" aria-hidden=\"true\" class=\"wp-block-spacer\"><\/div><div class=\"wp-block-columns are-vertically-aligned-center is-layout-flex wp-container-core-columns-is-layout-28f84493 wp-block-columns-is-layout-flex\"><div class=\"wp-block-column is-vertically-aligned-center is-layout-flow wp-block-column-is-layout-flow\"><h2 class=\"wp-block-heading\">Durabilit\u00e9, fiabilit\u00e9 et s\u00e9curit\u00e9<\/h2>\n\n<p>La radio CB est un outil fiable, accessible et sans licence qui permet aux gens de se connecter les uns aux autres, de communiquer et de rester en s\u00e9curit\u00e9 dans diverses situations.<\/p><\/div>\n\n<div class=\"wp-block-column is-vertically-aligned-center is-layout-flow wp-block-column-is-layout-flow\" style=\"flex-basis:60%\"><figure class=\"wp-block-image size-full\"><img decoding=\"async\" width=\"800\" height=\"500\" src=\"https:\/\/bestcbradio.com\/wp-content\/uploads\/luiton-lt-398-cb-radio-feature-2.webp\" alt=\"luiton lt 398 cb radio feature 2\" class=\"wp-image-7578\" srcset=\"https:\/\/bestcbradio.com\/wp-content\/uploads\/luiton-lt-398-cb-radio-feature-2.webp 800w, https:\/\/bestcbradio.com\/wp-content\/uploads\/luiton-lt-398-cb-radio-feature-2-300x188.webp 300w, https:\/\/bestcbradio.com\/wp-content\/uploads\/luiton-lt-398-cb-radio-feature-2-768x480.webp 768w, https:\/\/bestcbradio.com\/wp-content\/uploads\/luiton-lt-398-cb-radio-feature-2-441x276.webp 441w, https:\/\/bestcbradio.com\/wp-content\/uploads\/luiton-lt-398-cb-radio-feature-2-150x94.webp 150w\" sizes=\"(max-width: 800px) 100vw, 800px\" \/><\/figure><\/div><\/div><div style=\"height:30px\" aria-hidden=\"true\" class=\"wp-block-spacer\"><\/div><div class=\"wp-block-columns are-vertically-aligned-center is-layout-flex wp-container-core-columns-is-layout-28f84493 wp-block-columns-is-layout-flex\"><div class=\"wp-block-column is-vertically-aligned-center is-layout-flow wp-block-column-is-layout-flow\"><figure class=\"wp-block-image size-full\"><img decoding=\"async\" width=\"800\" height=\"500\" src=\"https:\/\/bestcbradio.com\/wp-content\/uploads\/luiton-lt-398-cb-radio-feature-3.webp\" alt=\"luiton lt 398 cb radio feature 3\" class=\"wp-image-7579\" srcset=\"https:\/\/bestcbradio.com\/wp-content\/uploads\/luiton-lt-398-cb-radio-feature-3.webp 800w, https:\/\/bestcbradio.com\/wp-content\/uploads\/luiton-lt-398-cb-radio-feature-3-300x188.webp 300w, https:\/\/bestcbradio.com\/wp-content\/uploads\/luiton-lt-398-cb-radio-feature-3-768x480.webp 768w, https:\/\/bestcbradio.com\/wp-content\/uploads\/luiton-lt-398-cb-radio-feature-3-441x276.webp 441w, https:\/\/bestcbradio.com\/wp-content\/uploads\/luiton-lt-398-cb-radio-feature-3-150x94.webp 150w\" sizes=\"(max-width: 800px) 100vw, 800px\" \/><\/figure><\/div>\n\n<div class=\"wp-block-column is-vertically-aligned-center is-layout-flow wp-block-column-is-layout-flow\" style=\"flex-basis:40%\"><h2 class=\"wp-block-heading\">Facilit\u00e9 d'utilisation<\/h2>\n\n<p>AM\/FM bi-mode, son plus clair et compatibilit\u00e9 avec la marche arri\u00e8re.<\/p>\n\n<p>Aucune formation n'est n\u00e9cessaire<br>Pas de num\u00e9rotation, pas de retard<br>Tous les membres de l'\u00e9quipe sont \u00e0 port\u00e9e de clic<\/p><\/div><\/div><div style=\"height:30px\" aria-hidden=\"true\" class=\"wp-block-spacer\"><\/div><div class=\"wp-block-columns are-vertically-aligned-center is-layout-flex wp-container-core-columns-is-layout-28f84493 wp-block-columns-is-layout-flex\"><div class=\"wp-block-column is-vertically-aligned-center is-layout-flow wp-block-column-is-layout-flow\"><h2 class=\"wp-block-heading\">Certifi\u00e9 CE et s\u00fbr<\/h2>\n\n<p>Cette radio r\u00e9pond \u00e0 toutes les exigences de certification CE et aux normes de s\u00e9curit\u00e9. Elle ne contient pas de produits chimiques nocifs dans sa construction et garantit des performances fiables auxquelles les utilisateurs peuvent se fier.<\/p><\/div>\n\n<div class=\"wp-block-column is-vertically-aligned-center is-layout-flow wp-block-column-is-layout-flow\" style=\"flex-basis:60%\"><figure class=\"wp-block-image size-full\"><img loading=\"lazy\" decoding=\"async\" width=\"800\" height=\"500\" src=\"https:\/\/bestcbradio.com\/wp-content\/uploads\/luiton-lt-398-cb-radio-feature-4.webp\" alt=\"luiton lt 398 cb radio feature 4\" class=\"wp-image-7580\" srcset=\"https:\/\/bestcbradio.com\/wp-content\/uploads\/luiton-lt-398-cb-radio-feature-4.webp 800w, https:\/\/bestcbradio.com\/wp-content\/uploads\/luiton-lt-398-cb-radio-feature-4-300x188.webp 300w, https:\/\/bestcbradio.com\/wp-content\/uploads\/luiton-lt-398-cb-radio-feature-4-768x480.webp 768w, https:\/\/bestcbradio.com\/wp-content\/uploads\/luiton-lt-398-cb-radio-feature-4-441x276.webp 441w, https:\/\/bestcbradio.com\/wp-content\/uploads\/luiton-lt-398-cb-radio-feature-4-150x94.webp 150w\" sizes=\"(max-width: 800px) 100vw, 800px\" \/><\/figure><\/div><\/div><div style=\"height:30px\" aria-hidden=\"true\" class=\"wp-block-spacer\"><\/div><div class=\"wp-block-columns are-vertically-aligned-center is-layout-flex wp-container-core-columns-is-layout-28f84493 wp-block-columns-is-layout-flex\"><div class=\"wp-block-column is-vertically-aligned-center is-layout-flow wp-block-column-is-layout-flow\"><figure class=\"wp-block-image size-full\"><img loading=\"lazy\" decoding=\"async\" width=\"800\" height=\"500\" src=\"https:\/\/bestcbradio.com\/wp-content\/uploads\/luiton-lt-398-cb-radio-feature-5.webp\" alt=\"luiton lt 398 cb radio feature 5\" class=\"wp-image-7581\" srcset=\"https:\/\/bestcbradio.com\/wp-content\/uploads\/luiton-lt-398-cb-radio-feature-5.webp 800w, https:\/\/bestcbradio.com\/wp-content\/uploads\/luiton-lt-398-cb-radio-feature-5-300x188.webp 300w, https:\/\/bestcbradio.com\/wp-content\/uploads\/luiton-lt-398-cb-radio-feature-5-768x480.webp 768w, https:\/\/bestcbradio.com\/wp-content\/uploads\/luiton-lt-398-cb-radio-feature-5-441x276.webp 441w, https:\/\/bestcbradio.com\/wp-content\/uploads\/luiton-lt-398-cb-radio-feature-5-150x94.webp 150w\" sizes=\"(max-width: 800px) 100vw, 800px\" \/><\/figure><\/div>\n\n<div class=\"wp-block-column is-vertically-aligned-center is-layout-flow wp-block-column-is-layout-flow\" style=\"flex-basis:40%\"><h2 class=\"wp-block-heading\">Id\u00e9al pour la communication en voiture<\/h2>\n\n<p>Con\u00e7ue sp\u00e9cifiquement pour une utilisation dans les v\u00e9hicules, cette radio combine des caract\u00e9ristiques pratiques pour un montage dans la voiture avec une construction durable, bien qu'elle n\u00e9cessite une protection contre l'exposition \u00e0 l'eau pendant son fonctionnement.<\/p><\/div><\/div>","protected":false},"excerpt":{"rendered":"<details open>\n<summary>Arguments de vente du produit<\/summary>\n<div class=\"cg-accordion-item\"> \u2714Frequency:26.960-27.400MHz<br \/>\nPuissance RF de 4W ou 10W<br \/>\nCanaux : 40 AM\/FM<br \/>\n\u27143 Indicateur num\u00e9rique de canal<br \/>\n\u2714Auto Scan, Auto RF Gain<br \/>\n\u2714Channels 9\/19 switch<br \/>\n\u2714Auto Squelch Control  <\/div>\n<\/details>\n<details >\n<summary>Gamme de fr\u00e9quences<\/summary>\n<div class=\"cg-accordion-item\"> Cette radio fonctionne sur des fr\u00e9quences comprises entre 26,960 et 27,400 MHz, ce qui offre aux utilisateurs des options de communication flexibles pour diff\u00e9rentes situations et exigences. <\/div>\n<\/details>\n<details >\n<summary>Puissance de sortie fiable<\/summary>\n<div class=\"cg-accordion-item\"> Puissance RF maximale 4W-10W \u00e0 13,2Vdc, cette radio fournit une force de signal constante pour une communication claire, adapt\u00e9e \u00e0 la plupart des situations de communication mobile quotidiennes. <\/div>\n<\/details>","protected":false},"featured_media":8012,"comment_status":"open","ping_status":"closed","template":"","meta":{"_seopress_robots_primary_cat":"none","_seopress_titles_title":"RF CB Radio -Auto Scan,Auto Squelch Control,Channel 9\/19 Switch|Luiton","_seopress_titles_desc":"","_seopress_robots_index":""},"product_brand":[54],"product_cat":[53],"product_tag":[],"class_list":{"0":"post-7583","1":"product","2":"type-product","3":"status-publish","4":"has-post-thumbnail","6":"product_brand-luiton","7":"product_cat-cb-radios","9":"first","10":"instock","11":"shipping-taxable","12":"purchasable","13":"product-type-variable","14":"has-default-attributes"},"_links":{"self":[{"href":"https:\/\/bestcbradio.com\/fr\/wp-json\/wp\/v2\/product\/7583","targetHints":{"allow":["GET"]}}],"collection":[{"href":"https:\/\/bestcbradio.com\/fr\/wp-json\/wp\/v2\/product"}],"about":[{"href":"https:\/\/bestcbradio.com\/fr\/wp-json\/wp\/v2\/types\/product"}],"replies":[{"embeddable":true,"href":"https:\/\/bestcbradio.com\/fr\/wp-json\/wp\/v2\/comments?post=7583"}],"wp:featuredmedia":[{"embeddable":true,"href":"https:\/\/bestcbradio.com\/fr\/wp-json\/wp\/v2\/media\/8012"}],"wp:attachment":[{"href":"https:\/\/bestcbradio.com\/fr\/wp-json\/wp\/v2\/media?parent=7583"}],"wp:term":[{"taxonomy":"product_brand","embeddable":true,"href":"https:\/\/bestcbradio.com\/fr\/wp-json\/wp\/v2\/product_brand?post=7583"},{"taxonomy":"product_cat","embeddable":true,"href":"https:\/\/bestcbradio.com\/fr\/wp-json\/wp\/v2\/product_cat?post=7583"},{"taxonomy":"product_tag","embeddable":true,"href":"https:\/\/bestcbradio.com\/fr\/wp-json\/wp\/v2\/product_tag?post=7583"}],"curies":[{"name":"wp","href":"https:\/\/api.w.org\/{rel}","templated":true}]}}