{"id":7758,"date":"2025-11-18T09:14:49","date_gmt":"2025-11-18T01:14:49","guid":{"rendered":"https:\/\/bestcbradio.com\/?post_type=product&#038;p=7758"},"modified":"2026-01-08T15:34:45","modified_gmt":"2026-01-08T07:34:45","slug":"luiton-lt-316-uhf-handheld-2-way-radio","status":"publish","type":"product","link":"https:\/\/bestcbradio.com\/fr\/produit\/luiton-lt-316-uhf-handheld-2-way-radio\/","title":{"rendered":"Radio bidirectionnelle portable UHF Luiton LT-316 (lot de 2)"},"content":{"rendered":"<div class=\"wp-block-columns are-vertically-aligned-center is-layout-flex wp-container-core-columns-is-layout-28f84493 wp-block-columns-is-layout-flex\"><div class=\"wp-block-column is-vertically-aligned-center is-layout-flow wp-block-column-is-layout-flow\"><figure class=\"wp-block-image size-full\"><img fetchpriority=\"high\" decoding=\"async\" width=\"500\" height=\"500\" src=\"https:\/\/bestcbradio.com\/wp-content\/uploads\/lt-316-walkie-talkie-feature-01.webp\" alt=\"lt 316 walkie talkie feature 01\" class=\"wp-image-7752\" srcset=\"https:\/\/bestcbradio.com\/wp-content\/uploads\/lt-316-walkie-talkie-feature-01.webp 500w, https:\/\/bestcbradio.com\/wp-content\/uploads\/lt-316-walkie-talkie-feature-01-300x300.webp 300w, https:\/\/bestcbradio.com\/wp-content\/uploads\/lt-316-walkie-talkie-feature-01-150x150.webp 150w, https:\/\/bestcbradio.com\/wp-content\/uploads\/lt-316-walkie-talkie-feature-01-441x441.webp 441w, https:\/\/bestcbradio.com\/wp-content\/uploads\/lt-316-walkie-talkie-feature-01-100x100.webp 100w\" sizes=\"(max-width: 500px) 100vw, 500px\" \/><\/figure><\/div>\n\n<div class=\"wp-block-column is-vertically-aligned-center is-layout-flow wp-block-column-is-layout-flow\" style=\"flex-basis:40%\"><h2 class=\"wp-block-heading\">Radio CB portable avec antenne int\u00e9gr\u00e9e<\/h2>\n\n<p>Cette radio CB portable est con\u00e7ue pour une communication fiable, avec une antenne int\u00e9gr\u00e9e et une gamme de fr\u00e9quences de 400 \u00e0 470 MHz pour une plus grande polyvalence. Elle est parfaite pour rester connect\u00e9 o\u00f9 que vous alliez.<\/p>\n\n<h2 class=\"wp-block-heading\">Sp\u00e9cifications de fr\u00e9quence et de puissance<\/h2>\n\n<p>La radio fonctionne dans une gamme de fr\u00e9quences de 400 \u00e0 470 MHz, ce qui vous permet de communiquer efficacement. Vous pouvez choisir entre des options de puissance de sortie de 2W ou 5W en fonction de vos besoins.<\/p><\/div><\/div><div style=\"height:30px\" aria-hidden=\"true\" class=\"wp-block-spacer\"><\/div><div class=\"wp-block-columns are-vertically-aligned-center is-layout-flex wp-container-core-columns-is-layout-28f84493 wp-block-columns-is-layout-flex\"><div class=\"wp-block-column is-vertically-aligned-center is-layout-flow wp-block-column-is-layout-flow\"><h2 class=\"wp-block-heading\">Conception compacte et efficace<\/h2>\n\n<p>Avec une antenne int\u00e9gr\u00e9e et un design l\u00e9ger, cette radio est facile \u00e0 transporter. Sa batterie de 1500mAh fournit une alimentation de longue dur\u00e9e pour une utilisation prolong\u00e9e sans avoir \u00e0 la recharger fr\u00e9quemment.<\/p>\n\n<h2 class=\"wp-block-heading\">Qualit\u00e9 audio claire<\/h2>\n\n<p>Cette radio d\u00e9livre un son clair avec une puissance de sortie d'au moins 300mW. Son indice de sensibilit\u00e9 de &lt;0,16\u03bcV garantit une r\u00e9ception fiable des signaux dans diverses conditions.<\/p>\n\n<p><\/p>\n\n<p><\/p>\n\n<p><\/p><\/div>\n\n<div class=\"wp-block-column is-vertically-aligned-center is-layout-flow wp-block-column-is-layout-flow\" style=\"flex-basis:60%\"><figure class=\"wp-block-image size-full is-resized\"><img decoding=\"async\" width=\"500\" height=\"500\" src=\"https:\/\/bestcbradio.com\/wp-content\/uploads\/lt-316-walkie-talkie-feature-02.webp\" alt=\"lt 316 walkie talkie feature 02\" class=\"wp-image-7753\" style=\"width:540px;height:auto\" srcset=\"https:\/\/bestcbradio.com\/wp-content\/uploads\/lt-316-walkie-talkie-feature-02.webp 500w, https:\/\/bestcbradio.com\/wp-content\/uploads\/lt-316-walkie-talkie-feature-02-300x300.webp 300w, https:\/\/bestcbradio.com\/wp-content\/uploads\/lt-316-walkie-talkie-feature-02-150x150.webp 150w, https:\/\/bestcbradio.com\/wp-content\/uploads\/lt-316-walkie-talkie-feature-02-441x441.webp 441w, https:\/\/bestcbradio.com\/wp-content\/uploads\/lt-316-walkie-talkie-feature-02-100x100.webp 100w\" sizes=\"(max-width: 500px) 100vw, 500px\" \/><\/figure><\/div><\/div><div class=\"wp-block-columns are-vertically-aligned-center is-layout-flex wp-container-core-columns-is-layout-28f84493 wp-block-columns-is-layout-flex\"><div class=\"wp-block-column is-vertically-aligned-center is-layout-flow wp-block-column-is-layout-flow\"><figure class=\"wp-block-image size-full\"><img decoding=\"async\" width=\"500\" height=\"500\" src=\"https:\/\/bestcbradio.com\/wp-content\/uploads\/lt-316-walkie-talkie-feature-05.webp\" alt=\"lt 316 walkie talkie feature 05\" class=\"wp-image-7756\" srcset=\"https:\/\/bestcbradio.com\/wp-content\/uploads\/lt-316-walkie-talkie-feature-05.webp 500w, https:\/\/bestcbradio.com\/wp-content\/uploads\/lt-316-walkie-talkie-feature-05-300x300.webp 300w, https:\/\/bestcbradio.com\/wp-content\/uploads\/lt-316-walkie-talkie-feature-05-150x150.webp 150w, https:\/\/bestcbradio.com\/wp-content\/uploads\/lt-316-walkie-talkie-feature-05-441x441.webp 441w, https:\/\/bestcbradio.com\/wp-content\/uploads\/lt-316-walkie-talkie-feature-05-100x100.webp 100w\" sizes=\"(max-width: 500px) 100vw, 500px\" \/><\/figure><\/div>\n\n<div class=\"wp-block-column is-vertically-aligned-center is-layout-flow wp-block-column-is-layout-flow\" style=\"flex-basis:40%\"><h2 class=\"wp-block-heading\">Capacit\u00e9 et fonctionnement des canaux<\/h2>\n\n<p>Vous pouvez m\u00e9moriser jusqu'\u00e0 16 canaux pour un acc\u00e8s rapide \u00e0 diff\u00e9rentes fr\u00e9quences. Fonctionnant sur une tension de 3,7V DC, cette radio est efficace pour les besoins de communication quotidiens.<\/p>\n\n<h2 class=\"wp-block-heading\">Faible consommation de courant<\/h2>\n\n<p>La radio a un faible courant de fonctionnement de \u2264100mA, ce qui permet de pr\u00e9server la dur\u00e9e de vie de la batterie. Avec un courant de squelch de seulement 20mA, elle reste efficace m\u00eame lorsqu'elle n'est pas utilis\u00e9e.<\/p>\n\n<p><\/p>\n\n<p><\/p><\/div><\/div><div class=\"wp-block-columns are-vertically-aligned-center is-layout-flex wp-container-core-columns-is-layout-28f84493 wp-block-columns-is-layout-flex\"><div class=\"wp-block-column is-vertically-aligned-center is-layout-flow wp-block-column-is-layout-flow\"><h2 class=\"wp-block-heading\">Contenu de la bo\u00eete<\/h2>\n\n<p>2 * Radio portative \u00e0 2 voies UHF<br>2 * c\u00e2bles de chargement<br>2 * piles<br>2 * clips de ceinture<br>Chargeur<\/p>\n\n<p><\/p>\n\n<p><\/p><\/div>\n\n<div class=\"wp-block-column is-vertically-aligned-center is-layout-flow wp-block-column-is-layout-flow\" style=\"flex-basis:60%\"><figure class=\"wp-block-image size-full is-resized\"><img loading=\"lazy\" decoding=\"async\" width=\"800\" height=\"800\" src=\"https:\/\/bestcbradio.com\/wp-content\/uploads\/lt-316-walkie-talkie-banner-06.webp\" alt=\"lt 316 walkie talkie banner 06\" class=\"wp-image-7751\" style=\"width:540px;height:auto\" srcset=\"https:\/\/bestcbradio.com\/wp-content\/uploads\/lt-316-walkie-talkie-banner-06.webp 800w, https:\/\/bestcbradio.com\/wp-content\/uploads\/lt-316-walkie-talkie-banner-06-300x300.webp 300w, https:\/\/bestcbradio.com\/wp-content\/uploads\/lt-316-walkie-talkie-banner-06-150x150.webp 150w, https:\/\/bestcbradio.com\/wp-content\/uploads\/lt-316-walkie-talkie-banner-06-768x768.webp 768w, https:\/\/bestcbradio.com\/wp-content\/uploads\/lt-316-walkie-talkie-banner-06-441x441.webp 441w, https:\/\/bestcbradio.com\/wp-content\/uploads\/lt-316-walkie-talkie-banner-06-100x100.webp 100w\" sizes=\"(max-width: 800px) 100vw, 800px\" \/><\/figure><\/div><\/div>","protected":false},"excerpt":{"rendered":"<details >\n<summary>Radio CB portable avec antenne int\u00e9gr\u00e9e<\/summary>\n<div class=\"cg-accordion-item\"> Cette radio CB portable est con\u00e7ue pour une communication fiable, avec une antenne int\u00e9gr\u00e9e et une gamme de fr\u00e9quences de 400 \u00e0 470 MHz pour une plus grande polyvalence. Elle est parfaite pour rester connect\u00e9 o\u00f9 que vous alliez. <\/div>\n<\/details>\n<details >\n<summary>Conception compacte et efficace<\/summary>\n<div class=\"cg-accordion-item\"> Avec une antenne int\u00e9gr\u00e9e et un design l\u00e9ger, cette radio est facile \u00e0 transporter. Sa batterie de 1500mAh fournit une alimentation de longue dur\u00e9e pour une utilisation prolong\u00e9e sans avoir \u00e0 la recharger fr\u00e9quemment. <\/div>\n<\/details>\n<details open>\n<summary>Arguments de vente du produit<\/summary>\n<div class=\"cg-accordion-item\"> Capacit\u00e9 de la batterie : 1500mAh<br \/>\n\u2714Strong anti-interf\u00e9rence<br \/>\n\u2714Fr\u00e9quence 400-470MHz<br \/>\n\u271416 Canaux<br \/>\nAntenne int\u00e9gr\u00e9e<br \/>\n\u27142 pack en groupe<br \/>\n\u2714Scanning<br \/>\n\u2714Son<br \/>\n\u2714Dustproof <\/div>\n<\/details>","protected":false},"featured_media":7746,"comment_status":"open","ping_status":"closed","template":"","meta":{"_seopress_robots_primary_cat":"none","_seopress_titles_title":"Handheld 2-way Radio UHF with Integrated antenna -16 channels,1500mAh Battery Type-C Charging","_seopress_titles_desc":"","_seopress_robots_index":""},"product_brand":[54],"product_cat":[62],"product_tag":[],"class_list":{"0":"post-7758","1":"product","2":"type-product","3":"status-publish","4":"has-post-thumbnail","6":"product_brand-luiton","7":"product_cat-handheld-two-way-radio","9":"first","10":"instock","11":"shipping-taxable","12":"purchasable","13":"product-type-variable","14":"has-default-attributes"},"_links":{"self":[{"href":"https:\/\/bestcbradio.com\/fr\/wp-json\/wp\/v2\/product\/7758","targetHints":{"allow":["GET"]}}],"collection":[{"href":"https:\/\/bestcbradio.com\/fr\/wp-json\/wp\/v2\/product"}],"about":[{"href":"https:\/\/bestcbradio.com\/fr\/wp-json\/wp\/v2\/types\/product"}],"replies":[{"embeddable":true,"href":"https:\/\/bestcbradio.com\/fr\/wp-json\/wp\/v2\/comments?post=7758"}],"wp:featuredmedia":[{"embeddable":true,"href":"https:\/\/bestcbradio.com\/fr\/wp-json\/wp\/v2\/media\/7746"}],"wp:attachment":[{"href":"https:\/\/bestcbradio.com\/fr\/wp-json\/wp\/v2\/media?parent=7758"}],"wp:term":[{"taxonomy":"product_brand","embeddable":true,"href":"https:\/\/bestcbradio.com\/fr\/wp-json\/wp\/v2\/product_brand?post=7758"},{"taxonomy":"product_cat","embeddable":true,"href":"https:\/\/bestcbradio.com\/fr\/wp-json\/wp\/v2\/product_cat?post=7758"},{"taxonomy":"product_tag","embeddable":true,"href":"https:\/\/bestcbradio.com\/fr\/wp-json\/wp\/v2\/product_tag?post=7758"}],"curies":[{"name":"wp","href":"https:\/\/api.w.org\/{rel}","templated":true}]}}