{"id":7772,"date":"2025-11-18T11:23:41","date_gmt":"2025-11-18T03:23:41","guid":{"rendered":"https:\/\/bestcbradio.com\/?post_type=product&#038;p=7772"},"modified":"2026-01-14T10:14:32","modified_gmt":"2026-01-14T02:14:32","slug":"luiton-lt-9100-vhf-uhf-handheld-2-way-radio","status":"publish","type":"product","link":"https:\/\/bestcbradio.com\/fr\/produit\/luiton-lt-9100-vhf-uhf-handheld-2-way-radio\/","title":{"rendered":"Radio bidirectionnelle portable VHF\/UHF Luiton LT-9100"},"content":{"rendered":"<div class=\"wp-block-columns are-vertically-aligned-center is-layout-flex wp-container-core-columns-is-layout-28f84493 wp-block-columns-is-layout-flex\"><div class=\"wp-block-column is-vertically-aligned-center is-layout-flow wp-block-column-is-layout-flow\"><figure class=\"wp-block-image size-full\"><img fetchpriority=\"high\" decoding=\"async\" width=\"500\" height=\"500\" src=\"https:\/\/bestcbradio.com\/wp-content\/uploads\/lt-9100-walkie-talkie-feature-02.webp\" alt=\"lt 9100 walkie talkie feature 02\" class=\"wp-image-7768\" srcset=\"https:\/\/bestcbradio.com\/wp-content\/uploads\/lt-9100-walkie-talkie-feature-02.webp 500w, https:\/\/bestcbradio.com\/wp-content\/uploads\/lt-9100-walkie-talkie-feature-02-300x300.webp 300w, https:\/\/bestcbradio.com\/wp-content\/uploads\/lt-9100-walkie-talkie-feature-02-150x150.webp 150w, https:\/\/bestcbradio.com\/wp-content\/uploads\/lt-9100-walkie-talkie-feature-02-441x441.webp 441w, https:\/\/bestcbradio.com\/wp-content\/uploads\/lt-9100-walkie-talkie-feature-02-100x100.webp 100w\" sizes=\"(max-width: 500px) 100vw, 500px\" \/><\/figure><\/div>\n\n<div class=\"wp-block-column is-vertically-aligned-center is-layout-flow wp-block-column-is-layout-flow\" style=\"flex-basis:40%\"><h2 class=\"wp-block-heading\">Large couverture de fr\u00e9quences<\/h2>\n\n<p>La radio prend en charge plusieurs fr\u00e9quences de transmission, ce qui vous garantit des options de communication polyvalentes. Elle peut \u00e9galement recevoir des signaux FM, Airband, NOAA et diff\u00e9rentes bandes VHF\/UHF, ce qui vous permet de rester connect\u00e9 dans de nombreux sc\u00e9narios.<\/p>\n\n<h2 class=\"wp-block-heading\">Grande capacit\u00e9 de m\u00e9moire<\/h2>\n\n<p>Avec 999 canaux en m\u00e9moire, cette radio vous permet de stocker et d'acc\u00e9der facilement \u00e0 une large gamme de fr\u00e9quences, ce qui facilite le passage d'un canal \u00e0 l'autre en cas de besoin.<\/p>\n\n<p><\/p><\/div><\/div><div style=\"height:30px\" aria-hidden=\"true\" class=\"wp-block-spacer\"><\/div><div class=\"wp-block-columns are-vertically-aligned-center is-layout-flex wp-container-core-columns-is-layout-28f84493 wp-block-columns-is-layout-flex\"><div class=\"wp-block-column is-vertically-aligned-center is-layout-flow wp-block-column-is-layout-flow\"><h2 class=\"wp-block-heading\">Sortie audio \u00e9lev\u00e9e<\/h2>\n\n<p>Avec une puissance de sortie audio d'au moins 500 mW, cette radio garantit une qualit\u00e9 sonore claire, permettant des conversations faciles et efficaces dans toutes les situations.<\/p>\n\n<h2 class=\"wp-block-heading\">Conception compacte et l\u00e9g\u00e8re<\/h2>\n\n<p>Pesant seulement 270 g et mesurant 6\u00d712,1x3 cm, cette radio est facile \u00e0 transporter, ce qui en fait un choix pratique pour les communications en d\u00e9placement lors de vos aventures.<\/p>\n\n<p><\/p><\/div>\n\n<div class=\"wp-block-column is-vertically-aligned-center is-layout-flow wp-block-column-is-layout-flow\" style=\"flex-basis:60%\"><figure class=\"wp-block-image size-full\"><img decoding=\"async\" width=\"500\" height=\"500\" src=\"https:\/\/bestcbradio.com\/wp-content\/uploads\/lt-9100-walkie-talkie-feature-04.webp\" alt=\"lt 9100 walkie talkie feature 04\" class=\"wp-image-7770\" srcset=\"https:\/\/bestcbradio.com\/wp-content\/uploads\/lt-9100-walkie-talkie-feature-04.webp 500w, https:\/\/bestcbradio.com\/wp-content\/uploads\/lt-9100-walkie-talkie-feature-04-300x300.webp 300w, https:\/\/bestcbradio.com\/wp-content\/uploads\/lt-9100-walkie-talkie-feature-04-150x150.webp 150w, https:\/\/bestcbradio.com\/wp-content\/uploads\/lt-9100-walkie-talkie-feature-04-441x441.webp 441w, https:\/\/bestcbradio.com\/wp-content\/uploads\/lt-9100-walkie-talkie-feature-04-100x100.webp 100w\" sizes=\"(max-width: 500px) 100vw, 500px\" \/><\/figure><\/div><\/div><p><br><br><\/p><div class=\"wp-block-columns are-vertically-aligned-center is-layout-flex wp-container-core-columns-is-layout-28f84493 wp-block-columns-is-layout-flex\"><div class=\"wp-block-column is-vertically-aligned-center is-layout-flow wp-block-column-is-layout-flow\"><figure class=\"wp-block-image size-full\"><img decoding=\"async\" width=\"500\" height=\"500\" src=\"https:\/\/bestcbradio.com\/wp-content\/uploads\/lt-9100-walkie-talkie-feature-06.webp\" alt=\"kit complet de radio portable tri-bande, radio bidirectionnelle 5w, batterie 2300mah type c en charge|luiton\" class=\"wp-image-7825\" srcset=\"https:\/\/bestcbradio.com\/wp-content\/uploads\/lt-9100-walkie-talkie-feature-06.webp 500w, https:\/\/bestcbradio.com\/wp-content\/uploads\/lt-9100-walkie-talkie-feature-06-300x300.webp 300w, https:\/\/bestcbradio.com\/wp-content\/uploads\/lt-9100-walkie-talkie-feature-06-150x150.webp 150w, https:\/\/bestcbradio.com\/wp-content\/uploads\/lt-9100-walkie-talkie-feature-06-441x441.webp 441w, https:\/\/bestcbradio.com\/wp-content\/uploads\/lt-9100-walkie-talkie-feature-06-100x100.webp 100w\" sizes=\"(max-width: 500px) 100vw, 500px\" \/><\/figure><\/div>\n\n<div class=\"wp-block-column is-vertically-aligned-center is-layout-flow wp-block-column-is-layout-flow\" style=\"flex-basis:40%\"><h2 class=\"wp-block-heading\">Contenu de la bo\u00eete<\/h2>\n\n<p>LT-9100 Radio portative tri-bande<br>Manuel de l'utilisateur<br>Antenne<br>Chargeur<br>C\u00e2ble USB de datation<\/p>\n\n<p><\/p><\/div><\/div>","protected":false},"excerpt":{"rendered":"<details open>\n<summary>Arguments de vente du produit<\/summary>\n<div class=\"cg-accordion-item\"> Fr\u00e9quence : UHF\/VHF\/1,25M<br \/>\nMicrophone interne<br \/>\nChargement de la batterie Type-C<br \/>\nBatterie 2300mAh\/7,4v<br \/>\nCl\u00e9 de programmation (SK)<br \/>\n\u2714LCD dispaly<br \/>\nLampe de poche LED<br \/>\n\u2714Antenne<br \/>\nSeulement 270g<\/div>\n<\/details>\n<details >\n<summary>Radio CB portable \u00e0 longue port\u00e9e<\/summary>\n<div class=\"cg-accordion-item\"> Cette radio CB portable couvre les fr\u00e9quences UHF, VHF et 1,25 M, ce qui vous permet de communiquer dans diverses situations. Elle re\u00e7oit \u00e9galement les fr\u00e9quences FM, Airband, NOAA et d'autres gammes pour une connectivit\u00e9 fiable. <\/div>\n<\/details>\n<details >\n<summary>Dur\u00e9e de vie de la batterie<\/summary>\n<div class=\"cg-accordion-item\"> La batterie Li-Ion 2300mAh fournit une alimentation longue dur\u00e9e, ce qui vous permet d'utiliser la radio pendant des p\u00e9riodes prolong\u00e9es lors d'activit\u00e9s en plein air sans craindre d'\u00eatre \u00e0 court de batterie. <\/div>\n<\/details>","protected":false},"featured_media":7761,"comment_status":"open","ping_status":"closed","template":"","meta":{"_seopress_robots_primary_cat":"none","_seopress_titles_title":"Tri-band Handheld\u00a0radio Ham Radio Full Kit, 5W Two Way Radio, 2300mAh Battery Type-C Charging|Luiton","_seopress_titles_desc":"","_seopress_robots_index":""},"product_brand":[54],"product_cat":[62],"product_tag":[],"class_list":{"0":"post-7772","1":"product","2":"type-product","3":"status-publish","4":"has-post-thumbnail","6":"product_brand-luiton","7":"product_cat-handheld-two-way-radio","9":"first","10":"instock","11":"sale","12":"shipping-taxable","13":"purchasable","14":"product-type-variable","15":"has-default-attributes"},"_links":{"self":[{"href":"https:\/\/bestcbradio.com\/fr\/wp-json\/wp\/v2\/product\/7772","targetHints":{"allow":["GET"]}}],"collection":[{"href":"https:\/\/bestcbradio.com\/fr\/wp-json\/wp\/v2\/product"}],"about":[{"href":"https:\/\/bestcbradio.com\/fr\/wp-json\/wp\/v2\/types\/product"}],"replies":[{"embeddable":true,"href":"https:\/\/bestcbradio.com\/fr\/wp-json\/wp\/v2\/comments?post=7772"}],"wp:featuredmedia":[{"embeddable":true,"href":"https:\/\/bestcbradio.com\/fr\/wp-json\/wp\/v2\/media\/7761"}],"wp:attachment":[{"href":"https:\/\/bestcbradio.com\/fr\/wp-json\/wp\/v2\/media?parent=7772"}],"wp:term":[{"taxonomy":"product_brand","embeddable":true,"href":"https:\/\/bestcbradio.com\/fr\/wp-json\/wp\/v2\/product_brand?post=7772"},{"taxonomy":"product_cat","embeddable":true,"href":"https:\/\/bestcbradio.com\/fr\/wp-json\/wp\/v2\/product_cat?post=7772"},{"taxonomy":"product_tag","embeddable":true,"href":"https:\/\/bestcbradio.com\/fr\/wp-json\/wp\/v2\/product_tag?post=7772"}],"curies":[{"name":"wp","href":"https:\/\/api.w.org\/{rel}","templated":true}]}}