{"id":7809,"date":"2025-11-19T10:37:20","date_gmt":"2025-11-19T02:37:20","guid":{"rendered":"https:\/\/bestcbradio.com\/?post_type=product&#038;p=7809"},"modified":"2026-01-08T15:32:06","modified_gmt":"2026-01-08T07:32:06","slug":"luiton-lt-458-uhf-2-way-radio","status":"publish","type":"product","link":"https:\/\/bestcbradio.com\/fr\/produit\/luiton-lt-458-uhf-2-way-radio\/","title":{"rendered":"Radio bidirectionnelle UHF Luiton LT-458 (lot de 2)"},"content":{"rendered":"<div class=\"wp-block-columns are-vertically-aligned-center is-layout-flex wp-container-core-columns-is-layout-28f84493 wp-block-columns-is-layout-flex\"><div class=\"wp-block-column is-vertically-aligned-center is-layout-flow wp-block-column-is-layout-flow\"><figure class=\"wp-block-image size-full\"><img fetchpriority=\"high\" decoding=\"async\" width=\"500\" height=\"500\" src=\"https:\/\/bestcbradio.com\/wp-content\/uploads\/lt-458-handheld-2-way-radio-uhf-feature-01.webp\" alt=\"lt 458 handheld 2 way radio uhf feature 01\" class=\"wp-image-7805\" srcset=\"https:\/\/bestcbradio.com\/wp-content\/uploads\/lt-458-handheld-2-way-radio-uhf-feature-01.webp 500w, https:\/\/bestcbradio.com\/wp-content\/uploads\/lt-458-handheld-2-way-radio-uhf-feature-01-300x300.webp 300w, https:\/\/bestcbradio.com\/wp-content\/uploads\/lt-458-handheld-2-way-radio-uhf-feature-01-150x150.webp 150w, https:\/\/bestcbradio.com\/wp-content\/uploads\/lt-458-handheld-2-way-radio-uhf-feature-01-441x441.webp 441w, https:\/\/bestcbradio.com\/wp-content\/uploads\/lt-458-handheld-2-way-radio-uhf-feature-01-100x100.webp 100w\" sizes=\"(max-width: 500px) 100vw, 500px\" \/><\/figure><\/div>\n\n<div class=\"wp-block-column is-vertically-aligned-center is-layout-flow wp-block-column-is-layout-flow\" style=\"flex-basis:40%\"><h3 class=\"wp-block-heading\">16 canaux de m\u00e9moire<\/h3>\n\n<p>Avec 16 canaux de m\u00e9moire pr\u00e9r\u00e9gl\u00e9s, les utilisateurs peuvent rapidement passer d'un canal \u00e0 l'autre pour rester connect\u00e9s et communiquer efficacement avec les autres.<\/p>\n\n<h3 class=\"wp-block-heading\">Dur\u00e9e de vie de la batterie<\/h3>\n\n<p>La radio est aliment\u00e9e par une batterie de 1500mAh, garantissant une utilisation de longue dur\u00e9e lors d'activit\u00e9s de plein air comme la randonn\u00e9e ou le camping, sans qu'il soit n\u00e9cessaire de la recharger fr\u00e9quemment.<\/p>\n\n<p><\/p><\/div><\/div><div style=\"height:30px\" aria-hidden=\"true\" class=\"wp-block-spacer\"><\/div><div class=\"wp-block-columns are-vertically-aligned-center is-layout-flex wp-container-core-columns-is-layout-28f84493 wp-block-columns-is-layout-flex\"><div class=\"wp-block-column is-vertically-aligned-center is-layout-flow wp-block-column-is-layout-flow\"><h2 class=\"wp-block-heading\">Compact et portable<\/h2>\n\n<p>Sa conception l\u00e9g\u00e8re rend cette radio facile \u00e0 transporter, ce qui en fait un excellent choix pour les aventures en plein air ou les situations d'urgence o\u00f9 la portabilit\u00e9 est importante.<\/p>\n\n<h3 class=\"wp-block-heading\">Durabilit\u00e9 dans des conditions extr\u00eames<\/h3>\n\n<p>Cette radio est con\u00e7ue pour fonctionner \u00e0 des temp\u00e9ratures comprises entre -20\u2103 et +50\u2103, ce qui la rend fiable pour une utilisation dans des conditions m\u00e9t\u00e9orologiques et des environnements vari\u00e9s.<\/p>\n\n<p><\/p><\/div>\n\n<div class=\"wp-block-column is-vertically-aligned-center is-layout-flow wp-block-column-is-layout-flow\" style=\"flex-basis:60%\"><figure class=\"wp-block-image size-full\"><img decoding=\"async\" width=\"500\" height=\"500\" src=\"https:\/\/bestcbradio.com\/wp-content\/uploads\/lt-458-handheld-2-way-radio-uhf-feature-02.webp\" alt=\"lt 458 handheld 2 way radio uhf feature 02\" class=\"wp-image-7806\" srcset=\"https:\/\/bestcbradio.com\/wp-content\/uploads\/lt-458-handheld-2-way-radio-uhf-feature-02.webp 500w, https:\/\/bestcbradio.com\/wp-content\/uploads\/lt-458-handheld-2-way-radio-uhf-feature-02-300x300.webp 300w, https:\/\/bestcbradio.com\/wp-content\/uploads\/lt-458-handheld-2-way-radio-uhf-feature-02-150x150.webp 150w, https:\/\/bestcbradio.com\/wp-content\/uploads\/lt-458-handheld-2-way-radio-uhf-feature-02-441x441.webp 441w, https:\/\/bestcbradio.com\/wp-content\/uploads\/lt-458-handheld-2-way-radio-uhf-feature-02-100x100.webp 100w\" sizes=\"(max-width: 500px) 100vw, 500px\" \/><\/figure><\/div><\/div><p><br><br><\/p><div class=\"wp-block-columns are-vertically-aligned-center is-layout-flex wp-container-core-columns-is-layout-28f84493 wp-block-columns-is-layout-flex\"><div class=\"wp-block-column is-vertically-aligned-center is-layout-flow wp-block-column-is-layout-flow\"><figure class=\"wp-block-image size-full\"><img decoding=\"async\" width=\"500\" height=\"500\" src=\"https:\/\/bestcbradio.com\/wp-content\/uploads\/lt-458-handheld-2-way-radio-uhf-feature-03.webp\" alt=\"lt 458 handheld 2 way radio uhf feature 03\" class=\"wp-image-7807\" srcset=\"https:\/\/bestcbradio.com\/wp-content\/uploads\/lt-458-handheld-2-way-radio-uhf-feature-03.webp 500w, https:\/\/bestcbradio.com\/wp-content\/uploads\/lt-458-handheld-2-way-radio-uhf-feature-03-300x300.webp 300w, https:\/\/bestcbradio.com\/wp-content\/uploads\/lt-458-handheld-2-way-radio-uhf-feature-03-150x150.webp 150w, https:\/\/bestcbradio.com\/wp-content\/uploads\/lt-458-handheld-2-way-radio-uhf-feature-03-441x441.webp 441w, https:\/\/bestcbradio.com\/wp-content\/uploads\/lt-458-handheld-2-way-radio-uhf-feature-03-100x100.webp 100w\" sizes=\"(max-width: 500px) 100vw, 500px\" \/><\/figure><\/div>\n\n<div class=\"wp-block-column is-vertically-aligned-center is-layout-flow wp-block-column-is-layout-flow\" style=\"flex-basis:40%\"><h2 class=\"wp-block-heading\">Contenu de la bo\u00eete<\/h2>\n\n<p>2 *LT-458 Radio portable \u00e0 2 voies<br>2 * c\u00e2bles de chargement<br>2 * antenne<br>2 * piles<br>2 * clips de ceinture<br>2 *Sangle de maintien<\/p>\n\n<p><\/p><\/div><\/div>","protected":false},"excerpt":{"rendered":"<details open>\n<summary>Les arguments de vente du produit<\/summary>\n<div class=\"cg-accordion-item\"> Capacit\u00e9 de la batterie : 1500mAh<br \/>\n\u2714UHF : 400-470MHZ<br \/>\nJusqu'\u00e0 16 canaux<br \/>\nCharge rapide USB<br \/>\n\u2714Be Programmable<br \/>\n\u2714TOT,CTCSS,DCS<br \/>\n\u27142 pack en groupe<br \/>\n\u2714Antenne<\/div>\n<\/details>\n<details >\n<summary>Qualit\u00e9 audio claire<\/summary>\n<div class=\"cg-accordion-item\"> La radio fournit un son clair avec une distorsion maximale de 10%, ce qui permet de comprendre facilement les conversations et de communiquer efficacement. <\/div>\n<\/details>\n<details >\n<summary>Suppression efficace des encombrements<\/summary>\n<div class=\"cg-accordion-item\"> Dot\u00e9e d'une technologie de r\u00e9ception avanc\u00e9e, cette radio offre une suppression des parasites de 65 dB, r\u00e9duisant ainsi les bruits de fond et am\u00e9liorant la clart\u00e9 des signaux entrants. <\/div>\n<\/details>","protected":false},"featured_media":7800,"comment_status":"open","ping_status":"closed","template":"","meta":{"_seopress_robots_primary_cat":"none","_seopress_titles_title":"Handheld CB Radio - UHF 400-470MHz,16 channels|Luiton","_seopress_titles_desc":"","_seopress_robots_index":""},"product_brand":[54],"product_cat":[62],"product_tag":[],"class_list":{"0":"post-7809","1":"product","2":"type-product","3":"status-publish","4":"has-post-thumbnail","6":"product_brand-luiton","7":"product_cat-handheld-two-way-radio","9":"first","10":"instock","11":"sale","12":"shipping-taxable","13":"purchasable","14":"product-type-variable","15":"has-default-attributes"},"_links":{"self":[{"href":"https:\/\/bestcbradio.com\/fr\/wp-json\/wp\/v2\/product\/7809","targetHints":{"allow":["GET"]}}],"collection":[{"href":"https:\/\/bestcbradio.com\/fr\/wp-json\/wp\/v2\/product"}],"about":[{"href":"https:\/\/bestcbradio.com\/fr\/wp-json\/wp\/v2\/types\/product"}],"replies":[{"embeddable":true,"href":"https:\/\/bestcbradio.com\/fr\/wp-json\/wp\/v2\/comments?post=7809"}],"wp:featuredmedia":[{"embeddable":true,"href":"https:\/\/bestcbradio.com\/fr\/wp-json\/wp\/v2\/media\/7800"}],"wp:attachment":[{"href":"https:\/\/bestcbradio.com\/fr\/wp-json\/wp\/v2\/media?parent=7809"}],"wp:term":[{"taxonomy":"product_brand","embeddable":true,"href":"https:\/\/bestcbradio.com\/fr\/wp-json\/wp\/v2\/product_brand?post=7809"},{"taxonomy":"product_cat","embeddable":true,"href":"https:\/\/bestcbradio.com\/fr\/wp-json\/wp\/v2\/product_cat?post=7809"},{"taxonomy":"product_tag","embeddable":true,"href":"https:\/\/bestcbradio.com\/fr\/wp-json\/wp\/v2\/product_tag?post=7809"}],"curies":[{"name":"wp","href":"https:\/\/api.w.org\/{rel}","templated":true}]}}