{"id":7907,"date":"2025-11-21T14:56:57","date_gmt":"2025-11-21T06:56:57","guid":{"rendered":"https:\/\/bestcbradio.com\/?post_type=product&#038;p=7907"},"modified":"2026-03-16T11:50:19","modified_gmt":"2026-03-16T03:50:19","slug":"luiton-lt-1988-vehicle-radio","status":"publish","type":"product","link":"https:\/\/bestcbradio.com\/fr\/produit\/luiton-lt-1988-radio-pour-vehicules\/","title":{"rendered":"Radio automobile Luiton LT-1988"},"content":{"rendered":"<div class=\"wp-block-columns are-vertically-aligned-center is-layout-flex wp-container-core-columns-is-layout-28f84493 wp-block-columns-is-layout-flex\"><div class=\"wp-block-column is-vertically-aligned-center is-layout-flow wp-block-column-is-layout-flow\"><figure class=\"wp-block-image size-full\"><img fetchpriority=\"high\" decoding=\"async\" width=\"800\" height=\"500\" src=\"https:\/\/bestcbradio.com\/wp-content\/uploads\/long-range-cb-radio-with-199-channels-feature-01.webp\" alt=\"radio cb longue distance avec 199 canaux fonction 01\" class=\"wp-image-7915\" srcset=\"https:\/\/bestcbradio.com\/wp-content\/uploads\/long-range-cb-radio-with-199-channels-feature-01.webp 800w, https:\/\/bestcbradio.com\/wp-content\/uploads\/long-range-cb-radio-with-199-channels-feature-01-300x188.webp 300w, https:\/\/bestcbradio.com\/wp-content\/uploads\/long-range-cb-radio-with-199-channels-feature-01-768x480.webp 768w, https:\/\/bestcbradio.com\/wp-content\/uploads\/long-range-cb-radio-with-199-channels-feature-01-441x276.webp 441w, https:\/\/bestcbradio.com\/wp-content\/uploads\/long-range-cb-radio-with-199-channels-feature-01-150x94.webp 150w\" sizes=\"(max-width: 800px) 100vw, 800px\" \/><\/figure><\/div>\n\n<div class=\"wp-block-column is-vertically-aligned-center is-layout-flow wp-block-column-is-layout-flow\" style=\"flex-basis:40%\"><h2 class=\"wp-block-heading\">Gamme de fr\u00e9quences polyvalente<\/h2>\n\n<p>Cette radio fonctionne dans trois bandes de fr\u00e9quences : 66-88 MHz, 136-174 MHz et 400-470 MHz. Elle dispose de 199 canaux et offre un espacement des canaux \u00e0 la fois large et \u00e9troit pour r\u00e9pondre aux diff\u00e9rents besoins de communication.<\/p>\n\n<p><\/p>\n\n<p><\/p><\/div><\/div><div style=\"height:30px\" aria-hidden=\"true\" class=\"wp-block-spacer\"><\/div><div class=\"wp-block-columns are-vertically-aligned-center is-layout-flex wp-container-core-columns-is-layout-28f84493 wp-block-columns-is-layout-flex\"><div class=\"wp-block-column is-vertically-aligned-center is-layout-flow wp-block-column-is-layout-flow\"><h2 class=\"wp-block-heading\">Des performances fiables<\/h2>\n\n<p>La radio pr\u00e9sente une grande stabilit\u00e9 de fr\u00e9quence \u00e0 \u00b12,5 ppm, ce qui garantit une communication claire. Elle fonctionne efficacement \u00e0 13,8V DC \u00b115%, ce qui la rend adapt\u00e9e \u00e0 de nombreuses configurations et environnements diff\u00e9rents.<\/p>\n\n<p><\/p>\n\n<p><\/p><\/div>\n\n<div class=\"wp-block-column is-vertically-aligned-center is-layout-flow wp-block-column-is-layout-flow\" style=\"flex-basis:60%\"><figure class=\"wp-block-image size-full\"><img decoding=\"async\" width=\"800\" height=\"500\" src=\"https:\/\/bestcbradio.com\/wp-content\/uploads\/long-range-cb-radio-with-199-channels-feature-02.webp\" alt=\"radio cb longue distance avec 199 canaux fonction 02\" class=\"wp-image-7916\" srcset=\"https:\/\/bestcbradio.com\/wp-content\/uploads\/long-range-cb-radio-with-199-channels-feature-02.webp 800w, https:\/\/bestcbradio.com\/wp-content\/uploads\/long-range-cb-radio-with-199-channels-feature-02-300x188.webp 300w, https:\/\/bestcbradio.com\/wp-content\/uploads\/long-range-cb-radio-with-199-channels-feature-02-768x480.webp 768w, https:\/\/bestcbradio.com\/wp-content\/uploads\/long-range-cb-radio-with-199-channels-feature-02-441x276.webp 441w, https:\/\/bestcbradio.com\/wp-content\/uploads\/long-range-cb-radio-with-199-channels-feature-02-150x94.webp 150w\" sizes=\"(max-width: 800px) 100vw, 800px\" \/><\/figure><\/div><\/div><div style=\"height:30px\" aria-hidden=\"true\" class=\"wp-block-spacer\"><\/div><div class=\"wp-block-columns are-vertically-aligned-center is-layout-flex wp-container-core-columns-is-layout-28f84493 wp-block-columns-is-layout-flex\"><div class=\"wp-block-column is-vertically-aligned-center is-layout-flow wp-block-column-is-layout-flow\"><figure class=\"wp-block-image size-full\"><img decoding=\"async\" width=\"800\" height=\"500\" src=\"https:\/\/bestcbradio.com\/wp-content\/uploads\/long-range-cb-radio-with-199-channels-feature-03.webp\" alt=\"radio cb longue distance avec 199 canaux fonction 03\" class=\"wp-image-7917\" srcset=\"https:\/\/bestcbradio.com\/wp-content\/uploads\/long-range-cb-radio-with-199-channels-feature-03.webp 800w, https:\/\/bestcbradio.com\/wp-content\/uploads\/long-range-cb-radio-with-199-channels-feature-03-300x188.webp 300w, https:\/\/bestcbradio.com\/wp-content\/uploads\/long-range-cb-radio-with-199-channels-feature-03-768x480.webp 768w, https:\/\/bestcbradio.com\/wp-content\/uploads\/long-range-cb-radio-with-199-channels-feature-03-441x276.webp 441w, https:\/\/bestcbradio.com\/wp-content\/uploads\/long-range-cb-radio-with-199-channels-feature-03-150x94.webp 150w\" sizes=\"(max-width: 800px) 100vw, 800px\" \/><\/figure><\/div>\n\n<div class=\"wp-block-column is-vertically-aligned-center is-layout-flow wp-block-column-is-layout-flow\" style=\"flex-basis:40%\"><h2 class=\"wp-block-heading\">R\u00e9ception \u00e0 haute sensibilit\u00e9<\/h2>\n\n<p>Avec une sensibilit\u00e9 \u00e0 large bande de \u22640,25\u03bcV et une sensibilit\u00e9 \u00e0 bande \u00e9troite de \u22640,35\u03bcV, cette radio assure une r\u00e9ception claire du signal. Elle minimise \u00e9galement les interf\u00e9rences avec une s\u00e9lectivit\u00e9 du canal adjacent de \u226560dB.<\/p>\n\n<p><\/p>\n\n<p><\/p>\n\n<p><\/p><\/div><\/div><div style=\"height:30px\" aria-hidden=\"true\" class=\"wp-block-spacer\"><\/div><div class=\"wp-block-columns are-vertically-aligned-center is-layout-flex wp-container-core-columns-is-layout-28f84493 wp-block-columns-is-layout-flex\"><div class=\"wp-block-column is-vertically-aligned-center is-layout-flow wp-block-column-is-layout-flow\"><h2 class=\"wp-block-heading\">Puissance d'\u00e9mission \u00e9lev\u00e9e<\/h2>\n\n<p>Vous pouvez r\u00e9gler la puissance de sortie sur 15 W, 10 W ou 5 W pour les communications \u00e0 longue port\u00e9e. La radio utilise diff\u00e9rents types de modulation pour les bandes larges et \u00e9troites afin de garantir une transmission audio claire.<\/p>\n\n<p><\/p>\n\n<p><\/p><\/div>\n\n<div class=\"wp-block-column is-vertically-aligned-center is-layout-flow wp-block-column-is-layout-flow\" style=\"flex-basis:60%\"><figure class=\"wp-block-image size-full\"><img loading=\"lazy\" decoding=\"async\" width=\"800\" height=\"500\" src=\"https:\/\/bestcbradio.com\/wp-content\/uploads\/long-range-cb-radio-with-199-channels-feature-04.webp\" alt=\"radio cb longue distance avec 199 canaux fonction 04\" class=\"wp-image-7918\" srcset=\"https:\/\/bestcbradio.com\/wp-content\/uploads\/long-range-cb-radio-with-199-channels-feature-04.webp 800w, https:\/\/bestcbradio.com\/wp-content\/uploads\/long-range-cb-radio-with-199-channels-feature-04-300x188.webp 300w, https:\/\/bestcbradio.com\/wp-content\/uploads\/long-range-cb-radio-with-199-channels-feature-04-768x480.webp 768w, https:\/\/bestcbradio.com\/wp-content\/uploads\/long-range-cb-radio-with-199-channels-feature-04-441x276.webp 441w, https:\/\/bestcbradio.com\/wp-content\/uploads\/long-range-cb-radio-with-199-channels-feature-04-150x94.webp 150w\" sizes=\"(max-width: 800px) 100vw, 800px\" \/><\/figure><\/div><\/div><div style=\"height:30px\" aria-hidden=\"true\" class=\"wp-block-spacer\"><\/div><div class=\"wp-block-columns are-vertically-aligned-center is-layout-flex wp-container-core-columns-is-layout-28f84493 wp-block-columns-is-layout-flex\"><div class=\"wp-block-column is-vertically-aligned-center is-layout-flow wp-block-column-is-layout-flow\"><figure class=\"wp-block-image size-full\"><img loading=\"lazy\" decoding=\"async\" width=\"800\" height=\"500\" src=\"https:\/\/bestcbradio.com\/wp-content\/uploads\/long-range-cb-radio-with-199-channels-feature-05.webp\" alt=\"radio cb longue distance avec 199 canaux fonction 05\" class=\"wp-image-7919\" srcset=\"https:\/\/bestcbradio.com\/wp-content\/uploads\/long-range-cb-radio-with-199-channels-feature-05.webp 800w, https:\/\/bestcbradio.com\/wp-content\/uploads\/long-range-cb-radio-with-199-channels-feature-05-300x188.webp 300w, https:\/\/bestcbradio.com\/wp-content\/uploads\/long-range-cb-radio-with-199-channels-feature-05-768x480.webp 768w, https:\/\/bestcbradio.com\/wp-content\/uploads\/long-range-cb-radio-with-199-channels-feature-05-441x276.webp 441w, https:\/\/bestcbradio.com\/wp-content\/uploads\/long-range-cb-radio-with-199-channels-feature-05-150x94.webp 150w\" sizes=\"(max-width: 800px) 100vw, 800px\" \/><\/figure><\/div>\n\n<div class=\"wp-block-column is-vertically-aligned-center is-layout-flow wp-block-column-is-layout-flow\" style=\"flex-basis:40%\"><h2 class=\"wp-block-heading\">Conception durable<\/h2>\n\n<p>La radio est compacte (109 mm x 104 mm x 25 mm) et p\u00e8se environ 0,5 kg, ce qui la rend facile \u00e0 installer et \u00e0 transporter. Elle fonctionne bien \u00e0 des temp\u00e9ratures allant de -20\u2103 \u00e0 +60\u2103, elle est donc fiable dans diverses conditions.<\/p>\n\n<p><\/p>\n\n<p><\/p><\/div><\/div><p><\/p>","protected":false},"excerpt":{"rendered":"<details open>\n<summary>Qualit\u00e9 audio claire<\/summary>\n<div class=\"cg-accordion-item\"> \u2714Frequency Range:66-88 MHz, 136-174 MHz or 400-470 MHz<br \/>\n\u2714Scan function,TOT function<br \/>\n\u2714CTCSS,DCS,Repeater function<br \/>\n\u2714Talk Around Function<br \/>\n\u2714Power:5W\/10W\/15W<br \/>\n\u2714Channels:199 <\/div>\n<\/details>\n<details >\n<summary>R\u00e9duction du bruit am\u00e9lior\u00e9e<\/summary>\n<div class=\"cg-accordion-item\"> La radio pr\u00e9sente un niveau de ronflement et de bruit de \u226545dB pour la bande large et de \u226540dB pour la bande \u00e9troite, ce qui permet de maintenir une communication claire. Elle comprend \u00e9galement des options de squelch avanc\u00e9es pour une meilleure clart\u00e9 du signal. <\/div>\n<\/details>\n<details >\n<summary>Des performances fiables<\/summary>\n<div class=\"cg-accordion-item\"> La radio pr\u00e9sente une grande stabilit\u00e9 de fr\u00e9quence \u00e0 \u00b12,5 ppm, ce qui garantit une communication claire. Elle fonctionne efficacement \u00e0 13,8V DC \u00b115%, ce qui la rend adapt\u00e9e \u00e0 de nombreuses configurations et environnements diff\u00e9rents. <\/div>\n<\/details>","protected":false},"featured_media":7909,"comment_status":"open","ping_status":"closed","template":"","meta":{"_seopress_robots_primary_cat":"none","_seopress_titles_title":"Long Range CB Radio with 199 Channels-only 0.5kg|Luiton","_seopress_titles_desc":"","_seopress_robots_index":""},"product_brand":[54],"product_cat":[66],"product_tag":[],"class_list":{"0":"post-7907","1":"product","2":"type-product","3":"status-publish","4":"has-post-thumbnail","6":"product_brand-luiton","7":"product_cat-vehicle-radio","9":"first","10":"instock","11":"sale","12":"shipping-taxable","13":"purchasable","14":"product-type-variable","15":"has-default-attributes"},"_links":{"self":[{"href":"https:\/\/bestcbradio.com\/fr\/wp-json\/wp\/v2\/product\/7907","targetHints":{"allow":["GET"]}}],"collection":[{"href":"https:\/\/bestcbradio.com\/fr\/wp-json\/wp\/v2\/product"}],"about":[{"href":"https:\/\/bestcbradio.com\/fr\/wp-json\/wp\/v2\/types\/product"}],"replies":[{"embeddable":true,"href":"https:\/\/bestcbradio.com\/fr\/wp-json\/wp\/v2\/comments?post=7907"}],"wp:featuredmedia":[{"embeddable":true,"href":"https:\/\/bestcbradio.com\/fr\/wp-json\/wp\/v2\/media\/7909"}],"wp:attachment":[{"href":"https:\/\/bestcbradio.com\/fr\/wp-json\/wp\/v2\/media?parent=7907"}],"wp:term":[{"taxonomy":"product_brand","embeddable":true,"href":"https:\/\/bestcbradio.com\/fr\/wp-json\/wp\/v2\/product_brand?post=7907"},{"taxonomy":"product_cat","embeddable":true,"href":"https:\/\/bestcbradio.com\/fr\/wp-json\/wp\/v2\/product_cat?post=7907"},{"taxonomy":"product_tag","embeddable":true,"href":"https:\/\/bestcbradio.com\/fr\/wp-json\/wp\/v2\/product_tag?post=7907"}],"curies":[{"name":"wp","href":"https:\/\/api.w.org\/{rel}","templated":true}]}}