{"id":7999,"date":"2025-11-25T10:06:34","date_gmt":"2025-11-25T02:06:34","guid":{"rendered":"https:\/\/bestcbradio.com\/?post_type=product&#038;p=7999"},"modified":"2026-01-20T16:49:24","modified_gmt":"2026-01-20T08:49:24","slug":"luiton-lt-580-vhf-uhf-vehicle-radio","status":"publish","type":"product","link":"https:\/\/bestcbradio.com\/fr\/produit\/luiton-lt-580-vhf-uhf-vehicle-radio\/","title":{"rendered":"Radio VHF\/UHF pour v\u00e9hicule Luiton LT-580"},"content":{"rendered":"<div class=\"wp-block-columns are-vertically-aligned-center is-layout-flex wp-container-core-columns-is-layout-28f84493 wp-block-columns-is-layout-flex\"><div class=\"wp-block-column is-vertically-aligned-center is-layout-flow wp-block-column-is-layout-flow\"><figure class=\"wp-block-image size-full\"><img fetchpriority=\"high\" decoding=\"async\" width=\"800\" height=\"500\" src=\"https:\/\/bestcbradio.com\/wp-content\/uploads\/lt-580-uhf-vhf-mobile-transceiver-feature-01.webp\" alt=\"lt 580 uhf vhf mobile transceiver feature 01\" class=\"wp-image-7992\" srcset=\"https:\/\/bestcbradio.com\/wp-content\/uploads\/lt-580-uhf-vhf-mobile-transceiver-feature-01.webp 800w, https:\/\/bestcbradio.com\/wp-content\/uploads\/lt-580-uhf-vhf-mobile-transceiver-feature-01-300x188.webp 300w, https:\/\/bestcbradio.com\/wp-content\/uploads\/lt-580-uhf-vhf-mobile-transceiver-feature-01-768x480.webp 768w, https:\/\/bestcbradio.com\/wp-content\/uploads\/lt-580-uhf-vhf-mobile-transceiver-feature-01-441x276.webp 441w, https:\/\/bestcbradio.com\/wp-content\/uploads\/lt-580-uhf-vhf-mobile-transceiver-feature-01-150x94.webp 150w\" sizes=\"(max-width: 800px) 100vw, 800px\" \/><\/figure><\/div>\n\n<div class=\"wp-block-column is-vertically-aligned-center is-layout-flow wp-block-column-is-layout-flow\" style=\"flex-basis:40%\"><h2 class=\"wp-block-heading\">Gamme de fr\u00e9quences polyvalente<\/h2>\n\n<p>L'appareil prend en charge une large gamme de fr\u00e9quences, ce qui permet aux utilisateurs de communiquer efficacement sur diff\u00e9rentes bandes avec un espacement r\u00e9glable des canaux de 25 kHz, 20 kHz et 12,5 kHz.<\/p>\n\n<p><\/p>\n\n<p><\/p>\n\n<p><\/p><\/div><\/div><div style=\"height:30px\" aria-hidden=\"true\" class=\"wp-block-spacer\"><\/div><div class=\"wp-block-columns are-vertically-aligned-center is-layout-flex wp-container-core-columns-is-layout-28f84493 wp-block-columns-is-layout-flex\"><div class=\"wp-block-column is-vertically-aligned-center is-layout-flow wp-block-column-is-layout-flow\"><h2 class=\"wp-block-heading\">Des performances fiables<\/h2>\n\n<p>Il fonctionne \u00e0 13,8V DC \u00b115%, offrant des performances stables pour diverses configurations et se caract\u00e9rise par une excellente stabilit\u00e9 de fr\u00e9quence de \u00b12,5ppm pour une communication fiable.<\/p>\n\n<p><\/p>\n\n<p><\/p>\n\n<p><\/p><\/div>\n\n<div class=\"wp-block-column is-vertically-aligned-center is-layout-flow wp-block-column-is-layout-flow\" style=\"flex-basis:60%\"><figure class=\"wp-block-image size-full\"><img decoding=\"async\" width=\"800\" height=\"500\" src=\"https:\/\/bestcbradio.com\/wp-content\/uploads\/lt-580-uhf-vhf-mobile-transceiver-feature-02.webp\" alt=\"lt 580 uhf vhf mobile transceiver feature 02\" class=\"wp-image-7993\" srcset=\"https:\/\/bestcbradio.com\/wp-content\/uploads\/lt-580-uhf-vhf-mobile-transceiver-feature-02.webp 800w, https:\/\/bestcbradio.com\/wp-content\/uploads\/lt-580-uhf-vhf-mobile-transceiver-feature-02-300x188.webp 300w, https:\/\/bestcbradio.com\/wp-content\/uploads\/lt-580-uhf-vhf-mobile-transceiver-feature-02-768x480.webp 768w, https:\/\/bestcbradio.com\/wp-content\/uploads\/lt-580-uhf-vhf-mobile-transceiver-feature-02-441x276.webp 441w, https:\/\/bestcbradio.com\/wp-content\/uploads\/lt-580-uhf-vhf-mobile-transceiver-feature-02-150x94.webp 150w\" sizes=\"(max-width: 800px) 100vw, 800px\" \/><\/figure><\/div><\/div><div style=\"height:30px\" aria-hidden=\"true\" class=\"wp-block-spacer\"><\/div><div class=\"wp-block-columns are-vertically-aligned-center is-layout-flex wp-container-core-columns-is-layout-28f84493 wp-block-columns-is-layout-flex\"><div class=\"wp-block-column is-vertically-aligned-center is-layout-flow wp-block-column-is-layout-flow\"><figure class=\"wp-block-image size-full\"><img decoding=\"async\" width=\"800\" height=\"500\" src=\"https:\/\/bestcbradio.com\/wp-content\/uploads\/lt-580-uhf-vhf-mobile-transceiver-feature-03.webp\" alt=\"lt 580 uhf vhf mobile transceiver feature 03\" class=\"wp-image-7994\" srcset=\"https:\/\/bestcbradio.com\/wp-content\/uploads\/lt-580-uhf-vhf-mobile-transceiver-feature-03.webp 800w, https:\/\/bestcbradio.com\/wp-content\/uploads\/lt-580-uhf-vhf-mobile-transceiver-feature-03-300x188.webp 300w, https:\/\/bestcbradio.com\/wp-content\/uploads\/lt-580-uhf-vhf-mobile-transceiver-feature-03-768x480.webp 768w, https:\/\/bestcbradio.com\/wp-content\/uploads\/lt-580-uhf-vhf-mobile-transceiver-feature-03-441x276.webp 441w, https:\/\/bestcbradio.com\/wp-content\/uploads\/lt-580-uhf-vhf-mobile-transceiver-feature-03-150x94.webp 150w\" sizes=\"(max-width: 800px) 100vw, 800px\" \/><\/figure><\/div>\n\n<div class=\"wp-block-column is-vertically-aligned-center is-layout-flow wp-block-column-is-layout-flow\" style=\"flex-basis:40%\"><h2 class=\"wp-block-heading\">R\u00e9ception \u00e0 haute sensibilit\u00e9<\/h2>\n\n<p>Avec une sensibilit\u00e9 \u00e0 large bande de \u22640,25\u03bcV et une sensibilit\u00e9 \u00e0 bande \u00e9troite de \u22640,35\u03bcV, cet \u00e9metteur-r\u00e9cepteur assure une r\u00e9ception claire et maintient la s\u00e9lectivit\u00e9 du canal adjacent pour minimiser les interf\u00e9rences.<\/p>\n\n<p><\/p>\n\n<p><\/p>\n\n<p><\/p>\n\n<p><\/p><\/div><\/div><div style=\"height:30px\" aria-hidden=\"true\" class=\"wp-block-spacer\"><\/div><div class=\"wp-block-columns are-vertically-aligned-center is-layout-flex wp-container-core-columns-is-layout-28f84493 wp-block-columns-is-layout-flex\"><div class=\"wp-block-column is-vertically-aligned-center is-layout-flow wp-block-column-is-layout-flow\"><h2 class=\"wp-block-heading\">Puissance d'\u00e9mission \u00e9lev\u00e9e<\/h2>\n\n<p>L'\u00e9metteur-r\u00e9cepteur offre des options de puissance de sortie r\u00e9glables de 60 W, 25 W ou 10 W pour la VHF et de 45 W, 25 W ou 10 W pour l'UHF, ce qui permet des communications efficaces \u00e0 longue distance avec une transmission audio claire.<\/p>\n\n<p><\/p>\n\n<p><\/p>\n\n<p><\/p><\/div>\n\n<div class=\"wp-block-column is-vertically-aligned-center is-layout-flow wp-block-column-is-layout-flow\" style=\"flex-basis:60%\"><figure class=\"wp-block-image size-full\"><img loading=\"lazy\" decoding=\"async\" width=\"800\" height=\"500\" src=\"https:\/\/bestcbradio.com\/wp-content\/uploads\/lt-580-uhf-vhf-mobile-transceiver-feature-04.webp\" alt=\"lt 580 uhf vhf mobile transceiver feature 04\" class=\"wp-image-7995\" srcset=\"https:\/\/bestcbradio.com\/wp-content\/uploads\/lt-580-uhf-vhf-mobile-transceiver-feature-04.webp 800w, https:\/\/bestcbradio.com\/wp-content\/uploads\/lt-580-uhf-vhf-mobile-transceiver-feature-04-300x188.webp 300w, https:\/\/bestcbradio.com\/wp-content\/uploads\/lt-580-uhf-vhf-mobile-transceiver-feature-04-768x480.webp 768w, https:\/\/bestcbradio.com\/wp-content\/uploads\/lt-580-uhf-vhf-mobile-transceiver-feature-04-441x276.webp 441w, https:\/\/bestcbradio.com\/wp-content\/uploads\/lt-580-uhf-vhf-mobile-transceiver-feature-04-150x94.webp 150w\" sizes=\"(max-width: 800px) 100vw, 800px\" \/><\/figure><\/div><\/div><div style=\"height:30px\" aria-hidden=\"true\" class=\"wp-block-spacer\"><\/div><div class=\"wp-block-columns are-vertically-aligned-center is-layout-flex wp-container-core-columns-is-layout-28f84493 wp-block-columns-is-layout-flex\"><div class=\"wp-block-column is-vertically-aligned-center is-layout-flow wp-block-column-is-layout-flow\"><figure class=\"wp-block-image size-full\"><img loading=\"lazy\" decoding=\"async\" width=\"800\" height=\"500\" src=\"https:\/\/bestcbradio.com\/wp-content\/uploads\/lt-580-uhf-vhf-mobile-transceiver-feature-05.webp\" alt=\"lt 580 uhf vhf mobile transceiver feature 05\" class=\"wp-image-7996\" srcset=\"https:\/\/bestcbradio.com\/wp-content\/uploads\/lt-580-uhf-vhf-mobile-transceiver-feature-05.webp 800w, https:\/\/bestcbradio.com\/wp-content\/uploads\/lt-580-uhf-vhf-mobile-transceiver-feature-05-300x188.webp 300w, https:\/\/bestcbradio.com\/wp-content\/uploads\/lt-580-uhf-vhf-mobile-transceiver-feature-05-768x480.webp 768w, https:\/\/bestcbradio.com\/wp-content\/uploads\/lt-580-uhf-vhf-mobile-transceiver-feature-05-441x276.webp 441w, https:\/\/bestcbradio.com\/wp-content\/uploads\/lt-580-uhf-vhf-mobile-transceiver-feature-05-150x94.webp 150w\" sizes=\"(max-width: 800px) 100vw, 800px\" \/><\/figure><\/div>\n\n<div class=\"wp-block-column is-vertically-aligned-center is-layout-flow wp-block-column-is-layout-flow\" style=\"flex-basis:40%\"><h2 class=\"wp-block-heading\">Conception durable<\/h2>\n\n<p>Sa taille compacte de 145 mm x 47 mm x 190 mm et son poids l\u00e9ger d'environ 1,2 kg le rendent facile \u00e0 installer et \u00e0 transporter tout en fonctionnant efficacement \u00e0 des temp\u00e9ratures allant de -20\u2103 \u00e0 +60\u2103.<\/p>\n\n<p><\/p>\n\n<p><\/p>\n\n<p><\/p><\/div><\/div><p><\/p>","protected":false},"excerpt":{"rendered":"<details open>\n<summary>Arguments de vente du produit<\/summary>\n<div class=\"cg-accordion-item\">\u2714VHF Frequency Range:136 ~ 174MHz,245 ~ 245.9875MHz(220 ~ 260MHz)<br \/>\n\u2714UHF Frequency Range:400 ~ 490MHz<br \/>\n\u271450 groups of CTCSS\/1024 groups of DCS<br \/>\n\u2714Long-distance Anti-theft Alarm<br \/>\n\u2714Busy Channel Lockout<br \/>\n\u2714TOT(Time-out timer)<br \/>\n\u2714Channels:200<br \/>\n\u2714Short Calling<br \/>\n\u2714Scan Skip<br \/>\n\u2714Cable Clone<br \/>\n\u2714Voice Prompt <\/div>\n<\/details>\n<details >\n<summary>Qualit\u00e9 audio claire<\/summary>\n<div class=\"cg-accordion-item\"> La puissance de sortie audio d\u00e9passe 2W \u00e0 10%, ce qui garantit une qualit\u00e9 sonore \u00e9lev\u00e9e pendant la communication tout en maintenant une faible distorsion audio pour une transmission vocale claire. <\/div>\n<\/details>\n<details >\n<summary>\u00c9metteur-r\u00e9cepteur mobile VHF\/UHF avec 200 canaux<\/summary>\n<div class=\"cg-accordion-item\"> Cet \u00e9metteur-r\u00e9cepteur couvre les fr\u00e9quences HF de 136 \u00e0 174 MHz et les fr\u00e9quences UHF de 400 \u00e0 490 MHz, permettant une communication polyvalente avec 200 canaux et des options d'espacement des canaux r\u00e9glables. <\/div>\n<\/details>","protected":false},"featured_media":8126,"comment_status":"open","ping_status":"closed","template":"","meta":{"_seopress_robots_primary_cat":"none","_seopress_titles_title":"VHF\/UHF Mobile Transceiver with 200 Channels-Scan function, Emergency Alarm","_seopress_titles_desc":"","_seopress_robots_index":""},"product_brand":[54],"product_cat":[66],"product_tag":[],"class_list":{"0":"post-7999","1":"product","2":"type-product","3":"status-publish","4":"has-post-thumbnail","6":"product_brand-luiton","7":"product_cat-vehicle-radio","9":"first","10":"instock","11":"sale","12":"shipping-taxable","13":"purchasable","14":"product-type-variable","15":"has-default-attributes"},"_links":{"self":[{"href":"https:\/\/bestcbradio.com\/fr\/wp-json\/wp\/v2\/product\/7999","targetHints":{"allow":["GET"]}}],"collection":[{"href":"https:\/\/bestcbradio.com\/fr\/wp-json\/wp\/v2\/product"}],"about":[{"href":"https:\/\/bestcbradio.com\/fr\/wp-json\/wp\/v2\/types\/product"}],"replies":[{"embeddable":true,"href":"https:\/\/bestcbradio.com\/fr\/wp-json\/wp\/v2\/comments?post=7999"}],"wp:featuredmedia":[{"embeddable":true,"href":"https:\/\/bestcbradio.com\/fr\/wp-json\/wp\/v2\/media\/8126"}],"wp:attachment":[{"href":"https:\/\/bestcbradio.com\/fr\/wp-json\/wp\/v2\/media?parent=7999"}],"wp:term":[{"taxonomy":"product_brand","embeddable":true,"href":"https:\/\/bestcbradio.com\/fr\/wp-json\/wp\/v2\/product_brand?post=7999"},{"taxonomy":"product_cat","embeddable":true,"href":"https:\/\/bestcbradio.com\/fr\/wp-json\/wp\/v2\/product_cat?post=7999"},{"taxonomy":"product_tag","embeddable":true,"href":"https:\/\/bestcbradio.com\/fr\/wp-json\/wp\/v2\/product_tag?post=7999"}],"curies":[{"name":"wp","href":"https:\/\/api.w.org\/{rel}","templated":true}]}}