{"id":8467,"date":"2026-01-06T14:48:02","date_gmt":"2026-01-06T06:48:02","guid":{"rendered":"https:\/\/bestcbradio.com\/?post_type=product&#038;p=8467"},"modified":"2026-04-09T09:50:40","modified_gmt":"2026-04-09T01:50:40","slug":"luiton-lt-199h-walkie-talkie","status":"publish","type":"product","link":"https:\/\/bestcbradio.com\/fr\/produit\/luiton-lt-199h-walkie-talkie\/","title":{"rendered":"Luiton LT-199H Talkie Walkie"},"content":{"rendered":"<div class=\"wp-block-columns are-vertically-aligned-center is-layout-flex wp-container-core-columns-is-layout-28f84493 wp-block-columns-is-layout-flex\"><div class=\"wp-block-column is-vertically-aligned-center is-layout-flow wp-block-column-is-layout-flow\"><figure class=\"wp-block-image size-full\"><img fetchpriority=\"high\" decoding=\"async\" width=\"800\" height=\"500\" src=\"https:\/\/bestcbradio.com\/wp-content\/uploads\/lt-199h-feature-01.webp\" alt=\"lt 199h caract\u00e9ristique 01\" class=\"wp-image-8464\" srcset=\"https:\/\/bestcbradio.com\/wp-content\/uploads\/lt-199h-feature-01.webp 800w, https:\/\/bestcbradio.com\/wp-content\/uploads\/lt-199h-feature-01-300x188.webp 300w, https:\/\/bestcbradio.com\/wp-content\/uploads\/lt-199h-feature-01-768x480.webp 768w, https:\/\/bestcbradio.com\/wp-content\/uploads\/lt-199h-feature-01-18x12.webp 18w, https:\/\/bestcbradio.com\/wp-content\/uploads\/lt-199h-feature-01-441x276.webp 441w, https:\/\/bestcbradio.com\/wp-content\/uploads\/lt-199h-feature-01-150x94.webp 150w\" sizes=\"(max-width: 800px) 100vw, 800px\" \/><\/figure><\/div>\n\n<div class=\"wp-block-column is-vertically-aligned-center is-layout-flow wp-block-column-is-layout-flow\" style=\"flex-basis:40%\"><h2 class=\"wp-block-heading\">Caract\u00e9ristiques des fr\u00e9quences et des canaux<\/h2>\n\n<p>Le talkie-walkie LT-199H fonctionne sur une large gamme de fr\u00e9quences de 136-174MHz et 400-480MHz, offrant 16 canaux avec un espacement de 12,5\/25KHz pour une communication claire et organis\u00e9e dans diverses situations.<\/p>\n\n<p><\/p><\/div><\/div><div style=\"height:30px\" aria-hidden=\"true\" class=\"wp-block-spacer\"><\/div><div class=\"wp-block-columns are-vertically-aligned-center is-layout-flex wp-container-core-columns-is-layout-28f84493 wp-block-columns-is-layout-flex\"><div class=\"wp-block-column is-vertically-aligned-center is-layout-flow wp-block-column-is-layout-flow\"><h2 class=\"wp-block-heading\">Puissance et performances de la batterie<\/h2>\n\n<p>Ce talkie-walkie d\u00e9livre une puissance de 10 W pour des communications longue port\u00e9e et est aliment\u00e9 par une batterie Li-Ion fiable de 2600 mAh, ce qui vous permet de rester connect\u00e9 pendant de longues p\u00e9riodes sans interruption.<\/p>\n\n<p><\/p><\/div>\n\n<div class=\"wp-block-column is-vertically-aligned-center is-layout-flow wp-block-column-is-layout-flow\" style=\"flex-basis:60%\"><figure class=\"wp-block-image size-full\"><img decoding=\"async\" width=\"800\" height=\"500\" src=\"https:\/\/bestcbradio.com\/wp-content\/uploads\/lt-199h-feature-02.webp\" alt=\"lt 199h caract\u00e9ristique 02\" class=\"wp-image-8465\" srcset=\"https:\/\/bestcbradio.com\/wp-content\/uploads\/lt-199h-feature-02.webp 800w, https:\/\/bestcbradio.com\/wp-content\/uploads\/lt-199h-feature-02-300x188.webp 300w, https:\/\/bestcbradio.com\/wp-content\/uploads\/lt-199h-feature-02-768x480.webp 768w, https:\/\/bestcbradio.com\/wp-content\/uploads\/lt-199h-feature-02-18x12.webp 18w, https:\/\/bestcbradio.com\/wp-content\/uploads\/lt-199h-feature-02-441x276.webp 441w, https:\/\/bestcbradio.com\/wp-content\/uploads\/lt-199h-feature-02-150x94.webp 150w\" sizes=\"(max-width: 800px) 100vw, 800px\" \/><\/figure><\/div><\/div><p><br><br><\/p><div class=\"wp-block-columns are-vertically-aligned-center is-layout-flex wp-container-core-columns-is-layout-28f84493 wp-block-columns-is-layout-flex\"><div class=\"wp-block-column is-vertically-aligned-center is-layout-flow wp-block-column-is-layout-flow\"><figure class=\"wp-block-image size-full\"><img decoding=\"async\" width=\"800\" height=\"500\" src=\"https:\/\/bestcbradio.com\/wp-content\/uploads\/lt-199h-feature03.webp\" alt=\"lt 199h feature03\" class=\"wp-image-8466\" srcset=\"https:\/\/bestcbradio.com\/wp-content\/uploads\/lt-199h-feature03.webp 800w, https:\/\/bestcbradio.com\/wp-content\/uploads\/lt-199h-feature03-300x188.webp 300w, https:\/\/bestcbradio.com\/wp-content\/uploads\/lt-199h-feature03-768x480.webp 768w, https:\/\/bestcbradio.com\/wp-content\/uploads\/lt-199h-feature03-18x12.webp 18w, https:\/\/bestcbradio.com\/wp-content\/uploads\/lt-199h-feature03-441x276.webp 441w, https:\/\/bestcbradio.com\/wp-content\/uploads\/lt-199h-feature03-150x94.webp 150w\" sizes=\"(max-width: 800px) 100vw, 800px\" \/><\/figure><\/div>\n\n<div class=\"wp-block-column is-vertically-aligned-center is-layout-flow wp-block-column-is-layout-flow\" style=\"flex-basis:40%\"><h2 class=\"wp-block-heading\">Contenu de la bo\u00eete<\/h2>\n\n<p>Talkie-walkie LT-199H<br>Batterie de 2600mAh<br>Antenne<br>Chargeur<\/p>\n\n<p><\/p><\/div><\/div><h2 class=\"wp-block-heading\"><strong>Sp\u00e9cification du talkie-walkie LT-199H<\/strong><\/h2><ul class=\"wp-block-list\"><li>CTCSS\/CDCSS Codec personnalis\u00e9<\/li>\n\n<li>Sauvegarde automatique de la batterie<\/li>\n\n<li>Fonction brouilleur\/compensateur 8 groupes<\/li>\n\n<li>Subsonique num\u00e9rique Fonction de saut de fr\u00e9quence<\/li>\n\n<li>Fr\u00e9quence vocale chinois\/anglais<\/li>\n\n<li>R\u00e9glage de la bande large\/\u00e9troite<\/li>\n\n<li>Commutable haute\/basse puissance<\/li>\n\n<li>Fonction d'alarme de basse tension<\/li>\n\n<li>Fonction d'alarme d'urgence<\/li>\n\n<li>Fonction VOX<\/li>\n\n<li>Paralyser et tuer \u00e0 distance<\/li>\n\n<li>Fonction PTT ID, encodage DTMF<\/li><\/ul>","protected":false},"excerpt":{"rendered":"<details open>\n<summary>Arguments de vente du produit<\/summary>\n<div class=\"cg-accordion-item\"> Capacit\u00e9 de la batterie \u27142600mAh<br \/>\n\u2714Frequency:136-174MHz\/400-480MHz<br \/>\n\u2714Dimension:117*54*34mm<br \/>\nAlarme d'urgence<br \/>\n\u2714VOX, fonction PTT ID<br \/>\n\u2714Channels:16<br \/>\n\u2714DTMF Encode<br \/>\n\u2714Antenne<br \/>\n\u2714Only 274g\n<\/div>\n<\/details>\n<details >\n<summary>Durabilit\u00e9 et r\u00e9sistance \u00e0 la temp\u00e9rature<\/summary>\n<div class=\"cg-accordion-item\"> Con\u00e7u pour r\u00e9sister \u00e0 des conditions extr\u00eames, le LT-199H fonctionne bien \u00e0 des temp\u00e9ratures allant de -20\u00b0C \u00e0 +60\u00b0C et pr\u00e9sente un design compact et l\u00e9ger qui le rend facile \u00e0 transporter et \u00e0 utiliser o\u00f9 que vous alliez. <\/div>\n<\/details>\n<details >\n<summary>Qualit\u00e9 et stabilit\u00e9 audio<\/summary>\n<div class=\"cg-accordion-item\"> Avec une puissance de sortie audio nominale de 500mW et une distorsion audio inf\u00e9rieure \u00e0 5%, ce talkie-walkie offre une qualit\u00e9 sonore claire et une sensibilit\u00e9 \u00e9lev\u00e9e de \u22640,30\/0,20\u00b5V pour une r\u00e9ception fiable dans les environnements difficiles. <\/div>\n<\/details>","protected":false},"featured_media":8460,"comment_status":"open","ping_status":"closed","template":"","meta":{"_seopress_robots_primary_cat":"none","_seopress_titles_title":"2600mAh Battery UHF\/VHF antenna walkie-talkie with emergency alarm, vox function and only 274g","_seopress_titles_desc":"Luiton LT-199H Walkie Talkie - 10W dual band VHF\/UHF, 16 channels, 2600mAh battery. Emergency alarm, VOX function, PTT ID, DTMF encode. Compact 274g design. $49.99. Worldwide shipping available.","_seopress_robots_index":""},"product_brand":[54],"product_cat":[62],"product_tag":[],"class_list":{"0":"post-8467","1":"product","2":"type-product","3":"status-publish","4":"has-post-thumbnail","6":"product_brand-luiton","7":"product_cat-handheld-two-way-radio","9":"first","10":"instock","11":"shipping-taxable","12":"purchasable","13":"product-type-variable","14":"has-default-attributes"},"_links":{"self":[{"href":"https:\/\/bestcbradio.com\/fr\/wp-json\/wp\/v2\/product\/8467","targetHints":{"allow":["GET"]}}],"collection":[{"href":"https:\/\/bestcbradio.com\/fr\/wp-json\/wp\/v2\/product"}],"about":[{"href":"https:\/\/bestcbradio.com\/fr\/wp-json\/wp\/v2\/types\/product"}],"replies":[{"embeddable":true,"href":"https:\/\/bestcbradio.com\/fr\/wp-json\/wp\/v2\/comments?post=8467"}],"wp:featuredmedia":[{"embeddable":true,"href":"https:\/\/bestcbradio.com\/fr\/wp-json\/wp\/v2\/media\/8460"}],"wp:attachment":[{"href":"https:\/\/bestcbradio.com\/fr\/wp-json\/wp\/v2\/media?parent=8467"}],"wp:term":[{"taxonomy":"product_brand","embeddable":true,"href":"https:\/\/bestcbradio.com\/fr\/wp-json\/wp\/v2\/product_brand?post=8467"},{"taxonomy":"product_cat","embeddable":true,"href":"https:\/\/bestcbradio.com\/fr\/wp-json\/wp\/v2\/product_cat?post=8467"},{"taxonomy":"product_tag","embeddable":true,"href":"https:\/\/bestcbradio.com\/fr\/wp-json\/wp\/v2\/product_tag?post=8467"}],"curies":[{"name":"wp","href":"https:\/\/api.w.org\/{rel}","templated":true}]}}