{"id":7809,"date":"2025-11-19T10:37:20","date_gmt":"2025-11-19T02:37:20","guid":{"rendered":"https:\/\/bestcbradio.com\/?post_type=product&#038;p=7809"},"modified":"2026-01-08T15:32:06","modified_gmt":"2026-01-08T07:32:06","slug":"radio-luiton-lt-458-uhf-a-2-vie","status":"publish","type":"product","link":"https:\/\/bestcbradio.com\/it\/prodotto\/radio-luiton-lt-458-uhf-a-2-vie\/","title":{"rendered":"Radio a 2 vie UHF LT-458 Luiton (confezione da 2)"},"content":{"rendered":"<div class=\"wp-block-columns are-vertically-aligned-center is-layout-flex wp-container-core-columns-is-layout-28f84493 wp-block-columns-is-layout-flex\"><div class=\"wp-block-column is-vertically-aligned-center is-layout-flow wp-block-column-is-layout-flow\"><figure class=\"wp-block-image size-full\"><img fetchpriority=\"high\" decoding=\"async\" width=\"500\" height=\"500\" src=\"https:\/\/bestcbradio.com\/wp-content\/uploads\/lt-458-handheld-2-way-radio-uhf-feature-01.webp\" alt=\"lt 458 radio portatile a 2 vie uhf caratteristica 01\" class=\"wp-image-7805\" srcset=\"https:\/\/bestcbradio.com\/wp-content\/uploads\/lt-458-handheld-2-way-radio-uhf-feature-01.webp 500w, https:\/\/bestcbradio.com\/wp-content\/uploads\/lt-458-handheld-2-way-radio-uhf-feature-01-300x300.webp 300w, https:\/\/bestcbradio.com\/wp-content\/uploads\/lt-458-handheld-2-way-radio-uhf-feature-01-150x150.webp 150w, https:\/\/bestcbradio.com\/wp-content\/uploads\/lt-458-handheld-2-way-radio-uhf-feature-01-441x441.webp 441w, https:\/\/bestcbradio.com\/wp-content\/uploads\/lt-458-handheld-2-way-radio-uhf-feature-01-100x100.webp 100w\" sizes=\"(max-width: 500px) 100vw, 500px\" \/><\/figure><\/div>\n\n<div class=\"wp-block-column is-vertically-aligned-center is-layout-flow wp-block-column-is-layout-flow\" style=\"flex-basis:40%\"><h3 class=\"wp-block-heading\">16 canali di memoria<\/h3>\n\n<p>Con 16 canali di memoria preimpostati, gli utenti possono passare rapidamente da un canale all'altro per rimanere in contatto e comunicare efficacemente con gli altri.<\/p>\n\n<h3 class=\"wp-block-heading\">Robusta durata della batteria<\/h3>\n\n<p>La radio \u00e8 alimentata da una batteria da 1500 mAh, che garantisce un uso duraturo durante le attivit\u00e0 all'aperto come l'escursionismo o il campeggio, senza la necessit\u00e0 di ricaricarla frequentemente.<\/p>\n\n<p><\/p><\/div><\/div><div style=\"height:30px\" aria-hidden=\"true\" class=\"wp-block-spacer\"><\/div><div class=\"wp-block-columns are-vertically-aligned-center is-layout-flex wp-container-core-columns-is-layout-28f84493 wp-block-columns-is-layout-flex\"><div class=\"wp-block-column is-vertically-aligned-center is-layout-flow wp-block-column-is-layout-flow\"><h2 class=\"wp-block-heading\">Compatto e portatile<\/h2>\n\n<p>Il design leggero rende questa radio facile da trasportare e la rende un'ottima scelta per le avventure all'aperto o per le situazioni di emergenza in cui la portabilit\u00e0 \u00e8 importante.<\/p>\n\n<h3 class=\"wp-block-heading\">Durata in condizioni estreme<\/h3>\n\n<p>Questa radio \u00e8 costruita per funzionare a temperature da -20\u2103 a +50\u2103, rendendola affidabile per l'uso in varie condizioni atmosferiche e ambienti.<\/p>\n\n<p><\/p><\/div>\n\n<div class=\"wp-block-column is-vertically-aligned-center is-layout-flow wp-block-column-is-layout-flow\" style=\"flex-basis:60%\"><figure class=\"wp-block-image size-full\"><img decoding=\"async\" width=\"500\" height=\"500\" src=\"https:\/\/bestcbradio.com\/wp-content\/uploads\/lt-458-handheld-2-way-radio-uhf-feature-02.webp\" alt=\"lt 458 radio portatile a 2 vie uhf caratteristica 02\" class=\"wp-image-7806\" srcset=\"https:\/\/bestcbradio.com\/wp-content\/uploads\/lt-458-handheld-2-way-radio-uhf-feature-02.webp 500w, https:\/\/bestcbradio.com\/wp-content\/uploads\/lt-458-handheld-2-way-radio-uhf-feature-02-300x300.webp 300w, https:\/\/bestcbradio.com\/wp-content\/uploads\/lt-458-handheld-2-way-radio-uhf-feature-02-150x150.webp 150w, https:\/\/bestcbradio.com\/wp-content\/uploads\/lt-458-handheld-2-way-radio-uhf-feature-02-441x441.webp 441w, https:\/\/bestcbradio.com\/wp-content\/uploads\/lt-458-handheld-2-way-radio-uhf-feature-02-100x100.webp 100w\" sizes=\"(max-width: 500px) 100vw, 500px\" \/><\/figure><\/div><\/div><p><br><br><\/p><div class=\"wp-block-columns are-vertically-aligned-center is-layout-flex wp-container-core-columns-is-layout-28f84493 wp-block-columns-is-layout-flex\"><div class=\"wp-block-column is-vertically-aligned-center is-layout-flow wp-block-column-is-layout-flow\"><figure class=\"wp-block-image size-full\"><img decoding=\"async\" width=\"500\" height=\"500\" src=\"https:\/\/bestcbradio.com\/wp-content\/uploads\/lt-458-handheld-2-way-radio-uhf-feature-03.webp\" alt=\"lt 458 radio portatile a 2 vie uhf caratteristica 03\" class=\"wp-image-7807\" srcset=\"https:\/\/bestcbradio.com\/wp-content\/uploads\/lt-458-handheld-2-way-radio-uhf-feature-03.webp 500w, https:\/\/bestcbradio.com\/wp-content\/uploads\/lt-458-handheld-2-way-radio-uhf-feature-03-300x300.webp 300w, https:\/\/bestcbradio.com\/wp-content\/uploads\/lt-458-handheld-2-way-radio-uhf-feature-03-150x150.webp 150w, https:\/\/bestcbradio.com\/wp-content\/uploads\/lt-458-handheld-2-way-radio-uhf-feature-03-441x441.webp 441w, https:\/\/bestcbradio.com\/wp-content\/uploads\/lt-458-handheld-2-way-radio-uhf-feature-03-100x100.webp 100w\" sizes=\"(max-width: 500px) 100vw, 500px\" \/><\/figure><\/div>\n\n<div class=\"wp-block-column is-vertically-aligned-center is-layout-flow wp-block-column-is-layout-flow\" style=\"flex-basis:40%\"><h2 class=\"wp-block-heading\">Cosa c'\u00e8 nella confezione<\/h2>\n\n<p>2 *LT-458 Radio portatile a 2 vie<br>2 * cavi di ricarica<br>2 * antenna<br>2 * batterie<br>2 * clip per cintura<br>2 *Cintura a mano<\/p>\n\n<p><\/p><\/div><\/div>","protected":false},"excerpt":{"rendered":"<details open>\n<summary>Punti di vendita del prodotto<\/summary>\n<div class=\"cg-accordion-item\"> Capacit\u00e0 della batteria \u27141500mAh<br \/>\n\u2714UHF: 400-470MHZ<br \/>\nFino a 16 canali<br \/>\nRicarica rapida USB<br \/>\nEssere programmabile<br \/>\nT.O.T., C.C.S., C.C.S.<br \/>\n\u27142 confezione in gruppo<br \/>\nAntenna<\/div>\n<\/details>\n<details >\n<summary>Qualit\u00e0 audio chiara<\/summary>\n<div class=\"cg-accordion-item\"> La radio offre un audio chiaro con una distorsione massima di 10%, garantendo una facile comprensione delle conversazioni e una comunicazione efficace. <\/div>\n<\/details>\n<details >\n<summary>Soppressione efficace del disordine<\/summary>\n<div class=\"cg-accordion-item\"> Dotata di una tecnologia di ricezione avanzata, questa radio offre una soppressione del disturbo di 65 dB, riducendo il rumore di fondo e migliorando la chiarezza dei segnali in arrivo. <\/div>\n<\/details>","protected":false},"featured_media":7800,"comment_status":"open","ping_status":"closed","template":"","meta":{"_seopress_robots_primary_cat":"none","_seopress_titles_title":"Handheld CB Radio - UHF 400-470MHz,16 channels|Luiton","_seopress_titles_desc":"","_seopress_robots_index":""},"product_brand":[54],"product_cat":[62],"product_tag":[],"class_list":{"0":"post-7809","1":"product","2":"type-product","3":"status-publish","4":"has-post-thumbnail","6":"product_brand-luiton","7":"product_cat-handheld-two-way-radio","9":"first","10":"instock","11":"sale","12":"shipping-taxable","13":"purchasable","14":"product-type-variable","15":"has-default-attributes"},"_links":{"self":[{"href":"https:\/\/bestcbradio.com\/it\/wp-json\/wp\/v2\/product\/7809","targetHints":{"allow":["GET"]}}],"collection":[{"href":"https:\/\/bestcbradio.com\/it\/wp-json\/wp\/v2\/product"}],"about":[{"href":"https:\/\/bestcbradio.com\/it\/wp-json\/wp\/v2\/types\/product"}],"replies":[{"embeddable":true,"href":"https:\/\/bestcbradio.com\/it\/wp-json\/wp\/v2\/comments?post=7809"}],"wp:featuredmedia":[{"embeddable":true,"href":"https:\/\/bestcbradio.com\/it\/wp-json\/wp\/v2\/media\/7800"}],"wp:attachment":[{"href":"https:\/\/bestcbradio.com\/it\/wp-json\/wp\/v2\/media?parent=7809"}],"wp:term":[{"taxonomy":"product_brand","embeddable":true,"href":"https:\/\/bestcbradio.com\/it\/wp-json\/wp\/v2\/product_brand?post=7809"},{"taxonomy":"product_cat","embeddable":true,"href":"https:\/\/bestcbradio.com\/it\/wp-json\/wp\/v2\/product_cat?post=7809"},{"taxonomy":"product_tag","embeddable":true,"href":"https:\/\/bestcbradio.com\/it\/wp-json\/wp\/v2\/product_tag?post=7809"}],"curies":[{"name":"wp","href":"https:\/\/api.w.org\/{rel}","templated":true}]}}