{"id":8051,"date":"2025-11-26T16:16:34","date_gmt":"2025-11-26T08:16:34","guid":{"rendered":"https:\/\/bestcbradio.com\/?post_type=product&#038;p=8051"},"modified":"2026-03-30T14:01:35","modified_gmt":"2026-03-30T06:01:35","slug":"antenna-cb-luiton-lt-an50w","status":"publish","type":"product","link":"https:\/\/bestcbradio.com\/it\/prodotto\/antenna-cb-luiton-lt-an50w\/","title":{"rendered":"Antenna CB Luiton LT-AN50W"},"content":{"rendered":"<div class=\"wp-block-columns are-vertically-aligned-center is-layout-flex wp-container-core-columns-is-layout-28f84493 wp-block-columns-is-layout-flex\"><div class=\"wp-block-column is-vertically-aligned-center is-layout-flow wp-block-column-is-layout-flow\"><figure class=\"wp-block-image size-full\"><img fetchpriority=\"high\" decoding=\"async\" width=\"800\" height=\"500\" src=\"https:\/\/bestcbradio.com\/wp-content\/uploads\/an50w-02.webp\" alt=\"antenna cb luiton lt an50w\" class=\"wp-image-8175\" srcset=\"https:\/\/bestcbradio.com\/wp-content\/uploads\/an50w-02.webp 800w, https:\/\/bestcbradio.com\/wp-content\/uploads\/an50w-02-300x188.webp 300w, https:\/\/bestcbradio.com\/wp-content\/uploads\/an50w-02-768x480.webp 768w, https:\/\/bestcbradio.com\/wp-content\/uploads\/an50w-02-441x276.webp 441w, https:\/\/bestcbradio.com\/wp-content\/uploads\/an50w-02-150x94.webp 150w\" sizes=\"(max-width: 800px) 100vw, 800px\" \/><\/figure><\/div>\n\n<div class=\"wp-block-column is-vertically-aligned-center is-layout-flow wp-block-column-is-layout-flow\" style=\"flex-basis:40%\"><h2 class=\"wp-block-heading\">Antenna CB da 28 pollici 27 Mhz Antenna radio CB Kit completo con supporto magnetico resistente Antenna radio mobile\/auto compatibile con President Midland Cobra Uniden Anytone da LUITON<\/h2><\/div><\/div><div style=\"height:30px\" aria-hidden=\"true\" class=\"wp-block-spacer\"><\/div><div class=\"wp-block-columns are-vertically-aligned-center is-layout-flex wp-container-core-columns-is-layout-28f84493 wp-block-columns-is-layout-flex\"><div class=\"wp-block-column is-vertically-aligned-center is-layout-flow wp-block-column-is-layout-flow\"><h2 class=\"wp-block-heading\">KIT COMPLETO - comprende il supporto per magnete con 10 piedi di cavo coassiale preinstallato, bobina di carico e frusta in acciaio inox.<\/h2><\/div>\n\n<div class=\"wp-block-column is-vertically-aligned-center is-layout-flow wp-block-column-is-layout-flow\" style=\"flex-basis:60%\"><figure class=\"wp-block-image size-full\"><img decoding=\"async\" width=\"800\" height=\"500\" src=\"https:\/\/bestcbradio.com\/wp-content\/uploads\/an50w-01.webp\" alt=\"antenna cb luiton lt an50w\" class=\"wp-image-8174\" srcset=\"https:\/\/bestcbradio.com\/wp-content\/uploads\/an50w-01.webp 800w, https:\/\/bestcbradio.com\/wp-content\/uploads\/an50w-01-300x188.webp 300w, https:\/\/bestcbradio.com\/wp-content\/uploads\/an50w-01-768x480.webp 768w, https:\/\/bestcbradio.com\/wp-content\/uploads\/an50w-01-441x276.webp 441w, https:\/\/bestcbradio.com\/wp-content\/uploads\/an50w-01-150x94.webp 150w\" sizes=\"(max-width: 800px) 100vw, 800px\" \/><\/figure><\/div><\/div><div class=\"wp-block-columns are-vertically-aligned-center is-layout-flex wp-container-core-columns-is-layout-28f84493 wp-block-columns-is-layout-flex\"><div class=\"wp-block-column is-vertically-aligned-center is-layout-flow wp-block-column-is-layout-flow\"><\/div><\/div><div class=\"wp-block-columns are-vertically-aligned-center is-layout-flex wp-container-core-columns-is-layout-28f84493 wp-block-columns-is-layout-flex\"><div class=\"wp-block-column is-vertically-aligned-center is-layout-flow wp-block-column-is-layout-flow\"><figure class=\"wp-block-image size-full\"><img decoding=\"async\" width=\"800\" height=\"500\" src=\"https:\/\/bestcbradio.com\/wp-content\/uploads\/cb-antenna-banner-05.webp\" alt=\"antenna cb banner 05\" class=\"wp-image-8043\" srcset=\"https:\/\/bestcbradio.com\/wp-content\/uploads\/cb-antenna-banner-05.webp 800w, https:\/\/bestcbradio.com\/wp-content\/uploads\/cb-antenna-banner-05-300x188.webp 300w, https:\/\/bestcbradio.com\/wp-content\/uploads\/cb-antenna-banner-05-768x480.webp 768w, https:\/\/bestcbradio.com\/wp-content\/uploads\/cb-antenna-banner-05-441x276.webp 441w, https:\/\/bestcbradio.com\/wp-content\/uploads\/cb-antenna-banner-05-150x94.webp 150w\" sizes=\"(max-width: 800px) 100vw, 800px\" \/><\/figure><\/div>\n\n<div class=\"wp-block-column is-vertically-aligned-center is-layout-flow wp-block-column-is-layout-flow\" style=\"flex-basis:40%\"><h2 class=\"wp-block-heading\">ANTENNA LUNGA - Antenne pi\u00f9 alte = migliore portata! 28 pollici di lunghezza per una portata e una ricezione ottimali!<\/h2>\n\n<p><\/p>\n\n<p><\/p><\/div><\/div><p><strong>Informazioni su questo articolo<\/strong><\/p><ul class=\"wp-block-list\"><li>ANTENNA LUNGA - Antenne pi\u00f9 alte = migliore portata! 28 pollici di lunghezza per una portata e una ricezione ottimali!<\/li>\n\n<li>KIT COMPLETO - comprende il supporto per magnete con 10 piedi di cavo coassiale preinstallato, bobina di carico e frusta in acciaio inox.<\/li>\n\n<li>Base magnetica - Migliora la ricezione sfruttando le grandi superfici metalliche.<\/li>\n\n<li>Capace di trasmettere i canali meteo, copre tutte le frequenze CB.<\/li><\/ul><p><\/p>","protected":false},"excerpt":{"rendered":"<details >\n<summary>Altezza regolabile<\/summary>\n<div class=\"cg-accordion-item\"> Disponibile in altezze di 28 pollici, questo adattatore per antenna pu\u00f2 adattarsi a diverse configurazioni e preferenze dell'utente. <\/div>\n<\/details>\n<details >\n<summary>Produttore affidabile<\/summary>\n<div class=\"cg-accordion-item\"> Realizzato da Bond Telecom Co., Ltd., questo prodotto \u00e8 supportato da un'azienda nota per la qualit\u00e0 e l'affidabilit\u00e0 delle sue apparecchiature di telecomunicazione. <\/div>\n<\/details>\n<details open>\n<summary>Punti di vendita del prodotto<\/summary>\n<div class=\"cg-accordion-item\"> 50W Potenza nominale<br \/>\nKIT COMPLETO<br \/>\nPortata massima 10 metri<br \/>\n\u271428 pollici<br \/>\nMontaggio a magnete per uso intensivo<\/div>\n<\/details>","protected":false},"featured_media":8044,"comment_status":"open","ping_status":"closed","template":"","meta":{"_seopress_robots_primary_cat":"none","_seopress_titles_title":"Car Radio Antenna Compatible with President Midland Cobra Uniden Anytone by LUITON","_seopress_titles_desc":"","_seopress_robots_index":""},"product_brand":[54],"product_cat":[16],"product_tag":[],"class_list":{"0":"post-8051","1":"product","2":"type-product","3":"status-publish","4":"has-post-thumbnail","6":"product_brand-luiton","7":"product_cat-accessories","9":"first","10":"instock","11":"shipping-taxable","12":"purchasable","13":"product-type-variable","14":"has-default-attributes"},"_links":{"self":[{"href":"https:\/\/bestcbradio.com\/it\/wp-json\/wp\/v2\/product\/8051","targetHints":{"allow":["GET"]}}],"collection":[{"href":"https:\/\/bestcbradio.com\/it\/wp-json\/wp\/v2\/product"}],"about":[{"href":"https:\/\/bestcbradio.com\/it\/wp-json\/wp\/v2\/types\/product"}],"replies":[{"embeddable":true,"href":"https:\/\/bestcbradio.com\/it\/wp-json\/wp\/v2\/comments?post=8051"}],"wp:featuredmedia":[{"embeddable":true,"href":"https:\/\/bestcbradio.com\/it\/wp-json\/wp\/v2\/media\/8044"}],"wp:attachment":[{"href":"https:\/\/bestcbradio.com\/it\/wp-json\/wp\/v2\/media?parent=8051"}],"wp:term":[{"taxonomy":"product_brand","embeddable":true,"href":"https:\/\/bestcbradio.com\/it\/wp-json\/wp\/v2\/product_brand?post=8051"},{"taxonomy":"product_cat","embeddable":true,"href":"https:\/\/bestcbradio.com\/it\/wp-json\/wp\/v2\/product_cat?post=8051"},{"taxonomy":"product_tag","embeddable":true,"href":"https:\/\/bestcbradio.com\/it\/wp-json\/wp\/v2\/product_tag?post=8051"}],"curies":[{"name":"wp","href":"https:\/\/api.w.org\/{rel}","templated":true}]}}