{"id":8158,"date":"2025-12-02T10:28:27","date_gmt":"2025-12-02T02:28:27","guid":{"rendered":"https:\/\/bestcbradio.com\/?post_type=product&#038;p=8158"},"modified":"2026-04-09T09:51:32","modified_gmt":"2026-04-09T01:51:32","slug":"luiton-lt-an300w-cb-antenna","status":"publish","type":"product","link":"https:\/\/bestcbradio.com\/it\/prodotto\/antenna-cb-luiton-lt-an300w\/","title":{"rendered":"Antenna CB Luiton LT-AN300W"},"content":{"rendered":"<div class=\"wp-block-columns are-vertically-aligned-center is-layout-flex wp-container-core-columns-is-layout-28f84493 wp-block-columns-is-layout-flex\"><div class=\"wp-block-column is-vertically-aligned-center is-layout-flow wp-block-column-is-layout-flow\"><figure class=\"wp-block-image size-full\"><img fetchpriority=\"high\" decoding=\"async\" width=\"800\" height=\"500\" src=\"https:\/\/bestcbradio.com\/wp-content\/uploads\/cb-antenna-feature-04.webp\" alt=\"antenna cb caratteristica 04\" class=\"wp-image-8049\" srcset=\"https:\/\/bestcbradio.com\/wp-content\/uploads\/cb-antenna-feature-04.webp 800w, https:\/\/bestcbradio.com\/wp-content\/uploads\/cb-antenna-feature-04-300x188.webp 300w, https:\/\/bestcbradio.com\/wp-content\/uploads\/cb-antenna-feature-04-768x480.webp 768w, https:\/\/bestcbradio.com\/wp-content\/uploads\/cb-antenna-feature-04-441x276.webp 441w, https:\/\/bestcbradio.com\/wp-content\/uploads\/cb-antenna-feature-04-150x94.webp 150w\" sizes=\"(max-width: 800px) 100vw, 800px\" \/><\/figure><\/div>\n\n<div class=\"wp-block-column is-vertically-aligned-center is-layout-flow wp-block-column-is-layout-flow\" style=\"flex-basis:40%\"><h2 class=\"wp-block-heading\">Antenna CB 36inch 300 Watt per Radio CB 27 Mhz, Antenna portatile Indoor\/Outdoor Kit di montaggio completo per Mobile\/Auto Antenna Radio Compatibile con Midland Cobra Uniden Anytone 10 Meter SSB Radio<\/h2><\/div><\/div><div style=\"height:30px\" aria-hidden=\"true\" class=\"wp-block-spacer\"><\/div><div class=\"wp-block-columns are-vertically-aligned-center is-layout-flex wp-container-core-columns-is-layout-28f84493 wp-block-columns-is-layout-flex\"><div class=\"wp-block-column is-vertically-aligned-center is-layout-flow wp-block-column-is-layout-flow\"><h2 class=\"wp-block-heading\">Base magnetica pi\u00f9 grande: pi\u00f9 stabile! La base magnetica da 4 pollici di diametro mantiene l'antenna durante la guida.<\/h2>\n\n<p><\/p><\/div>\n\n<div class=\"wp-block-column is-vertically-aligned-center is-layout-flow wp-block-column-is-layout-flow\" style=\"flex-basis:60%\"><figure class=\"wp-block-image size-full\"><img decoding=\"async\" width=\"800\" height=\"500\" src=\"https:\/\/bestcbradio.com\/wp-content\/uploads\/cb-antenna-feature-03.webp\" alt=\"antenna cb caratteristica 03\" class=\"wp-image-8048\" srcset=\"https:\/\/bestcbradio.com\/wp-content\/uploads\/cb-antenna-feature-03.webp 800w, https:\/\/bestcbradio.com\/wp-content\/uploads\/cb-antenna-feature-03-300x188.webp 300w, https:\/\/bestcbradio.com\/wp-content\/uploads\/cb-antenna-feature-03-768x480.webp 768w, https:\/\/bestcbradio.com\/wp-content\/uploads\/cb-antenna-feature-03-441x276.webp 441w, https:\/\/bestcbradio.com\/wp-content\/uploads\/cb-antenna-feature-03-150x94.webp 150w\" sizes=\"(max-width: 800px) 100vw, 800px\" \/><\/figure><\/div><\/div><div class=\"wp-block-columns is-layout-flex wp-container-core-columns-is-layout-28f84493 wp-block-columns-is-layout-flex\"><div class=\"wp-block-column is-vertically-aligned-stretch is-layout-flow wp-block-column-is-layout-flow\" style=\"flex-basis:40%\"><h2 class=\"wp-block-heading\">Informazioni su questo articolo<\/h2><\/div><\/div><ul class=\"wp-block-list\"><li>Antenna pi\u00f9 lunga: migliore portata! 36 pollici di lunghezza per una portata e una ricezione ottimali!<\/li>\n\n<li>Base magnetica pi\u00f9 grande: pi\u00f9 stabile! La base magnetica da 4 pollici di diametro mantiene l'antenna durante la guida.<\/li>\n\n<li>Supporto 300Watt: supporto di potenza superiore! 300 watt di supporto per una portata e una ricezione ottimali!<\/li>\n\n<li>Cavo coassiale e connettore: cavo coassiale intrecciato da 12,8 piedi da collegare a qualsiasi CB con connettore Pl259<\/li><\/ul><p><\/p>","protected":false},"excerpt":{"rendered":"<details >\n<summary>Altezza regolabile<\/summary>\n<div class=\"cg-accordion-item\"> Disponibile in altezze di 36 pollici, questo adattatore per antenna pu\u00f2 adattarsi a diverse configurazioni e preferenze dell'utente. <\/div>\n<\/details>\n<details >\n<summary>Produttore affidabile<\/summary>\n<div class=\"cg-accordion-item\"> Realizzato da Bond Telecom Co., Ltd., questo prodotto \u00e8 supportato da un'azienda nota per la qualit\u00e0 e l'affidabilit\u00e0 delle sue apparecchiature di telecomunicazione. <\/div>\n<\/details>\n<details open>\n<summary>Punti di vendita del prodotto<\/summary>\n<div class=\"cg-accordion-item\"> Potenza nominale \u2714300W<br \/>\nCavo coassiale e connettore<br \/>\nPortata massima 400 metri<br \/>\n\u271436 pollici<\/div>\n<\/details>","protected":false},"featured_media":8046,"comment_status":"open","ping_status":"closed","template":"","meta":{"_seopress_robots_primary_cat":"none","_seopress_titles_title":"Car Radio Antenna Compatible with President Midland Cobra Uniden Anytone by LUITON","_seopress_titles_desc":"Luiton LT-AN300W CB Antenna - 300W power, 36-inch length, 4-inch magnetic base. 12.8ft coaxial cable with PL259 connector. For 27MHz CB radios. Compatible with President, Midland, Cobra, Uniden, Anytone. $55.99. Worldwide shipping available.","_seopress_robots_index":""},"product_brand":[54],"product_cat":[16],"product_tag":[],"class_list":{"0":"post-8158","1":"product","2":"type-product","3":"status-publish","4":"has-post-thumbnail","6":"product_brand-luiton","7":"product_cat-accessories","9":"first","10":"instock","11":"shipping-taxable","12":"purchasable","13":"product-type-variable","14":"has-default-attributes"},"_links":{"self":[{"href":"https:\/\/bestcbradio.com\/it\/wp-json\/wp\/v2\/product\/8158","targetHints":{"allow":["GET"]}}],"collection":[{"href":"https:\/\/bestcbradio.com\/it\/wp-json\/wp\/v2\/product"}],"about":[{"href":"https:\/\/bestcbradio.com\/it\/wp-json\/wp\/v2\/types\/product"}],"replies":[{"embeddable":true,"href":"https:\/\/bestcbradio.com\/it\/wp-json\/wp\/v2\/comments?post=8158"}],"wp:featuredmedia":[{"embeddable":true,"href":"https:\/\/bestcbradio.com\/it\/wp-json\/wp\/v2\/media\/8046"}],"wp:attachment":[{"href":"https:\/\/bestcbradio.com\/it\/wp-json\/wp\/v2\/media?parent=8158"}],"wp:term":[{"taxonomy":"product_brand","embeddable":true,"href":"https:\/\/bestcbradio.com\/it\/wp-json\/wp\/v2\/product_brand?post=8158"},{"taxonomy":"product_cat","embeddable":true,"href":"https:\/\/bestcbradio.com\/it\/wp-json\/wp\/v2\/product_cat?post=8158"},{"taxonomy":"product_tag","embeddable":true,"href":"https:\/\/bestcbradio.com\/it\/wp-json\/wp\/v2\/product_tag?post=8158"}],"curies":[{"name":"wp","href":"https:\/\/api.w.org\/{rel}","templated":true}]}}