{"id":8875,"date":"2026-02-26T11:34:38","date_gmt":"2026-02-26T03:34:38","guid":{"rendered":"https:\/\/bestcbradio.com\/?post_type=product&#038;p=8875"},"modified":"2026-04-20T11:55:09","modified_gmt":"2026-04-20T03:55:09","slug":"radio-cb-luiton-lt-8","status":"publish","type":"product","link":"https:\/\/bestcbradio.com\/it\/prodotto\/radio-cb-luiton-lt-8\/","title":{"rendered":"LT-950 PRO Ham Dual Band Radio Arancione"},"content":{"rendered":"<h2 class=\"wp-block-heading\">Caratteristica speciale:<\/h2><p>27MHz TX\/RX a modulazione FM con potenza 3-4W, ricezione ML\/LW\/SW\/USB\/LSB\/CW in onde corte, programmazione app Bluetooth, elevata potenza di uscita, invio posizione GPS\/APRS, funzione zona canali, display a colori, programmazione PC, analizzatore di spettro integrato, copia di frequenza wireless, supporto canali meteo NOAA<\/p><figure class=\"wp-block-image size-full\"><img fetchpriority=\"high\" decoding=\"async\" width=\"800\" height=\"800\" src=\"https:\/\/bestcbradio.com\/wp-content\/uploads\/lt-950-pro-orange-banner-07.webp\" alt=\"lt 950 pro orange banner 07\" class=\"wp-image-8871\" srcset=\"https:\/\/bestcbradio.com\/wp-content\/uploads\/lt-950-pro-orange-banner-07.webp 800w, https:\/\/bestcbradio.com\/wp-content\/uploads\/lt-950-pro-orange-banner-07-300x300.webp 300w, https:\/\/bestcbradio.com\/wp-content\/uploads\/lt-950-pro-orange-banner-07-150x150.webp 150w, https:\/\/bestcbradio.com\/wp-content\/uploads\/lt-950-pro-orange-banner-07-768x768.webp 768w, https:\/\/bestcbradio.com\/wp-content\/uploads\/lt-950-pro-orange-banner-07-12x12.webp 12w, https:\/\/bestcbradio.com\/wp-content\/uploads\/lt-950-pro-orange-banner-07-441x441.webp 441w, https:\/\/bestcbradio.com\/wp-content\/uploads\/lt-950-pro-orange-banner-07-100x100.webp 100w\" sizes=\"(max-width: 800px) 100vw, 800px\" \/><\/figure><figure class=\"wp-block-image size-full is-resized\"><img decoding=\"async\" width=\"800\" height=\"800\" src=\"https:\/\/bestcbradio.com\/wp-content\/uploads\/lt-950-pro-orange-banner-08.webp\" alt=\"lt 950 pro orange banner 08\" class=\"wp-image-8872\" style=\"width:900px;height:auto\" srcset=\"https:\/\/bestcbradio.com\/wp-content\/uploads\/lt-950-pro-orange-banner-08.webp 800w, https:\/\/bestcbradio.com\/wp-content\/uploads\/lt-950-pro-orange-banner-08-300x300.webp 300w, https:\/\/bestcbradio.com\/wp-content\/uploads\/lt-950-pro-orange-banner-08-150x150.webp 150w, https:\/\/bestcbradio.com\/wp-content\/uploads\/lt-950-pro-orange-banner-08-768x768.webp 768w, https:\/\/bestcbradio.com\/wp-content\/uploads\/lt-950-pro-orange-banner-08-12x12.webp 12w, https:\/\/bestcbradio.com\/wp-content\/uploads\/lt-950-pro-orange-banner-08-441x441.webp 441w, https:\/\/bestcbradio.com\/wp-content\/uploads\/lt-950-pro-orange-banner-08-100x100.webp 100w\" sizes=\"(max-width: 800px) 100vw, 800px\" \/><\/figure><h2 class=\"wp-block-heading\">Informazioni su questo articolo<\/h2><ul class=\"wp-block-list\"><li>Potente trasmissione da 10W per comunicazioni a lungo raggio (solo per UHF\/VHF): Il Luiton LT-950 PRO garantisce una copertura e una chiarezza eccezionali. Come radioamatore ad alte prestazioni e radio portatile a due vie, fornisce comunicazioni affidabili per le avventure all'aperto, gli interventi di emergenza e le operazioni professionali.<\/li>\n\n<li>App Bluetooth e copia della frequenza wireless: Configurate e gestite i vostri walkie talkie direttamente dal vostro smartphone grazie alla programmazione wireless Bluetooth. La funzione di copia della frequenza wireless consente di duplicare rapidamente le impostazioni radio senza cavi, offrendo la massima comodit\u00e0 sia ai principianti che agli utenti esperti.<\/li>\n\n<li>Ricezione multibanda con avvisi meteo NOAA: Ampia copertura di frequenza che comprende le bande AM\/FM, CB, SW, MW e LW. Rimanete aggiornati con il canale meteorologico NOAA, assicurando la preparazione durante le escursioni all'aperto, il maltempo e le situazioni critiche.<\/li>\n\n<li>GPS\/APRS e analizzatore di spettro: Le funzionalit\u00e0 GPS e APRS integrate consentono la condivisione della posizione in tempo reale, migliorando il coordinamento del team durante le escursioni, il campeggio o le operazioni di emergenza. L'analizzatore di spettro integrato consente agli utenti di monitorare l'attivit\u00e0 delle frequenze, rendendo questa radio portatile uno strumento di comunicazione potente e versatile.<\/li>\n\n<li>Ricarica comoda e display ad alta risoluzione: Dotato di ricarica rapida USB Type-C e di un caricatore da tavolo incluso, l'LT-950 PRO offre soluzioni di alimentazione flessibili. Il suo vivido display a colori garantisce un'eccellente leggibilit\u00e0 in tutte le condizioni di illuminazione, mentre l'organizzazione per zone\/canali assicura un funzionamento rapido ed efficiente.<\/li><\/ul><details>\n<summary><strong>Quali bande supporta l'LT-950 PRO?<\/strong><\/summary>\nL'LT-950 PRO opera sulle bande radioamatoriali VHF (144MHz) e UHF (430MHz). NON \u00e8 una radio CB: \u00e8 un ricetrasmettitore radioamatoriale a doppia banda che richiede una licenza valida per trasmettere.\n<\/details>\n\n<details>\n<summary><strong>Ho bisogno di una licenza per utilizzare questa radio?<\/strong><\/summary>\nS\u00ec. L'LT-950 PRO \u00e8 un dispositivo radioamatoriale. Per trasmettere \u00e8 necessaria almeno una licenza FCC di classe Technician (USA) o una licenza equivalente nel proprio paese. L'ascolto \u00e8 sempre legale.\n<\/details>\n\n<details>\n<summary><strong>Cosa \u00e8 incluso nella confezione?<\/strong><\/summary>\nLa confezione standard comprende: Radio portatile LT-950 PRO, antenna, batteria da 2200 mAh, caricatore da tavolo, clip da cintura, cinturino da polso e manuale d'uso. L'adattatore CA pu\u00f2 essere venduto separatamente a seconda del venditore.\n<\/details>","protected":false},"excerpt":{"rendered":"<details open>\n<summary>Punti di vendita del prodotto<\/summary>\n<div class=\"cg-accordion-item\"> <span style=\"background-color: #90ee90; padding: 2px 5px; border-radius: 3px;\">10W ad alta potenza<br \/>\nProgrammazione di app Bluetooth<\/span><br \/>\n\u2714LW\/MW\/SW\/LSB\/USB\/CW<br \/>\n\u2714CB\/SSB\/HF<br \/>\n<span style=\"background-color: #90ee90; padding: 2px 5px; border-radius: 3px;\">\u2714GPS<\/span> \/Invio della posizioneAPRS<br \/>\nTrasferimento intersettoriale<br \/>\nAnalizzatore di spettro integrato<br \/>\nDisplay a colori da 2,4 pollici<br \/>\n<span style=\"background-color: #90ee90; padding: 2px 5px; border-radius: 3px;\">\u2714960 Canali+3VFO Canali<br \/>\nSupporto del canale meteo NOAA<\/span> <\/div>\n<\/details>","protected":false},"featured_media":8865,"comment_status":"open","ping_status":"closed","template":"","meta":{"_seopress_robots_primary_cat":"none","_seopress_titles_title":"Luiton LT-950 Pro Orange: 10W powerful two-way radio with Bluetooth App programming, GPS\/APRS, multi-band reception, NOAA alerts, and USB-C charging for outdoor and professional use.","_seopress_titles_desc":"LT-950 PRO Orange Ham Radio - 10W dual band VHF\/UHF, Bluetooth app programming, GPS\/APRS, multi-band reception (LW\/MW\/SW\/USB\/LSB\/CW). Spectrum analyzer, NOAA weather alerts, USB-C charging. Orange edition. $72.99. Worldwide shipping available.","_seopress_robots_index":""},"product_brand":[54],"product_cat":[62],"product_tag":[],"class_list":{"0":"post-8875","1":"product","2":"type-product","3":"status-publish","4":"has-post-thumbnail","6":"product_brand-luiton","7":"product_cat-handheld-two-way-radio","9":"first","10":"instock","11":"sale","12":"shipping-taxable","13":"purchasable","14":"product-type-variable","15":"has-default-attributes"},"_links":{"self":[{"href":"https:\/\/bestcbradio.com\/it\/wp-json\/wp\/v2\/product\/8875","targetHints":{"allow":["GET"]}}],"collection":[{"href":"https:\/\/bestcbradio.com\/it\/wp-json\/wp\/v2\/product"}],"about":[{"href":"https:\/\/bestcbradio.com\/it\/wp-json\/wp\/v2\/types\/product"}],"replies":[{"embeddable":true,"href":"https:\/\/bestcbradio.com\/it\/wp-json\/wp\/v2\/comments?post=8875"}],"wp:featuredmedia":[{"embeddable":true,"href":"https:\/\/bestcbradio.com\/it\/wp-json\/wp\/v2\/media\/8865"}],"wp:attachment":[{"href":"https:\/\/bestcbradio.com\/it\/wp-json\/wp\/v2\/media?parent=8875"}],"wp:term":[{"taxonomy":"product_brand","embeddable":true,"href":"https:\/\/bestcbradio.com\/it\/wp-json\/wp\/v2\/product_brand?post=8875"},{"taxonomy":"product_cat","embeddable":true,"href":"https:\/\/bestcbradio.com\/it\/wp-json\/wp\/v2\/product_cat?post=8875"},{"taxonomy":"product_tag","embeddable":true,"href":"https:\/\/bestcbradio.com\/it\/wp-json\/wp\/v2\/product_tag?post=8875"}],"curies":[{"name":"wp","href":"https:\/\/api.w.org\/{rel}","templated":true}]}}