{"id":7898,"date":"2025-11-21T10:53:30","date_gmt":"2025-11-21T02:53:30","guid":{"rendered":"https:\/\/bestcbradio.com\/?page_id=7898"},"modified":"2026-01-20T15:53:55","modified_gmt":"2026-01-20T07:53:55","slug":"politica-de-envio","status":"publish","type":"page","link":"https:\/\/bestcbradio.com\/pt\/politica-de-envio\/","title":{"rendered":"Pol\u00edtica de envio"},"content":{"rendered":"<p><strong>Esta pol\u00edtica de envio aplica-se a todos os clientes que compram produtos da&nbsp;<\/strong><a href=\"https:\/\/bestcbradio.com\/pt\/\">https:\/\/bestcbradio.com\/<\/a><strong>. \u00c9 fundamental ler e compreender esta pol\u00edtica, pois ela descreve as nossas obriga\u00e7\u00f5es para consigo e os seus direitos como cliente em rela\u00e7\u00e3o \u00e0 entrega de mercadorias. Se tiver alguma d\u00favida, entre em contacto connosco a qualquer momento. E-mail:&nbsp;<a href=\"mailto:service@bestcbradio.com\">service@bestcbradio.com<\/a><\/strong><\/p><p>1. M\u00e9todo log\u00edstico incluindo impostos<\/p><p>Oferecemos dois m\u00e9todos de transporte, e os prazos de entrega correspondentes s\u00e3o um pouco diferentes.<br>O prazo de entrega para envios expressos \u00e9 de 8 a 18 dias.<br>O prazo de entrega para UPS e FedEx \u00e9 de cerca de 4 a 8 dias.<\/p><p>2. Envio e prazo de entrega<br>Ap\u00f3s efetuar a encomenda, iremos verificar a sua encomenda e come\u00e7ar a preparar a encomenda dentro de 24 horas. Como nossos grossistas estabelecidos, daremos prioridade \u00e0 verifica\u00e7\u00e3o da sua encomenda e \u00e0 prepara\u00e7\u00e3o dos itens em stock para si. Enviaremos os produtos em at\u00e9 1 dia \u00fatil. Para novos grossistas, o envio geralmente leva 2 dias \u00fateis. Ocasionalmente, a falta de produtos pode causar um atraso na entrega. Se isso acontecer, enviaremos uma notifica\u00e7\u00e3o por e-mail e nenhum processo ser\u00e1 realizado at\u00e9 que voc\u00ea responda. Podemos oferecer um servi\u00e7o de troca ou cancelamento, de acordo com a sua vontade.<\/p><p>3. REEMBOLSOS E DEVOLU\u00c7\u00d5ES<br>Consulte o nosso <a href=\"https:\/\/bestcbradio.com\/pt\/reembolso-e-devolucoes\/\">Pol\u00edtica de reembolso e devolu\u00e7\u00e3o<\/a> para saber mais sobre as nossas pol\u00edticas de reembolso e devolu\u00e7\u00e3o.<br>Muito obrigado pela sua compreens\u00e3o.<\/p><p><\/p><p><\/p><p><\/p><p><strong>Phone\/WhatsApp:<\/strong>\u00a0+86 180 6521 7383<br><strong>E-mail<\/strong>service@bestcbradio.com<br>Hor\u00e1rio de atendimento: das 9h \u00e0s 17h30, de segunda a s\u00e1bado.<\/p><p><\/p><p>Empresa: Quanzhou Fengze District Jizheng Cross-border E-commerce Co., LTD<br>Nome da empresa: BOND TELECOMMUNICATION Co., LIMITED<br>Endere\u00e7o da empresa: ROOM S239, 2\/F THE CAPITAL 61-65 CHATHAM ROAD SOUTH TSIMSHA TSUIHK<\/p><p><\/p>","protected":false},"excerpt":{"rendered":"<p>This shipping policy applies to all customers who purchase goods from&nbsp;https:\/\/bestcbradio.com\/. It is crucial to read and understand this policy, as it outlines our obligations to you and your rights as a customer regarding the delivery of goods. If you have any questions, contact us any time. Email:&nbsp;service@bestcbradio.com 1. Logistics method including tax We offer [&hellip;]<\/p>\n","protected":false},"author":2,"featured_media":0,"parent":0,"menu_order":0,"comment_status":"closed","ping_status":"closed","template":"","meta":{"_seopress_robots_primary_cat":"","_seopress_titles_title":"","_seopress_titles_desc":"","_seopress_robots_index":"","footnotes":""},"class_list":["post-7898","page","type-page","status-publish","hentry"],"_links":{"self":[{"href":"https:\/\/bestcbradio.com\/pt\/wp-json\/wp\/v2\/pages\/7898","targetHints":{"allow":["GET"]}}],"collection":[{"href":"https:\/\/bestcbradio.com\/pt\/wp-json\/wp\/v2\/pages"}],"about":[{"href":"https:\/\/bestcbradio.com\/pt\/wp-json\/wp\/v2\/types\/page"}],"author":[{"embeddable":true,"href":"https:\/\/bestcbradio.com\/pt\/wp-json\/wp\/v2\/users\/2"}],"replies":[{"embeddable":true,"href":"https:\/\/bestcbradio.com\/pt\/wp-json\/wp\/v2\/comments?post=7898"}],"version-history":[{"count":0,"href":"https:\/\/bestcbradio.com\/pt\/wp-json\/wp\/v2\/pages\/7898\/revisions"}],"wp:attachment":[{"href":"https:\/\/bestcbradio.com\/pt\/wp-json\/wp\/v2\/media?parent=7898"}],"curies":[{"name":"wp","href":"https:\/\/api.w.org\/{rel}","templated":true}]}}