{"id":7363,"date":"2025-11-12T10:24:50","date_gmt":"2025-11-12T02:24:50","guid":{"rendered":"https:\/\/bestcbradio.com\/?post_type=product&#038;p=7363"},"modified":"2026-04-09T09:11:22","modified_gmt":"2026-04-09T01:11:22","slug":"radio-cb-luiton-lt-298","status":"publish","type":"product","link":"https:\/\/bestcbradio.com\/pt\/produto\/radio-cb-luiton-lt-298\/","title":{"rendered":"R\u00e1dio CB Luiton LT-298"},"content":{"rendered":"<div class=\"wp-block-columns are-vertically-aligned-center is-layout-flex wp-container-core-columns-is-layout-28f84493 wp-block-columns-is-layout-flex\"><div class=\"wp-block-column is-vertically-aligned-center is-layout-flow wp-block-column-is-layout-flow\"><figure class=\"wp-block-image size-full\"><img fetchpriority=\"high\" decoding=\"async\" width=\"800\" height=\"500\" src=\"https:\/\/bestcbradio.com\/wp-content\/uploads\/lt-298-cb-radio-feature-1.webp\" alt=\"lt 298 r\u00e1dio cb carater\u00edstica 1\" class=\"wp-image-7354\" srcset=\"https:\/\/bestcbradio.com\/wp-content\/uploads\/lt-298-cb-radio-feature-1.webp 800w, https:\/\/bestcbradio.com\/wp-content\/uploads\/lt-298-cb-radio-feature-1-300x188.webp 300w, https:\/\/bestcbradio.com\/wp-content\/uploads\/lt-298-cb-radio-feature-1-768x480.webp 768w, https:\/\/bestcbradio.com\/wp-content\/uploads\/lt-298-cb-radio-feature-1-441x276.webp 441w, https:\/\/bestcbradio.com\/wp-content\/uploads\/lt-298-cb-radio-feature-1-150x94.webp 150w\" sizes=\"(max-width: 800px) 100vw, 800px\" \/><\/figure><\/div>\n\n<div class=\"wp-block-column is-vertically-aligned-center is-layout-flow wp-block-column-is-layout-flow\" style=\"flex-basis:40%\"><h2 class=\"wp-block-heading\">Comunica\u00e7\u00e3o vers\u00e1til<\/h2>\n\n<p>Este r\u00e1dio CB oferece 40 canais nos modos AM\/FM e funciona numa gama de frequ\u00eancias de 25,615-28,305 MHz, o que o torna adequado para v\u00e1rias necessidades de comunica\u00e7\u00e3o em viagem.<\/p>\n\n<p><\/p><\/div><\/div><div style=\"height:30px\" aria-hidden=\"true\" class=\"wp-block-spacer\"><\/div><div class=\"wp-block-columns are-vertically-aligned-center is-layout-flex wp-container-core-columns-is-layout-28f84493 wp-block-columns-is-layout-flex\"><div class=\"wp-block-column is-vertically-aligned-center is-layout-flow wp-block-column-is-layout-flow\"><h2 class=\"wp-block-heading\">Desempenho fi\u00e1vel<\/h2>\n\n<p>Com um sintetizador P.L.L. controlado por CPU, este r\u00e1dio proporciona um controlo de frequ\u00eancia preciso e estabilidade, juntamente com uma sa\u00edda de pot\u00eancia RF m\u00e1xima de 4W para transmiss\u00f5es fortes e claras.<\/p>\n\n<p><\/p><\/div>\n\n<div class=\"wp-block-column is-vertically-aligned-center is-layout-flow wp-block-column-is-layout-flow\" style=\"flex-basis:60%\"><figure class=\"wp-block-image size-full\"><img decoding=\"async\" width=\"800\" height=\"500\" src=\"https:\/\/bestcbradio.com\/wp-content\/uploads\/lt-298-cb-radio-feature-2.webp\" alt=\"lt 298 r\u00e1dio cb carater\u00edstica 2\" class=\"wp-image-7355\" srcset=\"https:\/\/bestcbradio.com\/wp-content\/uploads\/lt-298-cb-radio-feature-2.webp 800w, https:\/\/bestcbradio.com\/wp-content\/uploads\/lt-298-cb-radio-feature-2-300x188.webp 300w, https:\/\/bestcbradio.com\/wp-content\/uploads\/lt-298-cb-radio-feature-2-768x480.webp 768w, https:\/\/bestcbradio.com\/wp-content\/uploads\/lt-298-cb-radio-feature-2-441x276.webp 441w, https:\/\/bestcbradio.com\/wp-content\/uploads\/lt-298-cb-radio-feature-2-150x94.webp 150w\" sizes=\"(max-width: 800px) 100vw, 800px\" \/><\/figure><\/div><\/div><div style=\"height:30px\" aria-hidden=\"true\" class=\"wp-block-spacer\"><\/div><div class=\"wp-block-columns are-vertically-aligned-center is-layout-flex wp-container-core-columns-is-layout-28f84493 wp-block-columns-is-layout-flex\"><div class=\"wp-block-column is-vertically-aligned-center is-layout-flow wp-block-column-is-layout-flow\"><figure class=\"wp-block-image size-full\"><img decoding=\"async\" width=\"800\" height=\"500\" src=\"https:\/\/bestcbradio.com\/wp-content\/uploads\/lt-298-cb-radio-feature-3.webp\" alt=\"lt 298 r\u00e1dio cb carater\u00edstica 3\" class=\"wp-image-7356\" srcset=\"https:\/\/bestcbradio.com\/wp-content\/uploads\/lt-298-cb-radio-feature-3.webp 800w, https:\/\/bestcbradio.com\/wp-content\/uploads\/lt-298-cb-radio-feature-3-300x188.webp 300w, https:\/\/bestcbradio.com\/wp-content\/uploads\/lt-298-cb-radio-feature-3-768x480.webp 768w, https:\/\/bestcbradio.com\/wp-content\/uploads\/lt-298-cb-radio-feature-3-441x276.webp 441w, https:\/\/bestcbradio.com\/wp-content\/uploads\/lt-298-cb-radio-feature-3-150x94.webp 150w\" sizes=\"(max-width: 800px) 100vw, 800px\" \/><\/figure><\/div>\n\n<div class=\"wp-block-column is-vertically-aligned-center is-layout-flow wp-block-column-is-layout-flow\" style=\"flex-basis:40%\"><h2 class=\"wp-block-heading\">Excelente rece\u00e7\u00e3o<\/h2>\n\n<p>O sistema super-heter\u00f3dino de dupla convers\u00e3o melhora a sensibilidade e a clareza, permitindo a rece\u00e7\u00e3o eficaz de sinais fracos com classifica\u00e7\u00f5es de sensibilidade de -120dBm para FM e -107dBm para AM.<\/p>\n\n<p><\/p>\n\n<p><\/p><\/div><\/div><div style=\"height:30px\" aria-hidden=\"true\" class=\"wp-block-spacer\"><\/div><div class=\"wp-block-columns are-vertically-aligned-center is-layout-flex wp-container-core-columns-is-layout-28f84493 wp-block-columns-is-layout-flex\"><div class=\"wp-block-column is-vertically-aligned-center is-layout-flow wp-block-column-is-layout-flow\"><h2 class=\"wp-block-heading\">Qualidade \u00e1udio<\/h2>\n\n<p>Este r\u00e1dio proporciona uma sa\u00edda de \u00e1udio n\u00edtida de 2,5 W a 8 ohms com distor\u00e7\u00e3o m\u00ednima sob 8%, enquanto a sua taxa de rejei\u00e7\u00e3o de imagem de 65 dB e a rejei\u00e7\u00e3o de canal adjacente de 85 dB ajudam a reduzir as interfer\u00eancias.<\/p>\n\n<p><\/p><\/div>\n\n<div class=\"wp-block-column is-vertically-aligned-center is-layout-flow wp-block-column-is-layout-flow\" style=\"flex-basis:60%\"><figure class=\"wp-block-image size-full\"><img loading=\"lazy\" decoding=\"async\" width=\"800\" height=\"500\" src=\"https:\/\/bestcbradio.com\/wp-content\/uploads\/lt-298-cb-radio-feature-4.webp\" alt=\"lt 298 r\u00e1dio cb carater\u00edstica 4\" class=\"wp-image-7357\" srcset=\"https:\/\/bestcbradio.com\/wp-content\/uploads\/lt-298-cb-radio-feature-4.webp 800w, https:\/\/bestcbradio.com\/wp-content\/uploads\/lt-298-cb-radio-feature-4-300x188.webp 300w, https:\/\/bestcbradio.com\/wp-content\/uploads\/lt-298-cb-radio-feature-4-768x480.webp 768w, https:\/\/bestcbradio.com\/wp-content\/uploads\/lt-298-cb-radio-feature-4-441x276.webp 441w, https:\/\/bestcbradio.com\/wp-content\/uploads\/lt-298-cb-radio-feature-4-150x94.webp 150w\" sizes=\"(max-width: 800px) 100vw, 800px\" \/><\/figure><\/div><\/div><div style=\"height:30px\" aria-hidden=\"true\" class=\"wp-block-spacer\"><\/div><div class=\"wp-block-columns are-vertically-aligned-center is-layout-flex wp-container-core-columns-is-layout-28f84493 wp-block-columns-is-layout-flex\"><div class=\"wp-block-column is-vertically-aligned-center is-layout-flow wp-block-column-is-layout-flow\"><figure class=\"wp-block-image size-full\"><img loading=\"lazy\" decoding=\"async\" width=\"800\" height=\"500\" src=\"https:\/\/bestcbradio.com\/wp-content\/uploads\/lt-298-cb-radio-feature-5.webp\" alt=\"lt 298 r\u00e1dio cb carater\u00edstica 5\" class=\"wp-image-7358\" srcset=\"https:\/\/bestcbradio.com\/wp-content\/uploads\/lt-298-cb-radio-feature-5.webp 800w, https:\/\/bestcbradio.com\/wp-content\/uploads\/lt-298-cb-radio-feature-5-300x188.webp 300w, https:\/\/bestcbradio.com\/wp-content\/uploads\/lt-298-cb-radio-feature-5-768x480.webp 768w, https:\/\/bestcbradio.com\/wp-content\/uploads\/lt-298-cb-radio-feature-5-441x276.webp 441w, https:\/\/bestcbradio.com\/wp-content\/uploads\/lt-298-cb-radio-feature-5-150x94.webp 150w\" sizes=\"(max-width: 800px) 100vw, 800px\" \/><\/figure><\/div>\n\n<div class=\"wp-block-column is-vertically-aligned-center is-layout-flow wp-block-column-is-layout-flow\" style=\"flex-basis:40%\"><h2 class=\"wp-block-heading\">Compacto e leve<\/h2>\n\n<p>Com um tamanho compacto de 115 mm (C) x 38 mm (A) x 150 mm (P) e um peso de apenas 0,8 kg, este r\u00e1dio \u00e9 f\u00e1cil de instalar em v\u00e1rios ve\u00edculos e simples de manusear durante a instala\u00e7\u00e3o.<\/p>\n\n<p><\/p><\/div><\/div>","protected":false},"excerpt":{"rendered":"<details open>\n<summary>Pontos de venda do produto<\/summary>\n<div class=\"cg-accordion-item\"> Frequ\u00eancia: 25,615-28,305 MHz<br \/>\n40 canais AM\/FM<br \/>\nInterruptor do canal 9\/19<br \/>\nPot\u00eancia de RF \u27144W<br \/>\nIndicador de canal de 2 d\u00edgitos<br \/>\nMicrofone para cima\/para baixo <\/div>\n<\/details>\n<details >\n<summary>Consumo de energia eficiente<\/summary>\n<div class=\"cg-accordion-item\"> Este r\u00e1dio funciona com uma tens\u00e3o de entrada DC de 13,8Vdc \u00b115% e tem um consumo de corrente de 220mA em modo de espera e 1000mA durante a transmiss\u00e3o, o que o torna eficiente para uma utiliza\u00e7\u00e3o a longo prazo. <\/div>\n<\/details>\n<details >\n<summary>Frequ\u00eancia do canal 19 do r\u00e1dio CB<\/summary>\n<div class=\"cg-accordion-item\"> O canal 19 do r\u00e1dio CB utiliza a frequ\u00eancia de 27,185 MHz e destina-se principalmente ao tr\u00e1fego rodovi\u00e1rio. Os camionistas utilizam-no para partilhar as condi\u00e7\u00f5es da estrada. \u00c9 tamb\u00e9m o centro da banda CB e um canal de chamada comum, embora o seu objetivo principal continue a ser a comunica\u00e7\u00e3o rodovi\u00e1ria. <\/div>\n<\/details>","protected":false},"featured_media":7348,"comment_status":"open","ping_status":"closed","template":"","meta":{"_seopress_robots_primary_cat":"none","_seopress_titles_title":"AM\/FM Professional CB Radio with 4W RF Power and 40 Channels","_seopress_titles_desc":"Luiton LT-298 Professional CB Radio - 40 AM\/FM channels, 25.615-28.305 MHz, 4W RF power. CPU-controlled P.L.L. synthesizer, double conversion superheterodyne system. Channel 9\/19 switch, compact 0.8kg design. $71.99. Worldwide shipping available.","_seopress_robots_index":""},"product_brand":[54],"product_cat":[53],"product_tag":[],"class_list":{"0":"post-7363","1":"product","2":"type-product","3":"status-publish","4":"has-post-thumbnail","6":"product_brand-luiton","7":"product_cat-cb-radios","9":"first","10":"instock","11":"shipping-taxable","12":"purchasable","13":"product-type-variable","14":"has-default-attributes"},"_links":{"self":[{"href":"https:\/\/bestcbradio.com\/pt\/wp-json\/wp\/v2\/product\/7363","targetHints":{"allow":["GET"]}}],"collection":[{"href":"https:\/\/bestcbradio.com\/pt\/wp-json\/wp\/v2\/product"}],"about":[{"href":"https:\/\/bestcbradio.com\/pt\/wp-json\/wp\/v2\/types\/product"}],"replies":[{"embeddable":true,"href":"https:\/\/bestcbradio.com\/pt\/wp-json\/wp\/v2\/comments?post=7363"}],"wp:featuredmedia":[{"embeddable":true,"href":"https:\/\/bestcbradio.com\/pt\/wp-json\/wp\/v2\/media\/7348"}],"wp:attachment":[{"href":"https:\/\/bestcbradio.com\/pt\/wp-json\/wp\/v2\/media?parent=7363"}],"wp:term":[{"taxonomy":"product_brand","embeddable":true,"href":"https:\/\/bestcbradio.com\/pt\/wp-json\/wp\/v2\/product_brand?post=7363"},{"taxonomy":"product_cat","embeddable":true,"href":"https:\/\/bestcbradio.com\/pt\/wp-json\/wp\/v2\/product_cat?post=7363"},{"taxonomy":"product_tag","embeddable":true,"href":"https:\/\/bestcbradio.com\/pt\/wp-json\/wp\/v2\/product_tag?post=7363"}],"curies":[{"name":"wp","href":"https:\/\/api.w.org\/{rel}","templated":true}]}}