{"id":7445,"date":"2025-11-12T17:02:24","date_gmt":"2025-11-12T09:02:24","guid":{"rendered":"https:\/\/bestcbradio.com\/?post_type=product&#038;p=7445"},"modified":"2026-04-09T09:09:14","modified_gmt":"2026-04-09T01:09:14","slug":"radio-cb-luiton-lt-505max","status":"publish","type":"product","link":"https:\/\/bestcbradio.com\/pt\/produto\/radio-cb-luiton-lt-505max\/","title":{"rendered":"R\u00e1dio CB Luiton LT-505MAX"},"content":{"rendered":"<div class=\"wp-block-columns are-vertically-aligned-center is-layout-flex wp-container-core-columns-is-layout-28f84493 wp-block-columns-is-layout-flex\"><div class=\"wp-block-column is-vertically-aligned-center is-layout-flow wp-block-column-is-layout-flow\"><figure class=\"wp-block-image size-full\"><img fetchpriority=\"high\" decoding=\"async\" width=\"800\" height=\"500\" src=\"https:\/\/bestcbradio.com\/wp-content\/uploads\/lt-505-max-cb-radio-feature-1.webp\" alt=\"lt 505 max r\u00e1dio cb carater\u00edstica 1\" class=\"wp-image-7439\" srcset=\"https:\/\/bestcbradio.com\/wp-content\/uploads\/lt-505-max-cb-radio-feature-1.webp 800w, https:\/\/bestcbradio.com\/wp-content\/uploads\/lt-505-max-cb-radio-feature-1-300x188.webp 300w, https:\/\/bestcbradio.com\/wp-content\/uploads\/lt-505-max-cb-radio-feature-1-768x480.webp 768w, https:\/\/bestcbradio.com\/wp-content\/uploads\/lt-505-max-cb-radio-feature-1-441x276.webp 441w, https:\/\/bestcbradio.com\/wp-content\/uploads\/lt-505-max-cb-radio-feature-1-150x94.webp 150w\" sizes=\"(max-width: 800px) 100vw, 800px\" \/><\/figure><\/div>\n\n<div class=\"wp-block-column is-vertically-aligned-center is-layout-flow wp-block-column-is-layout-flow\" style=\"flex-basis:40%\"><h2 class=\"wp-block-heading\">Fonte de alimenta\u00e7\u00e3o de r\u00e1dio CB de alta pot\u00eancia<\/h2>\n\n<p>Este r\u00e1dio CB funciona entre 26.965-27.405MHz e fornece 4W de pot\u00eancia para uma comunica\u00e7\u00e3o clara. Tem baixa interfer\u00eancia de transmiss\u00e3o, garantindo uma qualidade de sinal est\u00e1vel para uma utiliza\u00e7\u00e3o eficaz em v\u00e1rios cen\u00e1rios.<\/p>\n\n<p><\/p><\/div><\/div><div style=\"height:30px\" aria-hidden=\"true\" class=\"wp-block-spacer\"><\/div><div class=\"wp-block-columns are-vertically-aligned-center is-layout-flex wp-container-core-columns-is-layout-28f84493 wp-block-columns-is-layout-flex\"><div class=\"wp-block-column is-vertically-aligned-center is-layout-flow wp-block-column-is-layout-flow\"><h2 class=\"wp-block-heading\">Desempenho fi\u00e1vel<\/h2>\n\n<p>Com uma interfer\u00eancia de transmiss\u00e3o inferior a 4nW (-54dBm), este r\u00e1dio mant\u00e9m um sinal forte. Foi concebido para uma comunica\u00e7\u00e3o fi\u00e1vel, o que o torna adequado tanto para utilizadores casuais como s\u00e9rios.<\/p>\n\n<p><\/p><\/div>\n\n<div class=\"wp-block-column is-vertically-aligned-center is-layout-flow wp-block-column-is-layout-flow\" style=\"flex-basis:60%\"><figure class=\"wp-block-image size-full\"><img decoding=\"async\" width=\"800\" height=\"500\" src=\"https:\/\/bestcbradio.com\/wp-content\/uploads\/lt-505-max-cb-radio-feature-3.webp\" alt=\"lt 505 max r\u00e1dio cb carater\u00edstica 3\" class=\"wp-image-7441\" srcset=\"https:\/\/bestcbradio.com\/wp-content\/uploads\/lt-505-max-cb-radio-feature-3.webp 800w, https:\/\/bestcbradio.com\/wp-content\/uploads\/lt-505-max-cb-radio-feature-3-300x188.webp 300w, https:\/\/bestcbradio.com\/wp-content\/uploads\/lt-505-max-cb-radio-feature-3-768x480.webp 768w, https:\/\/bestcbradio.com\/wp-content\/uploads\/lt-505-max-cb-radio-feature-3-441x276.webp 441w, https:\/\/bestcbradio.com\/wp-content\/uploads\/lt-505-max-cb-radio-feature-3-150x94.webp 150w\" sizes=\"(max-width: 800px) 100vw, 800px\" \/><\/figure><\/div><\/div><div style=\"height:30px\" aria-hidden=\"true\" class=\"wp-block-spacer\"><\/div><div class=\"wp-block-columns are-vertically-aligned-center is-layout-flex wp-container-core-columns-is-layout-28f84493 wp-block-columns-is-layout-flex\"><div class=\"wp-block-column is-vertically-aligned-center is-layout-flow wp-block-column-is-layout-flow\"><figure class=\"wp-block-image size-full\"><img decoding=\"async\" width=\"800\" height=\"500\" src=\"https:\/\/bestcbradio.com\/wp-content\/uploads\/lt-505-max-cb-radio-feature-4.webp\" alt=\"lt 505 max r\u00e1dio cb carater\u00edstica 4\" class=\"wp-image-7442\" srcset=\"https:\/\/bestcbradio.com\/wp-content\/uploads\/lt-505-max-cb-radio-feature-4.webp 800w, https:\/\/bestcbradio.com\/wp-content\/uploads\/lt-505-max-cb-radio-feature-4-300x188.webp 300w, https:\/\/bestcbradio.com\/wp-content\/uploads\/lt-505-max-cb-radio-feature-4-768x480.webp 768w, https:\/\/bestcbradio.com\/wp-content\/uploads\/lt-505-max-cb-radio-feature-4-441x276.webp 441w, https:\/\/bestcbradio.com\/wp-content\/uploads\/lt-505-max-cb-radio-feature-4-150x94.webp 150w\" sizes=\"(max-width: 800px) 100vw, 800px\" \/><\/figure><\/div>\n\n<div class=\"wp-block-column is-vertically-aligned-center is-layout-flow wp-block-column-is-layout-flow\" style=\"flex-basis:40%\"><h2 class=\"wp-block-heading\">Qualidade de \u00e1udio n\u00edtida<\/h2>\n\n<p>O r\u00e1dio oferece uma gama de resposta \u00e1udio de 300HZ a 2KHZ em AM, garantindo um som n\u00edtido durante as conversas. Mant\u00e9m a distor\u00e7\u00e3o do sinal modulado abaixo de 5%, permitindo um \u00e1udio n\u00edtido sem ru\u00eddos indesejados.<\/p>\n\n<p><\/p>\n\n<p><\/p><\/div><\/div><div style=\"height:30px\" aria-hidden=\"true\" class=\"wp-block-spacer\"><\/div><div class=\"wp-block-columns are-vertically-aligned-center is-layout-flex wp-container-core-columns-is-layout-28f84493 wp-block-columns-is-layout-flex\"><div class=\"wp-block-column is-vertically-aligned-center is-layout-flow wp-block-column-is-layout-flow\"><h2 class=\"wp-block-heading\">Rece\u00e7\u00e3o eficiente<\/h2>\n\n<p>Este r\u00e1dio tem uma sensibilidade m\u00e1xima de 1,5uV-103dBm AM a 20dB sinad, proporcionando uma rece\u00e7\u00e3o de sinal fi\u00e1vel. Tamb\u00e9m possui seletividade de canal adjacente de 60dB para reduzir a interfer\u00eancia de canais pr\u00f3ximos.<\/p>\n\n<p><\/p><\/div>\n\n<div class=\"wp-block-column is-vertically-aligned-center is-layout-flow wp-block-column-is-layout-flow\" style=\"flex-basis:60%\"><figure class=\"wp-block-image size-full\"><img loading=\"lazy\" decoding=\"async\" width=\"800\" height=\"500\" src=\"https:\/\/bestcbradio.com\/wp-content\/uploads\/lt-505-max-cb-radio-feature-2.webp\" alt=\"lt 505 max r\u00e1dio cb carater\u00edstica 2\" class=\"wp-image-7440\" srcset=\"https:\/\/bestcbradio.com\/wp-content\/uploads\/lt-505-max-cb-radio-feature-2.webp 800w, https:\/\/bestcbradio.com\/wp-content\/uploads\/lt-505-max-cb-radio-feature-2-300x188.webp 300w, https:\/\/bestcbradio.com\/wp-content\/uploads\/lt-505-max-cb-radio-feature-2-768x480.webp 768w, https:\/\/bestcbradio.com\/wp-content\/uploads\/lt-505-max-cb-radio-feature-2-441x276.webp 441w, https:\/\/bestcbradio.com\/wp-content\/uploads\/lt-505-max-cb-radio-feature-2-150x94.webp 150w\" sizes=\"(max-width: 800px) 100vw, 800px\" \/><\/figure><\/div><\/div><div style=\"height:30px\" aria-hidden=\"true\" class=\"wp-block-spacer\"><\/div><div class=\"wp-block-columns are-vertically-aligned-center is-layout-flex wp-container-core-columns-is-layout-28f84493 wp-block-columns-is-layout-flex\"><div class=\"wp-block-column is-vertically-aligned-center is-layout-flow wp-block-column-is-layout-flow\"><figure class=\"wp-block-image size-full\"><img loading=\"lazy\" decoding=\"async\" width=\"800\" height=\"500\" src=\"https:\/\/bestcbradio.com\/wp-content\/uploads\/lt-505-max-cb-radio-feature-5.webp\" alt=\"lt 505 max r\u00e1dio cb carater\u00edstica 5\" class=\"wp-image-7443\" srcset=\"https:\/\/bestcbradio.com\/wp-content\/uploads\/lt-505-max-cb-radio-feature-5.webp 800w, https:\/\/bestcbradio.com\/wp-content\/uploads\/lt-505-max-cb-radio-feature-5-300x188.webp 300w, https:\/\/bestcbradio.com\/wp-content\/uploads\/lt-505-max-cb-radio-feature-5-768x480.webp 768w, https:\/\/bestcbradio.com\/wp-content\/uploads\/lt-505-max-cb-radio-feature-5-441x276.webp 441w, https:\/\/bestcbradio.com\/wp-content\/uploads\/lt-505-max-cb-radio-feature-5-150x94.webp 150w\" sizes=\"(max-width: 800px) 100vw, 800px\" \/><\/figure><\/div>\n\n<div class=\"wp-block-column is-vertically-aligned-center is-layout-flow wp-block-column-is-layout-flow\" style=\"flex-basis:40%\"><h2 class=\"wp-block-heading\">Design compacto e leve<\/h2>\n\n<p>Com 12,88 x 6,03 x 2,31 mm e um peso de 761 g, este r\u00e1dio \u00e9 compacto e f\u00e1cil de instalar. O seu design leve torna-o conveniente para transportar e utilizar em v\u00e1rios ve\u00edculos.<\/p>\n\n<p><\/p><\/div><\/div><p><\/p>","protected":false},"excerpt":{"rendered":"<details open>\n<summary>Pontos de venda do produto<\/summary>\n<div class=\"cg-accordion-item\">\u2714Frequency Range:26.965-27.405MHz<br \/>\n4W 40 canais AM<br \/>\nCanais de emerg\u00eancia (CH9)<br \/>\nFun\u00e7\u00e3o \u2714SQ<br \/>\nInterruptor CB\/PA<br \/>\nApenas 761g <\/div>\n<\/details>\n<details >\n<summary>Sensibilidade do microfone melhorada<\/summary>\n<div class=\"cg-accordion-item\"> Com uma sensibilidade de microfone de 3mV, este r\u00e1dio assegura uma transmiss\u00e3o de voz clara. Ajuda os utilizadores a comunicar eficazmente, tornando-o uma escolha fi\u00e1vel para conversas. <\/div>\n<\/details>\n<details >\n<summary>Sensibilidade do silenciador ajust\u00e1vel<\/summary>\n<div class=\"cg-accordion-item\"> O r\u00e1dio oferece sensibilidade de silenciador ajust\u00e1vel, permitindo aos utilizadores otimizar a rece\u00e7\u00e3o com base no seu ambiente. Esta funcionalidade ajuda a melhorar a clareza do sinal em diferentes condi\u00e7\u00f5es. <\/div>\n<\/details>","protected":false},"featured_media":7433,"comment_status":"open","ping_status":"closed","template":"","meta":{"_seopress_robots_primary_cat":"none","_seopress_titles_title":"4 Watts lightweight AM CB Radio with CH9 button only 761g suitable for beginners to use","_seopress_titles_desc":"Luiton LT-505MAX CB Radio - 4W lightweight AM CB Radio with CH9 emergency button, only 761g. 40 channels, SQ function, CB\/PA switch. Ideal for beginners. $65.99. Worldwide shipping available.","_seopress_robots_index":""},"product_brand":[54],"product_cat":[53],"product_tag":[],"class_list":{"0":"post-7445","1":"product","2":"type-product","3":"status-publish","4":"has-post-thumbnail","6":"product_brand-luiton","7":"product_cat-cb-radios","9":"first","10":"instock","11":"shipping-taxable","12":"purchasable","13":"product-type-variable","14":"has-default-attributes"},"_links":{"self":[{"href":"https:\/\/bestcbradio.com\/pt\/wp-json\/wp\/v2\/product\/7445","targetHints":{"allow":["GET"]}}],"collection":[{"href":"https:\/\/bestcbradio.com\/pt\/wp-json\/wp\/v2\/product"}],"about":[{"href":"https:\/\/bestcbradio.com\/pt\/wp-json\/wp\/v2\/types\/product"}],"replies":[{"embeddable":true,"href":"https:\/\/bestcbradio.com\/pt\/wp-json\/wp\/v2\/comments?post=7445"}],"wp:featuredmedia":[{"embeddable":true,"href":"https:\/\/bestcbradio.com\/pt\/wp-json\/wp\/v2\/media\/7433"}],"wp:attachment":[{"href":"https:\/\/bestcbradio.com\/pt\/wp-json\/wp\/v2\/media?parent=7445"}],"wp:term":[{"taxonomy":"product_brand","embeddable":true,"href":"https:\/\/bestcbradio.com\/pt\/wp-json\/wp\/v2\/product_brand?post=7445"},{"taxonomy":"product_cat","embeddable":true,"href":"https:\/\/bestcbradio.com\/pt\/wp-json\/wp\/v2\/product_cat?post=7445"},{"taxonomy":"product_tag","embeddable":true,"href":"https:\/\/bestcbradio.com\/pt\/wp-json\/wp\/v2\/product_tag?post=7445"}],"curies":[{"name":"wp","href":"https:\/\/api.w.org\/{rel}","templated":true}]}}