{"id":7449,"date":"2025-11-13T09:20:34","date_gmt":"2025-11-13T01:20:34","guid":{"rendered":"https:\/\/bestcbradio.com\/?post_type=product&#038;p=7449"},"modified":"2026-01-13T16:13:25","modified_gmt":"2026-01-13T08:13:25","slug":"radio-cb-luiton-lt-505afx","status":"publish","type":"product","link":"https:\/\/bestcbradio.com\/pt\/produto\/radio-cb-luiton-lt-505afx\/","title":{"rendered":"R\u00e1dio CB Luiton LT-505AFX"},"content":{"rendered":"<div class=\"wp-block-columns are-vertically-aligned-center is-layout-flex wp-container-core-columns-is-layout-28f84493 wp-block-columns-is-layout-flex\"><div class=\"wp-block-column is-vertically-aligned-center is-layout-flow wp-block-column-is-layout-flow\"><figure class=\"wp-block-image size-full\"><img fetchpriority=\"high\" decoding=\"async\" width=\"800\" height=\"500\" src=\"https:\/\/bestcbradio.com\/wp-content\/uploads\/luiton-lt-505-afx-cb-radio-feature-1.webp\" alt=\"luiton lt 505 afx r\u00e1dio cb carater\u00edstica 1\" class=\"wp-image-7457\" srcset=\"https:\/\/bestcbradio.com\/wp-content\/uploads\/luiton-lt-505-afx-cb-radio-feature-1.webp 800w, https:\/\/bestcbradio.com\/wp-content\/uploads\/luiton-lt-505-afx-cb-radio-feature-1-300x188.webp 300w, https:\/\/bestcbradio.com\/wp-content\/uploads\/luiton-lt-505-afx-cb-radio-feature-1-768x480.webp 768w, https:\/\/bestcbradio.com\/wp-content\/uploads\/luiton-lt-505-afx-cb-radio-feature-1-441x276.webp 441w, https:\/\/bestcbradio.com\/wp-content\/uploads\/luiton-lt-505-afx-cb-radio-feature-1-150x94.webp 150w\" sizes=\"(max-width: 800px) 100vw, 800px\" \/><\/figure><\/div>\n\n<div class=\"wp-block-column is-vertically-aligned-center is-layout-flow wp-block-column-is-layout-flow\" style=\"flex-basis:40%\"><h2 class=\"wp-block-heading\">Comunica\u00e7\u00e3o fi\u00e1vel<\/h2>\n\n<p>A baixa interfer\u00eancia de transmiss\u00e3o do r\u00e1dio, inferior a 4nW (-54dBm), garante que as suas mensagens s\u00e3o transmitidas com clareza, tornando-o uma escolha fi\u00e1vel para a comunica\u00e7\u00e3o na estrada.<\/p>\n\n<p><\/p><\/div><\/div><div style=\"height:30px\" aria-hidden=\"true\" class=\"wp-block-spacer\"><\/div><div class=\"wp-block-columns are-vertically-aligned-center is-layout-flex wp-container-core-columns-is-layout-28f84493 wp-block-columns-is-layout-flex\"><div class=\"wp-block-column is-vertically-aligned-center is-layout-flow wp-block-column-is-layout-flow\"><h2 class=\"wp-block-heading\">Design compacto e leve<\/h2>\n\n<p>Com dimens\u00f5es de 12,88 x 6,03 x 2,31 mm e um peso de 761 g, este r\u00e1dio \u00e9 f\u00e1cil de instalar e transportar, encaixando-se perfeitamente no seu cami\u00e3o sem ocupar muito espa\u00e7o.<\/p>\n\n<p><\/p><\/div>\n\n<div class=\"wp-block-column is-vertically-aligned-center is-layout-flow wp-block-column-is-layout-flow\" style=\"flex-basis:60%\"><figure class=\"wp-block-image size-full\"><img decoding=\"async\" width=\"800\" height=\"500\" src=\"https:\/\/bestcbradio.com\/wp-content\/uploads\/luiton-lt-505-afx-cb-radio-feature-2.webp\" alt=\"luiton lt 505 afx cb radio feature 2\" class=\"wp-image-7458\" srcset=\"https:\/\/bestcbradio.com\/wp-content\/uploads\/luiton-lt-505-afx-cb-radio-feature-2.webp 800w, https:\/\/bestcbradio.com\/wp-content\/uploads\/luiton-lt-505-afx-cb-radio-feature-2-300x188.webp 300w, https:\/\/bestcbradio.com\/wp-content\/uploads\/luiton-lt-505-afx-cb-radio-feature-2-768x480.webp 768w, https:\/\/bestcbradio.com\/wp-content\/uploads\/luiton-lt-505-afx-cb-radio-feature-2-441x276.webp 441w, https:\/\/bestcbradio.com\/wp-content\/uploads\/luiton-lt-505-afx-cb-radio-feature-2-150x94.webp 150w\" sizes=\"(max-width: 800px) 100vw, 800px\" \/><\/figure><\/div><\/div><div style=\"height:30px\" aria-hidden=\"true\" class=\"wp-block-spacer\"><\/div><div class=\"wp-block-columns are-vertically-aligned-center is-layout-flex wp-container-core-columns-is-layout-28f84493 wp-block-columns-is-layout-flex\"><div class=\"wp-block-column is-vertically-aligned-center is-layout-flow wp-block-column-is-layout-flow\"><figure class=\"wp-block-image size-full\"><img decoding=\"async\" width=\"800\" height=\"500\" src=\"https:\/\/bestcbradio.com\/wp-content\/uploads\/luiton-lt-505-afx-cb-radio-feature-3.webp\" alt=\"luiton lt 505 afx r\u00e1dio cb carater\u00edstica 3\" class=\"wp-image-7459\" srcset=\"https:\/\/bestcbradio.com\/wp-content\/uploads\/luiton-lt-505-afx-cb-radio-feature-3.webp 800w, https:\/\/bestcbradio.com\/wp-content\/uploads\/luiton-lt-505-afx-cb-radio-feature-3-300x188.webp 300w, https:\/\/bestcbradio.com\/wp-content\/uploads\/luiton-lt-505-afx-cb-radio-feature-3-768x480.webp 768w, https:\/\/bestcbradio.com\/wp-content\/uploads\/luiton-lt-505-afx-cb-radio-feature-3-441x276.webp 441w, https:\/\/bestcbradio.com\/wp-content\/uploads\/luiton-lt-505-afx-cb-radio-feature-3-150x94.webp 150w\" sizes=\"(max-width: 800px) 100vw, 800px\" \/><\/figure><\/div>\n\n<div class=\"wp-block-column is-vertically-aligned-center is-layout-flow wp-block-column-is-layout-flow\" style=\"flex-basis:40%\"><h2 class=\"wp-block-heading\">R\u00e1dio bidirecional para cami\u00e3o<\/h2>\n\n<p>Este r\u00e1dio bidirecional funciona nos modos AM\/FM dentro da gama de frequ\u00eancias 26,965-27,405MHz, proporcionando uma comunica\u00e7\u00e3o clara com uma pot\u00eancia de sa\u00edda de 4W e uma interfer\u00eancia m\u00ednima para sinais fi\u00e1veis.<\/p>\n\n<p><\/p>\n\n<p><\/p><\/div><\/div><div style=\"height:30px\" aria-hidden=\"true\" class=\"wp-block-spacer\"><\/div><div class=\"wp-block-columns are-vertically-aligned-center is-layout-flex wp-container-core-columns-is-layout-28f84493 wp-block-columns-is-layout-flex\"><div class=\"wp-block-column is-vertically-aligned-center is-layout-flow wp-block-column-is-layout-flow\"><h2 class=\"wp-block-heading\">Qualidade de \u00e1udio melhorada<\/h2>\n\n<p>Este r\u00e1dio oferece uma gama de resposta \u00e1udio de 300HZ a 2KHZ em AM e FM, assegurando que as conversas s\u00e3o claras e f\u00e1ceis de compreender, com uma pot\u00eancia m\u00e1xima de sa\u00edda \u00e1udio de 2W.<\/p>\n\n<p><\/p><\/div>\n\n<div class=\"wp-block-column is-vertically-aligned-center is-layout-flow wp-block-column-is-layout-flow\" style=\"flex-basis:60%\"><figure class=\"wp-block-image size-full\"><img loading=\"lazy\" decoding=\"async\" width=\"800\" height=\"500\" src=\"https:\/\/bestcbradio.com\/wp-content\/uploads\/luiton-lt-505-afx-cb-radio-feature-4.webp\" alt=\"luiton lt 505 afx r\u00e1dio cb carater\u00edstica 4\" class=\"wp-image-7460\" srcset=\"https:\/\/bestcbradio.com\/wp-content\/uploads\/luiton-lt-505-afx-cb-radio-feature-4.webp 800w, https:\/\/bestcbradio.com\/wp-content\/uploads\/luiton-lt-505-afx-cb-radio-feature-4-300x188.webp 300w, https:\/\/bestcbradio.com\/wp-content\/uploads\/luiton-lt-505-afx-cb-radio-feature-4-768x480.webp 768w, https:\/\/bestcbradio.com\/wp-content\/uploads\/luiton-lt-505-afx-cb-radio-feature-4-441x276.webp 441w, https:\/\/bestcbradio.com\/wp-content\/uploads\/luiton-lt-505-afx-cb-radio-feature-4-150x94.webp 150w\" sizes=\"(max-width: 800px) 100vw, 800px\" \/><\/figure><\/div><\/div><div style=\"height:30px\" aria-hidden=\"true\" class=\"wp-block-spacer\"><\/div><div class=\"wp-block-columns are-vertically-aligned-center is-layout-flex wp-container-core-columns-is-layout-28f84493 wp-block-columns-is-layout-flex\"><div class=\"wp-block-column is-vertically-aligned-center is-layout-flow wp-block-column-is-layout-flow\"><figure class=\"wp-block-image size-full\"><img loading=\"lazy\" decoding=\"async\" width=\"800\" height=\"500\" src=\"https:\/\/bestcbradio.com\/wp-content\/uploads\/luiton-lt-505-afx-cb-radio-feature-5.webp\" alt=\"luiton lt 505 afx r\u00e1dio cb carater\u00edstica 5\" class=\"wp-image-7461\" srcset=\"https:\/\/bestcbradio.com\/wp-content\/uploads\/luiton-lt-505-afx-cb-radio-feature-5.webp 800w, https:\/\/bestcbradio.com\/wp-content\/uploads\/luiton-lt-505-afx-cb-radio-feature-5-300x188.webp 300w, https:\/\/bestcbradio.com\/wp-content\/uploads\/luiton-lt-505-afx-cb-radio-feature-5-768x480.webp 768w, https:\/\/bestcbradio.com\/wp-content\/uploads\/luiton-lt-505-afx-cb-radio-feature-5-441x276.webp 441w, https:\/\/bestcbradio.com\/wp-content\/uploads\/luiton-lt-505-afx-cb-radio-feature-5-150x94.webp 150w\" sizes=\"(max-width: 800px) 100vw, 800px\" \/><\/figure><\/div>\n\n<div class=\"wp-block-column is-vertically-aligned-center is-layout-flow wp-block-column-is-layout-flow\" style=\"flex-basis:40%\"><h2 class=\"wp-block-heading\">Rece\u00e7\u00e3o eficiente<\/h2>\n\n<p>Atinge uma sensibilidade m\u00e1xima de 1,5uV-103dBm AM e 0,8\u03bcV-113 dBm FM, permitindo uma rece\u00e7\u00e3o de sinal fi\u00e1vel, enquanto a seletividade de canal adjacente de 60dB ajuda a reduzir a interfer\u00eancia de outros canais.<\/p>\n\n<p><\/p><\/div><\/div><p><\/p>","protected":false},"excerpt":{"rendered":"<details open>\n<summary>Pontos de venda do produto<\/summary>\n<div class=\"cg-accordion-item\"> \u2714Frequency:26.965-27.405MHz<br \/>\nSa\u00edda de pot\u00eancia AM\/FM de 4 W<br \/>\nCanais de emerg\u00eancia: CH9<br \/>\nCanais:40<br \/>\nFun\u00e7\u00e3o \u2714SQ<br \/>\nFun\u00e7\u00e3o de digitaliza\u00e7\u00e3o <\/div>\n<\/details>\n<details >\n<summary>Sensibilidade do microfone melhorada<\/summary>\n<div class=\"cg-accordion-item\"> Com uma sensibilidade de microfone de 3mV, este r\u00e1dio assegura uma transmiss\u00e3o de voz clara. Ajuda os utilizadores a comunicar eficazmente, tornando-o uma escolha fi\u00e1vel para conversas. <\/div>\n<\/details>\n<details >\n<summary>Sensibilidade do silenciador ajust\u00e1vel<\/summary>\n<div class=\"cg-accordion-item\"> O r\u00e1dio oferece sensibilidade de silenciador ajust\u00e1vel, permitindo aos utilizadores otimizar a rece\u00e7\u00e3o com base no seu ambiente. Esta funcionalidade ajuda a melhorar a clareza do sinal em diferentes condi\u00e7\u00f5es. <\/div>\n<\/details>","protected":false},"featured_media":8013,"comment_status":"open","ping_status":"closed","template":"","meta":{"_seopress_robots_primary_cat":"none","_seopress_titles_title":"4 Watts CB Radio with AM\/FM mode-Scan Function, CH9|Luiton","_seopress_titles_desc":"","_seopress_robots_index":""},"product_brand":[54],"product_cat":[53],"product_tag":[],"class_list":{"0":"post-7449","1":"product","2":"type-product","3":"status-publish","4":"has-post-thumbnail","6":"product_brand-luiton","7":"product_cat-cb-radios","9":"first","10":"instock","11":"shipping-taxable","12":"purchasable","13":"product-type-variable","14":"has-default-attributes"},"_links":{"self":[{"href":"https:\/\/bestcbradio.com\/pt\/wp-json\/wp\/v2\/product\/7449","targetHints":{"allow":["GET"]}}],"collection":[{"href":"https:\/\/bestcbradio.com\/pt\/wp-json\/wp\/v2\/product"}],"about":[{"href":"https:\/\/bestcbradio.com\/pt\/wp-json\/wp\/v2\/types\/product"}],"replies":[{"embeddable":true,"href":"https:\/\/bestcbradio.com\/pt\/wp-json\/wp\/v2\/comments?post=7449"}],"wp:featuredmedia":[{"embeddable":true,"href":"https:\/\/bestcbradio.com\/pt\/wp-json\/wp\/v2\/media\/8013"}],"wp:attachment":[{"href":"https:\/\/bestcbradio.com\/pt\/wp-json\/wp\/v2\/media?parent=7449"}],"wp:term":[{"taxonomy":"product_brand","embeddable":true,"href":"https:\/\/bestcbradio.com\/pt\/wp-json\/wp\/v2\/product_brand?post=7449"},{"taxonomy":"product_cat","embeddable":true,"href":"https:\/\/bestcbradio.com\/pt\/wp-json\/wp\/v2\/product_cat?post=7449"},{"taxonomy":"product_tag","embeddable":true,"href":"https:\/\/bestcbradio.com\/pt\/wp-json\/wp\/v2\/product_tag?post=7449"}],"curies":[{"name":"wp","href":"https:\/\/api.w.org\/{rel}","templated":true}]}}