{"id":7527,"date":"2025-11-13T14:24:54","date_gmt":"2025-11-13T06:24:54","guid":{"rendered":"https:\/\/bestcbradio.com\/?post_type=product&#038;p=7527"},"modified":"2026-01-21T15:40:32","modified_gmt":"2026-01-21T07:40:32","slug":"luiton-lt-328-cb-radio","status":"publish","type":"product","link":"https:\/\/bestcbradio.com\/pt\/produto\/luiton-lt-328-cb-radio\/","title":{"rendered":"R\u00e1dio CB Luiton LT-328"},"content":{"rendered":"<div class=\"wp-block-columns are-vertically-aligned-center is-layout-flex wp-container-core-columns-is-layout-28f84493 wp-block-columns-is-layout-flex\"><div class=\"wp-block-column is-vertically-aligned-center is-layout-flow wp-block-column-is-layout-flow\"><figure class=\"wp-block-image size-full\"><img fetchpriority=\"high\" decoding=\"async\" width=\"800\" height=\"500\" src=\"https:\/\/bestcbradio.com\/wp-content\/uploads\/luiton-lt-328-cb-radio-feature-1.webp\" alt=\"luiton lt 328 cb radio feature 1\" class=\"wp-image-7521\" srcset=\"https:\/\/bestcbradio.com\/wp-content\/uploads\/luiton-lt-328-cb-radio-feature-1.webp 800w, https:\/\/bestcbradio.com\/wp-content\/uploads\/luiton-lt-328-cb-radio-feature-1-300x188.webp 300w, https:\/\/bestcbradio.com\/wp-content\/uploads\/luiton-lt-328-cb-radio-feature-1-768x480.webp 768w, https:\/\/bestcbradio.com\/wp-content\/uploads\/luiton-lt-328-cb-radio-feature-1-441x276.webp 441w, https:\/\/bestcbradio.com\/wp-content\/uploads\/luiton-lt-328-cb-radio-feature-1-150x94.webp 150w\" sizes=\"(max-width: 800px) 100vw, 800px\" \/><\/figure><\/div>\n\n<div class=\"wp-block-column is-vertically-aligned-center is-layout-flow wp-block-column-is-layout-flow\" style=\"flex-basis:40%\"><h2 class=\"wp-block-heading\">Carater\u00edsticas de comunica\u00e7\u00e3o fi\u00e1veis<\/h2>\n\n<p>This radio works in AM and FM modes within a frequency range of 26.965-27.405MHz, allowing you to choose the best option for your communication needs. You can adjust the power output to 1W, 4W, or 8W.<\/p>\n\n<p><\/p><\/div><\/div><div style=\"height:30px\" aria-hidden=\"true\" class=\"wp-block-spacer\"><\/div><div class=\"wp-block-columns are-vertically-aligned-center is-layout-flex wp-container-core-columns-is-layout-28f84493 wp-block-columns-is-layout-flex\"><div class=\"wp-block-column is-vertically-aligned-center is-layout-flow wp-block-column-is-layout-flow\"><h2 class=\"wp-block-heading\">Rece\u00e7\u00e3o de alta qualidade<\/h2>\n\n<p>With a maximum sensitivity of 0.8\u03bcV for FM and 1.5\u03bcV for AM, this radio ensures that you receive clear signals. It also has 60dB adjacent channel selectivity to help reduce interference from other channels.<\/p>\n\n<p><\/p><\/div>\n\n<div class=\"wp-block-column is-vertically-aligned-center is-layout-flow wp-block-column-is-layout-flow\" style=\"flex-basis:60%\"><figure class=\"wp-block-image size-full\"><img decoding=\"async\" width=\"800\" height=\"500\" src=\"https:\/\/bestcbradio.com\/wp-content\/uploads\/luiton-lt-328-cb-radio-feature-2.webp\" alt=\"luiton lt 328 cb radio feature 2\" class=\"wp-image-7522\" srcset=\"https:\/\/bestcbradio.com\/wp-content\/uploads\/luiton-lt-328-cb-radio-feature-2.webp 800w, https:\/\/bestcbradio.com\/wp-content\/uploads\/luiton-lt-328-cb-radio-feature-2-300x188.webp 300w, https:\/\/bestcbradio.com\/wp-content\/uploads\/luiton-lt-328-cb-radio-feature-2-768x480.webp 768w, https:\/\/bestcbradio.com\/wp-content\/uploads\/luiton-lt-328-cb-radio-feature-2-441x276.webp 441w, https:\/\/bestcbradio.com\/wp-content\/uploads\/luiton-lt-328-cb-radio-feature-2-150x94.webp 150w\" sizes=\"(max-width: 800px) 100vw, 800px\" \/><\/figure><\/div><\/div><div style=\"height:30px\" aria-hidden=\"true\" class=\"wp-block-spacer\"><\/div><div class=\"wp-block-columns are-vertically-aligned-center is-layout-flex wp-container-core-columns-is-layout-28f84493 wp-block-columns-is-layout-flex\"><div class=\"wp-block-column is-vertically-aligned-center is-layout-flow wp-block-column-is-layout-flow\"><figure class=\"wp-block-image size-full\"><img decoding=\"async\" width=\"800\" height=\"500\" src=\"https:\/\/bestcbradio.com\/wp-content\/uploads\/luiton-lt-328-cb-radio-feature-3.webp\" alt=\"luiton lt 328 cb radio feature 3\" class=\"wp-image-7523\" srcset=\"https:\/\/bestcbradio.com\/wp-content\/uploads\/luiton-lt-328-cb-radio-feature-3.webp 800w, https:\/\/bestcbradio.com\/wp-content\/uploads\/luiton-lt-328-cb-radio-feature-3-300x188.webp 300w, https:\/\/bestcbradio.com\/wp-content\/uploads\/luiton-lt-328-cb-radio-feature-3-768x480.webp 768w, https:\/\/bestcbradio.com\/wp-content\/uploads\/luiton-lt-328-cb-radio-feature-3-441x276.webp 441w, https:\/\/bestcbradio.com\/wp-content\/uploads\/luiton-lt-328-cb-radio-feature-3-150x94.webp 150w\" sizes=\"(max-width: 800px) 100vw, 800px\" \/><\/figure><\/div>\n\n<div class=\"wp-block-column is-vertically-aligned-center is-layout-flow wp-block-column-is-layout-flow\" style=\"flex-basis:40%\"><h2 class=\"wp-block-heading\">Desempenho de \u00e1udio n\u00edtido<\/h2>\n\n<p>The radio provides an audio response range of 300Hz to 3kHz, ensuring clear sound quality during conversations. Its maximum audio power output of 3W helps make your voice heard clearly.<\/p>\n\n<p><\/p>\n\n<p><\/p><\/div><\/div><div style=\"height:30px\" aria-hidden=\"true\" class=\"wp-block-spacer\"><\/div><div class=\"wp-block-columns are-vertically-aligned-center is-layout-flex wp-container-core-columns-is-layout-28f84493 wp-block-columns-is-layout-flex\"><div class=\"wp-block-column is-vertically-aligned-center is-layout-flow wp-block-column-is-layout-flow\"><h2 class=\"wp-block-heading\">Gest\u00e3o de energia eficiente<\/h2>\n\n<p>This radio uses a maximum current of 3A when transmitting and only 0.3A when receiving, making it energy-efficient. Its compact size of 150mm x 140mm x 41mm and weight of 761g allow for easy installation in different vehicles.<\/p>\n\n<p><\/p><\/div>\n\n<div class=\"wp-block-column is-vertically-aligned-center is-layout-flow wp-block-column-is-layout-flow\" style=\"flex-basis:60%\"><figure class=\"wp-block-image size-full\"><img loading=\"lazy\" decoding=\"async\" width=\"800\" height=\"500\" src=\"https:\/\/bestcbradio.com\/wp-content\/uploads\/luiton-lt-328-cb-radio-feature-4.webp\" alt=\"luiton lt 328 cb radio feature 4\" class=\"wp-image-7524\" srcset=\"https:\/\/bestcbradio.com\/wp-content\/uploads\/luiton-lt-328-cb-radio-feature-4.webp 800w, https:\/\/bestcbradio.com\/wp-content\/uploads\/luiton-lt-328-cb-radio-feature-4-300x188.webp 300w, https:\/\/bestcbradio.com\/wp-content\/uploads\/luiton-lt-328-cb-radio-feature-4-768x480.webp 768w, https:\/\/bestcbradio.com\/wp-content\/uploads\/luiton-lt-328-cb-radio-feature-4-441x276.webp 441w, https:\/\/bestcbradio.com\/wp-content\/uploads\/luiton-lt-328-cb-radio-feature-4-150x94.webp 150w\" sizes=\"(max-width: 800px) 100vw, 800px\" \/><\/figure><\/div><\/div><div style=\"height:30px\" aria-hidden=\"true\" class=\"wp-block-spacer\"><\/div><div class=\"wp-block-columns are-vertically-aligned-center is-layout-flex wp-container-core-columns-is-layout-28f84493 wp-block-columns-is-layout-flex\"><div class=\"wp-block-column is-vertically-aligned-center is-layout-flow wp-block-column-is-layout-flow\"><figure class=\"wp-block-image size-full\"><img loading=\"lazy\" decoding=\"async\" width=\"800\" height=\"500\" src=\"https:\/\/bestcbradio.com\/wp-content\/uploads\/luiton-lt-328-cb-radio-feature-5-1.webp\" alt=\"Luiton LT-328 CB Radio feature 5\" class=\"wp-image-7529\" srcset=\"https:\/\/bestcbradio.com\/wp-content\/uploads\/luiton-lt-328-cb-radio-feature-5-1.webp 800w, https:\/\/bestcbradio.com\/wp-content\/uploads\/luiton-lt-328-cb-radio-feature-5-1-300x188.webp 300w, https:\/\/bestcbradio.com\/wp-content\/uploads\/luiton-lt-328-cb-radio-feature-5-1-768x480.webp 768w, https:\/\/bestcbradio.com\/wp-content\/uploads\/luiton-lt-328-cb-radio-feature-5-1-441x276.webp 441w, https:\/\/bestcbradio.com\/wp-content\/uploads\/luiton-lt-328-cb-radio-feature-5-1-150x94.webp 150w\" sizes=\"(max-width: 800px) 100vw, 800px\" \/><\/figure><\/div>\n\n<div class=\"wp-block-column is-vertically-aligned-center is-layout-flow wp-block-column-is-layout-flow\" style=\"flex-basis:40%\"><h2 class=\"wp-block-heading\">Sensibilidade do microfone melhorada<\/h2>\n\n<p>With a microphone sensitivity of 3mV, this radio delivers clear voice transmission without distortion, ensuring your communication is effective and reliable.<\/p>\n\n<p><\/p><\/div><\/div><p><\/p>","protected":false},"excerpt":{"rendered":"<details open>\n<summary>Pontos de venda do produto<\/summary>\n<div class=\"cg-accordion-item\"> \u2714Frequency:26.965-27.405MHz<br \/>\nCanais de emerg\u00eancia: CH9<br \/>\n\u2714USB 5V charging function<br \/>\n\u2714MP3 function<br \/>\n\u27141W\/4W\/8W power output<br \/>\n\u2714SQ\/ASQ function<\/div>\n<\/details>\n<details >\n<summary>Gest\u00e3o de energia eficiente<\/summary>\n<div class=\"cg-accordion-item\"> This radio uses a maximum current of 3A when transmitting and only 0.3A when receiving, making it energy-efficient. Its compact size of 150mm x 140mm x 41mm and weight of 761g allow for easy installation in different vehicles.<\/div>\n<\/details>\n<details >\n<summary>Desempenho de \u00e1udio n\u00edtido<\/summary>\n<div class=\"cg-accordion-item\"> The radio provides an audio response range of 300Hz to 3kHz, ensuring clear sound quality during conversations. Its maximum audio power output of 3W helps make your voice heard clearly. <\/div>\n<\/details>","protected":false},"featured_media":8008,"comment_status":"open","ping_status":"closed","template":"","meta":{"_seopress_robots_primary_cat":"none","_seopress_titles_title":"Classic Emergency Radio -USB 5V Charging,MP3 Function|Luiton","_seopress_titles_desc":"","_seopress_robots_index":""},"product_brand":[54],"product_cat":[53],"product_tag":[],"class_list":{"0":"post-7527","1":"product","2":"type-product","3":"status-publish","4":"has-post-thumbnail","6":"product_brand-luiton","7":"product_cat-cb-radios","9":"first","10":"instock","11":"shipping-taxable","12":"purchasable","13":"product-type-variable","14":"has-default-attributes"},"_links":{"self":[{"href":"https:\/\/bestcbradio.com\/pt\/wp-json\/wp\/v2\/product\/7527","targetHints":{"allow":["GET"]}}],"collection":[{"href":"https:\/\/bestcbradio.com\/pt\/wp-json\/wp\/v2\/product"}],"about":[{"href":"https:\/\/bestcbradio.com\/pt\/wp-json\/wp\/v2\/types\/product"}],"replies":[{"embeddable":true,"href":"https:\/\/bestcbradio.com\/pt\/wp-json\/wp\/v2\/comments?post=7527"}],"wp:featuredmedia":[{"embeddable":true,"href":"https:\/\/bestcbradio.com\/pt\/wp-json\/wp\/v2\/media\/8008"}],"wp:attachment":[{"href":"https:\/\/bestcbradio.com\/pt\/wp-json\/wp\/v2\/media?parent=7527"}],"wp:term":[{"taxonomy":"product_brand","embeddable":true,"href":"https:\/\/bestcbradio.com\/pt\/wp-json\/wp\/v2\/product_brand?post=7527"},{"taxonomy":"product_cat","embeddable":true,"href":"https:\/\/bestcbradio.com\/pt\/wp-json\/wp\/v2\/product_cat?post=7527"},{"taxonomy":"product_tag","embeddable":true,"href":"https:\/\/bestcbradio.com\/pt\/wp-json\/wp\/v2\/product_tag?post=7527"}],"curies":[{"name":"wp","href":"https:\/\/api.w.org\/{rel}","templated":true}]}}