{"id":7540,"date":"2025-11-13T14:52:22","date_gmt":"2025-11-13T06:52:22","guid":{"rendered":"https:\/\/bestcbradio.com\/?post_type=product&#038;p=7540"},"modified":"2026-03-24T16:49:50","modified_gmt":"2026-03-24T08:49:50","slug":"luiton-lt-338-cb-radio","status":"publish","type":"product","link":"https:\/\/bestcbradio.com\/pt\/produto\/radio-cb-luiton-lt-338\/","title":{"rendered":"Luiton LT-338 AM\/FM CB Radio"},"content":{"rendered":"<div class=\"wp-block-columns are-vertically-aligned-center is-layout-flex wp-container-core-columns-is-layout-28f84493 wp-block-columns-is-layout-flex\"><div class=\"wp-block-column is-vertically-aligned-center is-layout-flow wp-block-column-is-layout-flow\"><figure class=\"wp-block-image size-full\"><img fetchpriority=\"high\" decoding=\"async\" width=\"800\" height=\"800\" src=\"https:\/\/bestcbradio.com\/wp-content\/uploads\/04-13.webp\" alt=\"04\" class=\"wp-image-9492\" style=\"aspect-ratio:16\/9;object-fit:cover\" srcset=\"https:\/\/bestcbradio.com\/wp-content\/uploads\/04-13.webp 800w, https:\/\/bestcbradio.com\/wp-content\/uploads\/04-13-300x300.webp 300w, https:\/\/bestcbradio.com\/wp-content\/uploads\/04-13-150x150.webp 150w, https:\/\/bestcbradio.com\/wp-content\/uploads\/04-13-768x768.webp 768w, https:\/\/bestcbradio.com\/wp-content\/uploads\/04-13-12x12.webp 12w, https:\/\/bestcbradio.com\/wp-content\/uploads\/04-13-441x441.webp 441w, https:\/\/bestcbradio.com\/wp-content\/uploads\/04-13-100x100.webp 100w\" sizes=\"(max-width: 800px) 100vw, 800px\" \/><\/figure><\/div>\n\n<div class=\"wp-block-column is-vertically-aligned-center is-layout-flow wp-block-column-is-layout-flow\" style=\"flex-basis:40%\"><h2 class=\"wp-block-heading\">Carater\u00edsticas de comunica\u00e7\u00e3o fi\u00e1veis<\/h2>\n\n<p>Este r\u00e1dio permite-lhe comunicar claramente nos modos AM e FM, cobrindo uma gama de frequ\u00eancias de 26,965-27,405MHz. Pode escolher entre tr\u00eas n\u00edveis de sa\u00edda de pot\u00eancia - 1W, 4W ou 8W - consoante as suas necessidades.<\/p>\n\n<p><\/p><\/div><\/div><div style=\"height:30px\" aria-hidden=\"true\" class=\"wp-block-spacer\"><\/div><div class=\"wp-block-columns are-vertically-aligned-center is-layout-flex wp-container-core-columns-is-layout-28f84493 wp-block-columns-is-layout-flex\"><div class=\"wp-block-column is-vertically-aligned-center is-layout-flow wp-block-column-is-layout-flow\"><h2 class=\"wp-block-heading\">Rece\u00e7\u00e3o de alta qualidade<\/h2>\n\n<p>Com uma sensibilidade m\u00e1xima de 0,8\u03bcV para FM e 1,5\u03bcV para AM, este r\u00e1dio assegura a rece\u00e7\u00e3o de sinais claros. Tamb\u00e9m possui seletividade de canal adjacente de 60dB para ajudar a reduzir a interfer\u00eancia de outros canais.<\/p>\n\n<p><\/p><\/div>\n\n<div class=\"wp-block-column is-vertically-aligned-center is-layout-flow wp-block-column-is-layout-flow\" style=\"flex-basis:60%\"><figure class=\"wp-block-image size-full\"><img decoding=\"async\" width=\"800\" height=\"800\" src=\"https:\/\/bestcbradio.com\/wp-content\/uploads\/05-11.webp\" alt=\"05\" class=\"wp-image-9493\" style=\"aspect-ratio:16\/9;object-fit:cover\" srcset=\"https:\/\/bestcbradio.com\/wp-content\/uploads\/05-11.webp 800w, https:\/\/bestcbradio.com\/wp-content\/uploads\/05-11-300x300.webp 300w, https:\/\/bestcbradio.com\/wp-content\/uploads\/05-11-150x150.webp 150w, https:\/\/bestcbradio.com\/wp-content\/uploads\/05-11-768x768.webp 768w, https:\/\/bestcbradio.com\/wp-content\/uploads\/05-11-12x12.webp 12w, https:\/\/bestcbradio.com\/wp-content\/uploads\/05-11-441x441.webp 441w, https:\/\/bestcbradio.com\/wp-content\/uploads\/05-11-100x100.webp 100w\" sizes=\"(max-width: 800px) 100vw, 800px\" \/><\/figure><\/div><\/div><div style=\"height:30px\" aria-hidden=\"true\" class=\"wp-block-spacer\"><\/div><div class=\"wp-block-columns are-vertically-aligned-center is-layout-flex wp-container-core-columns-is-layout-28f84493 wp-block-columns-is-layout-flex\"><div class=\"wp-block-column is-vertically-aligned-center is-layout-flow wp-block-column-is-layout-flow\"><figure class=\"wp-block-image size-full\"><img decoding=\"async\" width=\"800\" height=\"800\" src=\"https:\/\/bestcbradio.com\/wp-content\/uploads\/12-3.webp\" alt=\"12\" class=\"wp-image-9498\" style=\"aspect-ratio:16\/9;object-fit:cover\" srcset=\"https:\/\/bestcbradio.com\/wp-content\/uploads\/12-3.webp 800w, https:\/\/bestcbradio.com\/wp-content\/uploads\/12-3-300x300.webp 300w, https:\/\/bestcbradio.com\/wp-content\/uploads\/12-3-150x150.webp 150w, https:\/\/bestcbradio.com\/wp-content\/uploads\/12-3-768x768.webp 768w, https:\/\/bestcbradio.com\/wp-content\/uploads\/12-3-12x12.webp 12w, https:\/\/bestcbradio.com\/wp-content\/uploads\/12-3-441x441.webp 441w, https:\/\/bestcbradio.com\/wp-content\/uploads\/12-3-100x100.webp 100w\" sizes=\"(max-width: 800px) 100vw, 800px\" \/><\/figure><\/div>\n\n<div class=\"wp-block-column is-vertically-aligned-center is-layout-flow wp-block-column-is-layout-flow\" style=\"flex-basis:40%\"><h2 class=\"wp-block-heading\">Gest\u00e3o de energia eficiente<\/h2>\n\n<p>O r\u00e1dio funciona com uma fonte de alimenta\u00e7\u00e3o de 12-24V e utiliza um m\u00e1ximo de 3A durante a transmiss\u00e3o e apenas 0,3A durante a rece\u00e7\u00e3o. O seu tamanho compacto e peso reduzido facilitam a sua instala\u00e7\u00e3o em diferentes ve\u00edculos.<\/p>\n\n<p><\/p>\n\n<p><\/p><\/div><\/div><div style=\"height:30px\" aria-hidden=\"true\" class=\"wp-block-spacer\"><\/div><div class=\"wp-block-columns are-vertically-aligned-center is-layout-flex wp-container-core-columns-is-layout-28f84493 wp-block-columns-is-layout-flex\"><div class=\"wp-block-column is-vertically-aligned-center is-layout-flow wp-block-column-is-layout-flow\"><h2 class=\"wp-block-heading\">Desempenho de \u00e1udio n\u00edtido<\/h2>\n\n<p>Este r\u00e1dio tem uma gama de resposta \u00e1udio de 300Hz a 3kHz, o que ajuda a proporcionar uma qualidade de som n\u00edtida. Com uma pot\u00eancia m\u00e1xima de sa\u00edda de \u00e1udio de 3W, a sua voz ser\u00e1 ouvida com clareza durante as conversas.<\/p>\n\n<p><\/p><\/div>\n\n<div class=\"wp-block-column is-vertically-aligned-center is-layout-flow wp-block-column-is-layout-flow\" style=\"flex-basis:60%\"><figure class=\"wp-block-image size-full\"><img loading=\"lazy\" decoding=\"async\" width=\"800\" height=\"800\" src=\"https:\/\/bestcbradio.com\/wp-content\/uploads\/06-8.webp\" alt=\"06\" class=\"wp-image-9494\" style=\"aspect-ratio:16\/9;object-fit:cover\" srcset=\"https:\/\/bestcbradio.com\/wp-content\/uploads\/06-8.webp 800w, https:\/\/bestcbradio.com\/wp-content\/uploads\/06-8-300x300.webp 300w, https:\/\/bestcbradio.com\/wp-content\/uploads\/06-8-150x150.webp 150w, https:\/\/bestcbradio.com\/wp-content\/uploads\/06-8-768x768.webp 768w, https:\/\/bestcbradio.com\/wp-content\/uploads\/06-8-12x12.webp 12w, https:\/\/bestcbradio.com\/wp-content\/uploads\/06-8-441x441.webp 441w, https:\/\/bestcbradio.com\/wp-content\/uploads\/06-8-100x100.webp 100w\" sizes=\"(max-width: 800px) 100vw, 800px\" \/><\/figure><\/div><\/div><div style=\"height:30px\" aria-hidden=\"true\" class=\"wp-block-spacer\"><\/div><div class=\"wp-block-columns are-vertically-aligned-center is-layout-flex wp-container-core-columns-is-layout-28f84493 wp-block-columns-is-layout-flex\"><div class=\"wp-block-column is-vertically-aligned-center is-layout-flow wp-block-column-is-layout-flow\"><figure class=\"wp-block-image size-full\"><img loading=\"lazy\" decoding=\"async\" width=\"800\" height=\"800\" src=\"https:\/\/bestcbradio.com\/wp-content\/uploads\/11-3.webp\" alt=\"11\" class=\"wp-image-9497\" style=\"aspect-ratio:16\/9;object-fit:cover\" srcset=\"https:\/\/bestcbradio.com\/wp-content\/uploads\/11-3.webp 800w, https:\/\/bestcbradio.com\/wp-content\/uploads\/11-3-300x300.webp 300w, https:\/\/bestcbradio.com\/wp-content\/uploads\/11-3-150x150.webp 150w, https:\/\/bestcbradio.com\/wp-content\/uploads\/11-3-768x768.webp 768w, https:\/\/bestcbradio.com\/wp-content\/uploads\/11-3-12x12.webp 12w, https:\/\/bestcbradio.com\/wp-content\/uploads\/11-3-441x441.webp 441w, https:\/\/bestcbradio.com\/wp-content\/uploads\/11-3-100x100.webp 100w\" sizes=\"(max-width: 800px) 100vw, 800px\" \/><\/figure><\/div>\n\n<div class=\"wp-block-column is-vertically-aligned-center is-layout-flow wp-block-column-is-layout-flow\" style=\"flex-basis:40%\"><h2 class=\"wp-block-heading\">Sensibilidade do microfone melhorada<\/h2>\n\n<p>Com uma sensibilidade de microfone de 3mV, este r\u00e1dio permite uma transmiss\u00e3o de voz clara sem distor\u00e7\u00e3o, tornando a comunica\u00e7\u00e3o direta e eficaz.<\/p>\n\n<p><\/p><\/div><\/div><p><\/p>","protected":false},"excerpt":{"rendered":"<details open>\n<summary>Pontos de venda do produto<\/summary>\n<div class=\"cg-accordion-item\"> \u2714Frequency Range:26.965-27.405MHz<br \/>\n\u27144W\/8W 40 channels AM\/FM<br \/>\n\u2714Emergency channels(CH9)<br \/>\nFun\u00e7\u00e3o ASQ<br \/>\n\u2714Only 761g <\/div>\n<\/details>\n<details >\n<summary>Carater\u00edsticas adicionais<\/summary>\n<div class=\"cg-accordion-item\"> Com uma imped\u00e2ncia de antena de 50 Ohms e uma distor\u00e7\u00e3o de sinal de modula\u00e7\u00e3o classificada abaixo de 5%, este r\u00e1dio garante um desempenho fi\u00e1vel para as suas necessidades de comunica\u00e7\u00e3o.<\/div>\n<\/details>\n<details >\n<summary>Gest\u00e3o de energia eficiente<\/summary>\n<div class=\"cg-accordion-item\"> O r\u00e1dio funciona com uma fonte de alimenta\u00e7\u00e3o de 12-24V e utiliza um m\u00e1ximo de 3A durante a transmiss\u00e3o e apenas 0,3A durante a rece\u00e7\u00e3o. O seu tamanho compacto e peso reduzido facilitam a sua instala\u00e7\u00e3o em diferentes ve\u00edculos. <\/div>\n<\/details>","protected":false},"featured_media":9491,"comment_status":"open","ping_status":"closed","template":"","meta":{"_seopress_robots_primary_cat":"none","_seopress_titles_title":"Classic Emergency Radio -Easy to Operate and Carry|Luiton","_seopress_titles_desc":"","_seopress_robots_index":""},"product_brand":[54],"product_cat":[53],"product_tag":[],"class_list":{"0":"post-7540","1":"product","2":"type-product","3":"status-publish","4":"has-post-thumbnail","6":"product_brand-luiton","7":"product_cat-cb-radios","9":"first","10":"instock","11":"sale","12":"shipping-taxable","13":"purchasable","14":"product-type-variable","15":"has-default-attributes"},"_links":{"self":[{"href":"https:\/\/bestcbradio.com\/pt\/wp-json\/wp\/v2\/product\/7540","targetHints":{"allow":["GET"]}}],"collection":[{"href":"https:\/\/bestcbradio.com\/pt\/wp-json\/wp\/v2\/product"}],"about":[{"href":"https:\/\/bestcbradio.com\/pt\/wp-json\/wp\/v2\/types\/product"}],"replies":[{"embeddable":true,"href":"https:\/\/bestcbradio.com\/pt\/wp-json\/wp\/v2\/comments?post=7540"}],"wp:featuredmedia":[{"embeddable":true,"href":"https:\/\/bestcbradio.com\/pt\/wp-json\/wp\/v2\/media\/9491"}],"wp:attachment":[{"href":"https:\/\/bestcbradio.com\/pt\/wp-json\/wp\/v2\/media?parent=7540"}],"wp:term":[{"taxonomy":"product_brand","embeddable":true,"href":"https:\/\/bestcbradio.com\/pt\/wp-json\/wp\/v2\/product_brand?post=7540"},{"taxonomy":"product_cat","embeddable":true,"href":"https:\/\/bestcbradio.com\/pt\/wp-json\/wp\/v2\/product_cat?post=7540"},{"taxonomy":"product_tag","embeddable":true,"href":"https:\/\/bestcbradio.com\/pt\/wp-json\/wp\/v2\/product_tag?post=7540"}],"curies":[{"name":"wp","href":"https:\/\/api.w.org\/{rel}","templated":true}]}}