{"id":7554,"date":"2025-11-13T15:12:29","date_gmt":"2025-11-13T07:12:29","guid":{"rendered":"https:\/\/bestcbradio.com\/?post_type=product&#038;p=7554"},"modified":"2026-01-12T14:29:56","modified_gmt":"2026-01-12T06:29:56","slug":"radio-cb-luiton-lt-348","status":"publish","type":"product","link":"https:\/\/bestcbradio.com\/pt\/produto\/radio-cb-luiton-lt-348\/","title":{"rendered":"R\u00e1dio CB Luiton LT-348"},"content":{"rendered":"<div class=\"wp-block-columns are-vertically-aligned-center is-layout-flex wp-container-core-columns-is-layout-28f84493 wp-block-columns-is-layout-flex\"><div class=\"wp-block-column is-vertically-aligned-center is-layout-flow wp-block-column-is-layout-flow\"><figure class=\"wp-block-image size-full\"><img fetchpriority=\"high\" decoding=\"async\" width=\"800\" height=\"500\" src=\"https:\/\/bestcbradio.com\/wp-content\/uploads\/luiton-lt-348-cb-radio-feature-1.webp\" alt=\"luiton lt 348 cb radio feature 1\" class=\"wp-image-7548\" srcset=\"https:\/\/bestcbradio.com\/wp-content\/uploads\/luiton-lt-348-cb-radio-feature-1.webp 800w, https:\/\/bestcbradio.com\/wp-content\/uploads\/luiton-lt-348-cb-radio-feature-1-300x188.webp 300w, https:\/\/bestcbradio.com\/wp-content\/uploads\/luiton-lt-348-cb-radio-feature-1-768x480.webp 768w, https:\/\/bestcbradio.com\/wp-content\/uploads\/luiton-lt-348-cb-radio-feature-1-441x276.webp 441w, https:\/\/bestcbradio.com\/wp-content\/uploads\/luiton-lt-348-cb-radio-feature-1-150x94.webp 150w\" sizes=\"(max-width: 800px) 100vw, 800px\" \/><\/figure><\/div>\n\n<div class=\"wp-block-column is-vertically-aligned-center is-layout-flow wp-block-column-is-layout-flow\" style=\"flex-basis:40%\"><h2 class=\"wp-block-heading\">Comunica\u00e7\u00e3o fi\u00e1vel<\/h2>\n\n<p>Este r\u00e1dio funciona nos modos AM e FM, cobrindo uma gama de frequ\u00eancias de 26,965-27,405MHz. Pode escolher entre tr\u00eas n\u00edveis de pot\u00eancia - 1W, 4W ou 8W - para corresponder \u00e0s suas necessidades de comunica\u00e7\u00e3o.<\/p>\n\n<p><\/p><\/div><\/div><div style=\"height:30px\" aria-hidden=\"true\" class=\"wp-block-spacer\"><\/div><div class=\"wp-block-columns are-vertically-aligned-center is-layout-flex wp-container-core-columns-is-layout-28f84493 wp-block-columns-is-layout-flex\"><div class=\"wp-block-column is-vertically-aligned-center is-layout-flow wp-block-column-is-layout-flow\"><h2 class=\"wp-block-heading\">Rece\u00e7\u00e3o de alta qualidade<\/h2>\n\n<p>Com uma sensibilidade m\u00e1xima de 0,8\u03bcV para FM e 1,5\u03bcV para AM, este r\u00e1dio garante uma rece\u00e7\u00e3o clara. Tamb\u00e9m possui seletividade de canal adjacente de 60dB para ajudar a reduzir a interfer\u00eancia de outros sinais.<\/p>\n\n<p><\/p><\/div>\n\n<div class=\"wp-block-column is-vertically-aligned-center is-layout-flow wp-block-column-is-layout-flow\" style=\"flex-basis:60%\"><figure class=\"wp-block-image size-full\"><img decoding=\"async\" width=\"800\" height=\"500\" src=\"https:\/\/bestcbradio.com\/wp-content\/uploads\/luiton-lt-348-cb-radio-feature-2.webp\" alt=\"luiton lt 348 cb radio feature 2\" class=\"wp-image-7549\" srcset=\"https:\/\/bestcbradio.com\/wp-content\/uploads\/luiton-lt-348-cb-radio-feature-2.webp 800w, https:\/\/bestcbradio.com\/wp-content\/uploads\/luiton-lt-348-cb-radio-feature-2-300x188.webp 300w, https:\/\/bestcbradio.com\/wp-content\/uploads\/luiton-lt-348-cb-radio-feature-2-768x480.webp 768w, https:\/\/bestcbradio.com\/wp-content\/uploads\/luiton-lt-348-cb-radio-feature-2-441x276.webp 441w, https:\/\/bestcbradio.com\/wp-content\/uploads\/luiton-lt-348-cb-radio-feature-2-150x94.webp 150w\" sizes=\"(max-width: 800px) 100vw, 800px\" \/><\/figure><\/div><\/div><div style=\"height:30px\" aria-hidden=\"true\" class=\"wp-block-spacer\"><\/div><div class=\"wp-block-columns are-vertically-aligned-center is-layout-flex wp-container-core-columns-is-layout-28f84493 wp-block-columns-is-layout-flex\"><div class=\"wp-block-column is-vertically-aligned-center is-layout-flow wp-block-column-is-layout-flow\"><figure class=\"wp-block-image size-full\"><img decoding=\"async\" width=\"800\" height=\"500\" src=\"https:\/\/bestcbradio.com\/wp-content\/uploads\/luiton-lt-348-cb-radio-feature-3.webp\" alt=\"luiton lt 348 cb radio feature 3\" class=\"wp-image-7550\" srcset=\"https:\/\/bestcbradio.com\/wp-content\/uploads\/luiton-lt-348-cb-radio-feature-3.webp 800w, https:\/\/bestcbradio.com\/wp-content\/uploads\/luiton-lt-348-cb-radio-feature-3-300x188.webp 300w, https:\/\/bestcbradio.com\/wp-content\/uploads\/luiton-lt-348-cb-radio-feature-3-768x480.webp 768w, https:\/\/bestcbradio.com\/wp-content\/uploads\/luiton-lt-348-cb-radio-feature-3-441x276.webp 441w, https:\/\/bestcbradio.com\/wp-content\/uploads\/luiton-lt-348-cb-radio-feature-3-150x94.webp 150w\" sizes=\"(max-width: 800px) 100vw, 800px\" \/><\/figure><\/div>\n\n<div class=\"wp-block-column is-vertically-aligned-center is-layout-flow wp-block-column-is-layout-flow\" style=\"flex-basis:40%\"><h2 class=\"wp-block-heading\">Gest\u00e3o de energia eficiente<\/h2>\n\n<p>O r\u00e1dio foi concebido para uma fonte de alimenta\u00e7\u00e3o de 12-24V, utilizando um m\u00e1ximo de 3A durante a transmiss\u00e3o e apenas 0,3A durante a rece\u00e7\u00e3o. O seu tamanho compacto de 150mm x 140mm x 41mm e o peso de 761g facilitam a sua instala\u00e7\u00e3o em ve\u00edculos.<\/p>\n\n<p><\/p>\n\n<p><\/p><\/div><\/div><div style=\"height:30px\" aria-hidden=\"true\" class=\"wp-block-spacer\"><\/div><div class=\"wp-block-columns are-vertically-aligned-center is-layout-flex wp-container-core-columns-is-layout-28f84493 wp-block-columns-is-layout-flex\"><div class=\"wp-block-column is-vertically-aligned-center is-layout-flow wp-block-column-is-layout-flow\"><h2 class=\"wp-block-heading\">Desempenho de \u00e1udio n\u00edtido<\/h2>\n\n<p>Este r\u00e1dio tem uma gama de resposta \u00e1udio de 300Hz a 3kHz, proporcionando uma qualidade de som n\u00edtida durante as conversas. Pode fornecer uma pot\u00eancia m\u00e1xima de sa\u00edda de \u00e1udio de 3W para uma comunica\u00e7\u00e3o eficaz.<\/p>\n\n<p><\/p><\/div>\n\n<div class=\"wp-block-column is-vertically-aligned-center is-layout-flow wp-block-column-is-layout-flow\" style=\"flex-basis:60%\"><figure class=\"wp-block-image size-full\"><img loading=\"lazy\" decoding=\"async\" width=\"800\" height=\"500\" src=\"https:\/\/bestcbradio.com\/wp-content\/uploads\/luiton-lt-348-cb-radio-feature-4.webp\" alt=\"luiton lt 348 cb radio feature 4\" class=\"wp-image-7551\" srcset=\"https:\/\/bestcbradio.com\/wp-content\/uploads\/luiton-lt-348-cb-radio-feature-4.webp 800w, https:\/\/bestcbradio.com\/wp-content\/uploads\/luiton-lt-348-cb-radio-feature-4-300x188.webp 300w, https:\/\/bestcbradio.com\/wp-content\/uploads\/luiton-lt-348-cb-radio-feature-4-768x480.webp 768w, https:\/\/bestcbradio.com\/wp-content\/uploads\/luiton-lt-348-cb-radio-feature-4-441x276.webp 441w, https:\/\/bestcbradio.com\/wp-content\/uploads\/luiton-lt-348-cb-radio-feature-4-150x94.webp 150w\" sizes=\"(max-width: 800px) 100vw, 800px\" \/><\/figure><\/div><\/div><div style=\"height:30px\" aria-hidden=\"true\" class=\"wp-block-spacer\"><\/div><div class=\"wp-block-columns are-vertically-aligned-center is-layout-flex wp-container-core-columns-is-layout-28f84493 wp-block-columns-is-layout-flex\"><div class=\"wp-block-column is-vertically-aligned-center is-layout-flow wp-block-column-is-layout-flow\"><figure class=\"wp-block-image size-full\"><img loading=\"lazy\" decoding=\"async\" width=\"800\" height=\"500\" src=\"https:\/\/bestcbradio.com\/wp-content\/uploads\/luiton-lt-348-cb-radio-feature-5.webp\" alt=\"r\u00e1dio cb luiton lt 348 carater\u00edstica 5\" class=\"wp-image-7552\" srcset=\"https:\/\/bestcbradio.com\/wp-content\/uploads\/luiton-lt-348-cb-radio-feature-5.webp 800w, https:\/\/bestcbradio.com\/wp-content\/uploads\/luiton-lt-348-cb-radio-feature-5-300x188.webp 300w, https:\/\/bestcbradio.com\/wp-content\/uploads\/luiton-lt-348-cb-radio-feature-5-768x480.webp 768w, https:\/\/bestcbradio.com\/wp-content\/uploads\/luiton-lt-348-cb-radio-feature-5-441x276.webp 441w, https:\/\/bestcbradio.com\/wp-content\/uploads\/luiton-lt-348-cb-radio-feature-5-150x94.webp 150w\" sizes=\"(max-width: 800px) 100vw, 800px\" \/><\/figure><\/div>\n\n<div class=\"wp-block-column is-vertically-aligned-center is-layout-flow wp-block-column-is-layout-flow\" style=\"flex-basis:40%\"><h2 class=\"wp-block-heading\">Sensibilidade do microfone melhorada<\/h2>\n\n<p>Com uma sensibilidade de microfone de 3mV, este r\u00e1dio permite uma transmiss\u00e3o de voz clara sem distor\u00e7\u00e3o, garantindo que a sua mensagem \u00e9 ouvida com clareza.<\/p>\n\n<p><\/p><\/div><\/div><p><\/p>","protected":false},"excerpt":{"rendered":"<details open>\n<summary>Pontos de venda do produto<\/summary>\n<div class=\"cg-accordion-item\"> \u2714Frequency:26.965-27.405MHz<br \/>\nPot\u00eancia de sa\u00edda de 4W ou 8W<br \/>\nCanal de emerg\u00eancia: CH9<br \/>\n40 canais AM\/FM<br \/>\nFun\u00e7\u00e3o ASQ<br \/>\n\u2714VOL \/ SCAN <\/div>\n<\/details>\n<details >\n<summary>Carater\u00edsticas adicionais<\/summary>\n<div class=\"cg-accordion-item\"> Com uma imped\u00e2ncia de antena de 50 Ohms e uma distor\u00e7\u00e3o de sinal de modula\u00e7\u00e3o classificada abaixo de 5%, este r\u00e1dio garante um desempenho fi\u00e1vel para as suas necessidades de comunica\u00e7\u00e3o.<\/div>\n<\/details>\n<details >\n<summary>Desempenho de \u00e1udio n\u00edtido<\/summary>\n<div class=\"cg-accordion-item\"> Este r\u00e1dio tem uma gama de resposta \u00e1udio de 300Hz a 3kHz, proporcionando uma qualidade de som n\u00edtida durante as conversas. Pode fornecer uma pot\u00eancia m\u00e1xima de sa\u00edda de \u00e1udio de 3W para uma comunica\u00e7\u00e3o eficaz. <\/div>\n<\/details>","protected":false},"featured_media":8010,"comment_status":"open","ping_status":"closed","template":"","meta":{"_seopress_robots_primary_cat":"none","_seopress_titles_title":"Compact AM\/FM CB Radio with Adjustable Power","_seopress_titles_desc":"","_seopress_robots_index":""},"product_brand":[54],"product_cat":[53],"product_tag":[],"class_list":{"0":"post-7554","1":"product","2":"type-product","3":"status-publish","4":"has-post-thumbnail","6":"product_brand-luiton","7":"product_cat-cb-radios","9":"first","10":"instock","11":"sale","12":"shipping-taxable","13":"purchasable","14":"product-type-variable","15":"has-default-attributes"},"_links":{"self":[{"href":"https:\/\/bestcbradio.com\/pt\/wp-json\/wp\/v2\/product\/7554","targetHints":{"allow":["GET"]}}],"collection":[{"href":"https:\/\/bestcbradio.com\/pt\/wp-json\/wp\/v2\/product"}],"about":[{"href":"https:\/\/bestcbradio.com\/pt\/wp-json\/wp\/v2\/types\/product"}],"replies":[{"embeddable":true,"href":"https:\/\/bestcbradio.com\/pt\/wp-json\/wp\/v2\/comments?post=7554"}],"wp:featuredmedia":[{"embeddable":true,"href":"https:\/\/bestcbradio.com\/pt\/wp-json\/wp\/v2\/media\/8010"}],"wp:attachment":[{"href":"https:\/\/bestcbradio.com\/pt\/wp-json\/wp\/v2\/media?parent=7554"}],"wp:term":[{"taxonomy":"product_brand","embeddable":true,"href":"https:\/\/bestcbradio.com\/pt\/wp-json\/wp\/v2\/product_brand?post=7554"},{"taxonomy":"product_cat","embeddable":true,"href":"https:\/\/bestcbradio.com\/pt\/wp-json\/wp\/v2\/product_cat?post=7554"},{"taxonomy":"product_tag","embeddable":true,"href":"https:\/\/bestcbradio.com\/pt\/wp-json\/wp\/v2\/product_tag?post=7554"}],"curies":[{"name":"wp","href":"https:\/\/api.w.org\/{rel}","templated":true}]}}