{"id":7772,"date":"2025-11-18T11:23:41","date_gmt":"2025-11-18T03:23:41","guid":{"rendered":"https:\/\/bestcbradio.com\/?post_type=product&#038;p=7772"},"modified":"2026-01-14T10:14:32","modified_gmt":"2026-01-14T02:14:32","slug":"luiton-lt-9100-vhf-uhf-handheld-2-way-radio","status":"publish","type":"product","link":"https:\/\/bestcbradio.com\/pt\/produto\/luiton-lt-9100-vhf-uhf-handheld-2-way-radio\/","title":{"rendered":"R\u00e1dio bidirecional port\u00e1til VHF\/UHF Luiton LT-9100"},"content":{"rendered":"<div class=\"wp-block-columns are-vertically-aligned-center is-layout-flex wp-container-core-columns-is-layout-28f84493 wp-block-columns-is-layout-flex\"><div class=\"wp-block-column is-vertically-aligned-center is-layout-flow wp-block-column-is-layout-flow\"><figure class=\"wp-block-image size-full\"><img fetchpriority=\"high\" decoding=\"async\" width=\"500\" height=\"500\" src=\"https:\/\/bestcbradio.com\/wp-content\/uploads\/lt-9100-walkie-talkie-feature-02.webp\" alt=\"lt 9100 walkie talkie carater\u00edstica 02\" class=\"wp-image-7768\" srcset=\"https:\/\/bestcbradio.com\/wp-content\/uploads\/lt-9100-walkie-talkie-feature-02.webp 500w, https:\/\/bestcbradio.com\/wp-content\/uploads\/lt-9100-walkie-talkie-feature-02-300x300.webp 300w, https:\/\/bestcbradio.com\/wp-content\/uploads\/lt-9100-walkie-talkie-feature-02-150x150.webp 150w, https:\/\/bestcbradio.com\/wp-content\/uploads\/lt-9100-walkie-talkie-feature-02-441x441.webp 441w, https:\/\/bestcbradio.com\/wp-content\/uploads\/lt-9100-walkie-talkie-feature-02-100x100.webp 100w\" sizes=\"(max-width: 500px) 100vw, 500px\" \/><\/figure><\/div>\n\n<div class=\"wp-block-column is-vertically-aligned-center is-layout-flow wp-block-column-is-layout-flow\" style=\"flex-basis:40%\"><h2 class=\"wp-block-heading\">Ampla cobertura de frequ\u00eancia<\/h2>\n\n<p>O r\u00e1dio suporta v\u00e1rias frequ\u00eancias de transmiss\u00e3o, garantindo-lhe op\u00e7\u00f5es de comunica\u00e7\u00e3o vers\u00e1teis. Tamb\u00e9m pode receber sinais de FM, Airband, NOAA e diferentes bandas VHF\/UHF, mantendo-o ligado em muitos cen\u00e1rios.<\/p>\n\n<h2 class=\"wp-block-heading\">Capacidade de mem\u00f3ria alargada<\/h2>\n\n<p>Com 999 canais de mem\u00f3ria, este r\u00e1dio permite-lhe armazenar e aceder facilmente a uma vasta gama de frequ\u00eancias, tornando conveniente alternar entre canais conforme necess\u00e1rio.<\/p>\n\n<p><\/p><\/div><\/div><div style=\"height:30px\" aria-hidden=\"true\" class=\"wp-block-spacer\"><\/div><div class=\"wp-block-columns are-vertically-aligned-center is-layout-flex wp-container-core-columns-is-layout-28f84493 wp-block-columns-is-layout-flex\"><div class=\"wp-block-column is-vertically-aligned-center is-layout-flow wp-block-column-is-layout-flow\"><h2 class=\"wp-block-heading\">Sa\u00edda de \u00e1udio elevada<\/h2>\n\n<p>Com uma pot\u00eancia de sa\u00edda de \u00e1udio de pelo menos 500mW, este r\u00e1dio garante uma qualidade de som n\u00edtida, permitindo conversas f\u00e1ceis e eficazes em qualquer situa\u00e7\u00e3o.<\/p>\n\n<h2 class=\"wp-block-heading\">Design compacto e leve<\/h2>\n\n<p>Pesando apenas 270g e medindo 6\u00d712,1x3cm, este r\u00e1dio \u00e9 f\u00e1cil de transportar, o que o torna uma escolha pr\u00e1tica para comunica\u00e7\u00f5es em movimento durante as suas aventuras.<\/p>\n\n<p><\/p><\/div>\n\n<div class=\"wp-block-column is-vertically-aligned-center is-layout-flow wp-block-column-is-layout-flow\" style=\"flex-basis:60%\"><figure class=\"wp-block-image size-full\"><img decoding=\"async\" width=\"500\" height=\"500\" src=\"https:\/\/bestcbradio.com\/wp-content\/uploads\/lt-9100-walkie-talkie-feature-04.webp\" alt=\"Funcionalidade do walkie talkie lt 9100 04\" class=\"wp-image-7770\" srcset=\"https:\/\/bestcbradio.com\/wp-content\/uploads\/lt-9100-walkie-talkie-feature-04.webp 500w, https:\/\/bestcbradio.com\/wp-content\/uploads\/lt-9100-walkie-talkie-feature-04-300x300.webp 300w, https:\/\/bestcbradio.com\/wp-content\/uploads\/lt-9100-walkie-talkie-feature-04-150x150.webp 150w, https:\/\/bestcbradio.com\/wp-content\/uploads\/lt-9100-walkie-talkie-feature-04-441x441.webp 441w, https:\/\/bestcbradio.com\/wp-content\/uploads\/lt-9100-walkie-talkie-feature-04-100x100.webp 100w\" sizes=\"(max-width: 500px) 100vw, 500px\" \/><\/figure><\/div><\/div><p><br><br><\/p><div class=\"wp-block-columns are-vertically-aligned-center is-layout-flex wp-container-core-columns-is-layout-28f84493 wp-block-columns-is-layout-flex\"><div class=\"wp-block-column is-vertically-aligned-center is-layout-flow wp-block-column-is-layout-flow\"><figure class=\"wp-block-image size-full\"><img decoding=\"async\" width=\"500\" height=\"500\" src=\"https:\/\/bestcbradio.com\/wp-content\/uploads\/lt-9100-walkie-talkie-feature-06.webp\" alt=\"kit completo de r\u00e1dio de m\u00e3o tri-banda para r\u00e1dio amador, r\u00e1dio bidirecional de 5 W, bateria de 2300 mAh tipo c de carregamento|luiton\" class=\"wp-image-7825\" srcset=\"https:\/\/bestcbradio.com\/wp-content\/uploads\/lt-9100-walkie-talkie-feature-06.webp 500w, https:\/\/bestcbradio.com\/wp-content\/uploads\/lt-9100-walkie-talkie-feature-06-300x300.webp 300w, https:\/\/bestcbradio.com\/wp-content\/uploads\/lt-9100-walkie-talkie-feature-06-150x150.webp 150w, https:\/\/bestcbradio.com\/wp-content\/uploads\/lt-9100-walkie-talkie-feature-06-441x441.webp 441w, https:\/\/bestcbradio.com\/wp-content\/uploads\/lt-9100-walkie-talkie-feature-06-100x100.webp 100w\" sizes=\"(max-width: 500px) 100vw, 500px\" \/><\/figure><\/div>\n\n<div class=\"wp-block-column is-vertically-aligned-center is-layout-flow wp-block-column-is-layout-flow\" style=\"flex-basis:40%\"><h2 class=\"wp-block-heading\">O que est\u00e1 na caixa<\/h2>\n\n<p>R\u00e1dio de m\u00e3o tri-banda LT-9100<br>Manual do utilizador<br>Antena<br>Carregador<br>Cabo de data USB<\/p>\n\n<p><\/p><\/div><\/div>","protected":false},"excerpt":{"rendered":"<details open>\n<summary>Pontos de venda do produto<\/summary>\n<div class=\"cg-accordion-item\"> Frequ\u00eancia: UHF\/VHF\/1,25M<br \/>\nMicrofone interno<br \/>\nCarregamento do tipo C da bateria<br \/>\nBateria de 2300mAh\/7.4v<br \/>\nChave de programa\u00e7\u00e3o (SK)<br \/>\nDisposi\u00e7\u00e3o LCD<br \/>\nLanterna LED<br \/>\nAntena<br \/>\nApenas 270g<\/div>\n<\/details>\n<details >\n<summary>R\u00e1dio CB port\u00e1til de longo alcance<\/summary>\n<div class=\"cg-accordion-item\"> Este r\u00e1dio CB port\u00e1til cobre as frequ\u00eancias UHF, VHF e 1,25M, permitindo-lhe comunicar em v\u00e1rias situa\u00e7\u00f5es. Tamb\u00e9m recebe FM, Airband, NOAA e outras gamas para uma conetividade fi\u00e1vel. <\/div>\n<\/details>\n<details >\n<summary>Bateria de longa dura\u00e7\u00e3o<\/summary>\n<div class=\"cg-accordion-item\"> A bateria de i\u00f5es de l\u00edtio de 2300mAh fornece energia de longa dura\u00e7\u00e3o, pelo que pode utilizar o r\u00e1dio durante longos per\u00edodos de tempo em actividades ao ar livre sem se preocupar com a falta de bateria. <\/div>\n<\/details>","protected":false},"featured_media":7761,"comment_status":"open","ping_status":"closed","template":"","meta":{"_seopress_robots_primary_cat":"none","_seopress_titles_title":"Tri-band Handheld\u00a0radio Ham Radio Full Kit, 5W Two Way Radio, 2300mAh Battery Type-C Charging|Luiton","_seopress_titles_desc":"","_seopress_robots_index":""},"product_brand":[54],"product_cat":[62],"product_tag":[],"class_list":{"0":"post-7772","1":"product","2":"type-product","3":"status-publish","4":"has-post-thumbnail","6":"product_brand-luiton","7":"product_cat-handheld-two-way-radio","9":"first","10":"instock","11":"sale","12":"shipping-taxable","13":"purchasable","14":"product-type-variable","15":"has-default-attributes"},"_links":{"self":[{"href":"https:\/\/bestcbradio.com\/pt\/wp-json\/wp\/v2\/product\/7772","targetHints":{"allow":["GET"]}}],"collection":[{"href":"https:\/\/bestcbradio.com\/pt\/wp-json\/wp\/v2\/product"}],"about":[{"href":"https:\/\/bestcbradio.com\/pt\/wp-json\/wp\/v2\/types\/product"}],"replies":[{"embeddable":true,"href":"https:\/\/bestcbradio.com\/pt\/wp-json\/wp\/v2\/comments?post=7772"}],"wp:featuredmedia":[{"embeddable":true,"href":"https:\/\/bestcbradio.com\/pt\/wp-json\/wp\/v2\/media\/7761"}],"wp:attachment":[{"href":"https:\/\/bestcbradio.com\/pt\/wp-json\/wp\/v2\/media?parent=7772"}],"wp:term":[{"taxonomy":"product_brand","embeddable":true,"href":"https:\/\/bestcbradio.com\/pt\/wp-json\/wp\/v2\/product_brand?post=7772"},{"taxonomy":"product_cat","embeddable":true,"href":"https:\/\/bestcbradio.com\/pt\/wp-json\/wp\/v2\/product_cat?post=7772"},{"taxonomy":"product_tag","embeddable":true,"href":"https:\/\/bestcbradio.com\/pt\/wp-json\/wp\/v2\/product_tag?post=7772"}],"curies":[{"name":"wp","href":"https:\/\/api.w.org\/{rel}","templated":true}]}}